{"id":1295,"date":"2024-04-30T11:40:26","date_gmt":"2024-04-30T09:40:26","guid":{"rendered":"https:\/\/blogs.uned.es\/youthactivisms\/?page_id=1295"},"modified":"2024-10-21T13:25:08","modified_gmt":"2024-10-21T11:25:08","slug":"programa","status":"publish","type":"page","link":"https:\/\/blogs.uned.es\/youthactivisms\/conferencia\/programa\/","title":{"rendered":"Programa"},"content":{"rendered":"\t\t<div data-elementor-type=\"wp-page\" data-elementor-id=\"1295\" class=\"elementor elementor-1295\">\n\t\t\t\t\t\t<section class=\"elementor-section elementor-top-section elementor-element elementor-element-ce2b7b2 elementor-section-boxed elementor-section-height-default elementor-section-height-default\" data-id=\"ce2b7b2\" data-element_type=\"section\" data-e-type=\"section\">\n\t\t\t\t\t\t<div class=\"elementor-container elementor-column-gap-default\">\n\t\t\t\t\t<div class=\"elementor-column elementor-col-100 elementor-top-column elementor-element elementor-element-72eafd8\" data-id=\"72eafd8\" data-element_type=\"column\" data-e-type=\"column\">\n\t\t\t<div class=\"elementor-widget-wrap elementor-element-populated\">\n\t\t\t\t\t\t<div class=\"elementor-element elementor-element-3fdb4d6 elementor-widget elementor-widget-text-editor\" data-id=\"3fdb4d6\" data-element_type=\"widget\" data-e-type=\"widget\" data-widget_type=\"text-editor.default\">\n\t\t\t\t<div class=\"elementor-widget-container\">\n\t\t\t\t\t\t\t\t\t<p><\/p>\n<p>Resumen horario:<\/p>\n<p><img fetchpriority=\"high\" decoding=\"async\" class=\"aligncenter wp-image-2927 size-full\" src=\"https:\/\/blogs.uned.es\/youthactivisms\/wp-content\/uploads\/sites\/349\/2024\/10\/Horario-resumido-YA.png\" alt=\"\" width=\"786\" height=\"562\" srcset=\"https:\/\/blogs.uned.es\/youthactivisms\/wp-content\/uploads\/sites\/349\/2024\/10\/Horario-resumido-YA.png 786w, https:\/\/blogs.uned.es\/youthactivisms\/wp-content\/uploads\/sites\/349\/2024\/10\/Horario-resumido-YA-300x215.png 300w, https:\/\/blogs.uned.es\/youthactivisms\/wp-content\/uploads\/sites\/349\/2024\/10\/Horario-resumido-YA-768x549.png 768w\" sizes=\"(max-width: 786px) 100vw, 786px\" \/><\/p>\n<p>Acceso a los textos de las comunicaciones <b><a href=\"https:\/\/blogs.uned.es\/youthactivisms\/textoscomunicaciones\/\">aqu\u00ed<\/a><\/b><\/p>\n<p>A continuaci\u00f3n encontrar\u00e1s el programa completo:<\/p>\n<p><\/p>\n<p><\/p>\n<div data-wp-interactive=\"core\/file\" class=\"wp-block-file\"><object data-wp-bind--hidden=\"!state.hasPdfPreview\" hidden class=\"wp-block-file__embed\" style=\"width: 100%;height: 600px\" data=\"https:\/\/blogs.uned.es\/youthactivisms\/wp-content\/uploads\/sites\/349\/2024\/10\/General-Programme-timetable.pdf\" type=\"application\/pdf\" aria-label=\"Incrustado de Normas elaboracion textos.\"><\/object><\/div>\n<p><\/p>\n<p><\/p>\n<p><\/p>\t\t\t\t\t\t\t\t<\/div>\n\t\t\t\t<\/div>\n\t\t\t\t\t<\/div>\n\t\t<\/div>\n\t\t\t\t\t<\/div>\n\t\t<\/section>\n\t\t\t\t<section class=\"elementor-section elementor-top-section elementor-element elementor-element-2d07dd78 elementor-section-boxed elementor-section-height-default elementor-section-height-default\" data-id=\"2d07dd78\" data-element_type=\"section\" data-e-type=\"section\">\n\t\t\t\t\t\t<div class=\"elementor-container elementor-column-gap-default\">\n\t\t\t\t\t<div class=\"elementor-column elementor-col-100 elementor-top-column elementor-element elementor-element-6b82e60\" data-id=\"6b82e60\" data-element_type=\"column\" data-e-type=\"column\">\n\t\t\t<div class=\"elementor-widget-wrap elementor-element-populated\">\n\t\t\t\t\t\t<div class=\"elementor-element elementor-element-249d3124 elementor-widget-divider--view-line elementor-widget elementor-widget-divider\" data-id=\"249d3124\" data-element_type=\"widget\" data-e-type=\"widget\" data-widget_type=\"divider.default\">\n\t\t\t\t<div class=\"elementor-widget-container\">\n\t\t\t\t\t\t\t<div class=\"elementor-divider\">\n\t\t\t<span class=\"elementor-divider-separator\">\n\t\t\t\t\t\t<\/span>\n\t\t<\/div>\n\t\t\t\t\t\t<\/div>\n\t\t\t\t<\/div>\n\t\t\t\t<div class=\"elementor-element elementor-element-4d65ac9e elementor-widget elementor-widget-text-editor\" data-id=\"4d65ac9e\" data-element_type=\"widget\" data-e-type=\"widget\" data-widget_type=\"text-editor.default\">\n\t\t\t\t<div class=\"elementor-widget-container\">\n\t\t\t\t\t\t\t\t\t<p><strong>Organizan:<\/strong><\/p>\t\t\t\t\t\t\t\t<\/div>\n\t\t\t\t<\/div>\n\t\t\t\t<section class=\"elementor-section elementor-inner-section elementor-element elementor-element-1a1c0088 elementor-section-boxed elementor-section-height-default elementor-section-height-default\" data-id=\"1a1c0088\" data-element_type=\"section\" data-e-type=\"section\">\n\t\t\t\t\t\t<div class=\"elementor-container elementor-column-gap-default\">\n\t\t\t\t\t<div class=\"elementor-column elementor-col-33 elementor-inner-column elementor-element elementor-element-c0475e8\" data-id=\"c0475e8\" data-element_type=\"column\" data-e-type=\"column\">\n\t\t\t<div class=\"elementor-widget-wrap elementor-element-populated\">\n\t\t\t\t\t\t<div class=\"elementor-element elementor-element-61873be4 elementor-widget elementor-widget-image\" data-id=\"61873be4\" data-element_type=\"widget\" data-e-type=\"widget\" data-widget_type=\"image.default\">\n\t\t\t\t<div class=\"elementor-widget-container\">\n\t\t\t\t\t\t\t\t\t\t\t\t<figure class=\"wp-caption\">\n\t\t\t\t\t\t\t\t\t\t<img decoding=\"async\" width=\"1024\" height=\"240\" src=\"https:\/\/blogs.uned.es\/youthactivisms\/wp-content\/uploads\/sites\/349\/2024\/06\/uned-politicas-sociologia-1024x240.png\" class=\"attachment-large size-large wp-image-2279\" alt=\"\" srcset=\"https:\/\/blogs.uned.es\/youthactivisms\/wp-content\/uploads\/sites\/349\/2024\/06\/uned-politicas-sociologia-1024x240.png 1024w, https:\/\/blogs.uned.es\/youthactivisms\/wp-content\/uploads\/sites\/349\/2024\/06\/uned-politicas-sociologia-300x70.png 300w, https:\/\/blogs.uned.es\/youthactivisms\/wp-content\/uploads\/sites\/349\/2024\/06\/uned-politicas-sociologia-768x180.png 768w, https:\/\/blogs.uned.es\/youthactivisms\/wp-content\/uploads\/sites\/349\/2024\/06\/uned-politicas-sociologia.png 1508w\" sizes=\"(max-width: 1024px) 100vw, 1024px\" \/>\t\t\t\t\t\t\t\t\t\t\t<figcaption class=\"widget-image-caption wp-caption-text\">Departamento de Sociolog\u00eda II<\/figcaption>\n\t\t\t\t\t\t\t\t\t\t<\/figure>\n\t\t\t\t\t\t\t\t\t<\/div>\n\t\t\t\t<\/div>\n\t\t\t\t\t<\/div>\n\t\t<\/div>\n\t\t\t\t<div class=\"elementor-column elementor-col-33 elementor-inner-column elementor-element elementor-element-6b160a80\" data-id=\"6b160a80\" data-element_type=\"column\" data-e-type=\"column\">\n\t\t\t<div class=\"elementor-widget-wrap elementor-element-populated\">\n\t\t\t\t\t\t<div class=\"elementor-element elementor-element-1d93583c elementor-widget elementor-widget-image\" data-id=\"1d93583c\" data-element_type=\"widget\" data-e-type=\"widget\" data-widget_type=\"image.default\">\n\t\t\t\t<div class=\"elementor-widget-container\">\n\t\t\t\t\t\t\t\t\t\t\t\t<figure class=\"wp-caption\">\n\t\t\t\t\t\t\t\t\t\t<img decoding=\"async\" width=\"953\" height=\"217\" src=\"https:\/\/blogs.uned.es\/youthactivisms\/wp-content\/uploads\/sites\/349\/2024\/05\/2024-05-14-14.08.07.jpg\" class=\"attachment-large size-large wp-image-1547\" alt=\"\" srcset=\"https:\/\/blogs.uned.es\/youthactivisms\/wp-content\/uploads\/sites\/349\/2024\/05\/2024-05-14-14.08.07.jpg 953w, https:\/\/blogs.uned.es\/youthactivisms\/wp-content\/uploads\/sites\/349\/2024\/05\/2024-05-14-14.08.07-300x68.jpg 300w, https:\/\/blogs.uned.es\/youthactivisms\/wp-content\/uploads\/sites\/349\/2024\/05\/2024-05-14-14.08.07-768x175.jpg 768w\" sizes=\"(max-width: 953px) 100vw, 953px\" \/>\t\t\t\t\t\t\t\t\t\t\t<figcaption class=\"widget-image-caption wp-caption-text\">Proyecto PID2020-117529RB-I00 financiado por el Ministerio de Ciencia, Innovaci\u00f3n y Universidades<\/figcaption>\n\t\t\t\t\t\t\t\t\t\t<\/figure>\n\t\t\t\t\t\t\t\t\t<\/div>\n\t\t\t\t<\/div>\n\t\t\t\t\t<\/div>\n\t\t<\/div>\n\t\t\t\t<div class=\"elementor-column elementor-col-33 elementor-inner-column elementor-element elementor-element-2bbf404c\" data-id=\"2bbf404c\" data-element_type=\"column\" data-e-type=\"column\">\n\t\t\t<div class=\"elementor-widget-wrap elementor-element-populated\">\n\t\t\t\t\t\t<div class=\"elementor-element elementor-element-5941607e elementor-widget elementor-widget-image\" data-id=\"5941607e\" data-element_type=\"widget\" data-e-type=\"widget\" data-widget_type=\"image.default\">\n\t\t\t\t<div class=\"elementor-widget-container\">\n\t\t\t\t\t\t\t\t\t\t\t\t\t\t\t<img loading=\"lazy\" decoding=\"async\" width=\"1024\" height=\"240\" src=\"https:\/\/blogs.uned.es\/youthactivisms\/wp-content\/uploads\/sites\/349\/2024\/06\/MJI.Gob_.Injuve_HD-1024x240.jpg\" class=\"attachment-large size-large wp-image-1973\" alt=\"\" srcset=\"https:\/\/blogs.uned.es\/youthactivisms\/wp-content\/uploads\/sites\/349\/2024\/06\/MJI.Gob_.Injuve_HD-1024x240.jpg 1024w, https:\/\/blogs.uned.es\/youthactivisms\/wp-content\/uploads\/sites\/349\/2024\/06\/MJI.Gob_.Injuve_HD-300x70.jpg 300w, https:\/\/blogs.uned.es\/youthactivisms\/wp-content\/uploads\/sites\/349\/2024\/06\/MJI.Gob_.Injuve_HD-768x180.jpg 768w, https:\/\/blogs.uned.es\/youthactivisms\/wp-content\/uploads\/sites\/349\/2024\/06\/MJI.Gob_.Injuve_HD-1536x360.jpg 1536w, https:\/\/blogs.uned.es\/youthactivisms\/wp-content\/uploads\/sites\/349\/2024\/06\/MJI.Gob_.Injuve_HD-2048x481.jpg 2048w\" sizes=\"(max-width: 1024px) 100vw, 1024px\" \/>\t\t\t\t\t\t\t\t\t\t\t\t\t\t\t<\/div>\n\t\t\t\t<\/div>\n\t\t\t\t\t<\/div>\n\t\t<\/div>\n\t\t\t\t\t<\/div>\n\t\t<\/section>\n\t\t\t\t<div class=\"elementor-element elementor-element-2be2df44 elementor-widget elementor-widget-text-editor\" data-id=\"2be2df44\" data-element_type=\"widget\" data-e-type=\"widget\" data-widget_type=\"text-editor.default\">\n\t\t\t\t<div class=\"elementor-widget-container\">\n\t\t\t\t\t\t\t\t\t<p><strong>Colaboran:<\/strong><\/p>\t\t\t\t\t\t\t\t<\/div>\n\t\t\t\t<\/div>\n\t\t\t\t<section class=\"elementor-section elementor-inner-section elementor-element elementor-element-1df1c4d3 elementor-section-boxed elementor-section-height-default elementor-section-height-default\" data-id=\"1df1c4d3\" data-element_type=\"section\" data-e-type=\"section\">\n\t\t\t\t\t\t<div class=\"elementor-container elementor-column-gap-default\">\n\t\t\t\t\t<div class=\"elementor-column elementor-col-33 elementor-inner-column elementor-element elementor-element-361c30d7\" data-id=\"361c30d7\" data-element_type=\"column\" data-e-type=\"column\">\n\t\t\t<div class=\"elementor-widget-wrap elementor-element-populated\">\n\t\t\t\t\t\t<div class=\"elementor-element elementor-element-367dcd4 elementor-widget elementor-widget-text-editor\" data-id=\"367dcd4\" data-element_type=\"widget\" data-e-type=\"widget\" data-widget_type=\"text-editor.default\">\n\t\t\t\t<div class=\"elementor-widget-container\">\n\t\t\t\t\t\t\t\t\t<p>Grupo de Estudios sobre\u00a0Sociedad y Pol\u00edtica (UCM-UNED)<\/p>\t\t\t\t\t\t\t\t<\/div>\n\t\t\t\t<\/div>\n\t\t\t\t\t<\/div>\n\t\t<\/div>\n\t\t\t\t<div class=\"elementor-column elementor-col-33 elementor-inner-column elementor-element elementor-element-1d349105\" data-id=\"1d349105\" data-element_type=\"column\" data-e-type=\"column\">\n\t\t\t<div class=\"elementor-widget-wrap elementor-element-populated\">\n\t\t\t\t\t\t<div class=\"elementor-element elementor-element-15bfee17 elementor-widget elementor-widget-image\" data-id=\"15bfee17\" data-element_type=\"widget\" data-e-type=\"widget\" data-widget_type=\"image.default\">\n\t\t\t\t<div class=\"elementor-widget-container\">\n\t\t\t\t\t\t\t\t\t\t\t\t\t\t\t<img loading=\"lazy\" decoding=\"async\" width=\"702\" height=\"270\" src=\"https:\/\/blogs.uned.es\/youthactivisms\/wp-content\/uploads\/sites\/349\/2024\/07\/DFS.png\" class=\"attachment-large size-large wp-image-2507\" alt=\"\" srcset=\"https:\/\/blogs.uned.es\/youthactivisms\/wp-content\/uploads\/sites\/349\/2024\/07\/DFS.png 702w, https:\/\/blogs.uned.es\/youthactivisms\/wp-content\/uploads\/sites\/349\/2024\/07\/DFS-300x115.png 300w\" sizes=\"(max-width: 702px) 100vw, 702px\" \/>\t\t\t\t\t\t\t\t\t\t\t\t\t\t\t<\/div>\n\t\t\t\t<\/div>\n\t\t\t\t\t<\/div>\n\t\t<\/div>\n\t\t\t\t<div class=\"elementor-column elementor-col-33 elementor-inner-column elementor-element elementor-element-6bf86a58\" data-id=\"6bf86a58\" data-element_type=\"column\" data-e-type=\"column\">\n\t\t\t<div class=\"elementor-widget-wrap\">\n\t\t\t\t\t\t\t<\/div>\n\t\t<\/div>\n\t\t\t\t\t<\/div>\n\t\t<\/section>\n\t\t\t\t\t<\/div>\n\t\t<\/div>\n\t\t\t\t\t<\/div>\n\t\t<\/section>\n\t\t\t\t<\/div>\n\t\t","protected":false},"excerpt":{"rendered":"<p>Resumen horario: Acceso a los textos de las comunicaciones aqu\u00ed A continuaci\u00f3n encontrar\u00e1s el programa completo: Organizan: Departamento de Sociolog\u00eda II Proyecto PID2020-117529RB-I00 financiado por el Ministerio de Ciencia, Innovaci\u00f3n y Universidades Colaboran: Grupo de Estudios sobre\u00a0Sociedad y Pol\u00edtica (UCM-UNED)<\/p>\n","protected":false},"author":7579,"featured_media":0,"parent":1145,"menu_order":0,"comment_status":"closed","ping_status":"closed","template":"","meta":{"footnotes":""},"class_list":["post-1295","page","type-page","status-publish","czr-hentry"],"_links":{"self":[{"href":"https:\/\/blogs.uned.es\/youthactivisms\/wp-json\/wp\/v2\/pages\/1295","targetHints":{"allow":["GET"]}}],"collection":[{"href":"https:\/\/blogs.uned.es\/youthactivisms\/wp-json\/wp\/v2\/pages"}],"about":[{"href":"https:\/\/blogs.uned.es\/youthactivisms\/wp-json\/wp\/v2\/types\/page"}],"author":[{"embeddable":true,"href":"https:\/\/blogs.uned.es\/youthactivisms\/wp-json\/wp\/v2\/users\/7579"}],"replies":[{"embeddable":true,"href":"https:\/\/blogs.uned.es\/youthactivisms\/wp-json\/wp\/v2\/comments?post=1295"}],"version-history":[{"count":58,"href":"https:\/\/blogs.uned.es\/youthactivisms\/wp-json\/wp\/v2\/pages\/1295\/revisions"}],"predecessor-version":[{"id":2947,"href":"https:\/\/blogs.uned.es\/youthactivisms\/wp-json\/wp\/v2\/pages\/1295\/revisions\/2947"}],"up":[{"embeddable":true,"href":"https:\/\/blogs.uned.es\/youthactivisms\/wp-json\/wp\/v2\/pages\/1145"}],"wp:attachment":[{"href":"https:\/\/blogs.uned.es\/youthactivisms\/wp-json\/wp\/v2\/media?parent=1295"}],"curies":[{"name":"wp","href":"https:\/\/api.w.org\/{rel}","templated":true}]}}