{"id":35,"date":"2019-10-09T10:31:37","date_gmt":"2019-10-09T08:31:37","guid":{"rendered":"http:\/\/blogs.uned.es\/workshopadvancingtowards\/?page_id=35"},"modified":"2020-06-07T13:26:40","modified_gmt":"2020-06-07T11:26:40","slug":"donde","status":"publish","type":"page","link":"https:\/\/blogs.uned.es\/workshopadvancingtowards\/donde\/","title":{"rendered":"Organization"},"content":{"rendered":"\t\t<div data-elementor-type=\"wp-page\" data-elementor-id=\"35\" class=\"elementor elementor-35\">\n\t\t\t\t\t\t<section class=\"elementor-section elementor-top-section elementor-element elementor-element-3f91386 elementor-section-boxed elementor-section-height-default elementor-section-height-default\" data-id=\"3f91386\" data-element_type=\"section\" data-e-type=\"section\">\n\t\t\t\t\t\t<div class=\"elementor-container elementor-column-gap-default\">\n\t\t\t\t\t<div class=\"elementor-column elementor-col-100 elementor-top-column elementor-element elementor-element-66d9740\" data-id=\"66d9740\" data-element_type=\"column\" data-e-type=\"column\">\n\t\t\t<div class=\"elementor-widget-wrap elementor-element-populated\">\n\t\t\t\t\t\t<div class=\"elementor-element elementor-element-311482d elementor-widget elementor-widget-text-editor\" data-id=\"311482d\" data-element_type=\"widget\" data-e-type=\"widget\" data-widget_type=\"text-editor.default\">\n\t\t\t\t<div class=\"elementor-widget-container\">\n\t\t\t\t\t\t\t\t\t<h3>Program Commitee<\/h3><ul style=\"font-size: 18px\"><li>Celia Fern\u00e1ndez-Aller (Universidad Polit\u00e9cnica de Madrid, Spain)<\/li><li>Maite Lopez-Sanchez (Universidad de Barcelona, Spain)<\/li><li>Miguel \u00c1ngel Luengo (UN Global Pulse, US)<\/li><li>\u00c1ngeles Manjarr\u00e9s\u00a0(Universidad Nacional de\u00a0Educaci\u00f3n a Distancia, Spain)<\/li><li>Rafael Mi\u00f1ano\u00a0(Universidad Polit\u00e9cnica de Madrid, Spain)<\/li><li>Jeremy Pitt (Imperial College London, UK)<\/li><li>Cristina Puente \u00c1gueda\u00a0(Universidad Pontificia de Comillas Madrid, Spain)<\/li><li>Juan Antonio\u00a0Rodr\u00edguez (Consejo Superior de Investigaciones Cient\u00edficas, Spain)<\/li><li>Manuel Sierra-Casta\u00f1er\u00a0(Universidad Polit\u00e9cnica de Madrid, Spain)<\/li><\/ul><h3>Organizing Commitee<\/h3><ul><li>Celia Fern\u00e1ndez-Aller (Universidad Polit\u00e9cnica de Madrid, Spain)<\/li><li>\u00c1ngeles Manjarr\u00e9s Riesco (Universidad Nacional de\u00a0Educaci\u00f3n a Distancia, Spain)<\/li><li>Cristina Puente \u00c1gueda\u00a0(Universidad Pontificia Comillas de Madrid, Spain)<\/li><\/ul><p><span style=\"color: #323232;font-family: -apple-system, BlinkMacSystemFont, 'Segoe UI', Roboto, Helvetica, Arial, sans-serif, sans-serif;font-size: 1.625em;font-weight: bold\">Publication Manager<\/span><\/p><p style=\"font-size: 18px\">Jeremy Pitts,\u00a0Editor-in-Chief of the\u00a0<em>IEEE Technology and Society Magazine<\/em><\/p><h3>Contact<\/h3><p style=\"font-size: 18px\">All questions about submissions should be send to the Organising Committee.<\/p>\t\t\t\t\t\t\t\t<\/div>\n\t\t\t\t<\/div>\n\t\t\t\t<div class=\"elementor-element elementor-element-a8d4de4 eael-contact-form-7-button-align-left eael-contact-form-7-button-custom elementor-widget elementor-widget-eael-contact-form-7\" data-id=\"a8d4de4\" data-element_type=\"widget\" data-e-type=\"widget\" data-widget_type=\"eael-contact-form-7.default\">\n\t\t\t\t<div class=\"elementor-widget-container\">\n\t\t\t\t\t<div class=\"eael-contact-form-7-wrapper\">\n                <div class=\"eael-contact-form eael-contact-form-7 eael-contact-form-a8d4de4 placeholder-show eael-contact-form-align-left\">\n<div class=\"wpcf7 no-js\" id=\"wpcf7-f1217-o1\" lang=\"es-ES\" dir=\"ltr\" data-wpcf7-id=\"1217\">\n<div class=\"screen-reader-response\"><p role=\"status\" aria-live=\"polite\" aria-atomic=\"true\"><\/p> <ul><\/ul><\/div>\n<form action=\"\/workshopadvancingtowards\/wp-json\/wp\/v2\/pages\/35#wpcf7-f1217-o1\" method=\"post\" class=\"wpcf7-form init\" aria-label=\"Formulario de contacto\" novalidate=\"novalidate\" data-status=\"init\">\n<fieldset class=\"hidden-fields-container\"><input type=\"hidden\" name=\"_wpcf7\" value=\"1217\" \/><input type=\"hidden\" name=\"_wpcf7_version\" value=\"6.1.5\" \/><input type=\"hidden\" name=\"_wpcf7_locale\" value=\"es_ES\" \/><input type=\"hidden\" name=\"_wpcf7_unit_tag\" value=\"wpcf7-f1217-o1\" \/><input type=\"hidden\" name=\"_wpcf7_container_post\" value=\"0\" \/><input type=\"hidden\" name=\"_wpcf7_posted_data_hash\" value=\"\" \/>\n<\/fieldset>\n<p><label> Name<br \/>\n<span class=\"wpcf7-form-control-wrap\" data-name=\"your-name\"><input size=\"40\" maxlength=\"400\" class=\"wpcf7-form-control wpcf7-text wpcf7-validates-as-required\" aria-required=\"true\" aria-invalid=\"false\" value=\"\" type=\"text\" name=\"your-name\" \/><\/span> <\/label>\n<\/p>\n<p><label> Mail<br \/>\n<span class=\"wpcf7-form-control-wrap\" data-name=\"your-email\"><input size=\"40\" maxlength=\"400\" class=\"wpcf7-form-control wpcf7-email wpcf7-validates-as-required wpcf7-text wpcf7-validates-as-email\" aria-required=\"true\" aria-invalid=\"false\" value=\"\" type=\"email\" name=\"your-email\" \/><\/span> <\/label>\n<\/p>\n<p><label> Subject<br \/>\n<span class=\"wpcf7-form-control-wrap\" data-name=\"your-subject\"><input size=\"40\" maxlength=\"400\" class=\"wpcf7-form-control wpcf7-text\" aria-invalid=\"false\" value=\"\" type=\"text\" name=\"your-subject\" \/><\/span> <\/label>\n<\/p>\n<p><label> Message<br \/>\n<span class=\"wpcf7-form-control-wrap\" data-name=\"your-message\"><textarea cols=\"40\" rows=\"10\" maxlength=\"2000\" class=\"wpcf7-form-control wpcf7-textarea\" aria-invalid=\"false\" name=\"your-message\"><\/textarea><\/span> <\/label>\n<\/p>\n<p><input class=\"wpcf7-form-control wpcf7-submit has-spinner\" type=\"submit\" value=\"Send\" \/>\n<\/p><p style=\"display: none !important;\" class=\"akismet-fields-container\" data-prefix=\"_wpcf7_ak_\"><label>&#916;<textarea name=\"_wpcf7_ak_hp_textarea\" cols=\"45\" rows=\"8\" maxlength=\"100\"><\/textarea><\/label><input type=\"hidden\" id=\"ak_js_1\" name=\"_wpcf7_ak_js\" value=\"172\"\/><script>document.getElementById( \"ak_js_1\" ).setAttribute( \"value\", ( new Date() ).getTime() );<\/script><\/p><div class=\"wpcf7-response-output\" aria-hidden=\"true\"><\/div>\n<\/form>\n<\/div>\n<\/div>\n            <\/div>\t\t\t\t<\/div>\n\t\t\t\t<\/div>\n\t\t\t\t\t<\/div>\n\t\t<\/div>\n\t\t\t\t\t<\/div>\n\t\t<\/section>\n\t\t\t\t<section class=\"elementor-section elementor-top-section elementor-element elementor-element-9b2c5ae elementor-section-boxed elementor-section-height-default elementor-section-height-default\" data-id=\"9b2c5ae\" data-element_type=\"section\" data-e-type=\"section\">\n\t\t\t\t\t\t<div class=\"elementor-container elementor-column-gap-default\">\n\t\t\t\t\t<div class=\"elementor-column elementor-col-100 elementor-top-column elementor-element elementor-element-b55e357\" data-id=\"b55e357\" data-element_type=\"column\" data-e-type=\"column\">\n\t\t\t<div class=\"elementor-widget-wrap\">\n\t\t\t\t\t\t\t<\/div>\n\t\t<\/div>\n\t\t\t\t\t<\/div>\n\t\t<\/section>\n\t\t\t\t<\/div>\n\t\t","protected":false},"excerpt":{"rendered":"<p>Program Commitee Celia Fern\u00e1ndez-Aller (Universidad Polit\u00e9cnica de Madrid, Spain) Maite Lopez-Sanchez (Universidad de Barcelona, Spain) Miguel \u00c1ngel Luengo (UN Global Pulse, US) \u00c1ngeles Manjarr\u00e9s\u00a0(Universidad Nacional de\u00a0Educaci\u00f3n a Distancia, Spain) Rafael Mi\u00f1ano\u00a0(Universidad Polit\u00e9cnica de Madrid, Spain) Jeremy Pitt (Imperial College London, UK) Cristina Puente \u00c1gueda\u00a0(Universidad Pontificia de Comillas Madrid, Spain) Juan Antonio\u00a0Rodr\u00edguez (Consejo Superior de Investigaciones Cient\u00edficas, Spain) Manuel Sierra-Casta\u00f1er\u00a0(Universidad Polit\u00e9cnica de Madrid, Spain) Organizing Commitee Celia Fern\u00e1ndez-Aller (Universidad Polit\u00e9cnica de Madrid, Spain) \u00c1ngeles Manjarr\u00e9s Riesco (Universidad Nacional de\u00a0Educaci\u00f3n a Distancia, Spain) Cristina Puente \u00c1gueda\u00a0(Universidad Pontificia Comillas de Madrid, Spain) Publication Manager Jeremy Pitts,\u00a0Editor-in-Chief of the\u00a0IEEE Technology and Society Magazine Contact All questions about submissions should be send to the Organising Committee. Name Mail Subject Message<\/p>\n","protected":false},"author":1,"featured_media":0,"parent":0,"menu_order":0,"comment_status":"closed","ping_status":"closed","template":"","meta":{"footnotes":""},"class_list":["post-35","page","type-page","status-publish"],"_links":{"self":[{"href":"https:\/\/blogs.uned.es\/workshopadvancingtowards\/wp-json\/wp\/v2\/pages\/35","targetHints":{"allow":["GET"]}}],"collection":[{"href":"https:\/\/blogs.uned.es\/workshopadvancingtowards\/wp-json\/wp\/v2\/pages"}],"about":[{"href":"https:\/\/blogs.uned.es\/workshopadvancingtowards\/wp-json\/wp\/v2\/types\/page"}],"author":[{"embeddable":true,"href":"https:\/\/blogs.uned.es\/workshopadvancingtowards\/wp-json\/wp\/v2\/users\/1"}],"replies":[{"embeddable":true,"href":"https:\/\/blogs.uned.es\/workshopadvancingtowards\/wp-json\/wp\/v2\/comments?post=35"}],"version-history":[{"count":24,"href":"https:\/\/blogs.uned.es\/workshopadvancingtowards\/wp-json\/wp\/v2\/pages\/35\/revisions"}],"predecessor-version":[{"id":1255,"href":"https:\/\/blogs.uned.es\/workshopadvancingtowards\/wp-json\/wp\/v2\/pages\/35\/revisions\/1255"}],"wp:attachment":[{"href":"https:\/\/blogs.uned.es\/workshopadvancingtowards\/wp-json\/wp\/v2\/media?parent=35"}],"curies":[{"name":"wp","href":"https:\/\/api.w.org\/{rel}","templated":true}]}}