{"id":1257,"date":"2020-06-07T13:37:37","date_gmt":"2020-06-07T11:37:37","guid":{"rendered":"http:\/\/blogs.uned.es\/workshopadvancingtowards\/?page_id=1257"},"modified":"2020-10-25T13:42:12","modified_gmt":"2020-10-25T12:42:12","slug":"list-of-signatories","status":"publish","type":"page","link":"https:\/\/blogs.uned.es\/workshopadvancingtowards\/list-of-signatories\/","title":{"rendered":"List of signatories"},"content":{"rendered":"\t\t<div data-elementor-type=\"wp-page\" data-elementor-id=\"1257\" class=\"elementor elementor-1257\">\n\t\t\t\t\t\t<section class=\"elementor-section elementor-top-section elementor-element elementor-element-734283a elementor-section-boxed elementor-section-height-default elementor-section-height-default\" data-id=\"734283a\" data-element_type=\"section\" data-e-type=\"section\">\n\t\t\t\t\t\t<div class=\"elementor-container elementor-column-gap-default\">\n\t\t\t\t\t<div class=\"elementor-column elementor-col-100 elementor-top-column elementor-element elementor-element-09db2f1\" data-id=\"09db2f1\" data-element_type=\"column\" data-e-type=\"column\">\n\t\t\t<div class=\"elementor-widget-wrap elementor-element-populated\">\n\t\t\t\t\t\t<div class=\"elementor-element elementor-element-30b4b84 elementor-widget elementor-widget-text-editor\" data-id=\"30b4b84\" data-element_type=\"widget\" data-e-type=\"widget\" data-widget_type=\"text-editor.default\">\n\t\t\t\t<div class=\"elementor-widget-container\">\n\t\t\t\t\t\t\t\t\t<h2 style=\"text-align: center\">Full list of Signatories<\/h2><p>List of signatories to the response to the Public Consulation on the European Commission \u00a0\u00abWhite Paper on Artificial Intelligence: A European approach to excellence and Trust\u00bb.\u00a0Please note that there will be a delay between signing and the corresponding data appearing on the list of signatories.<\/p>\t\t\t\t\t\t\t\t<\/div>\n\t\t\t\t<\/div>\n\t\t\t\t<section class=\"elementor-section elementor-inner-section elementor-element elementor-element-796f03c elementor-section-boxed elementor-section-height-default elementor-section-height-default\" data-id=\"796f03c\" data-element_type=\"section\" data-e-type=\"section\">\n\t\t\t\t\t\t<div class=\"elementor-container elementor-column-gap-default\">\n\t\t\t\t\t<div class=\"elementor-column elementor-col-50 elementor-inner-column elementor-element elementor-element-4367654\" data-id=\"4367654\" data-element_type=\"column\" data-e-type=\"column\">\n\t\t\t<div class=\"elementor-widget-wrap elementor-element-populated\">\n\t\t\t\t\t\t<div class=\"elementor-element elementor-element-d491c93 elementor-widget elementor-widget-text-editor\" data-id=\"d491c93\" data-element_type=\"widget\" data-e-type=\"widget\" data-widget_type=\"text-editor.default\">\n\t\t\t\t<div class=\"elementor-widget-container\">\n\t\t\t\t\t\t\t\t\t<p><strong>AI researchers and practitioners, proponents:<\/strong><\/p><p>\u00c1ngeles Manjarr\u00e9s<br \/>Universidad Nacional de Educaci\u00f3n a Distancia<br \/>Artificial Intelligence<br \/>Spain<\/p><p>David Pastor-Escuredo<br \/>itdUPM &#8211; Innovation and Technology for Development Centre UPM<br \/>Artificial Intelligence and Computational Social Science<br \/>Spain<\/p><p>Jes\u00fas Salgado Criado<br \/>Universidad Polit\u00e9cnica Madrid<br \/>Business ethics, AI<br \/>Spain<\/p><p><span style=\"font-weight: bold\">AI researchers and practitioners, signatories:<\/span><\/p><p>Jos\u00e9 L. Aznarte<br \/>UNED<br \/>Academia\/Artificial Intelligence<br \/>Spain<\/p><p>Luis Manuel Sarro<br \/>UNED<br \/>Artificial Intelligence\/Physics<br \/>Spain<\/p><p>Francisco Javier D\u00edez<br \/>UNED<br \/>Artificial Intelligence<br \/>Spain<\/p><p>Cristina Puente Agueda<br \/>Universidad Pontificia Comillas<br \/>Inteligencia artificial<br \/>Espa\u00f1a<\/p><p>Ana Garcia-Serrano<br \/>UNED<br \/>Academia\/ Artificial Intelligence<br \/>Spain<\/p><p>Gonzalo G\u00e9nova<br \/>Universidad Carlos III de Madrid<br \/>Filosof\u00eda de la Inteligencia Artificial<br \/>Espa\u00f1a<\/p><p>J\u00f3nathan Heras<br \/>Universidad de La Rioja<br \/>Computer Vision<br \/>Spain<\/p><p>Aitor Moreno Fern\u00e1ndez de Leceta<br \/>Artificial Intelligence Director at Iberm\u00e1tica<br \/>Artificial Intelligence<br \/>Spain<\/p><p>Ezequiel L\u00f3pez-Rubio<br \/>Universidad de M\u00e1laga<br \/>Artificial Intelligence<br \/>Spain<\/p><p>Ronan Reilly<br \/>Maynooth University<br \/>Cognitive Science<br \/>Ireland<\/p><p>Dr Rob Miller<br \/>University College London<br \/>Artificial Intelligence and Knowledge Based Systems<br \/>United Kingdom<\/p><p>Carolina Ma\u00f1oso Hierro<br \/>UNED<br \/>Control Systems &amp; Robotics<br \/>Spain<\/p><p>V\u00edctor Fresno Fern\u00e1ndez<br \/>UNED<br \/>Natural Language Processing<br \/>Espa\u00f1a<\/p><p>Javier Carbo<br \/>University Carlos III of Madrid<br \/>Symbolic and Distributed Artificial Intelligence<br \/>Spain<\/p><p>Jos\u00e9 Luis Fern\u00e1ndez Vindel<br \/>UNED<br \/>Academia \/ Artificial Intelligence<br \/>Spain<\/p><p>Josu\u00e9 Pag\u00e1n Ortiz<br \/>Universidad Polit\u00e9cnica de Madrid<br \/>Artificial Intelligence<br \/>Spain<\/p><p>Diego Casado Mansilla<br \/>University of Deusto<br \/>Artificial Intelligence<br \/>Spain<\/p><p>Sara Roman<br \/>UCM<br \/>Artificial Intelligence<br \/>Spain<\/p><p>Wayne Holmes<br \/>Nesta<br \/>Artificial Intelligence and education<br \/>United Kingdom<\/p><p><strong>Third Sector, associations<\/strong><\/p><p>Asociaci\u00f3n Pro Derechos Humanos de Espa\u00f1a<br \/>Nuria Garc\u00eda Sanz<br \/>Derechos Humanos<br \/>Espa\u00f1a<\/p><div>Asociaci\u00f3n de Internautas<br \/>Ofelia Tejerina<br \/>Derechos digitales<br \/>Espa\u00f1a<\/div><div>\u00a0<\/div><div>Instituto de Derechos Humanos San Bartolom\u00e9 de las Casas<br \/>Rafael de As\u00eds, UC3M<br \/>Derechos Humanos<br \/>Espa\u00f1a<\/div><div>\u00a0<\/div><div>\u00a0<\/div>\t\t\t\t\t\t\t\t<\/div>\n\t\t\t\t<\/div>\n\t\t\t\t\t<\/div>\n\t\t<\/div>\n\t\t\t\t<div class=\"elementor-column elementor-col-50 elementor-inner-column elementor-element elementor-element-9580c34\" data-id=\"9580c34\" data-element_type=\"column\" data-e-type=\"column\">\n\t\t\t<div class=\"elementor-widget-wrap elementor-element-populated\">\n\t\t\t\t\t\t<div class=\"elementor-element elementor-element-06b22d6 elementor-widget elementor-widget-text-editor\" data-id=\"06b22d6\" data-element_type=\"widget\" data-e-type=\"widget\" data-widget_type=\"text-editor.default\">\n\t\t\t\t<div class=\"elementor-widget-container\">\n\t\t\t\t\t\t\t\t\t<p><strong>Researchers and professionals from related disciplines, proponents:<\/strong><\/p><p>Celia Fern\u00e1ndez Aller<br \/>Universidad Polit\u00e9cnica de Madrid<br \/>Law and Human Rights<br \/>Spain<\/p><p>Simon Pickin<br \/>Universidad Complutense de Madrid<br \/>Computer Science<br \/>Spain<\/p><p>Arturo Fern\u00e1ndez de Velasco<br \/>Cloud Infrastructure,\u00a0member of ONGAWA, Engeneering for Human Development<br \/>Spain<\/p><p>Txetxu Aus\u00edn<br \/>Institute of Philosophy, CSIC<br \/>Applied Ethics<br \/>Spain<\/p><p><span style=\"font-weight: bold\">Researchers and professionals from related disciplines, signatories:<\/span><\/p><p>Juan Manuel Goig Mart\u00ednez<br \/>Catedr\u00e1tico Derecho UNED<br \/>Derecho constitucional<br \/>Espa\u00f1a<\/p><p>Ofelia Tejerina<br \/>URJC<br \/>Derecho TIC<br \/>Espa\u00f1a<\/p><p>Borja Bordel Sanchez<br \/>Universidad Polit\u00e9cnica de Madrid<br \/>Computing technologies<br \/>Spain<\/p><div><p>Richard Pancost<br \/>Universidad de Bristol<br \/>Biogeochemistry<br \/>UK<\/p><p>Rafael de As\u00eds Roig<br \/>Universidad Carlos III de Madrid<br \/>Filosof\u00eda del Derecho<br \/>Espa\u00f1a<\/p><p>Miguel P\u00e9rez Sub\u00edas<br \/>ASOCIACION DE USUARIOS DE INTERNET<br \/>SOCIEDAD CIVIL<br \/>SPAIN<\/p><p>Hector Silveira<br \/>Universidad de Barcelona<br \/>Filosof\u00eda del Derecho<br \/>Espa\u00f1a<\/p><p>Rafael Mi\u00f1ano Rubio<br \/>UPM<br \/>Etica y Matem\u00e1ticas<br \/>Espa\u00f1a<\/p><p>Eloy Portillo<br \/>Universidad Polit\u00e9cnica de Madrid\u00a0<br \/>IT Higher Education<br \/>Spain<\/p><\/div><div>Lucio Marcos Nontol<br \/>Seton Hall University<br \/>Ethics\/Moral<br \/>USA<\/div><div>\u00a0<\/div><div>Margarita Robles Carrillo<br \/>Universidad de Granada<br \/>Network Engineering &amp; Security Group (NESG)<br \/>Espa\u00f1a<\/div><div>\u00a0<\/div><div>Mercedes Serrano<br \/>Universidad Castilla La Mancha<br \/>Derecho constitucional<br \/>Espa\u00f1a<\/div><div>\u00a0<\/div><div>Javier Sanz<br \/>University of Coruna<br \/>Administrative Law<br \/>Spain<\/div><div>\u00a0<\/div><div>Anibal Monasterio Astobiza<br \/>LI\u00b2FE\u00a0 (Laboratorio de Investigaci\u00f3n e Intervenci\u00f3n Filos\u00f3fica y \u00c9tica)<br \/>education<br \/>spain<\/div><div>\u00a0<\/div><div>Ricardo Morte Ferrer<br \/>LI\u00b2FE<br \/>Research: Philosophy and Ethics<br \/>Germany<\/div><div>\u00a0<\/div><div>Jos\u00e9 Carlos Lomas Huerta<br \/>Contento Curator<br \/>Contenidos Web Educaci\u00f3n<br \/>Espa\u00f1a<\/div><div>\u00a0<\/div><div>Javier Palomares<br \/>IBM<br \/>IT Security Consulting<br \/>Spain<\/div><div>\u00a0<\/div><div>Manuel Aparicio Pay\u00e1<br \/>Universidad de Murcia<br \/>Filosof\u00eda<br \/>Espa\u00f1a<\/div><div>\u00a0<\/div><div>Mario Toboso Mart\u00edn<br \/>Spanish National Research Council, CSIC &#8211; Institute of Philosophy<br \/>Science, Technology, and Society<br \/>Spain<\/div><div>\u00a0<\/div><div>Bel\u00e9n Liedo Fern\u00e1ndez<br \/>Institute of Philosophy &#8211; Spanish National Research Council<br \/>Philosophy<br \/>Spain<\/div><div>\u00a0<\/div><div>FRANCISCO GARRIDO<br \/>PROFESSOR MORAL AND POLITICAL PHILOSOPHY JAEN UNIVERSITY<br \/>EDUCATION<br \/>SPAIN<\/div><div>\u00a0<\/div><div>Marta Pel\u00e1ez Garmendia<br \/>Philosopher<br \/>Education<br \/>Spain<\/div><div>\u00a0<\/div><div>Patrici Calvop<br \/>Universitat Jaume I<br \/>Educaci\u00f3n\/moral phylosophy<br \/>Spain<\/div><div>\u00a0<\/div><div>Juan Llorens<br \/>Ministry of Economic Affairs and Digital Transformation<br \/>Engineering<br \/>Spain<\/div><div>\u00a0<\/div><div>Juan Garbajosa Sope\u00f1a<br \/>UPM<br \/>Software Engineering<br \/>Spain<\/div><div>\u00a0<\/div><div>Pablo Andr\u00e9s Mazurier<br \/>UNIFI &#8211; University of Florence&#8217;s Center for Cybersecurity &amp; IR Studies<br \/>Cyberspace, International Politics and Human Rights<br \/>Italy<\/div><div>\u00a0<\/div><div>Pedro Garcia Repetto<br \/>Ministry of Finance<br \/>ICT<br \/>Spain<\/div><div>\u00a0<\/div><div>Ra\u00fal Cabestrero<br \/>UNED<br \/>Psychology<br \/>SPAIN<\/div><div>\u00a0<\/div><div>Gustavo Palomares Lerma<br \/>Professor Jean Monnet Chair &#8211; Dean of the Faculty of Political Science and Sociology of the National University of Distance Education UNED<br \/>university education &#8211; researcher<br \/>SPAIN<\/div><div>\u00a0<\/div><div>Josep Antoni Ysern Lagarda<br \/>Universidad Nacional de Educaci\u00f3n a Distancia<br \/>Filolog\u00eda Catalana<br \/>Spain<\/div><div>\u00a0<\/div><div>Javier Callejo<br \/>UNED<br \/>Sociology<br \/>Spain<\/div><div>\u00a0<\/div><div>Humberto Bustince<br \/>Universidad Publica de Navarra<br \/>Academic<br \/>Spain<\/div><div>\u00a0<\/div><div>Ricardo Aguilar de la Torre<br \/>Junta de Andaluc\u00eda<br \/>Tax Income<br \/>Spain<\/div><div>\u00a0<\/div><div>Jose Manuel Arizaga \u00c1lvarez<br \/>Retired<br \/>Economics<br \/>Spain<\/div><div>\u00a0<\/div><div>V\u00edctor Riesgo G\u00f3mez<\/div><div>Investigador<\/div><div>Predoctoral UNED<br \/>Sociolog\u00eda<br \/>Espa\u00f1a<\/div><div>\u00a0<\/div><div>Jes\u00fas M. P\u00e9rez<br \/>University of the Basque Country (UPV\/EHU)<br \/>Education<br \/>Basque Country<\/div><div>\u00a0<\/div><div>Mar\u00eda Garc\u00eda Alonso<br \/>National Distance Education University ( UNED)<br \/>Social Anthropology<br \/>Spain<\/div><div>\u00a0<\/div><div>Marcos S\u00e1nchez-\u00c9lez Mart\u00edn<br \/>Universidad Complutense de Madrid<br \/>Hardware Design<br \/>Spain<\/div><div>\u00a0<\/div><div>Francisco Cantero<br \/>Activist<br \/>New Technologies<br \/>Spain<\/div><div>\u00a0<\/div><div>Ian Hodkinson<br \/>Imperial College London (emeritus)<br \/>Computing<br \/>UK<\/div><div>\u00a0<\/div><div>Helena Matute<br \/>Universidad de Deusto<br \/>Experimental &amp; Cognitive Psychology<br \/>Spain<\/div><div>\u00a0<\/div><div>Anselmo Lucio Saiz<br \/>Universidad de M\u00e1laga<br \/>Comunicaci\u00f3n Audiovisual y Publicidad<br \/>Spain<\/div><div>\u00a0<\/div><div>Juan Manuel Moreno Manso<br \/>Teacher<br \/>Philosophy (of Mind)<br \/>Spain<\/div><div>\u00a0<\/div><div>Juan Garc\u00eda<br \/>Professor &#8211; UNED<br \/>Higher Education<br \/>Spain<\/div><div>\u00a0<\/div><div>Cyntia Menezes Eloi Font Mant\u00e9<br \/>FONT ADVOCATS<br \/>Digital Law<br \/>Spain<\/div><div>\u00a0<\/div><div>Elena Gil Gonz\u00e1lez<br \/>Researcher<br \/>IT Law<br \/>Spain<\/div><div>\u00a0<\/div><div>Rodrigo Meg\u00eda Palma<br \/>CIBIO: Research Center in Biodiversity and Genetic Resources<br \/>I+D, Science<br \/>Spain<\/div><div>\u00a0<\/div><div>Manuel Meg\u00eda<br \/>Civil Society<br \/>Civil Engineering &amp; Transportation<br \/>Spain<\/div>\t\t\t\t\t\t\t\t<\/div>\n\t\t\t\t<\/div>\n\t\t\t\t\t<\/div>\n\t\t<\/div>\n\t\t\t\t\t<\/div>\n\t\t<\/section>\n\t\t\t\t\t<\/div>\n\t\t<\/div>\n\t\t\t\t\t<\/div>\n\t\t<\/section>\n\t\t\t\t<section class=\"elementor-section elementor-top-section elementor-element elementor-element-696a7de elementor-section-boxed elementor-section-height-default elementor-section-height-default\" data-id=\"696a7de\" data-element_type=\"section\" data-e-type=\"section\">\n\t\t\t\t\t\t<div class=\"elementor-container elementor-column-gap-default\">\n\t\t\t\t\t<div class=\"elementor-column elementor-col-100 elementor-top-column elementor-element elementor-element-5c9384f\" data-id=\"5c9384f\" data-element_type=\"column\" data-e-type=\"column\">\n\t\t\t<div class=\"elementor-widget-wrap\">\n\t\t\t\t\t\t\t<\/div>\n\t\t<\/div>\n\t\t\t\t\t<\/div>\n\t\t<\/section>\n\t\t\t\t<section class=\"elementor-section elementor-top-section elementor-element elementor-element-7715c89 elementor-section-boxed elementor-section-height-default elementor-section-height-default\" data-id=\"7715c89\" data-element_type=\"section\" data-e-type=\"section\">\n\t\t\t\t\t\t<div class=\"elementor-container elementor-column-gap-default\">\n\t\t\t\t\t<div class=\"elementor-column elementor-col-100 elementor-top-column elementor-element elementor-element-bf5ebcb\" data-id=\"bf5ebcb\" data-element_type=\"column\" data-e-type=\"column\">\n\t\t\t<div class=\"elementor-widget-wrap elementor-element-populated\">\n\t\t\t\t\t\t<div class=\"elementor-element elementor-element-dda3b77 elementor-align-center elementor-widget elementor-widget-button\" data-id=\"dda3b77\" data-element_type=\"widget\" data-e-type=\"widget\" data-widget_type=\"button.default\">\n\t\t\t\t<div class=\"elementor-widget-container\">\n\t\t\t\t\t\t\t\t\t<div class=\"elementor-button-wrapper\">\n\t\t\t\t\t<a class=\"elementor-button elementor-button-link elementor-size-md\" href=\"http:\/\/blogs.uned.es\/workshopadvancingtowards\/news\">\n\t\t\t\t\t\t<span class=\"elementor-button-content-wrapper\">\n\t\t\t\t\t\t\t\t\t<span class=\"elementor-button-text\">Back to response summary<\/span>\n\t\t\t\t\t<\/span>\n\t\t\t\t\t<\/a>\n\t\t\t\t<\/div>\n\t\t\t\t\t\t\t\t<\/div>\n\t\t\t\t<\/div>\n\t\t\t\t\t<\/div>\n\t\t<\/div>\n\t\t\t\t\t<\/div>\n\t\t<\/section>\n\t\t\t\t<\/div>\n\t\t","protected":false},"excerpt":{"rendered":"<p>Full list of Signatories List of signatories to the response to the Public Consulation on the European Commission \u00a0\u00abWhite Paper on Artificial Intelligence: A European approach to excellence and Trust\u00bb.\u00a0Please note that there will be a delay between signing and the corresponding data appearing on the list of signatories. AI researchers and practitioners, proponents: \u00c1ngeles Manjarr\u00e9sUniversidad Nacional de Educaci\u00f3n a DistanciaArtificial IntelligenceSpain David Pastor-EscuredoitdUPM &#8211; Innovation and Technology for Development Centre UPMArtificial Intelligence and Computational Social ScienceSpain Jes\u00fas Salgado CriadoUniversidad Polit\u00e9cnica MadridBusiness ethics, AISpain AI researchers and practitioners, signatories: Jos\u00e9 L. AznarteUNEDAcademia\/Artificial IntelligenceSpain Luis Manuel SarroUNEDArtificial Intelligence\/PhysicsSpain Francisco Javier D\u00edezUNEDArtificial IntelligenceSpain Cristina Puente AguedaUniversidad Pontificia ComillasInteligencia artificialEspa\u00f1a Ana Garcia-SerranoUNEDAcademia\/ Artificial IntelligenceSpain Gonzalo G\u00e9novaUniversidad Carlos III de MadridFilosof\u00eda de la Inteligencia ArtificialEspa\u00f1a J\u00f3nathan HerasUniversidad de La RiojaComputer VisionSpain Aitor Moreno Fern\u00e1ndez de LecetaArtificial Intelligence Director at Iberm\u00e1ticaArtificial IntelligenceSpain Ezequiel L\u00f3pez-RubioUniversidad de M\u00e1lagaArtificial IntelligenceSpain Ronan ReillyMaynooth UniversityCognitive ScienceIreland Dr Rob MillerUniversity College&hellip;<\/p>\n<p> <a class=\"more-link\" href=\"https:\/\/blogs.uned.es\/workshopadvancingtowards\/list-of-signatories\/\">Leer m\u00e1s<\/a><\/p>\n","protected":false},"author":7201,"featured_media":0,"parent":0,"menu_order":0,"comment_status":"closed","ping_status":"closed","template":"","meta":{"footnotes":""},"class_list":["post-1257","page","type-page","status-publish"],"_links":{"self":[{"href":"https:\/\/blogs.uned.es\/workshopadvancingtowards\/wp-json\/wp\/v2\/pages\/1257","targetHints":{"allow":["GET"]}}],"collection":[{"href":"https:\/\/blogs.uned.es\/workshopadvancingtowards\/wp-json\/wp\/v2\/pages"}],"about":[{"href":"https:\/\/blogs.uned.es\/workshopadvancingtowards\/wp-json\/wp\/v2\/types\/page"}],"author":[{"embeddable":true,"href":"https:\/\/blogs.uned.es\/workshopadvancingtowards\/wp-json\/wp\/v2\/users\/7201"}],"replies":[{"embeddable":true,"href":"https:\/\/blogs.uned.es\/workshopadvancingtowards\/wp-json\/wp\/v2\/comments?post=1257"}],"version-history":[{"count":96,"href":"https:\/\/blogs.uned.es\/workshopadvancingtowards\/wp-json\/wp\/v2\/pages\/1257\/revisions"}],"predecessor-version":[{"id":1631,"href":"https:\/\/blogs.uned.es\/workshopadvancingtowards\/wp-json\/wp\/v2\/pages\/1257\/revisions\/1631"}],"wp:attachment":[{"href":"https:\/\/blogs.uned.es\/workshopadvancingtowards\/wp-json\/wp\/v2\/media?parent=1257"}],"curies":[{"name":"wp","href":"https:\/\/api.w.org\/{rel}","templated":true}]}}