{"id":11559,"date":"2022-09-19T09:56:30","date_gmt":"2022-09-19T09:56:30","guid":{"rendered":"https:\/\/blogs.uned.es\/plantillapruebas\/?page_id=11559"},"modified":"2025-11-26T12:43:36","modified_gmt":"2025-11-26T12:43:36","slug":"donde-estamos","status":"publish","type":"page","link":"https:\/\/blogs.uned.es\/unioneuropea\/donde-estamos\/","title":{"rendered":"M\u00e1s Informaci\u00f3n"},"content":{"rendered":"\n<div class=\"wp-block-cover alignfull is-light\" style=\"min-height:265px;aspect-ratio:unset;\"><img loading=\"lazy\" decoding=\"async\" width=\"1024\" height=\"222\" class=\"wp-block-cover__image-background wp-image-417\" alt=\"\" src=\"https:\/\/blogs.uned.es\/plantillapruebas\/wp-content\/uploads\/sites\/365\/2019\/10\/mapas-1024x222.jpg\" data-object-fit=\"cover\" srcset=\"https:\/\/blogs.uned.es\/unioneuropea\/wp-content\/uploads\/sites\/447\/2019\/10\/mapas-1024x222.jpg 1024w, https:\/\/blogs.uned.es\/unioneuropea\/wp-content\/uploads\/sites\/447\/2019\/10\/mapas-300x65.jpg 300w, https:\/\/blogs.uned.es\/unioneuropea\/wp-content\/uploads\/sites\/447\/2019\/10\/mapas-768x166.jpg 768w, https:\/\/blogs.uned.es\/unioneuropea\/wp-content\/uploads\/sites\/447\/2019\/10\/mapas-1536x333.jpg 1536w, https:\/\/blogs.uned.es\/unioneuropea\/wp-content\/uploads\/sites\/447\/2019\/10\/mapas-2048x443.jpg 2048w\" sizes=\"auto, (max-width: 1024px) 100vw, 1024px\" \/><span aria-hidden=\"true\" class=\"wp-block-cover__background has-background-dim-20 has-background-dim\"><\/span><div class=\"wp-block-cover__inner-container is-layout-flow wp-block-cover-is-layout-flow\">\n<div class=\"wp-block-columns is-layout-flex wp-container-core-columns-is-layout-28f84493 wp-block-columns-is-layout-flex\">\n<div class=\"wp-block-column is-layout-flow wp-block-column-is-layout-flow\"><\/div>\n\n\n\n<div class=\"wp-block-column is-layout-flow wp-block-column-is-layout-flow\">\n<p class=\"has-background-color has-text-color\" style=\"font-size:65px\"><strong>M\u00e1s Informaci\u00f3n<\/strong><\/p>\n<\/div>\n<\/div>\n<\/div><\/div>\n\n\n\n<p class=\"ticss-66d864af has-large-font-size\"><strong>MATR\u00cdCULA<\/strong><\/p>\n\n\n\n<p><strong>Informaci\u00f3n de matr\u00edcula:<\/strong><br>Fundaci\u00f3n UNED<br>Tel\u00e9fonos: +34913867275\/1592<br>Correo electr\u00f3nico: bsaez@fundacion.uned.es<\/p>\n\n\n\n<p><strong>METODOLOG\u00cdA<\/strong><\/p>\n\n\n\n<p>El curso utiliza los m\u00e9todos propios de la ense\u00f1anza a distancia. Existen, por lo tanto, materiales bibliogr\u00e1ficos de lectura obligatoria, as\u00ed como otros materiales adicionales que permitir\u00e1n ampliar y profundizar en algunas cuestiones.<\/p>\n\n\n\n<p>Asimismo, se prev\u00e9 la realizaci\u00f3n de clases presenciales y online, que ser\u00e1n retransmitidas, grabadas y los videos puestos a disposici\u00f3n de los y las estudiantes. Las fechas de los talleres ser\u00e1n anunciadas con la suficiente antelaci\u00f3n. A tal efecto se les facilitar\u00e1 las claves necesarias para el acceso a la plataforma de la UNED, as\u00ed como talleres pr\u00e1cticos. En ambos casos ser\u00e1n de car\u00e1cter opcional, pero recomendado.<\/p>\n\n\n\n<p>Igualmente, mediante los foros de la plataforma virtual del Master, los alumnos estar\u00e1n en permanente contacto con el equipo docente y el resto de los estudiantes, pudiendo compartir sus dudas y reflexiones.<\/p>\n\n\n\n<p><\/p>\n\n\n\n<div class=\"wp-block-columns is-layout-flex wp-container-core-columns-is-layout-28f84493 wp-block-columns-is-layout-flex\">\n<div class=\"wp-block-column is-layout-flow wp-block-column-is-layout-flow\">\n<p><strong><strong>CRITERIOS DE EVALUACI\u00d3N Y CALIFICACI\u00d3N<\/strong><\/strong><\/p>\n\n\n\n<p>Se evaluar\u00e1 al alumno mediante la realizaci\u00f3n de ejercicios parciales de naturaleza te\u00f3rico-pr\u00e1ctica en cada asignatura impartida. Las pruebas se har\u00e1n de forma telem\u00e1tica a trav\u00e9s de la plataforma virtual del Master. Se establecer\u00e1n las fechas durante las cuales los alumnos podr\u00e1n realizar cada ejercicio. Asimismo, cada alumno deber\u00e1 escoger entre las diversas tem\u00e1ticas del programa, una sobre la que deber\u00e1 llevar a cabo un trabajo de investigaci\u00f3n que constituir\u00e1 su Trabajo Fin de M\u00e1ster (TFM) con un valor de 10 ECTS, que deber\u00e1 entregarse y defenderse antes de la finalizaci\u00f3n del curso. En funci\u00f3n de la tem\u00e1tica, se asignar\u00e1 al alumno un tutor (de entre los miembros docentes del curso), que ser\u00e1 el encargado de supervisar el trabajo. El equipo docente puede establecer cupos en cada una de las tem\u00e1ticas para garantizar la diversidad de temas y la disponibilidad de los tutores. Para aprobar el curso es preceptivo la superaci\u00f3n de todas las pruebas que lo componen, as\u00ed como la defensa del TFM. Conforme a la normativa de los cursos de formaci\u00f3n permanente de la UNED, la calificaci\u00f3n final del m\u00e1ster ser\u00e1 APTO \/ NO APTO, no existiendo calificaciones num\u00e9ricas.<\/p>\n<\/div>\n<\/div>\n\n\n\n<p>&nbsp;<\/p>\n\n\n\n<div class=\"wp-block-columns is-layout-flex wp-container-core-columns-is-layout-28f84493 wp-block-columns-is-layout-flex\">\n<div class=\"wp-block-column is-layout-flow wp-block-column-is-layout-flow\" style=\"flex-basis:100%\"><\/div>\n<\/div>\n\n\n\n<p><\/p>\n","protected":false},"excerpt":{"rendered":"<p>MATR\u00cdCULA Informaci\u00f3n de matr\u00edcula:Fundaci\u00f3n UNEDTel\u00e9fonos: +34913867275\/1592Correo electr\u00f3nico: bsaez@fundacion.uned.es METODOLOG\u00cdA El curso utiliza los m\u00e9todos propios de la ense\u00f1anza a distancia. Existen, por lo tanto, materiales bibliogr\u00e1ficos de lectura obligatoria, as\u00ed como otros materiales adicionales que permitir\u00e1n ampliar y profundizar en algunas cuestiones. Asimismo, se prev\u00e9 la realizaci\u00f3n de clases presenciales y online, que ser\u00e1n retransmitidas, [&hellip;]<\/p>\n","protected":false},"author":1,"featured_media":0,"parent":0,"menu_order":0,"comment_status":"closed","ping_status":"closed","template":"","meta":{"footnotes":""},"class_list":["post-11559","page","type-page","status-publish","hentry"],"_links":{"self":[{"href":"https:\/\/blogs.uned.es\/unioneuropea\/wp-json\/wp\/v2\/pages\/11559","targetHints":{"allow":["GET"]}}],"collection":[{"href":"https:\/\/blogs.uned.es\/unioneuropea\/wp-json\/wp\/v2\/pages"}],"about":[{"href":"https:\/\/blogs.uned.es\/unioneuropea\/wp-json\/wp\/v2\/types\/page"}],"author":[{"embeddable":true,"href":"https:\/\/blogs.uned.es\/unioneuropea\/wp-json\/wp\/v2\/users\/1"}],"replies":[{"embeddable":true,"href":"https:\/\/blogs.uned.es\/unioneuropea\/wp-json\/wp\/v2\/comments?post=11559"}],"version-history":[{"count":10,"href":"https:\/\/blogs.uned.es\/unioneuropea\/wp-json\/wp\/v2\/pages\/11559\/revisions"}],"predecessor-version":[{"id":12045,"href":"https:\/\/blogs.uned.es\/unioneuropea\/wp-json\/wp\/v2\/pages\/11559\/revisions\/12045"}],"wp:attachment":[{"href":"https:\/\/blogs.uned.es\/unioneuropea\/wp-json\/wp\/v2\/media?parent=11559"}],"curies":[{"name":"wp","href":"https:\/\/api.w.org\/{rel}","templated":true}]}}