{"id":11553,"date":"2022-09-19T09:56:06","date_gmt":"2022-09-19T09:56:06","guid":{"rendered":"https:\/\/blogs.uned.es\/plantillapruebas\/?page_id=11553"},"modified":"2024-07-05T10:56:31","modified_gmt":"2024-07-05T10:56:31","slug":"quienes-somos","status":"publish","type":"page","link":"https:\/\/blogs.uned.es\/unioneuropea\/quienes-somos\/","title":{"rendered":"Equipo docente"},"content":{"rendered":"\n<div class=\"wp-block-cover alignfull\" style=\"min-height:319px;aspect-ratio:unset;\"><span aria-hidden=\"true\" class=\"wp-block-cover__background has-background-dim-40 has-background-dim\" style=\"background-color:#000000\"><\/span><img loading=\"lazy\" decoding=\"async\" width=\"2200\" height=\"477\" class=\"wp-block-cover__image-background wp-image-437\" alt=\"\" src=\"http:\/\/blogs.uned.es\/pruebasnuevaplantilla\/wp-content\/uploads\/sites\/391\/2019\/10\/participa.jpg\" data-object-fit=\"cover\" srcset=\"https:\/\/blogs.uned.es\/unioneuropea\/wp-content\/uploads\/sites\/447\/2019\/10\/participa.jpg 2200w, https:\/\/blogs.uned.es\/unioneuropea\/wp-content\/uploads\/sites\/447\/2019\/10\/participa-300x65.jpg 300w, https:\/\/blogs.uned.es\/unioneuropea\/wp-content\/uploads\/sites\/447\/2019\/10\/participa-1024x222.jpg 1024w, https:\/\/blogs.uned.es\/unioneuropea\/wp-content\/uploads\/sites\/447\/2019\/10\/participa-768x167.jpg 768w, https:\/\/blogs.uned.es\/unioneuropea\/wp-content\/uploads\/sites\/447\/2019\/10\/participa-1536x333.jpg 1536w, https:\/\/blogs.uned.es\/unioneuropea\/wp-content\/uploads\/sites\/447\/2019\/10\/participa-2048x444.jpg 2048w\" sizes=\"auto, (max-width: 2200px) 100vw, 2200px\" \/><div class=\"wp-block-cover__inner-container is-layout-flow wp-block-cover-is-layout-flow\">\n<div class=\"wp-block-columns alignwide is-layout-flex wp-container-core-columns-is-layout-28f84493 wp-block-columns-is-layout-flex\">\n<div class=\"wp-block-column is-layout-flow wp-block-column-is-layout-flow\" style=\"flex-basis:60%\">\n<div class=\"wp-block-buttons is-layout-flex wp-block-buttons-is-layout-flex\"><\/div>\n<\/div>\n\n\n\n<div class=\"wp-block-column is-layout-flow wp-block-column-is-layout-flow\">\n<p style=\"font-size:65px\"><strong>Equipo docente<\/strong><\/p>\n<\/div>\n<\/div>\n<\/div><\/div>\n\n\n\n<div class=\"wp-block-group ticss-ac3908c4 has-large-font-size is-layout-flow wp-block-group-is-layout-flow\">\n<div class=\"wp-block-columns ticss-c4a27a80 is-layout-flex wp-container-core-columns-is-layout-28f84493 wp-block-columns-is-layout-flex\" style=\"border-style:none;border-width:0px;border-radius:0px\">\n<div class=\"wp-block-column is-layout-flow wp-block-column-is-layout-flow\">\n<figure class=\"wp-block-image aligncenter size-large is-resized is-style-rounded\"><img loading=\"lazy\" decoding=\"async\" width=\"683\" height=\"1024\" src=\"https:\/\/blogs.uned.es\/unioneuropea\/wp-content\/uploads\/sites\/447\/2023\/09\/Mario19-683x1024.jpg\" alt=\"\" class=\"wp-image-11987\" style=\"width:160px;height:239px\" srcset=\"https:\/\/blogs.uned.es\/unioneuropea\/wp-content\/uploads\/sites\/447\/2023\/09\/Mario19-683x1024.jpg 683w, https:\/\/blogs.uned.es\/unioneuropea\/wp-content\/uploads\/sites\/447\/2023\/09\/Mario19-200x300.jpg 200w, https:\/\/blogs.uned.es\/unioneuropea\/wp-content\/uploads\/sites\/447\/2023\/09\/Mario19-768x1152.jpg 768w, https:\/\/blogs.uned.es\/unioneuropea\/wp-content\/uploads\/sites\/447\/2023\/09\/Mario19-1024x1536.jpg 1024w, https:\/\/blogs.uned.es\/unioneuropea\/wp-content\/uploads\/sites\/447\/2023\/09\/Mario19-1365x2048.jpg 1365w, https:\/\/blogs.uned.es\/unioneuropea\/wp-content\/uploads\/sites\/447\/2023\/09\/Mario19-scaled.jpg 1707w\" sizes=\"auto, (max-width: 683px) 100vw, 683px\" \/><\/figure>\n<\/div>\n\n\n\n<div class=\"wp-block-column is-layout-flow wp-block-column-is-layout-flow\">\n<figure class=\"wp-block-gallery aligncenter has-nested-images columns-default is-cropped wp-block-gallery-1 is-layout-flex wp-block-gallery-is-layout-flex\">\n<figure class=\"wp-block-image size-full is-style-rounded\"><img loading=\"lazy\" decoding=\"async\" width=\"200\" height=\"233\" data-id=\"11977\" src=\"https:\/\/blogs.uned.es\/unioneuropea\/wp-content\/uploads\/sites\/447\/2023\/09\/20220808_215916.jpg\" alt=\"\" class=\"wp-image-11977\" \/><\/figure>\n<\/figure>\n<\/div>\n\n\n\n<div class=\"wp-block-column is-layout-flow wp-block-column-is-layout-flow\">\n<figure class=\"wp-block-gallery aligncenter has-nested-images columns-default is-cropped wp-block-gallery-2 is-layout-flex wp-block-gallery-is-layout-flex\">\n<figure class=\"wp-block-image size-full is-style-rounded\"><img loading=\"lazy\" decoding=\"async\" width=\"2246\" height=\"2560\" data-id=\"11979\" src=\"https:\/\/blogs.uned.es\/unioneuropea\/wp-content\/uploads\/sites\/447\/2023\/09\/Marquinez_Rengifo_JoseManuel_Foto-scaled.jpeg\" alt=\"\" class=\"wp-image-11979\" srcset=\"https:\/\/blogs.uned.es\/unioneuropea\/wp-content\/uploads\/sites\/447\/2023\/09\/Marquinez_Rengifo_JoseManuel_Foto-scaled.jpeg 2246w, https:\/\/blogs.uned.es\/unioneuropea\/wp-content\/uploads\/sites\/447\/2023\/09\/Marquinez_Rengifo_JoseManuel_Foto-263x300.jpeg 263w, https:\/\/blogs.uned.es\/unioneuropea\/wp-content\/uploads\/sites\/447\/2023\/09\/Marquinez_Rengifo_JoseManuel_Foto-898x1024.jpeg 898w, https:\/\/blogs.uned.es\/unioneuropea\/wp-content\/uploads\/sites\/447\/2023\/09\/Marquinez_Rengifo_JoseManuel_Foto-768x875.jpeg 768w, https:\/\/blogs.uned.es\/unioneuropea\/wp-content\/uploads\/sites\/447\/2023\/09\/Marquinez_Rengifo_JoseManuel_Foto-1348x1536.jpeg 1348w, https:\/\/blogs.uned.es\/unioneuropea\/wp-content\/uploads\/sites\/447\/2023\/09\/Marquinez_Rengifo_JoseManuel_Foto-1797x2048.jpeg 1797w\" sizes=\"auto, (max-width: 2246px) 100vw, 2246px\" \/><\/figure>\n<\/figure>\n<\/div>\n<\/div>\n<\/div>\n\n\n\n<div class=\"wp-block-columns is-layout-flex wp-container-core-columns-is-layout-28f84493 wp-block-columns-is-layout-flex\">\n<div class=\"wp-block-column is-layout-flow wp-block-column-is-layout-flow\">\n<p class=\"has-text-align-center has-text-color\" style=\"color:#507fa8\"><strong>Director<\/strong><\/p>\n<\/div>\n\n\n\n<div class=\"wp-block-column is-layout-flow wp-block-column-is-layout-flow\">\n<p class=\"has-text-align-center has-text-color\" style=\"color:#507fa8\"><strong>Director adjunto<\/strong><\/p>\n<\/div>\n\n\n\n<div class=\"wp-block-column is-layout-flow wp-block-column-is-layout-flow\">\n<p class=\"has-text-align-center has-text-color\" style=\"color:#507fa8\"><strong><strong>Director adjunto<\/strong><\/strong><\/p>\n<\/div>\n<\/div>\n\n\n\n<div class=\"wp-block-columns is-layout-flex wp-container-core-columns-is-layout-28f84493 wp-block-columns-is-layout-flex\">\n<div class=\"wp-block-column is-layout-flow wp-block-column-is-layout-flow\">\n<p class=\"has-text-align-center has-text-color has-small-font-size\" style=\"color:#707071\"><strong>Mario K\u00f6lling<\/strong>, Profesor, Dpto. Ciencia Pol\u00edtica y de la Administraci\u00f3n, UNED<\/p>\n<\/div>\n\n\n\n<div class=\"wp-block-column is-layout-flow wp-block-column-is-layout-flow\">\n<p class=\"has-text-align-center has-text-color has-small-font-size\" style=\"color:#707071\"><strong>Francisco J. Morillo S\u00e1nchez,&nbsp; <\/strong>Consejero T\u00e9cnico,&nbsp; D.G. de Fondos Europeos,&nbsp; Junta de Andaluc\u00eda<\/p>\n<\/div>\n\n\n\n<div class=\"wp-block-column is-layout-flow wp-block-column-is-layout-flow\">\n<p class=\"has-text-align-center has-text-color has-small-font-size\" style=\"color:#707071\"><strong>Jos\u00e9 Manuel Marqu\u00ednez Rengifo, <\/strong>T\u00e9cnico, D.G. de Fondos Europeos,&nbsp; Junta de Andaluc\u00eda.<\/p>\n<\/div>\n<\/div>\n\n\n\n<p class=\"has-text-align-center has-x-large-font-size\"><\/p>\n\n\n\n<div class=\"wp-block-group is-layout-flow wp-block-group-is-layout-flow\" style=\"padding-right:0px\">\n<p><strong>Docentes <\/strong><\/p>\n\n\n\n<p>Arzoz Santisteban, Xabier, Catedr\u00e1tico, Dpto. de Derecho Administrativo, UNED<\/p>\n\n\n\n<p><\/p>\n\n\n\n<p>Braojos Lara, Alfonso Carlos, Socio-director, INNOQ2 Consultores S.L.<\/p>\n\n\n\n<p><\/p>\n\n\n\n<p>Frontelo, \u00c1ngel Garc\u00eda, Subdirector General de la Unidad Administradora del Fondo Social Europeo, Ministerio de Trabajo, Migraciones y Seguridad Social, Gobierno de Espa\u00f1a.<\/p>\n\n\n\n<p><\/p>\n\n\n\n<p><\/p>\n\n\n\n<p>L\u00f3pez Carri\u00f3n, Blas, Subdirector general de Inspecci\u00f3n y Control,&nbsp; D.G. de Fondos Europeos, Ministerio de Hacienda y Funci\u00f3n P\u00fablica, Gobierno de Espa\u00f1a.<\/p>\n\n\n\n<p>Moya Colorado, Agust\u00edn, Representante para Espa\u00f1a de PM2 Alliance, Comisi\u00f3n Europea<\/p>\n\n\n\n<p>Noheda Sarrio, Adrian, Fundaci\u00f3n FINNOVA<\/p>\n\n\n\n<p><\/p>\n\n\n\n<p>P\u00e9rez Revuelta, Juan Manuel, Director General, Fundaci\u00f3n FINNOVA<\/p>\n\n\n\n<p>R\u00edos Boeta, Jer\u00f3nimo, Subdirector general de Certificaci\u00f3n y Pagos, D.G. de Fondos Europeos, Ministerio de Hacienda y Funci\u00f3n P\u00fablica, Gobierno de Espa\u00f1a.<\/p>\n\n\n\n<p>Rodr\u00edguez Santos, M.\u00aa \u00c1ngeles, Profesora titular, Dpto. de Econom\u00eda Aplicada, UNED<\/p>\n\n\n\n<p>Rojas-Marcos Gonz\u00e1lez, Pilar, Jefa del servicio de FEADER y OIC, D.G. de Fondos Europeos, Junta de Andaluc\u00eda<\/p>\n\n\n\n<p><\/p>\n\n\n\n<p>Topa Cantisano, Gabriela, Catedr\u00e1tica, Dpto. Psicolog\u00eda Social y de las Organizaciones, UNED<\/p>\n\n\n\n<p>Torreblanca, Jos\u00e9 Ignacio, Profesor titular, Dpto. Ciencia Pol\u00edtica y de la Administraci\u00f3n, UNED<\/p>\n\n\n\n<p>Valverde Ramos, Antonio, Consejero T\u00e9cnico, S.G. de Investigaci\u00f3n e Innovaci\u00f3n, Junta de Andaluc\u00eda<\/p>\n\n\n\n<p>Viesca, Juan Manuel, Director de Fondos Europeos, Fundaci\u00f3n FINNOVA<\/p>\n\n\n\n<p><\/p>\n\n\n\n<p><\/p>\n\n\n\n<div class=\"wp-block-columns is-layout-flex wp-container-core-columns-is-layout-28f84493 wp-block-columns-is-layout-flex\"><\/div>\n\n\n<\/div>\n\n\n\n<div style=\"height:100px\" aria-hidden=\"true\" class=\"wp-block-spacer\"><\/div>\n\n\n\n<div style=\"height:89px\" aria-hidden=\"true\" class=\"wp-block-spacer\"><\/div>\n","protected":false},"excerpt":{"rendered":"<p>Director Director adjunto Director adjunto Mario K\u00f6lling, Profesor, Dpto. Ciencia Pol\u00edtica y de la Administraci\u00f3n, UNED Francisco J. Morillo S\u00e1nchez,&nbsp; Consejero T\u00e9cnico,&nbsp; D.G. de Fondos Europeos,&nbsp; Junta de Andaluc\u00eda Jos\u00e9 Manuel Marqu\u00ednez Rengifo, T\u00e9cnico, D.G. de Fondos Europeos,&nbsp; Junta de Andaluc\u00eda. Docentes Arzoz Santisteban, Xabier, Catedr\u00e1tico, Dpto. de Derecho Administrativo, UNED Braojos Lara, Alfonso Carlos, [&hellip;]<\/p>\n","protected":false},"author":1,"featured_media":0,"parent":0,"menu_order":0,"comment_status":"closed","ping_status":"closed","template":"","meta":{"footnotes":""},"class_list":["post-11553","page","type-page","status-publish","hentry"],"_links":{"self":[{"href":"https:\/\/blogs.uned.es\/unioneuropea\/wp-json\/wp\/v2\/pages\/11553","targetHints":{"allow":["GET"]}}],"collection":[{"href":"https:\/\/blogs.uned.es\/unioneuropea\/wp-json\/wp\/v2\/pages"}],"about":[{"href":"https:\/\/blogs.uned.es\/unioneuropea\/wp-json\/wp\/v2\/types\/page"}],"author":[{"embeddable":true,"href":"https:\/\/blogs.uned.es\/unioneuropea\/wp-json\/wp\/v2\/users\/1"}],"replies":[{"embeddable":true,"href":"https:\/\/blogs.uned.es\/unioneuropea\/wp-json\/wp\/v2\/comments?post=11553"}],"version-history":[{"count":20,"href":"https:\/\/blogs.uned.es\/unioneuropea\/wp-json\/wp\/v2\/pages\/11553\/revisions"}],"predecessor-version":[{"id":12027,"href":"https:\/\/blogs.uned.es\/unioneuropea\/wp-json\/wp\/v2\/pages\/11553\/revisions\/12027"}],"wp:attachment":[{"href":"https:\/\/blogs.uned.es\/unioneuropea\/wp-json\/wp\/v2\/media?parent=11553"}],"curies":[{"name":"wp","href":"https:\/\/api.w.org\/{rel}","templated":true}]}}