{"id":18609,"date":"2025-09-03T14:01:57","date_gmt":"2025-09-03T12:01:57","guid":{"rendered":"https:\/\/blogs.uned.es\/unedabierta\/?page_id=18609"},"modified":"2026-03-26T08:03:14","modified_gmt":"2026-03-26T07:03:14","slug":"competencias-digitales","status":"publish","type":"page","link":"https:\/\/blogs.uned.es\/unedabierta\/competencias-digitales\/","title":{"rendered":"Competencias digitales"},"content":{"rendered":"\t\t<div data-elementor-type=\"wp-page\" data-elementor-id=\"18609\" class=\"elementor elementor-18609\">\n\t\t\t\t\t\t<section class=\"elementor-section elementor-top-section elementor-element elementor-element-109073ef elementor-section-boxed elementor-section-height-default elementor-section-height-default\" data-id=\"109073ef\" data-element_type=\"section\" data-e-type=\"section\">\n\t\t\t\t\t\t<div class=\"elementor-container elementor-column-gap-default\">\n\t\t\t\t\t<div class=\"elementor-column elementor-col-100 elementor-top-column elementor-element elementor-element-47a702b9\" data-id=\"47a702b9\" data-element_type=\"column\" data-e-type=\"column\">\n\t\t\t<div class=\"elementor-widget-wrap\">\n\t\t\t\t\t\t\t<\/div>\n\t\t<\/div>\n\t\t\t\t\t<\/div>\n\t\t<\/section>\n\t\t\t\t<section class=\"elementor-section elementor-top-section elementor-element elementor-element-d851417 elementor-section-boxed elementor-section-height-default elementor-section-height-default\" data-id=\"d851417\" data-element_type=\"section\" data-e-type=\"section\">\n\t\t\t\t\t\t<div class=\"elementor-container elementor-column-gap-default\">\n\t\t\t\t\t<div class=\"elementor-column elementor-col-100 elementor-top-column elementor-element elementor-element-807f096\" data-id=\"807f096\" data-element_type=\"column\" data-e-type=\"column\">\n\t\t\t<div class=\"elementor-widget-wrap elementor-element-populated\">\n\t\t\t\t\t\t<div class=\"elementor-element elementor-element-72756004 elementor-widget__width-initial elementor-widget elementor-widget-text-editor\" data-id=\"72756004\" data-element_type=\"widget\" data-e-type=\"widget\" data-widget_type=\"text-editor.default\">\n\t\t\t\t<div class=\"elementor-widget-container\">\n\t\t\t\t\t\t\t\t\t<h1>Competencias digitales<\/h1><h2>Presentaci\u00f3n<\/h2><p>UNED Abierta, gracias al <a href=\"https:\/\/www.digitall.org.es\/\">proyecto DigitAll<\/a>, pone a disposici\u00f3n de la Comunidad Universitaria UNED y de la ciudadan\u00eda en general, una serie de<strong> cursos en l\u00ednea en abierto (MOOCs) sobre las 5 competencias digitales <\/strong>que debe tener un ciudadano, seg\u00fan el marco europeo DigCompEdu:<\/p><ul><li>B\u00fasqueda y gesti\u00f3n de informaci\u00f3n y datos<\/li><li>Comunicaci\u00f3n y colaboraci\u00f3n<\/li><li>Creaci\u00f3n de contenidos digitales<\/li><li>Seguridad<\/li><li>Resoluci\u00f3n de problemas<\/li><\/ul><p>Cada una de estas 5 \u00e1reas se divide a su vez en <strong>6 niveles de dificultad<\/strong>, incluyendo 2 niveles de conocimientos b\u00e1sicos (A1, A2), 2 niveles de conocimientos intermedios (B1, B2) y 2 niveles para conocimientos avanzados (C1 y C2).<\/p>\t\t\t\t\t\t\t\t<\/div>\n\t\t\t\t<\/div>\n\t\t\t\t\t<\/div>\n\t\t<\/div>\n\t\t\t\t\t<\/div>\n\t\t<\/section>\n\t\t\t\t<section class=\"elementor-section elementor-top-section elementor-element elementor-element-f91f36d elementor-section-boxed elementor-section-height-default elementor-section-height-default\" data-id=\"f91f36d\" data-element_type=\"section\" data-e-type=\"section\">\n\t\t\t\t\t\t<div class=\"elementor-container elementor-column-gap-default\">\n\t\t\t\t\t<div class=\"elementor-column elementor-col-100 elementor-top-column elementor-element elementor-element-7ed811b\" data-id=\"7ed811b\" data-element_type=\"column\" data-e-type=\"column\">\n\t\t\t<div class=\"elementor-widget-wrap elementor-element-populated\">\n\t\t\t\t\t\t<div class=\"elementor-element elementor-element-c77f124 elementor-widget elementor-widget-video\" data-id=\"c77f124\" data-element_type=\"widget\" data-e-type=\"widget\" data-settings=\"{&quot;youtube_url&quot;:&quot;https:\\\/\\\/youtu.be\\\/xzYjnlkAe2Y?si=hJ7DLRv-778NJ0Kw&quot;,&quot;cc_load_policy&quot;:&quot;yes&quot;,&quot;video_type&quot;:&quot;youtube&quot;,&quot;controls&quot;:&quot;yes&quot;}\" data-widget_type=\"video.default\">\n\t\t\t\t<div class=\"elementor-widget-container\">\n\t\t\t\t\t\t\t<div class=\"elementor-wrapper elementor-open-inline\">\n\t\t\t<div class=\"elementor-video\"><\/div>\t\t<\/div>\n\t\t\t\t\t\t<\/div>\n\t\t\t\t<\/div>\n\t\t\t\t\t<\/div>\n\t\t<\/div>\n\t\t\t\t\t<\/div>\n\t\t<\/section>\n\t\t\t\t<section class=\"elementor-section elementor-top-section elementor-element elementor-element-1ce41c2 elementor-section-boxed elementor-section-height-default elementor-section-height-default\" data-id=\"1ce41c2\" data-element_type=\"section\" data-e-type=\"section\">\n\t\t\t\t\t\t<div class=\"elementor-container elementor-column-gap-default\">\n\t\t\t\t\t<div class=\"elementor-column elementor-col-100 elementor-top-column elementor-element elementor-element-7288045\" data-id=\"7288045\" data-element_type=\"column\" data-e-type=\"column\">\n\t\t\t<div class=\"elementor-widget-wrap elementor-element-populated\">\n\t\t\t\t\t\t<div class=\"elementor-element elementor-element-b2fd167 elementor-widget elementor-widget-text-editor\" data-id=\"b2fd167\" data-element_type=\"widget\" data-e-type=\"widget\" data-widget_type=\"text-editor.default\">\n\t\t\t\t<div class=\"elementor-widget-container\">\n\t\t\t\t\t\t\t\t\t<p>Cada curso se compone de v\u00eddeos docentes, documentaci\u00f3n adicional y actividades interactivas para autoevaluaci\u00f3n. Los v\u00eddeos cubren conceptos te\u00f3ricos esenciales y aplicaciones pr\u00e1cticas mediante herramientas tecnol\u00f3gicas, mientras que la documentaci\u00f3n profundiza en teor\u00edas y herramientas avanzadas.<\/p><p>Estos cursos <strong>permiten certificarse<\/strong>, a trav\u00e9s de certificados de UNED Abierta, en el nivel deseado de dichas competencias digitales. Tambi\u00e9n es posible cursar dichos cursos como oyente de manera gratuita, sin obtener certificado, \u00fanicamente insignia gratuita.<\/p><p>De esta manera es posible, por ejemplo, certificarse en el nivel C1 en la competencia \u201cSeguridad\u201d y en el nivel B2 de las dem\u00e1s. <strong>Se recomienda al menos obtener un nivel B2 en las 5 competencias<\/strong><\/p><p>El proyecto \u201cDigitAll \u2013 Formaci\u00f3n y certificaci\u00f3n en competencias digitales en el marco de DigComp\u201d ha sido financiado por la Uni\u00f3n Europea con fondos NextGeneration dentro del proyecto UniDigital, en el marco del Plan de Recuperaci\u00f3n, Transformaci\u00f3n y Resiliencia.<\/p>\t\t\t\t\t\t\t\t<\/div>\n\t\t\t\t<\/div>\n\t\t\t\t\t<\/div>\n\t\t<\/div>\n\t\t\t\t\t<\/div>\n\t\t<\/section>\n\t\t\t\t<section class=\"elementor-section elementor-top-section elementor-element elementor-element-5a79d73 elementor-section-boxed elementor-section-height-default elementor-section-height-default\" data-id=\"5a79d73\" data-element_type=\"section\" data-e-type=\"section\">\n\t\t\t\t\t\t<div class=\"elementor-container elementor-column-gap-default\">\n\t\t\t\t\t<div class=\"elementor-column elementor-col-100 elementor-top-column elementor-element elementor-element-0030b0e\" data-id=\"0030b0e\" data-element_type=\"column\" data-e-type=\"column\">\n\t\t\t<div class=\"elementor-widget-wrap elementor-element-populated\">\n\t\t\t\t\t\t<div class=\"elementor-element elementor-element-bc3c69c elementor-widget elementor-widget-video\" data-id=\"bc3c69c\" data-element_type=\"widget\" data-e-type=\"widget\" data-settings=\"{&quot;youtube_url&quot;:&quot;https:\\\/\\\/www.youtube.com\\\/watch?v=r3T3sEDjt6s&quot;,&quot;video_type&quot;:&quot;youtube&quot;,&quot;controls&quot;:&quot;yes&quot;}\" data-widget_type=\"video.default\">\n\t\t\t\t<div class=\"elementor-widget-container\">\n\t\t\t\t\t\t\t<div class=\"elementor-wrapper elementor-open-inline\">\n\t\t\t<div class=\"elementor-video\"><\/div>\t\t<\/div>\n\t\t\t\t\t\t<\/div>\n\t\t\t\t<\/div>\n\t\t\t\t\t<\/div>\n\t\t<\/div>\n\t\t\t\t\t<\/div>\n\t\t<\/section>\n\t\t\t\t<section class=\"elementor-section elementor-top-section elementor-element elementor-element-e9f0a30 elementor-section-boxed elementor-section-height-default elementor-section-height-default\" data-id=\"e9f0a30\" data-element_type=\"section\" data-e-type=\"section\">\n\t\t\t\t\t\t<div class=\"elementor-container elementor-column-gap-default\">\n\t\t\t\t\t<div class=\"elementor-column elementor-col-100 elementor-top-column elementor-element elementor-element-e88e560\" data-id=\"e88e560\" data-element_type=\"column\" data-e-type=\"column\">\n\t\t\t<div class=\"elementor-widget-wrap elementor-element-populated\">\n\t\t\t\t\t\t<div class=\"elementor-element elementor-element-d683050 elementor-widget-divider--view-line elementor-widget elementor-widget-divider\" data-id=\"d683050\" data-element_type=\"widget\" data-e-type=\"widget\" data-widget_type=\"divider.default\">\n\t\t\t\t<div class=\"elementor-widget-container\">\n\t\t\t\t\t\t\t<div class=\"elementor-divider\">\n\t\t\t<span class=\"elementor-divider-separator\">\n\t\t\t\t\t\t<\/span>\n\t\t<\/div>\n\t\t\t\t\t\t<\/div>\n\t\t\t\t<\/div>\n\t\t\t\t\t<\/div>\n\t\t<\/div>\n\t\t\t\t\t<\/div>\n\t\t<\/section>\n\t\t\t\t<section class=\"elementor-section elementor-top-section elementor-element elementor-element-98ce680 elementor-section-boxed elementor-section-height-default elementor-section-height-default\" data-id=\"98ce680\" data-element_type=\"section\" data-e-type=\"section\">\n\t\t\t\t\t\t<div class=\"elementor-container elementor-column-gap-default\">\n\t\t\t\t\t<div class=\"elementor-column elementor-col-100 elementor-top-column elementor-element elementor-element-16c455d\" data-id=\"16c455d\" data-element_type=\"column\" data-e-type=\"column\">\n\t\t\t<div class=\"elementor-widget-wrap elementor-element-populated\">\n\t\t\t\t\t\t<div class=\"elementor-element elementor-element-33a9941 elementor-widget elementor-widget-text-editor\" data-id=\"33a9941\" data-element_type=\"widget\" data-e-type=\"widget\" data-widget_type=\"text-editor.default\">\n\t\t\t\t<div class=\"elementor-widget-container\">\n\t\t\t\t\t\t\t\t\t<h1><span style=\"color: #000000\">Descubre la lista de los cursos disponibles en UNED Abierta<\/span><\/h1><h2><span style=\"color: #000000;font-family: var(--headingsfontfamily),var(--nv-fallback-ff);font-size: var(--h2fontsize);font-weight: var(--h2fontweight);letter-spacing: var(--h2letterspacing);text-transform: var(--h2texttransform);background-color: var(--nv-site-bg)\">B\u00fasqueda y gesti\u00f3n de informaci\u00f3n y datos<\/span><\/h2><ul><li><a href=\"https:\/\/iedra.uned.es\/courses\/course-v1:UNED-DigitAll+43404_CD_BusquedaA1+2025\/about\">Competencias digitales. B\u00fasqueda y gesti\u00f3n de informaci\u00f3n y datos. B\u00e1sico 1 (A1)<\/a><\/li><li><a href=\"https:\/\/iedra.uned.es\/courses\/course-v1:UNED-DigitAll+43562_CD_BusquedaA2+2025\/about\">Competencias digitales. B\u00fasqueda y gesti\u00f3n de informaci\u00f3n y datos. B\u00e1sico 2 (A2)<\/a><\/li><li><a href=\"https:\/\/iedra.uned.es\/courses\/course-v1:UNED-DigitAll+43564_CD_BusquedaB1+2025\/about\" target=\"_blank\" rel=\"noopener\">Competencias digitales. B\u00fasqueda y gesti\u00f3n de informaci\u00f3n y datos. Intermedio 1 (B1)<\/a><\/li><li><a href=\"https:\/\/iedra.uned.es\/courses\/course-v1:UNED-DigitAll+43564_CD_BusquedaB2+2025\/about\" target=\"_blank\" rel=\"noopener\">Competencias digitales. B\u00fasqueda y gesti\u00f3n de informaci\u00f3n y datos. Intermedio 2 (B2)\u00a0<\/a><\/li><li><a href=\"https:\/\/iedra.uned.es\/courses\/course-v1:UNED-DigitAll+43568_CD_BusquedaC1+2025\/about\" target=\"_blank\" rel=\"noopener\">Competencias digitales. B\u00fasqueda y gesti\u00f3n de informaci\u00f3n y datos. Avanzado 1 (C1)\u00a0<\/a><\/li><li><a href=\"https:\/\/iedra.uned.es\/courses\/course-v1:UNED-DigitAll+43570_CD_BusquedaC2+2025\/about\">Competencias digitales. B\u00fasqueda y gesti\u00f3n de informaci\u00f3n y datos. Avanzado 2 (C2)<\/a><\/li><\/ul><h2><span style=\"color: #000000\">Comunicaci\u00f3n y colaboraci\u00f3n<\/span><\/h2><div><ul style=\"padding-left: 15px\"><li><a style=\"color: #2f5aae\" href=\"https:\/\/iedra.uned.es\/courses\/course-v1:UNED-DigitAll+43572_CD_ComunicacionA1+2025\/about\">Competencias digitales. Comunicaci\u00f3n y colaboraci\u00f3n. B\u00e1sico 1\u00a0 (A1)<\/a><\/li><li><a style=\"color: #2f5aae;opacity: 0.9\" href=\"https:\/\/iedra.uned.es\/courses\/course-v1:UNED-DigitAll+43574_CD_ComunicacionA2+2025\/about\">Competencias digitales. Comunicaci\u00f3n y colaboraci\u00f3n.<\/a><a style=\"color: #2f5aae\" href=\"https:\/\/iedra.uned.es\/courses\/course-v1:UNED-DigitAll+43404_CD_BusquedaA1+2025\/about\">\u00a0B\u00e1sico 2 (A2)<\/a><\/li><li><a style=\"color: #2f5aae\" href=\"https:\/\/iedra.uned.es\/courses\/course-v1:UNED-DigitAll+43576_CD_ComunicacionB1+2025\/about\">Competencias digitales. Comunicaci\u00f3n y colaboraci\u00f3n.<\/a><a style=\"color: #2f5aae\" href=\"https:\/\/iedra.uned.es\/courses\/course-v1:UNED-DigitAll+43564_CD_BusquedaB1+2025\/about\" target=\"_blank\" rel=\"noopener\">\u00a0Intermedio 1 (B1)<\/a><\/li><li><a style=\"color: #2f5aae\" href=\"https:\/\/iedra.uned.es\/courses\/course-v1:UNED-DigitAll+43578_CD_ComunicacionB2+2025\/about\">Competencias digitales. Comunicaci\u00f3n y colaboraci\u00f3n.<\/a><a style=\"color: #2f5aae\" href=\"https:\/\/iedra.uned.es\/courses\/course-v1:UNED-DigitAll+43564_CD_BusquedaB2+2025\/about\" target=\"_blank\" rel=\"noopener\">\u00a0Intermedio 2 (B2)\u00a0<\/a><\/li><li><a style=\"color: #2f5aae\" href=\"https:\/\/iedra.uned.es\/courses\/course-v1:UNED-DigitAll+43580_CD_ComunicacionC1+2025\/about\">Competencias digitales. Comunicaci\u00f3n y colaboraci\u00f3n.<\/a><a style=\"color: #2f5aae\" href=\"https:\/\/iedra.uned.es\/courses\/course-v1:UNED-DigitAll+43568_CD_BusquedaC1+2025\/about\" target=\"_blank\" rel=\"noopener\">\u00a0Avanzado 1 (C1)\u00a0<\/a><\/li><li><a style=\"color: #2f5aae\" href=\"https:\/\/iedra.uned.es\/courses\/course-v1:UNED-DigitAll+43582_CD_ComunicacionC2+2025\/about\">Competencias digitales. Comunicaci\u00f3n y colaboraci\u00f3n.<\/a><a style=\"color: #2f5aae\" href=\"https:\/\/iedra.uned.es\/courses\/course-v1:UNED-DigitAll+43570_CD_BusquedaC2+2025\/about\">\u00a0Avanzado 2 (C2)<\/a><\/li><\/ul><\/div><div><h2 style=\"font-size: 32px;font-weight: bold;font-family: Roboto, sans-serif;color: #7a7a7a;line-height: 1.2;letter-spacing: normal;text-transform: none\"><span style=\"color: #000000\">Creaci\u00f3n Contenidos Digitales<\/span><\/h2><div><ul style=\"padding-left: 15px\"><li><a style=\"color: #2f5aae;opacity: 0.9\" href=\"https:\/\/iedra.uned.es\/courses\/course-v1:UNED-DigitAll+43584_CD_CreacionA1+2025\/about\">Competencias digitales. Creaci\u00f3n Contenidos Digitales B\u00e1sico 1\u00a0 (A1)<\/a><\/li><li><a style=\"color: #2f5aae\" href=\"https:\/\/iedra.uned.es\/courses\/course-v1:UNED-DigitAll+43586_CD_CreacionA2+2025\/about\">Competencias digitales. Creaci\u00f3n Contenidos Digitales<\/a><a style=\"color: #2f5aae\" href=\"https:\/\/iedra.uned.es\/courses\/course-v1:UNED-DigitAll+43404_CD_BusquedaA1+2025\/about\">\u00a0B\u00e1sico 2 (A2)<\/a><\/li><li><a style=\"color: #2f5aae\" href=\"https:\/\/iedra.uned.es\/courses\/course-v1:UNED-DigitAll+43588_CD_CreacionB1+2025\/about\">Competencias digitales. Creaci\u00f3n Contenidos Digitales<\/a><a style=\"color: #2f5aae\" href=\"https:\/\/iedra.uned.es\/courses\/course-v1:UNED-DigitAll+43564_CD_BusquedaB1+2025\/about\" target=\"_blank\" rel=\"noopener\">\u00a0Intermedio 1 (B1)<\/a><\/li><li><a style=\"color: #2f5aae\" href=\"https:\/\/iedra.uned.es\/courses\/course-v1:UNED-DigitAll+43590_CD_CreacionB2+2025\/about\">Competencias digitales. Creaci\u00f3n Contenidos Digitales<\/a><a style=\"color: #2f5aae\" href=\"https:\/\/iedra.uned.es\/courses\/course-v1:UNED-DigitAll+43564_CD_BusquedaB2+2025\/about\" target=\"_blank\" rel=\"noopener\">\u00a0Intermedio 2 (B2)\u00a0<\/a><\/li><li><a style=\"color: #2f5aae\" href=\"http:\/\/iedra.uned.es\/courses\/course-v1:UNED-DigitAll+43592_CD_CreacionC1+2025\/about\">Competencias digitales. Creaci\u00f3n Contenidos Digitales<\/a><a style=\"color: #2f5aae\" href=\"https:\/\/iedra.uned.es\/courses\/course-v1:UNED-DigitAll+43568_CD_BusquedaC1+2025\/about\" target=\"_blank\" rel=\"noopener\">\u00a0Avanzado 1 (C1)\u00a0<\/a><\/li><li><a style=\"color: #2f5aae\" href=\"https:\/\/iedra.uned.es\/courses\/course-v1:UNED-DigitAll+43594_CD_CreacionC2+2025\/about\">Competencias digitales. Creaci\u00f3n Contenidos Digitales<\/a><a style=\"color: #2f5aae\" href=\"https:\/\/iedra.uned.es\/courses\/course-v1:UNED-DigitAll+43570_CD_BusquedaC2+2025\/about\">\u00a0Avanzado 2 (C2)<\/a><\/li><\/ul><h2 style=\"font-size: 32px;font-weight: bold;font-family: Roboto, sans-serif;color: #7a7a7a;line-height: 1.2;letter-spacing: normal;text-transform: none\"><span style=\"color: #000000\">Seguridad<\/span><\/h2><div><ul style=\"padding-left: 15px\"><li><a style=\"color: #2f5aae;opacity: 0.9\" href=\"https:\/\/iedra.uned.es\/courses\/course-v1:UNED-DigitAll+43596_CD_SeguridadA1+2025\/about\">Competencias digitales. <\/a><a style=\"color: #2f5aae\" href=\"http:\/\/iedra.uned.es\/courses\/course-v1:UNED-DigitAll+43592_CD_CreacionC1+2025\/about\">Seguridad B\u00e1sico 1\u00a0 (A1)<\/a><\/li><li><a style=\"color: #2f5aae\" href=\"https:\/\/iedra.uned.es\/courses\/course-v1:UNED-DigitAll+43598_CD_SeguridadA2+2025\/about\">Competencias digitales. Seguridad B\u00e1sico 2 (A2)<\/a><\/li><li><a style=\"color: #2f5aae\" href=\"https:\/\/iedra.uned.es\/courses\/course-v1:UNED-DigitAll+43600_CD_SeguridadB1+2025\/about\">Competencias digitales. Seguridad\u00a0Intermedio 1 (B1)<\/a><\/li><li><a style=\"color: #2f5aae\" href=\"https:\/\/iedra.uned.es\/courses\/course-v1:UNED-DigitAll+43602_CD_SeguridadB2+2025\/about\">Competencias digitales. Seguridad\u00a0Intermedio 2 (B2)\u00a0<\/a><\/li><li><a style=\"color: #2f5aae\" href=\"https:\/\/iedra.uned.es\/courses\/course-v1:UNED-DigitAll+43604_CD_SeguridadC1+2025\/about\">Competencias digitales. Seguridad Avanzado 1 (C1)\u00a0<\/a><\/li><li><a style=\"color: #2f5aae\" href=\"https:\/\/iedra.uned.es\/courses\/course-v1:UNED-DigitAll+43606_CD_SeguridadC2+2025\/about\">Competencias digitales. Seguridad Avanzado 2 (C2)<\/a><\/li><\/ul><div><h2 style=\"font-size: 32px;font-weight: bold;font-family: Roboto, sans-serif;color: #7a7a7a;line-height: 1.2;letter-spacing: normal;text-transform: none\"><span style=\"color: #000000\">Resoluci\u00f3n de problemas<\/span><\/h2><div><ul style=\"padding-left: 15px\"><li><a style=\"color: #2f5aae;opacity: 0.9\" href=\"https:\/\/iedra.uned.es\/courses\/course-v1:UNED-DigitAll+43608_CD_ResolucionA1+2025\/about\">Competencias digitales. Resoluci\u00f3n problemas\u00a0B\u00e1sico 1\u00a0 (A1)<\/a><\/li><li><a style=\"color: #2f5aae\" href=\"https:\/\/iedra.uned.es\/courses\/course-v1:UNED-DigitAll+43610_CD_ResolucionA2+2025\/about\">Competencias digitales. Resoluci\u00f3n problemas\u00a0B\u00e1sico 2 (A2)<\/a><\/li><li><a href=\"https:\/\/iedra.uned.es\/courses\/course-v1:UNED-DigitAll+43612_CD_ResolucionB1+2025\/about\" target=\"_blank\" rel=\"noopener\">Competencias digitales. Resoluci\u00f3n problemas Intermedio 1 (B1)\u00a0<\/a><\/li><li><a style=\"color: #2f5aae\" href=\"https:\/\/iedra.uned.es\/courses\/course-v1:UNED-DigitAll+43614_CD_ResolucionB2+2025\/about\">Competencias digitales. Resoluci\u00f3n problemas\u00a0Intermedio 2 (B2)\u00a0<\/a><\/li><li><a style=\"color: #2f5aae\" href=\"https:\/\/iedra.uned.es\/courses\/course-v1:UNED-DigitAll+43616_CD_ResolucionC1+2025\/about\">Competencias digitales. Resoluci\u00f3n problemas Avanzado 1 (C1)\u00a0<\/a><\/li><li><a style=\"color: #2f5aae\" href=\"https:\/\/iedra.uned.es\/courses\/course-v1:UNED-DigitAll+43618_CD_ResolucionC2+2025\/about\">Competencias digitales. Resoluci\u00f3n problemas\u00a0Avanzado 2 (C2)<\/a><\/li><\/ul><div><h1 style=\"font-size: 40px;font-weight: bold;font-family: Roboto, sans-serif;color: #7a7a7a;line-height: 1.1;letter-spacing: normal;text-transform: none\"><span style=\"color: #000000\">\u00bfEres PDI, profesorado tutor o PTGAS de la Sede Central o de los Centros Asociados de la UNED?<\/span><\/h1><\/div><div><span style=\"color: #000000\">Puedes certificarte en competencias digitales sin coste. M\u00e1s informaci\u00f3n:\u00a0<\/span><\/div><div><a href=\"https:\/\/www.uned.es\/universidad\/inicio\/intranet-pas-pdi\/uned-abierta-intranet\/uned-abierta-digital.html\" data-wplink-edit=\"true\">Certificaci\u00f3n gratuita de competencias digitales<\/a><\/div><\/div><\/div><\/div><\/div><\/div>\t\t\t\t\t\t\t\t<\/div>\n\t\t\t\t<\/div>\n\t\t\t\t\t<\/div>\n\t\t<\/div>\n\t\t\t\t\t<\/div>\n\t\t<\/section>\n\t\t\t\t<section class=\"elementor-section elementor-top-section elementor-element elementor-element-432856d elementor-section-boxed elementor-section-height-default elementor-section-height-default\" data-id=\"432856d\" data-element_type=\"section\" data-e-type=\"section\">\n\t\t\t\t\t\t<div class=\"elementor-container elementor-column-gap-default\">\n\t\t\t\t\t<div class=\"elementor-column elementor-col-100 elementor-top-column elementor-element elementor-element-aa022c7\" data-id=\"aa022c7\" data-element_type=\"column\" data-e-type=\"column\">\n\t\t\t<div class=\"elementor-widget-wrap elementor-element-populated\">\n\t\t\t\t\t\t<div class=\"elementor-element elementor-element-ca03141 elementor-widget elementor-widget-image\" data-id=\"ca03141\" data-element_type=\"widget\" data-e-type=\"widget\" data-widget_type=\"image.default\">\n\t\t\t\t<div class=\"elementor-widget-container\">\n\t\t\t\t\t\t\t\t\t\t\t\t\t\t\t<img fetchpriority=\"high\" decoding=\"async\" width=\"843\" height=\"78\" src=\"https:\/\/blogs.uned.es\/unedabierta\/wp-content\/uploads\/sites\/223\/2025\/09\/logosfooter.png\" class=\"attachment-large size-large wp-image-18721\" alt=\"logos\" srcset=\"https:\/\/blogs.uned.es\/unedabierta\/wp-content\/uploads\/sites\/223\/2025\/09\/logosfooter.png 843w, https:\/\/blogs.uned.es\/unedabierta\/wp-content\/uploads\/sites\/223\/2025\/09\/logosfooter-300x28.png 300w, https:\/\/blogs.uned.es\/unedabierta\/wp-content\/uploads\/sites\/223\/2025\/09\/logosfooter-768x71.png 768w\" sizes=\"(max-width: 843px) 100vw, 843px\" \/>\t\t\t\t\t\t\t\t\t\t\t\t\t\t\t<\/div>\n\t\t\t\t<\/div>\n\t\t\t\t\t<\/div>\n\t\t<\/div>\n\t\t\t\t\t<\/div>\n\t\t<\/section>\n\t\t\t\t<section class=\"elementor-section elementor-top-section elementor-element elementor-element-83286ea elementor-section-boxed elementor-section-height-default elementor-section-height-default\" data-id=\"83286ea\" data-element_type=\"section\" data-e-type=\"section\">\n\t\t\t\t\t\t<div class=\"elementor-container elementor-column-gap-default\">\n\t\t\t\t\t<div class=\"elementor-column elementor-col-100 elementor-top-column elementor-element elementor-element-77d0437\" data-id=\"77d0437\" data-element_type=\"column\" data-e-type=\"column\">\n\t\t\t<div class=\"elementor-widget-wrap elementor-element-populated\">\n\t\t\t\t\t\t<div class=\"elementor-element elementor-element-5dec4d8 elementor-widget elementor-widget-spacer\" data-id=\"5dec4d8\" data-element_type=\"widget\" data-e-type=\"widget\" data-widget_type=\"spacer.default\">\n\t\t\t\t<div class=\"elementor-widget-container\">\n\t\t\t\t\t\t\t<div class=\"elementor-spacer\">\n\t\t\t<div class=\"elementor-spacer-inner\"><\/div>\n\t\t<\/div>\n\t\t\t\t\t\t<\/div>\n\t\t\t\t<\/div>\n\t\t\t\t\t<\/div>\n\t\t<\/div>\n\t\t\t\t\t<\/div>\n\t\t<\/section>\n\t\t\t\t<\/div>\n\t\t","protected":false},"excerpt":{"rendered":"<p>Competencias digitales Presentaci\u00f3n UNED Abierta, gracias al proyecto DigitAll, pone a disposici\u00f3n de la Comunidad Universitaria UNED y de la ciudadan\u00eda en general, una serie de cursos en l\u00ednea en abierto (MOOCs) sobre las 5 competencias digitales que debe tener un ciudadano, seg\u00fan el marco europeo DigCompEdu: B\u00fasqueda y gesti\u00f3n de informaci\u00f3n y datos Comunicaci\u00f3n&hellip;&nbsp;<a href=\"https:\/\/blogs.uned.es\/unedabierta\/competencias-digitales\/\" rel=\"bookmark\">Leer m\u00e1s &raquo;<span class=\"screen-reader-text\">Competencias digitales<\/span><\/a><\/p>\n","protected":false},"author":247,"featured_media":0,"parent":0,"menu_order":0,"comment_status":"closed","ping_status":"closed","template":"","meta":{"neve_meta_sidebar":"","neve_meta_container":"","neve_meta_enable_content_width":"","neve_meta_content_width":0,"neve_meta_title_alignment":"","neve_meta_author_avatar":"","neve_post_elements_order":"","neve_meta_disable_header":"","neve_meta_disable_footer":"","neve_meta_disable_title":"on","footnotes":""},"class_list":["post-18609","page","type-page","status-publish","hentry"],"_links":{"self":[{"href":"https:\/\/blogs.uned.es\/unedabierta\/wp-json\/wp\/v2\/pages\/18609","targetHints":{"allow":["GET"]}}],"collection":[{"href":"https:\/\/blogs.uned.es\/unedabierta\/wp-json\/wp\/v2\/pages"}],"about":[{"href":"https:\/\/blogs.uned.es\/unedabierta\/wp-json\/wp\/v2\/types\/page"}],"author":[{"embeddable":true,"href":"https:\/\/blogs.uned.es\/unedabierta\/wp-json\/wp\/v2\/users\/247"}],"replies":[{"embeddable":true,"href":"https:\/\/blogs.uned.es\/unedabierta\/wp-json\/wp\/v2\/comments?post=18609"}],"version-history":[{"count":169,"href":"https:\/\/blogs.uned.es\/unedabierta\/wp-json\/wp\/v2\/pages\/18609\/revisions"}],"predecessor-version":[{"id":19091,"href":"https:\/\/blogs.uned.es\/unedabierta\/wp-json\/wp\/v2\/pages\/18609\/revisions\/19091"}],"wp:attachment":[{"href":"https:\/\/blogs.uned.es\/unedabierta\/wp-json\/wp\/v2\/media?parent=18609"}],"curies":[{"name":"wp","href":"https:\/\/api.w.org\/{rel}","templated":true}]}}