{"id":1067,"date":"2022-05-03T20:33:41","date_gmt":"2022-05-03T18:33:41","guid":{"rendered":"https:\/\/blogs.uned.es\/tradit23\/?page_id=1067"},"modified":"2026-02-16T11:47:42","modified_gmt":"2026-02-16T10:47:42","slug":"committees","status":"publish","type":"page","link":"https:\/\/blogs.uned.es\/tradit23\/about-the-conference\/committees\/","title":{"rendered":"Committees"},"content":{"rendered":"\t\t<div data-elementor-type=\"wp-page\" data-elementor-id=\"1067\" class=\"elementor elementor-1067\">\n\t\t\t\t\t\t<section class=\"elementor-section elementor-top-section elementor-element elementor-element-b1a0bf9 elementor-section-boxed elementor-section-height-default elementor-section-height-default\" data-id=\"b1a0bf9\" data-element_type=\"section\" data-e-type=\"section\">\n\t\t\t\t\t\t<div class=\"elementor-container elementor-column-gap-default\">\n\t\t\t\t\t<div class=\"elementor-column elementor-col-100 elementor-top-column elementor-element elementor-element-1fd00bd\" data-id=\"1fd00bd\" data-element_type=\"column\" data-e-type=\"column\">\n\t\t\t<div class=\"elementor-widget-wrap elementor-element-populated\">\n\t\t\t\t\t\t<div class=\"elementor-element elementor-element-e9cfeb3 elementor-widget elementor-widget-spacer\" data-id=\"e9cfeb3\" data-element_type=\"widget\" data-e-type=\"widget\" data-widget_type=\"spacer.default\">\n\t\t\t\t<div class=\"elementor-widget-container\">\n\t\t\t\t\t\t\t<div class=\"elementor-spacer\">\n\t\t\t<div class=\"elementor-spacer-inner\"><\/div>\n\t\t<\/div>\n\t\t\t\t\t\t<\/div>\n\t\t\t\t<\/div>\n\t\t\t\t\t<\/div>\n\t\t<\/div>\n\t\t\t\t\t<\/div>\n\t\t<\/section>\n\t\t\t\t<section class=\"elementor-section elementor-top-section elementor-element elementor-element-d047c62 elementor-section-boxed elementor-section-height-default elementor-section-height-default\" data-id=\"d047c62\" data-element_type=\"section\" data-e-type=\"section\">\n\t\t\t\t\t\t<div class=\"elementor-container elementor-column-gap-default\">\n\t\t\t\t\t<div class=\"elementor-column elementor-col-100 elementor-top-column elementor-element elementor-element-1704e16\" data-id=\"1704e16\" data-element_type=\"column\" data-e-type=\"column\">\n\t\t\t<div class=\"elementor-widget-wrap elementor-element-populated\">\n\t\t\t\t\t\t<div class=\"elementor-element elementor-element-caec861 elementor-widget elementor-widget-eael-adv-tabs\" data-id=\"caec861\" data-element_type=\"widget\" data-e-type=\"widget\" data-widget_type=\"eael-adv-tabs.default\">\n\t\t\t\t<div class=\"elementor-widget-container\">\n\t\t\t\t\t        <div data-scroll-on-click=\"no\" data-scroll-speed=\"300\" id=\"eael-advance-tabs-caec861\" class=\"eael-advance-tabs eael-tabs-horizontal eael-tab-auto-active \" data-tabid=\"caec861\">\n            <div class=\"eael-tabs-nav \">\n                <ul class=\"\" role=\"tablist\">\n                                            <li id=\"organising-committee\" class=\"inactive eael-tab-item-trigger eael-tab-nav-item\" aria-selected=\"true\" data-tab=\"1\" role=\"tab\" tabindex=\"0\" aria-controls=\"organising-committee-tab\" aria-expanded=\"false\">\n                            \n                            \n                            \n                                                            <span class=\"eael-tab-title title-after-icon\" >Organising Committee<\/span>                                                    <\/li>\n                                            <li id=\"scientific-committee\" class=\"inactive eael-tab-item-trigger eael-tab-nav-item\" aria-selected=\"false\" data-tab=\"2\" role=\"tab\" tabindex=\"-1\" aria-controls=\"scientific-committee-tab\" aria-expanded=\"false\">\n                            \n                            \n                            \n                                                            <span class=\"eael-tab-title title-after-icon\" >Scientific Committee<\/span>                                                    <\/li>\n                    \n                                  <\/ul>\n            <\/div>\n            \n            <div class=\"eael-tabs-content\">\n\t\t        \n                    <div id=\"organising-committee-tab\" class=\"clearfix eael-tab-content-item inactive\" data-title-link=\"organising-committee-tab\">\n\t\t\t\t        <style>.elementor-widget-text-editor{font-family:var( --e-global-typography-text-font-family ), Sans-serif;font-weight:var( --e-global-typography-text-font-weight );color:var( --e-global-color-text );}.elementor-widget-text-editor.elementor-drop-cap-view-stacked .elementor-drop-cap{background-color:var( --e-global-color-primary );}.elementor-widget-text-editor.elementor-drop-cap-view-framed .elementor-drop-cap, .elementor-widget-text-editor.elementor-drop-cap-view-default .elementor-drop-cap{color:var( --e-global-color-primary );border-color:var( --e-global-color-primary );}<\/style>\t\t<div data-elementor-type=\"section\" data-elementor-id=\"2037\" class=\"elementor elementor-2037\">\n\t\t\t\t\t\t<section class=\"elementor-section elementor-inner-section elementor-element elementor-element-3c8e1285 elementor-section-boxed elementor-section-height-default elementor-section-height-default\" data-id=\"3c8e1285\" data-element_type=\"section\" data-e-type=\"section\">\n\t\t\t\t\t\t<div class=\"elementor-container elementor-column-gap-default\">\n\t\t\t\t\t<div class=\"elementor-column elementor-col-50 elementor-inner-column elementor-element elementor-element-54fba1ea\" data-id=\"54fba1ea\" data-element_type=\"column\" data-e-type=\"column\">\n\t\t\t<div class=\"elementor-widget-wrap elementor-element-populated\">\n\t\t\t\t\t\t<div class=\"elementor-element elementor-element-7bbb9f99 elementor-widget elementor-widget-text-editor\" data-id=\"7bbb9f99\" data-element_type=\"widget\" data-e-type=\"widget\" data-widget_type=\"text-editor.default\">\n\t\t\t\t<div class=\"elementor-widget-container\">\n\t\t\t\t\t\t\t\t\t<p><span style=\"color: #000000\"><strong>Academic coordination<\/strong><\/span><\/p><p><strong><span style=\"color: #000000\">President:\u00a0<\/span><\/strong><a href=\"https:\/\/tradit.uned.es\/en\/who-we-are\/noa-talavan-zanon\/\">Noa Talav\u00e1n Zan\u00f3n<\/a> (Universidad Nacional de Educaci\u00f3n a Distancia)<\/p><p><span style=\"color: #000000\"><strong>Vice-President:<\/strong> <\/span><a href=\"https:\/\/tradit.uned.es\/en\/jennifer-lertola-2\/\">Jennifer Lertola<\/a> (Universit\u00e0 del Piemonte Orientale)<\/p><p><strong><span style=\"color: #000000\">Secretary:<\/span><\/strong> <a href=\"https:\/\/tradit.uned.es\/en\/cristina-plaza-lara-2\/\">Cristina Plaza Lara<\/a> (Universidad de M\u00e1laga)<\/p><p><span style=\"color: #000000\"><strong>Organising Committee<\/strong><\/span><\/p><p><a href=\"https:\/\/tradit.uned.es\/en\/jose-javier-avila-cabrera-2\/\">Jos\u00e9 Javier \u00c1vila-Cabrera<\/a>\u00a0(Universidad Nacional de Educaci\u00f3n a Distancia)<\/p><p><a href=\"https:\/\/tradit.uned.es\/en\/maria-bobadilla-perez-2\/\">Mar\u00eda Bobadilla P\u00e9rez<\/a> (Universidade da Coru\u00f1a)<\/p><p><a href=\"https:\/\/tradit.uned.es\/en\/alejandro-bolanos-garcia-escribano-2\/\">Alejandro Bola\u00f1os Garc\u00eda-Escribano<\/a> (University College London)<\/p><p><a href=\"https:\/\/tradit.uned.es\/en\/carla-botella-tejera-2\/\">Carla Mar\u00eda Botella Tejera<\/a> (Universidad de Alicante)<\/p><p><a href=\"https:\/\/tradit.uned.es\/en\/paula-buil-beltran-2\/\">Paula Buil Beltr\u00e1n <\/a>(Universidad de Zaragoza)<\/p><p><a href=\"https:\/\/tradit.uned.es\/en\/pilar-couto-cantero-2\/\">Pilar Couto Cantero<\/a>\u00a0(Universidade da Coru\u00f1a)<\/p><p><a href=\"https:\/\/tradit.uned.es\/en\/avelino-corral-esteban-2\/\">Avelino Corral Esteban<\/a> (Universidad Aut\u00f3noma de Madrid)<\/p><p><a href=\"https:\/\/tradit.uned.es\/en\/alberto-fernandez-costales-2\/\">Alberto Fern\u00e1ndez Costales<\/a> (Universidad de Oviedo)<\/p><p><a href=\"https:\/\/tradit.uned.es\/en\/anca-daniela-frumuselu-2\/\">Anca Daniela Frumuselu<\/a> (Universitat de Lleida)<\/p>\t\t\t\t\t\t\t\t<\/div>\n\t\t\t\t<\/div>\n\t\t\t\t\t<\/div>\n\t\t<\/div>\n\t\t\t\t<div class=\"elementor-column elementor-col-50 elementor-inner-column elementor-element elementor-element-77da1924\" data-id=\"77da1924\" data-element_type=\"column\" data-e-type=\"column\">\n\t\t\t<div class=\"elementor-widget-wrap elementor-element-populated\">\n\t\t\t\t\t\t<div class=\"elementor-element elementor-element-1e28013c elementor-widget elementor-widget-text-editor\" data-id=\"1e28013c\" data-element_type=\"widget\" data-e-type=\"widget\" data-widget_type=\"text-editor.default\">\n\t\t\t\t<div class=\"elementor-widget-container\">\n\t\t\t\t\t\t\t\t\t<p><a href=\"https:\/\/tradit.uned.es\/en\/maria-carmen-gomez-perez-2\/\">Mar\u00eda Carmen G\u00f3mez P\u00e9rez<\/a> (Universidad Complutense de Madrid)<\/p><p><a href=\"https:\/\/tradit.uned.es\/en\/pilar-gonzalez-vera-2\/\">Pilar Gonz\u00e1lez Vera<\/a> (Universidad de Zaragoza)<\/p><p><a href=\"https:\/\/tradit.uned.es\/en\/carolina-gonzalo-llera-2\/\">Carolina Gonzalo Llera<\/a> (Universidad Nebrija)<\/p><p><a href=\"https:\/\/tradit.uned.es\/en\/ana-hornero-corisco-2\/\">Ana Hornero Corisco<\/a> (Universidad de Zaragoza)<\/p><p><a href=\"https:\/\/tradit.uned.es\/en\/paula-igareda-gonzalez-2\/\">Paula Igareda Gonz\u00e1lez<\/a> (Universitat de Vic)<\/p><p><a href=\"https:\/\/tradit.uned.es\/en\/marga-navarrete-2\/\">Marga Navarrete<\/a> (University College London)<\/p><p><a href=\"https:\/\/tradit.uned.es\/en\/maria-del-mar-ogea-pozo-2\/\">Mar\u00eda del Mar Ogea Pozo<\/a> (Universidad de C\u00f3rdoba)<\/p><p><a href=\"https:\/\/tradit.uned.es\/en\/antonio-roales-ruiz-2\/\">Antonio Roales Ruiz<\/a> (Universidad Complutense de Madrid)<\/p><p><a href=\"https:\/\/tradit.uned.es\/en\/pilar-rodriguez-arancon-2\/\">Pilar Rodr\u00edguez Aranc\u00f3n<\/a> (Universidad Nacional de Educaci\u00f3n a Distancia)<\/p><p><a href=\"https:\/\/tradit.uned.es\/en\/mariona-sabate-carrove-2\/\">Mariona Sabat\u00e9 Carrov\u00e9<\/a> (Universitat de Lleida)<\/p><p><a href=\"https:\/\/tradit.uned.es\/en\/alicia-sanchez-requena-2\/\">Alicia S\u00e1nchez Requena<\/a> (Sheffield Hallam University)<\/p><p><a href=\"https:\/\/tradit.uned.es\/en\/stavroula-sokoli-2\/\">Stavroula Sokoli<\/a> (Hellenic Open University)<\/p><p><a href=\"https:\/\/tradit.uned.es\/en\/antonio-tinedo-rodriguez-2\/\">Antonio Tinedo Rodr\u00edguez<\/a> (Universidad Nacional de Educaci\u00f3n a Distancia)<\/p><p><a href=\"https:\/\/tradit.uned.es\/en\/maria-azahara-veroz-gonzalez-2\/\">Mar\u00eda Azahara Veroz-Gonz\u00e1lez<\/a> (Universidad de C\u00f3rdoba)<\/p>\t\t\t\t\t\t\t\t<\/div>\n\t\t\t\t<\/div>\n\t\t\t\t\t<\/div>\n\t\t<\/div>\n\t\t\t\t\t<\/div>\n\t\t<\/section>\n\t\t\t\t<\/div>\n\t\t                    <\/div>\n\t\t        \n                    <div id=\"scientific-committee-tab\" class=\"clearfix eael-tab-content-item inactive\" data-title-link=\"scientific-committee-tab\">\n\t\t\t\t        <style>.elementor-widget-text-editor{font-family:var( --e-global-typography-text-font-family ), Sans-serif;font-weight:var( --e-global-typography-text-font-weight );color:var( --e-global-color-text );}.elementor-widget-text-editor.elementor-drop-cap-view-stacked .elementor-drop-cap{background-color:var( --e-global-color-primary );}.elementor-widget-text-editor.elementor-drop-cap-view-framed .elementor-drop-cap, .elementor-widget-text-editor.elementor-drop-cap-view-default .elementor-drop-cap{color:var( --e-global-color-primary );border-color:var( --e-global-color-primary );}<\/style>\t\t<div data-elementor-type=\"section\" data-elementor-id=\"2031\" class=\"elementor elementor-2031\">\n\t\t\t\t\t\t<section class=\"elementor-section elementor-inner-section elementor-element elementor-element-3d708274 elementor-section-boxed elementor-section-height-default elementor-section-height-default\" data-id=\"3d708274\" data-element_type=\"section\" data-e-type=\"section\">\n\t\t\t\t\t\t<div class=\"elementor-container elementor-column-gap-default\">\n\t\t\t\t\t<div class=\"elementor-column elementor-col-50 elementor-inner-column elementor-element elementor-element-2698a0fd\" data-id=\"2698a0fd\" data-element_type=\"column\" data-e-type=\"column\">\n\t\t\t<div class=\"elementor-widget-wrap elementor-element-populated\">\n\t\t\t\t\t\t<div class=\"elementor-element elementor-element-271b4c12 elementor-widget elementor-widget-text-editor\" data-id=\"271b4c12\" data-element_type=\"widget\" data-e-type=\"widget\" data-widget_type=\"text-editor.default\">\n\t\t\t\t<div class=\"elementor-widget-container\">\n\t\t\t\t\t\t\t\t\t<p><span style=\"color: #000000\">Roc\u00edo Ba\u00f1os (University College London, UK)<\/span><\/p><p><span style=\"color: #000000\">Micol Beseghi (Universit\u00e0 di Parma, Italy)<\/span><\/p><p><span style=\"color: #000000\">Beatriz Cerezo (Universitat de Val\u00e8ncia, Spain)<\/span><\/p><p><span style=\"color: #000000\">Frederic Chaume (Universitat Jaume I, Spain)<\/span><\/p><p><span style=\"color: #000000\">Agnieszka Chmiel (Adam Mickiewicz University, Poland)<\/span><\/p><p><span style=\"color: #000000\">Jorge D\u00edaz-Cintas (University College London, UK)<\/span><\/p><p><span style=\"color: #000000\">Mar\u00eda Gonz\u00e1lez-Davies (Ramon Llul University, Spain)<\/span><\/p><p><span style=\"color: #000000\">Ana Ib\u00e1\u00f1ez (Universidad Nacional de Educaci\u00f3n a Distancia, Spain)<\/span><\/p><p><span style=\"color: #000000\">Cristina Mariotti (University of Pavia, Italy)<\/span><\/p><p><span style=\"color: #000000\">Juan Jos\u00e9 Mart\u00ednez Sierra (Universitat de Val\u00e8ncia, Spain)<\/span><\/p><p><span style=\"color: #000000\">Anna Marz\u00e1 (Universitat Jaume I, Spain)<\/span><\/p>\t\t\t\t\t\t\t\t<\/div>\n\t\t\t\t<\/div>\n\t\t\t\t\t<\/div>\n\t\t<\/div>\n\t\t\t\t<div class=\"elementor-column elementor-col-50 elementor-inner-column elementor-element elementor-element-ea1ffcf\" data-id=\"ea1ffcf\" data-element_type=\"column\" data-e-type=\"column\">\n\t\t\t<div class=\"elementor-widget-wrap elementor-element-populated\">\n\t\t\t\t\t\t<div class=\"elementor-element elementor-element-59acf496 elementor-widget elementor-widget-text-editor\" data-id=\"59acf496\" data-element_type=\"widget\" data-e-type=\"widget\" data-widget_type=\"text-editor.default\">\n\t\t\t\t<div class=\"elementor-widget-container\">\n\t\t\t\t\t\t\t\t\t<p><span style=\"color: #000000\">Iwona Mazur (Adam Mickiewicz University, Poland)<\/span><\/p><p><span style=\"color: #000000\">Jos\u00e9lia Neves (Hamad Bin Khalifa HBKU, Saudi Arabia)<\/span><\/p><p><span style=\"color: #000000\">Luc\u00eda Pintado-Guti\u00e9rrez (Dublin City University, Ireland)<\/span><\/p><p><span style=\"color: #000000\">Valentina Ragni (University of Bristol, UK; University of Warsaw, Poland)<\/span><\/p><p><span style=\"color: #000000\">Edilene Rodrigues Barbosa (Universidade do Estado do Rio Grande do Norte, Brasil)<\/span><\/p><p><span style=\"color: #000000\">Pablo Romero-Fresco (Universidade de Vigo, Spain)<\/span><\/p><p><span style=\"color: #000000\">Agnieszka Szarkowska (University of Warsaw, Poland)<\/span><\/p><p><span style=\"color: #000000\">Gloria Torralba Miralles (Universitat Jaume I, Spain)<\/span><\/p><p><span style=\"color: #000000\">Robert Vanderplank (University of Oxford, UK\u00a0)<\/span><\/p><p><span style=\"color: #000000\">Anna Vermeulen (Ghent University, Belgium)<\/span><\/p>\t\t\t\t\t\t\t\t<\/div>\n\t\t\t\t<\/div>\n\t\t\t\t\t<\/div>\n\t\t<\/div>\n\t\t\t\t\t<\/div>\n\t\t<\/section>\n\t\t\t\t<\/div>\n\t\t                    <\/div>\n\t\t                    <\/div>\n        <\/div>\n\t\t\t\t<\/div>\n\t\t\t\t<\/div>\n\t\t\t\t\t<\/div>\n\t\t<\/div>\n\t\t\t\t\t<\/div>\n\t\t<\/section>\n\t\t\t\t<\/div>\n\t\t","protected":false},"excerpt":{"rendered":"<p>Organising Committee Scientific Committee .elementor-widget-text-editor{font-family:var( &#8211;e-global-typography-text-font-family ), Sans-serif;font-weight:var( &#8211;e-global-typography-text-font-weight );color:var( &#8211;e-global-color-text );}.elementor-widget-text-editor.elementor-drop-cap-view-stacked .elementor-drop-cap{background-color:var( &#8211;e-global-color-primary );}.elementor-widget-text-editor.elementor-drop-cap-view-framed .elementor-drop-cap, .elementor-widget-text-editor.elementor-drop-cap-view-default .elementor-drop-cap{color:var( &#8211;e-global-color-primary );border-color:var( &#8211;e-global-color-primary );} Academic coordination President:\u00a0Noa Talav\u00e1n Zan\u00f3n (Universidad Nacional de Educaci\u00f3n a Distancia) Vice-President: Jennifer Lertola (Universit\u00e0 del Piemonte Orientale) Secretary: Cristina Plaza Lara (Universidad de M\u00e1laga) Organising Committee Jos\u00e9 Javier \u00c1vila-Cabrera\u00a0(Universidad Nacional de Educaci\u00f3n a Distancia) Mar\u00eda Bobadilla P\u00e9rez (Universidade da Coru\u00f1a) Alejandro Bola\u00f1os Garc\u00eda-Escribano (University College London) Carla Mar\u00eda Botella Tejera (Universidad de Alicante) Paula Buil Beltr\u00e1n (Universidad de Zaragoza) Pilar Couto Cantero\u00a0(Universidade da Coru\u00f1a) Avelino Corral Esteban (Universidad Aut\u00f3noma de Madrid) Alberto Fern\u00e1ndez Costales (Universidad de Oviedo) Anca Daniela Frumuselu (Universitat de Lleida) Mar\u00eda Carmen G\u00f3mez P\u00e9rez (Universidad Complutense de Madrid) Pilar Gonz\u00e1lez Vera (Universidad de Zaragoza) Carolina Gonzalo Llera (Universidad Nebrija) Ana Hornero Corisco (Universidad de Zaragoza) Paula Igareda Gonz\u00e1lez (Universitat de Vic) Marga Navarrete (University College London) Mar\u00eda del Mar Ogea Pozo (Universidad de C\u00f3rdoba)&hellip;<\/p>\n<p> <a class=\"more-link\" href=\"https:\/\/blogs.uned.es\/tradit23\/about-the-conference\/committees\/\">Leer m\u00e1s<\/a><\/p>\n","protected":false},"author":7575,"featured_media":0,"parent":1115,"menu_order":0,"comment_status":"closed","ping_status":"closed","template":"","meta":{"footnotes":""},"class_list":["post-1067","page","type-page","status-publish"],"_links":{"self":[{"href":"https:\/\/blogs.uned.es\/tradit23\/wp-json\/wp\/v2\/pages\/1067","targetHints":{"allow":["GET"]}}],"collection":[{"href":"https:\/\/blogs.uned.es\/tradit23\/wp-json\/wp\/v2\/pages"}],"about":[{"href":"https:\/\/blogs.uned.es\/tradit23\/wp-json\/wp\/v2\/types\/page"}],"author":[{"embeddable":true,"href":"https:\/\/blogs.uned.es\/tradit23\/wp-json\/wp\/v2\/users\/7575"}],"replies":[{"embeddable":true,"href":"https:\/\/blogs.uned.es\/tradit23\/wp-json\/wp\/v2\/comments?post=1067"}],"version-history":[{"count":199,"href":"https:\/\/blogs.uned.es\/tradit23\/wp-json\/wp\/v2\/pages\/1067\/revisions"}],"predecessor-version":[{"id":5299,"href":"https:\/\/blogs.uned.es\/tradit23\/wp-json\/wp\/v2\/pages\/1067\/revisions\/5299"}],"up":[{"embeddable":true,"href":"https:\/\/blogs.uned.es\/tradit23\/wp-json\/wp\/v2\/pages\/1115"}],"wp:attachment":[{"href":"https:\/\/blogs.uned.es\/tradit23\/wp-json\/wp\/v2\/media?parent=1067"}],"curies":[{"name":"wp","href":"https:\/\/api.w.org\/{rel}","templated":true}]}}