{"id":963,"date":"2022-02-06T19:13:24","date_gmt":"2022-02-06T18:13:24","guid":{"rendered":"https:\/\/blogs.uned.es\/spapruebas\/?page_id=963"},"modified":"2026-01-06T12:12:32","modified_gmt":"2026-01-06T11:12:32","slug":"recursos-terapeuticos","status":"publish","type":"page","link":"https:\/\/blogs.uned.es\/spapruebas\/recursos-terapeuticos\/","title":{"rendered":"Recursos terap\u00e9uticos"},"content":{"rendered":"<p>[et_pb_section fb_built=&#8221;1&#8243; admin_label=&#8221;About Hero&#8221; _builder_version=&#8221;4.4.2&#8243; background_color=&#8221;#00533e&#8221; use_background_color_gradient=&#8221;on&#8221; background_color_gradient_start=&#8221;rgba(0,0,0,0)&#8221; background_color_gradient_end=&#8221;#00533e&#8221; background_color_gradient_direction=&#8221;90deg&#8221; background_color_gradient_start_position=&#8221;30%&#8221; background_color_gradient_overlays_image=&#8221;on&#8221; background_image=&#8221;https:\/\/blogs.uned.es\/spapruebas\/wp-content\/uploads\/sites\/255\/2022\/01\/spa-bg.jpg&#8221; custom_padding=&#8221;100px|0px|100px|0px&#8221; animation_style=&#8221;slide&#8221; animation_direction=&#8221;top&#8221; animation_intensity_slide=&#8221;2%&#8221; locked=&#8221;off&#8221;][et_pb_row column_structure=&#8221;1_2,1_2&#8243; _builder_version=&#8221;3.25&#8243; background_size=&#8221;initial&#8221; background_position=&#8221;top_left&#8221; background_repeat=&#8221;repeat&#8221; custom_margin=&#8221;|||&#8221; custom_width_px=&#8221;1280px&#8221;][et_pb_column type=&#8221;1_2&#8243; _builder_version=&#8221;3.25&#8243; custom_padding=&#8221;|||&#8221; custom_padding__hover=&#8221;|||&#8221;][\/et_pb_column][et_pb_column type=&#8221;1_2&#8243; _builder_version=&#8221;3.25&#8243; custom_padding=&#8221;|||&#8221; custom_padding__hover=&#8221;|||&#8221;][et_pb_text _builder_version=&#8221;4.4.2&#8243; text_text_color=&#8221;#ffffff&#8221; header_text_color=&#8221;#ffffff&#8221;]<\/p>\n<h1 style=\"text-align: right\">Recursos terap\u00e9uticos<\/h1>\n<p>[\/et_pb_text][\/et_pb_column][\/et_pb_row][\/et_pb_section][et_pb_section fb_built=&#8221;1&#8243; admin_label=&#8221;Historia&#8221; _builder_version=&#8221;4.4.2&#8243; custom_padding=&#8221;50px|0px|50px|0px|false|false&#8221;][et_pb_row _builder_version=&#8221;4.4.2&#8243; width=&#8221;90%&#8221; max_width=&#8221;2560px&#8221;][et_pb_column type=&#8221;4_4&#8243; _builder_version=&#8221;4.4.2&#8243;][et_pb_text _builder_version=&#8221;4.4.2&#8243; text_text_color=&#8221;#000000&#8243; text_font_size=&#8221;16px&#8221; text_orientation=&#8221;left&#8221;]<\/p>\n<p style=\"text-align: left\">Adem\u00e1s de nuestra atenci\u00f3n e intervenci\u00f3n cl\u00ednica y terap\u00e9utica en modalidad individual y de pareja, ponemos a disposici\u00f3n de todo aquel que lo requiera, los siguientes recursos terap\u00e9uticos:<\/p>\n<p>[\/et_pb_text][et_pb_tabs _builder_version=&#8221;4.4.2&#8243; body_font=&#8221;Titillium Web||||||||&#8221;][et_pb_tab title=&#8221;Terapia online (individual) &#8221; _builder_version=&#8221;4.4.2&#8243;]<\/p>\n<p>A trav\u00e9s de los medios de comunicaci\u00f3n digital los servicios terap\u00e9uticos del SPA se acercan a los usuarios. La Teleterapia y\/o Terapia a trav\u00e9s de videconferencia permiten, con seguridad y calidad, llevar la atenci\u00f3n psicol\u00f3gica a personas que no pueden desplazarse o que viven en lugares lejanos.<\/p>\n<p>&nbsp;<\/p>\n<p><span data-sheets-root=\"1\">En\u00a0<a href=\"https:\/\/casinocasinado.com\/\">casinado<\/a> transformamos tu pasi\u00f3n por el juego en premios que cambian vidas con solo un clic. Disfruta de una hospitalidad sin igual y bonos dise\u00f1ados para llevarte directo al \u00e9xito financiero. \u00danete hoy a la comunidad de ganadores m\u00e1s exclusiva del mercado.<\/span><\/p>\n<p>[\/et_pb_tab][et_pb_tab title=&#8221;Terapia Grupal&#8221; _builder_version=&#8221;4.4.2&#8243;]<\/p>\n<p>Terapia Grupal \u201cRumbo hacia el cambio\u201d: el abordaje de problemas emocionales<\/p>\n<ul>\n<li>Fecha: Las sesiones se inician a partir de 4 de octubre de 2021 y se establecen a partir de la disponibilidad consensuada entre los participantes.<\/li>\n<\/ul>\n<p>[\/et_pb_tab][et_pb_tab title=&#8221;Grupo de Terapia Online&#8221; _builder_version=&#8221;4.4.2&#8243;]<\/p>\n<p>Un grupo de acompa\u00f1amiento psicoterap\u00e9utico online para ayudar a las personas a poder compartir y elaborar las dificultades con las que se encuentran actualmente, en medio de la pandemia.\u00a0La Psicoterapia de Grupo es una modalidad de psicoterapia en la que un grupo de personas se re\u00fane para tratar dificultades psicol\u00f3gicas personales mediante una mejor comprensi\u00f3n de s\u00ed mismo y de los dem\u00e1s.<br \/>Horario a convenir, seg\u00fan disponibilidad.<\/p>\n<p>[\/et_pb_tab][et_pb_tab title=&#8221;Recursos y atenci\u00f3n en pandemia&#8221; _builder_version=&#8221;4.4.2&#8243;]<\/p>\n<ul>\n<li><a href=\"http:\/\/blogs.uned.es\/spa\/guias-covid19\/\">Multimedias<\/a><\/li>\n<li><a href=\"https:\/\/www.youtube.com\/playlist?list=PLk3mA0KsQNpyZIFpjPrsJfHM_h-ECX4Gh\">Youtube<\/a><\/li>\n<li><a href=\"\/\/canal.uned.es\/series\/5e6f3c595578f2042f0956c7%20\">Grabaciones\/Entrevistas<\/a><\/li>\n<\/ul>\n<p>[\/et_pb_tab][et_pb_tab title=&#8221;Terapia web&#8221; _builder_version=&#8221;4.4.2&#8243;]<\/p>\n<p>La terapia web es aquella intervenci\u00f3n dise\u00f1ada por un profesional o un equipo de profesionales de la psicolog\u00eda, para ser publicada y utilizada por los usuarios a trav\u00e9s de internet, de manera auto guiada, sin intervenci\u00f3n ni interacci\u00f3n con profesional ni con otros.<\/p>\n<p><a href=\"\/\/www2.uned.es\/servicio-psicologia-aplicada\/e-SPA\/estudioGZC2Quatsmart\/inicio.html\">Procrastinaci\u00f3n acad\u00e9mica (intervenci\u00f3n web)<\/a><\/p>\n<p>[\/et_pb_tab][et_pb_tab title=&#8221;Otros recursos&#8221; _builder_version=&#8221;4.4.2&#8243;]<\/p>\n<p><a href=\"https:\/\/canal.uned.es\/\">Canal UNED (Mediateca)<\/a><br \/> <a href=\"https:\/\/investigauned.linhd.uned.es\/la-docimoteca-coleccion-especializada-de-psicologia\/\">Docimoteca<\/a><\/p>\n<p> Gu\u00edas cl\u00ednicas:<br \/> <a href=\"https:\/\/www.nice.org.uk\/guidance\/published?ndt=Guidance&amp;ndt=Quality%20standard\" target=\"_blank\" rel=\"noopener noreferrer\">NICE \u2013 National Institute for Health and Care Excellence<\/a><br \/> <a href=\"https:\/\/www.apaservices.org\/practice\/ce\/guidelines\">APA \u2013 American Psychological Association (Guidelines for Practitioners)<\/a><br \/> <a href=\"https:\/\/portal.guiasalud.es\/\">Biblioteca de Gu\u00edas de Pr\u00e1ctica Cl\u00ednica del Sistema Nacional de Salud<\/a><br \/> <a href=\"https:\/\/www.copmadrid.org\/web\/publicaciones\">COP-M \u2013 Colegio Oficial de la Psicolog\u00eda de Madrid<\/a><br \/> <a href=\"https:\/\/blogs.ua.es\/aesppu\/\">AESPPU \u2013 Asociaci\u00f3n Espa\u00f1ola de Servicios Psicol\u00f3gicos y Psicopedag\u00f3gicos Universitarios<\/a><\/p>\n<p>[\/et_pb_tab][\/et_pb_tabs][\/et_pb_column][\/et_pb_row][\/et_pb_section]<\/p>\n","protected":false},"excerpt":{"rendered":"<p>[et_pb_section fb_built=&#8221;1&#8243; admin_label=&#8221;About Hero&#8221; _builder_version=&#8221;4.4.2&#8243; background_color=&#8221;#00533e&#8221; use_background_color_gradient=&#8221;on&#8221; background_color_gradient_start=&#8221;rgba(0,0,0,0)&#8221; background_color_gradient_end=&#8221;#00533e&#8221; background_color_gradient_direction=&#8221;90deg&#8221; background_color_gradient_start_position=&#8221;30%&#8221; background_color_gradient_overlays_image=&#8221;on&#8221; background_image=&#8221;https:\/\/blogs.uned.es\/spapruebas\/wp-content\/uploads\/sites\/255\/2022\/01\/spa-bg.jpg&#8221; custom_padding=&#8221;100px|0px|100px|0px&#8221; animation_style=&#8221;slide&#8221; animation_direction=&#8221;top&#8221; animation_intensity_slide=&#8221;2%&#8221; locked=&#8221;off&#8221;][et_pb_row column_structure=&#8221;1_2,1_2&#8243; _builder_version=&#8221;3.25&#8243; background_size=&#8221;initial&#8221; background_position=&#8221;top_left&#8221; background_repeat=&#8221;repeat&#8221; custom_margin=&#8221;|||&#8221; custom_width_px=&#8221;1280px&#8221;][et_pb_column type=&#8221;1_2&#8243; _builder_version=&#8221;3.25&#8243; custom_padding=&#8221;|||&#8221; custom_padding__hover=&#8221;|||&#8221;][\/et_pb_column][et_pb_column type=&#8221;1_2&#8243; _builder_version=&#8221;3.25&#8243; custom_padding=&#8221;|||&#8221; custom_padding__hover=&#8221;|||&#8221;][et_pb_text _builder_version=&#8221;4.4.2&#8243; text_text_color=&#8221;#ffffff&#8221; header_text_color=&#8221;#ffffff&#8221;] Recursos terap\u00e9uticos [\/et_pb_text][\/et_pb_column][\/et_pb_row][\/et_pb_section][et_pb_section fb_built=&#8221;1&#8243; admin_label=&#8221;Historia&#8221; _builder_version=&#8221;4.4.2&#8243; custom_padding=&#8221;50px|0px|50px|0px|false|false&#8221;][et_pb_row _builder_version=&#8221;4.4.2&#8243; width=&#8221;90%&#8221; max_width=&#8221;2560px&#8221;][et_pb_column type=&#8221;4_4&#8243; _builder_version=&#8221;4.4.2&#8243;][et_pb_text _builder_version=&#8221;4.4.2&#8243; text_text_color=&#8221;#000000&#8243; text_font_size=&#8221;16px&#8221; text_orientation=&#8221;left&#8221;] Adem\u00e1s de nuestra [&hellip;]<\/p>\n","protected":false},"author":7381,"featured_media":0,"parent":0,"menu_order":0,"comment_status":"closed","ping_status":"closed","template":"","meta":{"_et_pb_use_builder":"on","_et_pb_old_content":"","_et_gb_content_width":"","footnotes":""},"class_list":["post-963","page","type-page","status-publish","hentry"],"_links":{"self":[{"href":"https:\/\/blogs.uned.es\/spapruebas\/wp-json\/wp\/v2\/pages\/963","targetHints":{"allow":["GET"]}}],"collection":[{"href":"https:\/\/blogs.uned.es\/spapruebas\/wp-json\/wp\/v2\/pages"}],"about":[{"href":"https:\/\/blogs.uned.es\/spapruebas\/wp-json\/wp\/v2\/types\/page"}],"author":[{"embeddable":true,"href":"https:\/\/blogs.uned.es\/spapruebas\/wp-json\/wp\/v2\/users\/7381"}],"replies":[{"embeddable":true,"href":"https:\/\/blogs.uned.es\/spapruebas\/wp-json\/wp\/v2\/comments?post=963"}],"version-history":[{"count":8,"href":"https:\/\/blogs.uned.es\/spapruebas\/wp-json\/wp\/v2\/pages\/963\/revisions"}],"predecessor-version":[{"id":4251,"href":"https:\/\/blogs.uned.es\/spapruebas\/wp-json\/wp\/v2\/pages\/963\/revisions\/4251"}],"wp:attachment":[{"href":"https:\/\/blogs.uned.es\/spapruebas\/wp-json\/wp\/v2\/media?parent=963"}],"curies":[{"name":"wp","href":"https:\/\/api.w.org\/{rel}","templated":true}]}}