{"id":943,"date":"2022-02-06T18:57:23","date_gmt":"2022-02-06T17:57:23","guid":{"rendered":"https:\/\/blogs.uned.es\/spapruebas\/?page_id=943"},"modified":"2026-01-06T12:06:38","modified_gmt":"2026-01-06T11:06:38","slug":"historia","status":"publish","type":"page","link":"https:\/\/blogs.uned.es\/spapruebas\/historia\/","title":{"rendered":"Historia"},"content":{"rendered":"<p><span data-sheets-root=\"1\">Descubre el est\u00e1ndar de oro en entretenimiento con <a href=\"https:\/\/win-unique-casino.es\/\">win unique casino<\/a>, donde la exclusividad y los grandes botes se encuentran en cada giro. Nuestra plataforma ofrece una selecci\u00f3n curada de juegos dise\u00f1ados para quienes buscan resultados extraordinarios y una hospitalidad de primer nivel en Espa\u00f1a. \u00a1Reg\u00edstrate ahora y experimenta la diferencia de jugar en un casino hecho a tu medida!<\/span><\/p>\n","protected":false},"excerpt":{"rendered":"<p>Descubre el est\u00e1ndar de oro en entretenimiento con win unique casino, donde la exclusividad y los grandes botes se encuentran en cada giro. Nuestra plataforma ofrece una selecci\u00f3n curada de juegos dise\u00f1ados para quienes buscan resultados extraordinarios y una hospitalidad de primer nivel en Espa\u00f1a. \u00a1Reg\u00edstrate ahora y experimenta la diferencia de jugar en un [&hellip;]<\/p>\n","protected":false},"author":7381,"featured_media":0,"parent":0,"menu_order":0,"comment_status":"closed","ping_status":"closed","template":"","meta":{"_et_pb_use_builder":"off","_et_pb_old_content":"","_et_gb_content_width":"","footnotes":""},"class_list":["post-943","page","type-page","status-publish","hentry"],"_links":{"self":[{"href":"https:\/\/blogs.uned.es\/spapruebas\/wp-json\/wp\/v2\/pages\/943","targetHints":{"allow":["GET"]}}],"collection":[{"href":"https:\/\/blogs.uned.es\/spapruebas\/wp-json\/wp\/v2\/pages"}],"about":[{"href":"https:\/\/blogs.uned.es\/spapruebas\/wp-json\/wp\/v2\/types\/page"}],"author":[{"embeddable":true,"href":"https:\/\/blogs.uned.es\/spapruebas\/wp-json\/wp\/v2\/users\/7381"}],"replies":[{"embeddable":true,"href":"https:\/\/blogs.uned.es\/spapruebas\/wp-json\/wp\/v2\/comments?post=943"}],"version-history":[{"count":32,"href":"https:\/\/blogs.uned.es\/spapruebas\/wp-json\/wp\/v2\/pages\/943\/revisions"}],"predecessor-version":[{"id":4235,"href":"https:\/\/blogs.uned.es\/spapruebas\/wp-json\/wp\/v2\/pages\/943\/revisions\/4235"}],"wp:attachment":[{"href":"https:\/\/blogs.uned.es\/spapruebas\/wp-json\/wp\/v2\/media?parent=943"}],"curies":[{"name":"wp","href":"https:\/\/api.w.org\/{rel}","templated":true}]}}