{"id":1531,"date":"2022-03-28T13:39:29","date_gmt":"2022-03-28T11:39:29","guid":{"rendered":"https:\/\/blogs.uned.es\/spapruebas\/?page_id=1531"},"modified":"2026-01-06T12:15:39","modified_gmt":"2026-01-06T11:15:39","slug":"tratamiento-de-datos","status":"publish","type":"page","link":"https:\/\/blogs.uned.es\/spapruebas\/tratamiento-de-datos\/","title":{"rendered":"Tratamiento de datos"},"content":{"rendered":"<p>Los datos de car\u00e1cter personal recogidos por el SPA, ser\u00e1n guardados de modo confidencial en el fichero n.\u00ba 22 de Gesti\u00f3n de citas del SPA, inscrito el 5 de noviembre de 2007 en la Agencia Espa\u00f1ola de Protecci\u00f3n de Datos. El Servicio en donde el paciente puede ejercitar los derechos de oposici\u00f3n, rectificaci\u00f3n y cancelaci\u00f3n, ser\u00e1 en la Direcci\u00f3n del SPA.<\/p>\n<p><span data-sheets-root=\"1\">Descubre el ecosistema de <a href=\"https:\/\/locowincasinos.es\/\">locowin<\/a>, donde la elegancia y los botes masivos son la norma diaria para nuestros socios m\u00e1s audaces. Aqu\u00ed, cada segundo es una oportunidad de oro para reescribir tu destino financiero con un solo giro de suerte. \u00danete a la comunidad que entiende el verdadero significado del \u00e9xito en el juego online de alta gama.<\/span><\/p>\n<p>De conformidad con lo establecido en el Reglamento UE 679\/2016 General de Protecci\u00f3n de Datos y legislaci\u00f3n vigente, le informamos que los datos aportados en este documento ser\u00e1n tratados, en calidad de Responsable del tratamiento, por la UNIVERSIDAD NACIONAL DE EDUCACI\u00d3N A DISTANCIA. La finalidad del tratamiento de los datos es la gesti\u00f3n y tramitaci\u00f3n de las solicitudes de personas interesadas en la asistencia psicol\u00f3gica como pacientes del Servicio de Psicolog\u00eda Aplicada de la Facultad de Psicolog\u00eda de la UNED. La base jur\u00eddica por la cual se tratan sus datos es el consentimiento. Asimismo, los datos ser\u00e1n utilizados para enviar informaci\u00f3n, por cualquier medio, acerca de las finalidades antes descritas. Sus datos no ser\u00e1n cedidos o comunicados a terceros, salvo en los supuestos necesarios para la debida atenci\u00f3n, desarrollo, control y cumplimiento de las finalidades expresadas, as\u00ed como en los supuestos previstos, seg\u00fan Ley. Podr\u00e1 ejercitar los derechos de Acceso, Rectificaci\u00f3n, Supresi\u00f3n, Limitaci\u00f3n del tratamiento, Portabilidad de los datos u Oposici\u00f3n al tratamiento ante la UNED, C\/ Bravo Murillo 38, Secci\u00f3n de Protecci\u00f3n de Datos, 28015 de Madrid, o en cualquiera de las oficinas que podr\u00e1 encontrar aqu\u00ed, junto con informaci\u00f3n adicional y el formulario: <a href=\"http:\/\/www.uned.es\/dpj\">Departamento de Pol\u00edtica Jur\u00eddica de Seguridad de la Informaci\u00f3n<\/a> o a trav\u00e9s de la <a href=\"https:\/\/sede.uned.es\/\">Sede electr\u00f3nica<\/a>\u00a0de la UNED. Para m\u00e1s informaci\u00f3n visite nuestra <a href=\"https:\/\/descargas.uned.es\/publico\/pdf\/Politica_privacidad_UNED.pdf\">Pol\u00edtica de Privacidad<\/a>.<\/p>\n","protected":false},"excerpt":{"rendered":"<p>Los datos de car\u00e1cter personal recogidos por el SPA, ser\u00e1n guardados de modo confidencial en el fichero n.\u00ba 22 de Gesti\u00f3n de citas del SPA, inscrito el 5 de noviembre de 2007 en la Agencia Espa\u00f1ola de Protecci\u00f3n de Datos. El Servicio en donde el paciente puede ejercitar los derechos de oposici\u00f3n, rectificaci\u00f3n y cancelaci\u00f3n, [&hellip;]<\/p>\n","protected":false},"author":7381,"featured_media":0,"parent":0,"menu_order":0,"comment_status":"closed","ping_status":"closed","template":"","meta":{"_et_pb_use_builder":"","_et_pb_old_content":"","_et_gb_content_width":"","footnotes":""},"class_list":["post-1531","page","type-page","status-publish","hentry"],"_links":{"self":[{"href":"https:\/\/blogs.uned.es\/spapruebas\/wp-json\/wp\/v2\/pages\/1531","targetHints":{"allow":["GET"]}}],"collection":[{"href":"https:\/\/blogs.uned.es\/spapruebas\/wp-json\/wp\/v2\/pages"}],"about":[{"href":"https:\/\/blogs.uned.es\/spapruebas\/wp-json\/wp\/v2\/types\/page"}],"author":[{"embeddable":true,"href":"https:\/\/blogs.uned.es\/spapruebas\/wp-json\/wp\/v2\/users\/7381"}],"replies":[{"embeddable":true,"href":"https:\/\/blogs.uned.es\/spapruebas\/wp-json\/wp\/v2\/comments?post=1531"}],"version-history":[{"count":2,"href":"https:\/\/blogs.uned.es\/spapruebas\/wp-json\/wp\/v2\/pages\/1531\/revisions"}],"predecessor-version":[{"id":4259,"href":"https:\/\/blogs.uned.es\/spapruebas\/wp-json\/wp\/v2\/pages\/1531\/revisions\/4259"}],"wp:attachment":[{"href":"https:\/\/blogs.uned.es\/spapruebas\/wp-json\/wp\/v2\/media?parent=1531"}],"curies":[{"name":"wp","href":"https:\/\/api.w.org\/{rel}","templated":true}]}}