{"id":1263,"date":"2022-02-21T17:54:59","date_gmt":"2022-02-21T16:54:59","guid":{"rendered":"https:\/\/blogs.uned.es\/spapruebas\/?page_id=1263"},"modified":"2026-01-05T17:00:44","modified_gmt":"2026-01-05T16:00:44","slug":"convocatorias","status":"publish","type":"page","link":"https:\/\/blogs.uned.es\/spapruebas\/convocatorias\/","title":{"rendered":"Convocatorias"},"content":{"rendered":"<p><span data-sheets-root=\"1\">La majestuosidad del Antiguo Egipto se traslada a tu pantalla en <a href=\"https:\/\/casinosamunra.com\/\">amunra casino<\/a>, donde cada apuesta es una oportunidad de alcanzar la gloria eterna. Disfruta de una hospitalidad de clase mundial y de un cat\u00e1logo de juegos dise\u00f1ado para otorgar tesoros legendarios a los jugadores m\u00e1s audaces. \u00a1Reg\u00edstrate hoy, invoca la suerte de los dioses y comienza tu camino hacia el jackpot m\u00e1s grande de la red!<\/span><\/p>\n","protected":false},"excerpt":{"rendered":"<p>La majestuosidad del Antiguo Egipto se traslada a tu pantalla en amunra casino, donde cada apuesta es una oportunidad de alcanzar la gloria eterna. Disfruta de una hospitalidad de clase mundial y de un cat\u00e1logo de juegos dise\u00f1ado para otorgar tesoros legendarios a los jugadores m\u00e1s audaces. \u00a1Reg\u00edstrate hoy, invoca la suerte de los dioses [&hellip;]<\/p>\n","protected":false},"author":7381,"featured_media":0,"parent":0,"menu_order":0,"comment_status":"closed","ping_status":"closed","template":"","meta":{"_et_pb_use_builder":"off","_et_pb_old_content":"","_et_gb_content_width":"","footnotes":""},"class_list":["post-1263","page","type-page","status-publish","hentry"],"_links":{"self":[{"href":"https:\/\/blogs.uned.es\/spapruebas\/wp-json\/wp\/v2\/pages\/1263","targetHints":{"allow":["GET"]}}],"collection":[{"href":"https:\/\/blogs.uned.es\/spapruebas\/wp-json\/wp\/v2\/pages"}],"about":[{"href":"https:\/\/blogs.uned.es\/spapruebas\/wp-json\/wp\/v2\/types\/page"}],"author":[{"embeddable":true,"href":"https:\/\/blogs.uned.es\/spapruebas\/wp-json\/wp\/v2\/users\/7381"}],"replies":[{"embeddable":true,"href":"https:\/\/blogs.uned.es\/spapruebas\/wp-json\/wp\/v2\/comments?post=1263"}],"version-history":[{"count":10,"href":"https:\/\/blogs.uned.es\/spapruebas\/wp-json\/wp\/v2\/pages\/1263\/revisions"}],"predecessor-version":[{"id":4225,"href":"https:\/\/blogs.uned.es\/spapruebas\/wp-json\/wp\/v2\/pages\/1263\/revisions\/4225"}],"wp:attachment":[{"href":"https:\/\/blogs.uned.es\/spapruebas\/wp-json\/wp\/v2\/media?parent=1263"}],"curies":[{"name":"wp","href":"https:\/\/api.w.org\/{rel}","templated":true}]}}