{"id":2183,"date":"2022-05-02T17:22:33","date_gmt":"2022-05-02T17:22:33","guid":{"rendered":"https:\/\/blogs.uned.es\/spa\/?page_id=2183"},"modified":"2026-02-11T18:20:36","modified_gmt":"2026-02-11T18:20:36","slug":"recursos-terapeuticos","status":"publish","type":"page","link":"https:\/\/blogs.uned.es\/spa\/recursos-terapeuticos\/","title":{"rendered":"Recursos terap\u00e9uticos"},"content":{"rendered":"[et_pb_section fb_built=\u00bb1&#8243; admin_label=\u00bbAbout Hero\u00bb _builder_version=\u00bb4.4.2&#8243; background_color=\u00bb#00533e\u00bb use_background_color_gradient=\u00bbon\u00bb background_color_gradient_start=\u00bbrgba(0,0,0,0)\u00bb background_color_gradient_end=\u00bb#00533e\u00bb background_color_gradient_direction=\u00bb90deg\u00bb background_color_gradient_start_position=\u00bb30%\u00bb background_color_gradient_overlays_image=\u00bbon\u00bb background_image=\u00bbhttps:\/\/blogs.uned.es\/spa\/wp-content\/uploads\/sites\/139\/2022\/05\/spa-bg.jpg\u00bb custom_padding=\u00bb100px|0px|100px|0px\u00bb animation_style=\u00bbslide\u00bb animation_direction=\u00bbtop\u00bb animation_intensity_slide=\u00bb2%\u00bb locked=\u00bboff\u00bb][et_pb_row column_structure=\u00bb1_2,1_2&#8243; _builder_version=\u00bb3.25&#8243; background_size=\u00bbinitial\u00bb background_position=\u00bbtop_left\u00bb background_repeat=\u00bbrepeat\u00bb custom_margin=\u00bb|||\u00bb custom_width_px=\u00bb1280px\u00bb][et_pb_column type=\u00bb1_2&#8243; _builder_version=\u00bb3.25&#8243; custom_padding=\u00bb|||\u00bb custom_padding__hover=\u00bb|||\u00bb][\/et_pb_column][et_pb_column type=\u00bb1_2&#8243; _builder_version=\u00bb3.25&#8243; custom_padding=\u00bb|||\u00bb custom_padding__hover=\u00bb|||\u00bb][et_pb_text _builder_version=\u00bb4.4.2&#8243; text_text_color=\u00bb#ffffff\u00bb header_text_color=\u00bb#ffffff\u00bb]\n<h1 style=\"text-align: right\">Recursos terap\u00e9uticos<\/h1>\n[\/et_pb_text][\/et_pb_column][\/et_pb_row][\/et_pb_section][et_pb_section fb_built=\u00bb1&#8243; admin_label=\u00bbHistoria\u00bb _builder_version=\u00bb4.4.2&#8243; custom_padding=\u00bb50px|0px|50px|0px|false|false\u00bb][et_pb_row _builder_version=\u00bb4.4.2&#8243; width=\u00bb90%\u00bb max_width=\u00bb2560px\u00bb][et_pb_column type=\u00bb4_4&#8243; _builder_version=\u00bb4.4.2&#8243;][et_pb_text _builder_version=\u00bb4.4.2&#8243; text_text_color=\u00bb#000000&#8243; text_font_size=\u00bb16px\u00bb hover_enabled=\u00bb0&#8243;]\n<p style=\"text-align: left\">Adem\u00e1s de nuestra atenci\u00f3n e intervenci\u00f3n cl\u00ednica y terap\u00e9utica en modalidad individual presencial, ponemos a disposici\u00f3n de la comunidad universitaria, los siguientes recursos terap\u00e9uticos:<\/p>\n[\/et_pb_text][et_pb_tabs _builder_version=\u00bb4.4.2&#8243; body_font=\u00bbTitillium Web||||||||\u00bb hover_enabled=\u00bb0&#8243;][et_pb_tab title=\u00bbTerapia online (individual) \u00bb _builder_version=\u00bb4.4.2&#8243;]\n<p>A trav\u00e9s de los medios de comunicaci\u00f3n digital los servicios terap\u00e9uticos del SPA se acercan a los usuarios. La Teleterapia y\/o Terapia a trav\u00e9s de videconferencia permiten, con seguridad y calidad, llevar la atenci\u00f3n psicol\u00f3gica a personas que no pueden desplazarse o que viven en lugares lejanos.<\/p>\n[\/et_pb_tab][et_pb_tab title=\u00bbRecursos y atenci\u00f3n en situaciones de crisis\u00bb _builder_version=\u00bb4.4.2&#8243;]\n<ul> Recursos para mantener afrontamiento saludable ante crisis y emergencias<\/p>\n<li><a href=\"http:\/\/blogs.uned.es\/spa\/guias-covid19\/\">Multimedias<\/a><\/li>\n<li><a href=\"https:\/\/www.youtube.com\/playlist?list=PLk3mA0KsQNpyZIFpjPrsJfHM_h-ECX4Gh\">Youtube<\/a><\/li>\n<li><a href=\"\/\/canal.uned.es\/series\/5e6f3c595578f2042f0956c7%20\">Grabaciones\/Entrevistas<\/a><\/li>\n<p>Emergencia DANA, octubre 2024<\/p>\n<li><a>\u00bfC\u00f3mo ayudar a los ni\u00f1os, ni\u00f1as y adolescentes a sobrellevar las emergencias naturales? &#8211; UNICEF, Espa\u00f1a<\/a><\/li>\n<li><a href=\"https:\/\/www.infocop.es\/que-hacer-frente-a-la-dana-pautas-de-afrontamiento-psicologico\/?cn-reloaded=1\">\u00bfC\u00f3mo hacer frente a la DANA? &#8211; Consejo General de la Psicolog\u00eda<\/a><\/li>\n<li><a href=\"https:\/\/escolasalut.sjdhospitalbarcelona.org\/es\">Art\u00edculos, pautas, gu\u00edas y consejos &#8211; Scola de Salut Sant Joan de D\u00e9u<\/a><\/li>\n<li><a href=\"https:\/\/blogs.uned.es\/spa\/wp-content\/uploads\/sites\/139\/2024\/11\/Infografia-Salud-Mental-Ilustrado-Multicolor-2.pdf\">Infograf\u00eda &#8211; SPA UNED\n<\/ul>\n[\/et_pb_tab][et_pb_tab title=\u00bbOtros recursos\u00bb _builder_version=\u00bb4.4.2&#8243;]\n<p><a href=\"https:\/\/canal.uned.es\/\">Canal UNED (Mediateca)<\/a><br \/> <a href=\"https:\/\/investigauned.linhd.uned.es\/la-docimoteca-coleccion-especializada-de-psicologia\/\">Docimoteca<\/a><\/p>\n<p> Gu\u00edas cl\u00ednicas:<br \/> <a href=\"https:\/\/www.nice.org.uk\/guidance\/published?ndt=Guidance&amp;ndt=Quality%20standard\" target=\"_blank\" rel=\"noopener noreferrer\">NICE \u2013 National Institute for Health and Care Excellence<\/a><br \/> <a href=\"https:\/\/www.apaservices.org\/practice\/ce\/guidelines\">APA \u2013 American Psychological Association (Guidelines for Practitioners)<\/a><br \/> <a href=\"https:\/\/portal.guiasalud.es\/\">Biblioteca de Gu\u00edas de Pr\u00e1ctica Cl\u00ednica del Sistema Nacional de Salud<\/a><br \/> <a href=\"https:\/\/www.copmadrid.org\/web\/publicaciones\">COP-M \u2013 Colegio Oficial de la Psicolog\u00eda de Madrid<\/a><br \/> <a href=\"https:\/\/blogs.ua.es\/aesppu\/\">AESPPU \u2013 Asociaci\u00f3n Espa\u00f1ola de Servicios Psicol\u00f3gicos y Psicopedag\u00f3gicos Universitarios<\/a><\/p>\n[\/et_pb_tab][\/et_pb_tabs][\/et_pb_column][\/et_pb_row][\/et_pb_section]\n","protected":false},"excerpt":{"rendered":"<p>[et_pb_section fb_built=\u00bb1&#8243; admin_label=\u00bbAbout Hero\u00bb _builder_version=\u00bb4.4.2&#8243; background_color=\u00bb#00533e\u00bb use_background_color_gradient=\u00bbon\u00bb background_color_gradient_start=\u00bbrgba(0,0,0,0)\u00bb background_color_gradient_end=\u00bb#00533e\u00bb background_color_gradient_direction=\u00bb90deg\u00bb background_color_gradient_start_position=\u00bb30%\u00bb background_color_gradient_overlays_image=\u00bbon\u00bb background_image=\u00bbhttps:\/\/blogs.uned.es\/spa\/wp-content\/uploads\/sites\/139\/2022\/05\/spa-bg.jpg\u00bb custom_padding=\u00bb100px|0px|100px|0px\u00bb animation_style=\u00bbslide\u00bb animation_direction=\u00bbtop\u00bb animation_intensity_slide=\u00bb2%\u00bb locked=\u00bboff\u00bb][et_pb_row column_structure=\u00bb1_2,1_2&#8243; _builder_version=\u00bb3.25&#8243; background_size=\u00bbinitial\u00bb background_position=\u00bbtop_left\u00bb background_repeat=\u00bbrepeat\u00bb custom_margin=\u00bb|||\u00bb custom_width_px=\u00bb1280px\u00bb][et_pb_column type=\u00bb1_2&#8243; _builder_version=\u00bb3.25&#8243; custom_padding=\u00bb|||\u00bb custom_padding__hover=\u00bb|||\u00bb][\/et_pb_column][et_pb_column type=\u00bb1_2&#8243; _builder_version=\u00bb3.25&#8243; custom_padding=\u00bb|||\u00bb custom_padding__hover=\u00bb|||\u00bb][et_pb_text _builder_version=\u00bb4.4.2&#8243; text_text_color=\u00bb#ffffff\u00bb header_text_color=\u00bb#ffffff\u00bb] Recursos terap\u00e9uticos [\/et_pb_text][\/et_pb_column][\/et_pb_row][\/et_pb_section][et_pb_section fb_built=\u00bb1&#8243; admin_label=\u00bbHistoria\u00bb _builder_version=\u00bb4.4.2&#8243; custom_padding=\u00bb50px|0px|50px|0px|false|false\u00bb][et_pb_row _builder_version=\u00bb4.4.2&#8243; width=\u00bb90%\u00bb max_width=\u00bb2560px\u00bb][et_pb_column type=\u00bb4_4&#8243; _builder_version=\u00bb4.4.2&#8243;][et_pb_text _builder_version=\u00bb4.4.2&#8243; text_text_color=\u00bb#000000&#8243; text_font_size=\u00bb16px\u00bb hover_enabled=\u00bb0&#8243;] Adem\u00e1s de nuestra [&hellip;]<\/p>\n","protected":false},"author":7381,"featured_media":0,"parent":0,"menu_order":0,"comment_status":"closed","ping_status":"closed","template":"","meta":{"_et_pb_use_builder":"on","_et_pb_old_content":"","_et_gb_content_width":"","footnotes":""},"class_list":["post-2183","page","type-page","status-publish","hentry"],"_links":{"self":[{"href":"https:\/\/blogs.uned.es\/spa\/wp-json\/wp\/v2\/pages\/2183","targetHints":{"allow":["GET"]}}],"collection":[{"href":"https:\/\/blogs.uned.es\/spa\/wp-json\/wp\/v2\/pages"}],"about":[{"href":"https:\/\/blogs.uned.es\/spa\/wp-json\/wp\/v2\/types\/page"}],"author":[{"embeddable":true,"href":"https:\/\/blogs.uned.es\/spa\/wp-json\/wp\/v2\/users\/7381"}],"replies":[{"embeddable":true,"href":"https:\/\/blogs.uned.es\/spa\/wp-json\/wp\/v2\/comments?post=2183"}],"version-history":[{"count":14,"href":"https:\/\/blogs.uned.es\/spa\/wp-json\/wp\/v2\/pages\/2183\/revisions"}],"predecessor-version":[{"id":4393,"href":"https:\/\/blogs.uned.es\/spa\/wp-json\/wp\/v2\/pages\/2183\/revisions\/4393"}],"wp:attachment":[{"href":"https:\/\/blogs.uned.es\/spa\/wp-json\/wp\/v2\/media?parent=2183"}],"curies":[{"name":"wp","href":"https:\/\/api.w.org\/{rel}","templated":true}]}}