{"id":2155,"date":"2022-05-02T17:18:33","date_gmt":"2022-05-02T17:18:33","guid":{"rendered":"https:\/\/blogs.uned.es\/spa\/?page_id=2155"},"modified":"2026-01-20T07:46:16","modified_gmt":"2026-01-20T07:46:16","slug":"inicio","status":"publish","type":"page","link":"https:\/\/blogs.uned.es\/spa\/","title":{"rendered":"Inicio"},"content":{"rendered":"[et_pb_section fb_built=\u00bb1&#8243; admin_label=\u00bbHero\u00bb _builder_version=\u00bb4.4.2&#8243; background_color=\u00bb#00533e\u00bb use_background_color_gradient=\u00bbon\u00bb background_color_gradient_start=\u00bbrgba(0,0,0,0)\u00bb background_color_gradient_end=\u00bb#00533e\u00bb background_color_gradient_direction=\u00bb90deg\u00bb background_color_gradient_start_position=\u00bb30%\u00bb background_color_gradient_overlays_image=\u00bbon\u00bb background_image=\u00bbhttps:\/\/blogs.uned.es\/spa\/wp-content\/uploads\/sites\/139\/2022\/05\/spa-bg.jpg\u00bb custom_padding=\u00bb|||\u00bb collapsed=\u00bboff\u00bb][et_pb_row admin_label=\u00bbFila\u00bb _builder_version=\u00bb4.4.2&#8243; collapsed=\u00bbon\u00bb][et_pb_column type=\u00bb4_4&#8243; _builder_version=\u00bb4.4.2&#8243; custom_padding=\u00bb|||\u00bb custom_padding__hover=\u00bb|||\u00bb][et_pb_text admin_label=\u00bbTexto\u00bb _builder_version=\u00bb4.4.2&#8243; header_text_color=\u00bb#ffffff\u00bb header_3_font=\u00bbTitillium Web||||||||\u00bb header_4_font=\u00bbTitillium Web||||||||\u00bb header_5_font=\u00bbTitillium Web||||||||\u00bb header_6_font=\u00bbTitillium Web||||||||\u00bb background_size=\u00bbinitial\u00bb background_position=\u00bbtop_left\u00bb background_repeat=\u00bbrepeat\u00bb custom_margin=\u00bb|||\u00bb custom_margin_tablet=\u00bb|100px||\u00bb custom_margin_phone=\u00bb|30px||\u00bb custom_margin_last_edited=\u00bboff|desktop\u00bb]\n<h1 style=\"text-align: right\">Servicio de Psicolog\u00eda Aplicada<\/h1>\n<p style=\"text-align: right\">UNIVERSIDAD NACIONAL DE EDUCACI\u00d3N A DISTANCIA \u2013 UNED<\/p>\n[\/et_pb_text][\/et_pb_column][\/et_pb_row][et_pb_row column_structure=\u00bb1_3,1_3,1_3&#8243; use_custom_gutter=\u00bbon\u00bb gutter_width=\u00bb2&#8243; admin_label=\u00bbFila\u00bb _builder_version=\u00bb4.4.2&#8243; max_width=\u00bb1839px\u00bb hover_transition_duration=\u00bb350ms\u00bb hover_transition_delay=\u00bb20ms\u00bb collapsed=\u00bboff\u00bb][et_pb_column type=\u00bb1_3&#8243; _builder_version=\u00bb3.25&#8243; custom_padding=\u00bb|||\u00bb custom_padding__hover=\u00bb|||\u00bb][et_pb_text admin_label=\u00bbTexto\u00bb _builder_version=\u00bb4.4.2&#8243; text_font=\u00bb||||||||\u00bb text_font_size=\u00bb16px\u00bb text_line_height=\u00bb2em\u00bb header_font=\u00bb||||||||\u00bb header_3_font=\u00bbOpen Sans|700|||||||\u00bb header_3_text_align=\u00bbcenter\u00bb header_3_line_height=\u00bb1.6em\u00bb background_color=\u00bb#4e7c97&#8243; text_orientation=\u00bbcenter\u00bb custom_margin=\u00bb|||\u00bb custom_padding=\u00bb30px|30px|30px|30px|true|true\u00bb animation_style=\u00bbfold\u00bb animation_direction=\u00bbtop\u00bb link_option_url=\u00bbhttps:\/\/blogs.uned.es\/spa\/historia\/\u00bb hover_enabled=\u00bb0&#8243;]\n<h3>Quienes somos<\/h3>\n<p>Somos un equipo de psic\u00f3logos, supervisores, docentes y administrativos de la UNED dedicado a dar atenci\u00f3n profesional y de calidad a los problemas de salud mental. Dirigimos nuestro trabajo a la comunidad universitaria de la UNED.<\/p>\n[\/et_pb_text][\/et_pb_column][et_pb_column type=\u00bb1_3&#8243; _builder_version=\u00bb3.25&#8243; custom_padding=\u00bb|||\u00bb custom_padding__hover=\u00bb|||\u00bb][et_pb_text _builder_version=\u00bb4.4.2&#8243; text_font=\u00bb||||||||\u00bb text_font_size=\u00bb16px\u00bb text_line_height=\u00bb2em\u00bb header_font=\u00bb||||||||\u00bb header_3_font=\u00bbOpen Sans|700|||||||\u00bb header_3_text_align=\u00bbcenter\u00bb header_3_line_height=\u00bb1.6em\u00bb background_color=\u00bb#a2b0c1&#8243; text_orientation=\u00bbcenter\u00bb custom_margin=\u00bb|||\u00bb custom_padding=\u00bb30px|30px|30px|30px|true|true\u00bb animation_style=\u00bbfold\u00bb animation_direction=\u00bbtop\u00bb animation_delay=\u00bb200ms\u00bb link_option_url=\u00bbhttps:\/\/blogs.uned.es\/spapruebas\/unidades\/\u00bb admin_label=\u00bbTexto\u00bb]\n<h3>Nuestros servicios<\/h3>\n<p>Desarrollamos una psicolog\u00eda asistencial basada en la promoci\u00f3n del bienestar y la salud mental, desarrollamos tareas de formaci\u00f3n a psic\u00f3logos -propias de un centro universitario- y ofrecemos terapia presencial y tambi\u00e9n terapia en modalidad online.<\/p>\n[\/et_pb_text][\/et_pb_column][et_pb_column type=\u00bb1_3&#8243; _builder_version=\u00bb3.25&#8243; custom_padding=\u00bb|||\u00bb custom_padding__hover=\u00bb|||\u00bb][et_pb_text admin_label=\u00bbTexto\u00bb _builder_version=\u00bb4.4.2&#8243; text_font=\u00bb||||||||\u00bb text_font_size=\u00bb16px\u00bb text_line_height=\u00bb2em\u00bb header_font=\u00bb||||||||\u00bb header_3_font=\u00bbOpen Sans|700|||||||\u00bb header_3_text_align=\u00bbcenter\u00bb header_3_line_height=\u00bb1.6em\u00bb background_color=\u00bb#a2b0c1&#8243; text_orientation=\u00bbcenter\u00bb custom_margin=\u00bb|||\u00bb custom_padding=\u00bb30px|30px|30px|30px|true|true\u00bb animation_style=\u00bbfold\u00bb animation_direction=\u00bbtop\u00bb animation_delay=\u00bb200ms\u00bb link_option_url=\u00bb#contacto\u00bb]\n<h3>Pedir cita<\/h3>\n<p>Para contactar con secretar\u00eda del SPA, solicitar informaci\u00f3n o pedir una cita, cumplimente el formulario y nos pondremos en contacto con usted en el menor tiempo posible.<\/p>\n[\/et_pb_text][\/et_pb_column][\/et_pb_row][\/et_pb_section][et_pb_section fb_built=\u00bb1&#8243; admin_label=\u00bbBlog\u00bb _builder_version=\u00bb4.4.2&#8243; background_color=\u00bb#f7f7fa\u00bb custom_padding=\u00bb|||\u00bb collapsed=\u00bbon\u00bb][et_pb_row _builder_version=\u00bb4.4.2&#8243; collapsed=\u00bboff\u00bb][et_pb_column type=\u00bb4_4&#8243; _builder_version=\u00bb4.4.2&#8243;][et_pb_text admin_label=\u00bbTexto\u00bb _builder_version=\u00bb4.4.2&#8243;]\n<p style=\"text-align: center\"><span style=\"color: #333300\"><strong>Noticias y Recursos<\/strong><\/span><\/p>\n[\/et_pb_text][\/et_pb_column][\/et_pb_row][et_pb_row use_custom_gutter=\u00bbon\u00bb gutter_width=\u00bb2&#8243; admin_label=\u00bbFila\u00bb _builder_version=\u00bb4.4.2&#8243; collapsed=\u00bboff\u00bb][et_pb_column type=\u00bb4_4&#8243; _builder_version=\u00bb3.25&#8243; custom_padding=\u00bb|||\u00bb custom_padding__hover=\u00bb|||\u00bb][et_pb_blog fullwidth=\u00bboff\u00bb posts_number=\u00bb3&#8243; show_more=\u00bbon\u00bb show_author=\u00bboff\u00bb show_date=\u00bboff\u00bb show_categories=\u00bboff\u00bb show_pagination=\u00bboff\u00bb masonry_tile_background_color=\u00bbrgba(0,0,0,0)\u00bb admin_label=\u00bbBlog\u00bb _builder_version=\u00bb4.4.2&#8243; header_font=\u00bbOpen Sans|600|||||||\u00bb header_line_height=\u00bb1.6em\u00bb body_font=\u00bb||||||||\u00bb body_line_height=\u00bb2em\u00bb meta_font=\u00bb||||||||\u00bb meta_font_size=\u00bb14px\u00bb text_orientation=\u00bbjustified\u00bb link_option_url_new_window=\u00bbon\u00bb border_width_all=\u00bb0px\u00bb locked=\u00bboff\u00bb][\/et_pb_blog][\/et_pb_column][\/et_pb_row][\/et_pb_section][et_pb_section fb_built=\u00bb1&#8243; fullwidth=\u00bbon\u00bb admin_label=\u00bbMap\u00bb _builder_version=\u00bb4.4.2&#8243; custom_margin=\u00bb||-10px||false|false\u00bb collapsed=\u00bbon\u00bb][et_pb_fullwidth_code _builder_version=\u00bb4.4.2&#8243;]\n<!-- iframe plugin v.6.0 wordpress.org\/plugins\/iframe\/ -->\n<iframe loading=\"lazy\" src=\"https:\/\/www.google.com\/maps\/embed?pb=!1m18!1m12!1m3!1d3036.0424876740863!2d-3.7379534849441636!3d40.45219657936102!2m3!1f0!2f0!3f0!3m2!1i1024!2i768!4f13.1!3m3!1m2!1s0xd42282d299a70d1%3A0xce9c000c71c152c7!2sUNED%20-%20School%20of%20Psychology!5e0!3m2!1sen!2ses!4v1647869087498!5m2!1sen!2ses\" width=\"100%\" height=\"500\" scrolling=\"yes\" class=\"iframe-class\" frameborder=\"0\"><\/iframe>\n[\/et_pb_fullwidth_code][\/et_pb_section][et_pb_section fb_built=\u00bb1&#8243; use_custom_gutter=\u00bbon\u00bb gutter_width=\u00bb1&#8243; specialty=\u00bbon\u00bb background_color_1=\u00bb#4e7c97&#8243; bg_img_1=\u00bbhttps:\/\/blogs.uned.es\/spa\/wp-content\/uploads\/sites\/139\/2022\/05\/Accountant-Image-39.png\u00bb padding_top_bottom_link_1=\u00bbtrue\u00bb padding_left_right_link_1=\u00bbtrue\u00bb use_background_color_gradient_1=\u00bboff\u00bb background_color_gradient_start_1=\u00bb#f6f8fa\u00bb background_color_gradient_end_1=\u00bb#00324e\u00bb background_color_gradient_end_position_1=\u00bb70%\u00bb padding_top_1=\u00bb80px\u00bb padding_right_1=\u00bb6%\u00bb padding_bottom_1=\u00bb80px\u00bb padding_left_1=\u00bb6%\u00bb padding_left_2=\u00bb30px\u00bb padding_2_tablet=\u00bb|||0px\u00bb padding_2_phone=\u00bb\u00bb padding_2_last_edited=\u00bbon|desktop\u00bb admin_label=\u00bbContact\u00bb module_id=\u00bbcontacto\u00bb module_class=\u00bb et_pb_specialty_fullwidth\u00bb _builder_version=\u00bb4.4.2&#8243; background_color=\u00bb#f6f8fa\u00bb inner_width=\u00bb100%\u00bb inner_width_tablet=\u00bb100%\u00bb inner_width_phone=\u00bb\u00bb inner_width_last_edited=\u00bbon|desktop\u00bb inner_max_width=\u00bb100%\u00bb inner_max_width_tablet=\u00bb100%\u00bb inner_max_width_phone=\u00bb\u00bb inner_max_width_last_edited=\u00bbon|desktop\u00bb custom_padding=\u00bb0|0px|0|0px|false|false\u00bb make_fullwidth=\u00bbon\u00bb locked=\u00bboff\u00bb collapsed=\u00bboff\u00bb][et_pb_column type=\u00bb1_2&#8243; _builder_version=\u00bb3.25&#8243; background_color=\u00bb#4e7c97&#8243; custom_padding=\u00bb|||\u00bb custom_padding__hover=\u00bb|||\u00bb][et_pb_text admin_label=\u00bbTexto\u00bb _builder_version=\u00bb4.4.2&#8243; text_font=\u00bb||||||||\u00bb text_font_size=\u00bb16px\u00bb text_line_height=\u00bb2em\u00bb quote_font=\u00bb||||||||\u00bb header_font=\u00bb||||||||\u00bb header_2_font=\u00bbTitillium Web|700|||||||\u00bb header_2_text_align=\u00bbleft\u00bb custom_margin=\u00bb||50px|\u00bb custom_padding=\u00bb|||\u00bb custom_padding_tablet=\u00bb|||\u00bb custom_padding_last_edited=\u00bboff|desktop\u00bb hover_enabled=\u00bb0&#8243; border_radii=\u00bb||10px|10px|\u00bb locked=\u00bboff\u00bb]\n<h2>Cont\u00e1ctanos\u00a0<\/h2>\n[\/et_pb_text][et_pb_blurb title=\u00bbspa@psi.uned.es\u00bb use_icon=\u00bbon\u00bb font_icon=\u00bb%%238%%\u00bb icon_color=\u00bb#ffffff\u00bb icon_placement=\u00bbleft\u00bb content_max_width=\u00bb1100px\u00bb use_icon_font_size=\u00bbon\u00bb icon_font_size=\u00bb20px\u00bb _builder_version=\u00bb4.4.2&#8243; header_font=\u00bbTitillium Web|500|||||||\u00bb header_font_size=\u00bb16px\u00bb header_line_height=\u00bb1.5em\u00bb body_font=\u00bb||||||||\u00bb body_line_height=\u00bb2em\u00bb background_layout=\u00bbdark\u00bb custom_margin=\u00bb||20px|\u00bb custom_margin_tablet=\u00bb|||\u00bb custom_margin_phone=\u00bb|||0px\u00bb custom_margin_last_edited=\u00bboff|desktop\u00bb animation=\u00bboff\u00bb hover_enabled=\u00bb0&#8243; locked=\u00bboff\u00bb][\/et_pb_blurb][et_pb_blurb title=\u00bb+34 91 398 7952&#8243; use_icon=\u00bbon\u00bb font_icon=\u00bb%%264%%\u00bb icon_color=\u00bb#ffffff\u00bb icon_placement=\u00bbleft\u00bb content_max_width=\u00bb1100px\u00bb use_icon_font_size=\u00bbon\u00bb icon_font_size=\u00bb20px\u00bb _builder_version=\u00bb4.4.2&#8243; header_font=\u00bbTitillium Web|500|||||||\u00bb header_font_size=\u00bb16px\u00bb header_line_height=\u00bb1.5em\u00bb body_font=\u00bb||||||||\u00bb body_line_height=\u00bb2em\u00bb background_layout=\u00bbdark\u00bb custom_margin=\u00bb||20px|\u00bb custom_margin_tablet=\u00bb|||\u00bb custom_margin_phone=\u00bb|||0px\u00bb custom_margin_last_edited=\u00bboff|desktop\u00bb animation=\u00bboff\u00bb locked=\u00bboff\u00bb][\/et_pb_blurb][et_pb_blurb title=\u00bbC. de Juan del Rosal, 10, 28040 Madrid\u00bb use_icon=\u00bbon\u00bb font_icon=\u00bb%%249%%\u00bb icon_color=\u00bb#ffffff\u00bb icon_placement=\u00bbleft\u00bb content_max_width=\u00bb1100px\u00bb use_icon_font_size=\u00bbon\u00bb icon_font_size=\u00bb20px\u00bb _builder_version=\u00bb4.4.2&#8243; header_font=\u00bbTitillium Web|500|||||||\u00bb header_font_size=\u00bb16px\u00bb header_line_height=\u00bb1.5em\u00bb body_font=\u00bb||||||||\u00bb body_line_height=\u00bb2em\u00bb background_layout=\u00bbdark\u00bb custom_margin=\u00bb||20px|\u00bb custom_margin_tablet=\u00bb|||\u00bb custom_margin_phone=\u00bb|||0px\u00bb custom_margin_last_edited=\u00bboff|desktop\u00bb animation=\u00bboff\u00bb locked=\u00bboff\u00bb][\/et_pb_blurb][et_pb_blurb title=\u00bbLunes a viernes de 10:00 a 14:00 y de 16:00 a 20:00&#8243; use_icon=\u00bbon\u00bb font_icon=\u00bb%%227%%\u00bb icon_color=\u00bb#ffffff\u00bb icon_placement=\u00bbleft\u00bb content_max_width=\u00bb1100px\u00bb use_icon_font_size=\u00bbon\u00bb icon_font_size=\u00bb20px\u00bb admin_label=\u00bbAnuncio\u00bb _builder_version=\u00bb4.4.2&#8243; header_font=\u00bbTitillium Web|500|||||||\u00bb header_font_size=\u00bb16px\u00bb header_line_height=\u00bb1.5em\u00bb body_font=\u00bb||||||||\u00bb body_line_height=\u00bb2em\u00bb background_layout=\u00bbdark\u00bb custom_margin=\u00bb||20px|\u00bb custom_margin_tablet=\u00bb|||\u00bb custom_margin_phone=\u00bb|||0px\u00bb custom_margin_last_edited=\u00bboff|desktop\u00bb animation=\u00bboff\u00bb locked=\u00bboff\u00bb][\/et_pb_blurb][\/et_pb_column][et_pb_column type=\u00bb1_2&#8243; specialty_columns=\u00bb2&#8243; _builder_version=\u00bb3.25&#8243; custom_padding=\u00bb|||\u00bb padding_tablet=\u00bb|||0px\u00bb padding_last_edited=\u00bbon|desktop\u00bb custom_padding__hover=\u00bb|||\u00bb][et_pb_row_inner use_custom_gutter=\u00bbon\u00bb _builder_version=\u00bb4.4.2&#8243; background_color=\u00bb#084666&#8243; background_blend=\u00bbmultiply\u00bb custom_margin=\u00bb-60px|||\u00bb custom_margin_tablet=\u00bb0px|||\u00bb custom_margin_phone=\u00bb\u00bb custom_margin_last_edited=\u00bbon|tablet\u00bb custom_padding=\u00bb80px|10%|80px|10%|true|true\u00bb][et_pb_column_inner saved_specialty_column_type=\u00bb1_2&#8243; _builder_version=\u00bb4.4.2&#8243; custom_padding=\u00bb15px||||false|false\u00bb custom_padding__hover=\u00bb|||\u00bb][et_pb_text admin_label=\u00bbTexto\u00bb _builder_version=\u00bb4.4.2&#8243; text_font=\u00bb||||||||\u00bb text_font_size=\u00bb16px\u00bb text_line_height=\u00bb2em\u00bb quote_font=\u00bb||||||||\u00bb header_font=\u00bb||||||||\u00bb header_2_font=\u00bbTitillium Web|700|||||||\u00bb header_2_text_align=\u00bbleft\u00bb custom_margin=\u00bb||50px|\u00bb custom_padding=\u00bb|||\u00bb custom_padding_tablet=\u00bb|||\u00bb custom_padding_last_edited=\u00bboff|desktop\u00bb border_radii=\u00bb||10px|10px|\u00bb locked=\u00bboff\u00bb]\n<h4>Si desea pedir cita en el Servicio de Psicolog\u00eda Aplicada, por favor, cumplimente los siguientes apartados (Es requisito tener un correo-e @xxx.uned.es)<\/h4>\n[\/et_pb_text][et_pb_contact_form email=\u00bbspa@psi.uned.es\u00bb success_message=\u00bbGracias por contactarnos\u00bb submit_button_text=\u00bbEnviar\u00bb module_id=\u00bbet_pb_contact_form_0&#8243; _builder_version=\u00bb4.4.2&#8243; form_field_background_color=\u00bbrgba(0,0,0,0)\u00bb form_field_text_color=\u00bb#ffffff\u00bb form_field_focus_text_color=\u00bb#ffffff\u00bb title_font=\u00bb||||||||\u00bb title_text_color=\u00bb#ffffff\u00bb captcha_text_color=\u00bb#ffffff\u00bb form_field_font=\u00bbTitillium Web||||||||\u00bb form_field_font_size=\u00bb15px\u00bb form_field_line_height=\u00bb2em\u00bb custom_button=\u00bbon\u00bb button_text_size=\u00bb15px\u00bb button_text_color=\u00bb#ffffff\u00bb button_bg_color=\u00bb#12eaa6&#8243; button_border_width=\u00bb10px\u00bb button_border_color=\u00bbrgba(0,0,0,0)\u00bb button_border_radius=\u00bb0px\u00bb button_letter_spacing=\u00bb2px\u00bb button_font=\u00bbOpen Sans|700||on|||||\u00bb button_use_icon=\u00bboff\u00bb custom_margin=\u00bb|||\u00bb custom_margin_tablet=\u00bb|||0px\u00bb custom_margin_phone=\u00bb|||0px\u00bb custom_margin_last_edited=\u00bboff|desktop\u00bb custom_padding=\u00bb|||\u00bb custom_padding_tablet=\u00bb|40px||\u00bb custom_padding_phone=\u00bb|40px||\u00bb custom_padding_last_edited=\u00bboff|desktop\u00bb border_radii=\u00bbon|2px|2px|2px|2px\u00bb border_width_all=\u00bb2px\u00bb border_color_all=\u00bbrgba(255,255,255,0.3)\u00bb form_background_color=\u00bbrgba(0,0,0,0)\u00bb locked=\u00bboff\u00bb button_bg_color_hover=\u00bb#00e2c4&#8243; button_letter_spacing_hover=\u00bb2px\u00bb][et_pb_contact_field field_id=\u00bbName\u00bb field_title=\u00bbNombre\u00bb _builder_version=\u00bb4.4.2&#8243; form_field_text_color=\u00bb#ffffff\u00bb form_field_font=\u00bbTitillium Web||||||||\u00bb custom_margin=\u00bb||30px|\u00bb custom_padding=\u00bb|||\u00bb button_text_size__hover_enabled=\u00bboff\u00bb button_one_text_size__hover_enabled=\u00bboff\u00bb button_two_text_size__hover_enabled=\u00bboff\u00bb button_text_color__hover_enabled=\u00bboff\u00bb button_one_text_color__hover_enabled=\u00bboff\u00bb button_two_text_color__hover_enabled=\u00bboff\u00bb button_border_width__hover_enabled=\u00bboff\u00bb button_one_border_width__hover_enabled=\u00bboff\u00bb button_two_border_width__hover_enabled=\u00bboff\u00bb button_border_color__hover_enabled=\u00bboff\u00bb button_one_border_color__hover_enabled=\u00bboff\u00bb button_two_border_color__hover_enabled=\u00bboff\u00bb button_border_radius__hover_enabled=\u00bboff\u00bb button_one_border_radius__hover_enabled=\u00bboff\u00bb button_two_border_radius__hover_enabled=\u00bboff\u00bb button_letter_spacing__hover_enabled=\u00bboff\u00bb button_one_letter_spacing__hover_enabled=\u00bboff\u00bb button_two_letter_spacing__hover_enabled=\u00bboff\u00bb button_bg_color__hover_enabled=\u00bboff\u00bb button_one_bg_color__hover_enabled=\u00bboff\u00bb button_two_bg_color__hover_enabled=\u00bboff\u00bb][\/et_pb_contact_field][et_pb_contact_field field_id=\u00bbEmail\u00bb field_title=\u00bbCorreo electr\u00f3nico\u00bb field_type=\u00bbemail\u00bb _builder_version=\u00bb4.4.2&#8243; form_field_text_color=\u00bb#ffffff\u00bb form_field_font=\u00bbTitillium Web||||||||\u00bb custom_margin=\u00bb||30px|\u00bb custom_padding=\u00bb|||\u00bb button_text_size__hover_enabled=\u00bboff\u00bb button_one_text_size__hover_enabled=\u00bboff\u00bb button_two_text_size__hover_enabled=\u00bboff\u00bb button_text_color__hover_enabled=\u00bboff\u00bb button_one_text_color__hover_enabled=\u00bboff\u00bb button_two_text_color__hover_enabled=\u00bboff\u00bb button_border_width__hover_enabled=\u00bboff\u00bb button_one_border_width__hover_enabled=\u00bboff\u00bb button_two_border_width__hover_enabled=\u00bboff\u00bb button_border_color__hover_enabled=\u00bboff\u00bb button_one_border_color__hover_enabled=\u00bboff\u00bb button_two_border_color__hover_enabled=\u00bboff\u00bb button_border_radius__hover_enabled=\u00bboff\u00bb button_one_border_radius__hover_enabled=\u00bboff\u00bb button_two_border_radius__hover_enabled=\u00bboff\u00bb button_letter_spacing__hover_enabled=\u00bboff\u00bb button_one_letter_spacing__hover_enabled=\u00bboff\u00bb button_two_letter_spacing__hover_enabled=\u00bboff\u00bb button_bg_color__hover_enabled=\u00bboff\u00bb button_one_bg_color__hover_enabled=\u00bboff\u00bb button_two_bg_color__hover_enabled=\u00bboff\u00bb][\/et_pb_contact_field][et_pb_contact_field field_id=\u00bbSubject\u00bb field_title=\u00bbAsunto\u00bb fullwidth_field=\u00bbon\u00bb _builder_version=\u00bb4.4.2&#8243; form_field_text_color=\u00bb#ffffff\u00bb form_field_font=\u00bbTitillium Web||||||||\u00bb custom_margin=\u00bb||30px|\u00bb custom_padding=\u00bb|||\u00bb button_text_size__hover_enabled=\u00bboff\u00bb button_one_text_size__hover_enabled=\u00bboff\u00bb button_two_text_size__hover_enabled=\u00bboff\u00bb button_text_color__hover_enabled=\u00bboff\u00bb button_one_text_color__hover_enabled=\u00bboff\u00bb button_two_text_color__hover_enabled=\u00bboff\u00bb button_border_width__hover_enabled=\u00bboff\u00bb button_one_border_width__hover_enabled=\u00bboff\u00bb button_two_border_width__hover_enabled=\u00bboff\u00bb button_border_color__hover_enabled=\u00bboff\u00bb button_one_border_color__hover_enabled=\u00bboff\u00bb button_two_border_color__hover_enabled=\u00bboff\u00bb button_border_radius__hover_enabled=\u00bboff\u00bb button_one_border_radius__hover_enabled=\u00bboff\u00bb button_two_border_radius__hover_enabled=\u00bboff\u00bb button_letter_spacing__hover_enabled=\u00bboff\u00bb button_one_letter_spacing__hover_enabled=\u00bboff\u00bb button_two_letter_spacing__hover_enabled=\u00bboff\u00bb button_bg_color__hover_enabled=\u00bboff\u00bb button_one_bg_color__hover_enabled=\u00bboff\u00bb button_two_bg_color__hover_enabled=\u00bboff\u00bb][\/et_pb_contact_field][et_pb_contact_field field_id=\u00bbMessage\u00bb field_title=\u00bbMensaje\u00bb field_type=\u00bbtext\u00bb fullwidth_field=\u00bbon\u00bb _builder_version=\u00bb4.4.2&#8243; form_field_text_color=\u00bb#ffffff\u00bb form_field_font=\u00bbTitillium Web||||||||\u00bb custom_margin=\u00bb||30px|\u00bb button_text_size__hover_enabled=\u00bboff\u00bb button_one_text_size__hover_enabled=\u00bboff\u00bb button_two_text_size__hover_enabled=\u00bboff\u00bb button_text_color__hover_enabled=\u00bboff\u00bb button_one_text_color__hover_enabled=\u00bboff\u00bb button_two_text_color__hover_enabled=\u00bboff\u00bb button_border_width__hover_enabled=\u00bboff\u00bb button_one_border_width__hover_enabled=\u00bboff\u00bb button_two_border_width__hover_enabled=\u00bboff\u00bb button_border_color__hover_enabled=\u00bboff\u00bb button_one_border_color__hover_enabled=\u00bboff\u00bb button_two_border_color__hover_enabled=\u00bboff\u00bb button_border_radius__hover_enabled=\u00bboff\u00bb button_one_border_radius__hover_enabled=\u00bboff\u00bb button_two_border_radius__hover_enabled=\u00bboff\u00bb button_letter_spacing__hover_enabled=\u00bboff\u00bb button_one_letter_spacing__hover_enabled=\u00bboff\u00bb button_two_letter_spacing__hover_enabled=\u00bboff\u00bb button_bg_color__hover_enabled=\u00bboff\u00bb button_one_bg_color__hover_enabled=\u00bboff\u00bb button_two_bg_color__hover_enabled=\u00bboff\u00bb][\/et_pb_contact_field][et_pb_contact_field field_id=\u00bbField_5&#8243; field_title=\u00bb  \u00bb field_type=\u00bbcheckbox\u00bb checkbox_options=\u00bb%91{%22value%22:%22Estoy de acuerdo con la%22,%22checked%22:0,%22dragID%22:-1,%22link_url%22:%22https:\/\/blogs.uned.es\/spa\/tratamiento-de-datos\/%22,%22link_text%22:%22Pol\u00edtica de protecci\u00f3n de datos%22}%93&#8243; fullwidth_field=\u00bbon\u00bb _builder_version=\u00bb4.4.2&#8243; form_field_text_color=\u00bb#ffffff\u00bb form_field_focus_text_color=\u00bb#ffffff\u00bb form_field_font=\u00bbTitillium Web||||||||\u00bb][\/et_pb_contact_field][\/et_pb_contact_form][\/et_pb_column_inner][\/et_pb_row_inner][\/et_pb_column][\/et_pb_section]\n","protected":false},"excerpt":{"rendered":"<p>[et_pb_section fb_built=\u00bb1&#8243; admin_label=\u00bbHero\u00bb _builder_version=\u00bb4.4.2&#8243; background_color=\u00bb#00533e\u00bb use_background_color_gradient=\u00bbon\u00bb background_color_gradient_start=\u00bbrgba(0,0,0,0)\u00bb background_color_gradient_end=\u00bb#00533e\u00bb background_color_gradient_direction=\u00bb90deg\u00bb background_color_gradient_start_position=\u00bb30%\u00bb background_color_gradient_overlays_image=\u00bbon\u00bb background_image=\u00bbhttps:\/\/blogs.uned.es\/spa\/wp-content\/uploads\/sites\/139\/2022\/05\/spa-bg.jpg\u00bb custom_padding=\u00bb|||\u00bb collapsed=\u00bboff\u00bb][et_pb_row admin_label=\u00bbFila\u00bb _builder_version=\u00bb4.4.2&#8243; collapsed=\u00bbon\u00bb][et_pb_column type=\u00bb4_4&#8243; _builder_version=\u00bb4.4.2&#8243; custom_padding=\u00bb|||\u00bb custom_padding__hover=\u00bb|||\u00bb][et_pb_text admin_label=\u00bbTexto\u00bb _builder_version=\u00bb4.4.2&#8243; header_text_color=\u00bb#ffffff\u00bb header_3_font=\u00bbTitillium Web||||||||\u00bb header_4_font=\u00bbTitillium Web||||||||\u00bb header_5_font=\u00bbTitillium Web||||||||\u00bb header_6_font=\u00bbTitillium Web||||||||\u00bb background_size=\u00bbinitial\u00bb background_position=\u00bbtop_left\u00bb background_repeat=\u00bbrepeat\u00bb custom_margin=\u00bb|||\u00bb custom_margin_tablet=\u00bb|100px||\u00bb custom_margin_phone=\u00bb|30px||\u00bb custom_margin_last_edited=\u00bboff|desktop\u00bb] Servicio de Psicolog\u00eda Aplicada UNIVERSIDAD NACIONAL DE EDUCACI\u00d3N A DISTANCIA \u2013 UNED [\/et_pb_text][\/et_pb_column][\/et_pb_row][et_pb_row column_structure=\u00bb1_3,1_3,1_3&#8243; use_custom_gutter=\u00bbon\u00bb gutter_width=\u00bb2&#8243; [&hellip;]<\/p>\n","protected":false},"author":7381,"featured_media":0,"parent":0,"menu_order":0,"comment_status":"closed","ping_status":"closed","template":"","meta":{"_et_pb_use_builder":"on","_et_pb_old_content":"","_et_gb_content_width":"","footnotes":""},"class_list":["post-2155","page","type-page","status-publish","hentry"],"_links":{"self":[{"href":"https:\/\/blogs.uned.es\/spa\/wp-json\/wp\/v2\/pages\/2155","targetHints":{"allow":["GET"]}}],"collection":[{"href":"https:\/\/blogs.uned.es\/spa\/wp-json\/wp\/v2\/pages"}],"about":[{"href":"https:\/\/blogs.uned.es\/spa\/wp-json\/wp\/v2\/types\/page"}],"author":[{"embeddable":true,"href":"https:\/\/blogs.uned.es\/spa\/wp-json\/wp\/v2\/users\/7381"}],"replies":[{"embeddable":true,"href":"https:\/\/blogs.uned.es\/spa\/wp-json\/wp\/v2\/comments?post=2155"}],"version-history":[{"count":82,"href":"https:\/\/blogs.uned.es\/spa\/wp-json\/wp\/v2\/pages\/2155\/revisions"}],"predecessor-version":[{"id":4351,"href":"https:\/\/blogs.uned.es\/spa\/wp-json\/wp\/v2\/pages\/2155\/revisions\/4351"}],"wp:attachment":[{"href":"https:\/\/blogs.uned.es\/spa\/wp-json\/wp\/v2\/media?parent=2155"}],"curies":[{"name":"wp","href":"https:\/\/api.w.org\/{rel}","templated":true}]}}