{"id":14581,"date":"2025-11-25T11:27:46","date_gmt":"2025-11-25T11:27:46","guid":{"rendered":"https:\/\/blogs.uned.es\/sistemadeinformacion\/?page_id=14581"},"modified":"2026-04-18T11:01:44","modified_gmt":"2026-04-18T11:01:44","slug":"sesiones-online","status":"publish","type":"page","link":"https:\/\/blogs.uned.es\/sistemadeinformacion\/sesiones-online\/","title":{"rendered":"Sesiones online 2025\/2026"},"content":{"rendered":"\t\t<div data-elementor-type=\"wp-page\" data-elementor-id=\"14581\" class=\"elementor elementor-14581\" data-elementor-post-type=\"page\">\n\t\t\t\t\t\t<section class=\"elementor-section elementor-top-section elementor-element elementor-element-712c595 elementor-section-boxed elementor-section-height-default elementor-section-height-default\" data-id=\"712c595\" data-element_type=\"section\" data-e-type=\"section\">\n\t\t\t\t\t\t<div class=\"elementor-container elementor-column-gap-default\">\n\t\t\t\t\t<div class=\"elementor-column elementor-col-100 elementor-top-column elementor-element elementor-element-d7a500d\" data-id=\"d7a500d\" data-element_type=\"column\" data-e-type=\"column\">\n\t\t\t<div class=\"elementor-widget-wrap elementor-element-populated\">\n\t\t\t\t\t\t<div class=\"elementor-element elementor-element-1f0cbd5 elementor-widget elementor-widget-text-editor\" data-id=\"1f0cbd5\" data-element_type=\"widget\" data-e-type=\"widget\" data-widget_type=\"text-editor.default\">\n\t\t\t\t<div class=\"elementor-widget-container\">\n\t\t\t\t\t\t\t\t\t<p><span style=\"color: #ff0000;font-family: -apple-system, BlinkMacSystemFont, 'Segoe UI', Roboto, 'Helvetica Neue', Arial, 'Noto Sans', sans-serif, 'Apple Color Emoji', 'Segoe UI Emoji', 'Segoe UI Symbol', 'Noto Color Emoji';font-weight: bolder\">DIN\u00c1MICA DE LAS SESIONES ONLINE.<\/span><\/p>\n<p style=\"margin-top: 0cm;background: white\"><span style=\"font-family: Arial, sans-serif;color: #000000\">Est\u00e1n previstas quince sesiones online (este n\u00famero puede variar). Siguiendo la metodolog\u00eda a distancia la asistencia es recomendable, pero no es obligatoria. En su lugar, se pueden consultar los materiales del curso a trav\u00e9s de la plataforma <strong><a href=\"https:\/\/agora.uned.es\/my\/\">AGORA<\/a><\/strong><\/span><\/p>\n<p style=\"margin-top: 0cm;background: white\"><span style=\"font-family: Arial, sans-serif;color: #000000\">Se desarrollan entre diciembre y abril, normalmente los jueves, en horario de 19:00 a 20:30 h., o si son sesiones dobles de 18:00 a 20:00 h. Cada docente imparte una conferencia de 45-60 minutos m\u00e1s preguntas y debate.&nbsp;<\/span><\/p>\n<p style=\"margin-top: 0cm;background: white\"><span style=\"font-family: Arial, sans-serif;color: #000000\">En estas sesiones el alumnado podr\u00e1 formular preguntas y resolver sus dudas. Si el alumnado quiere realizar consultas sobre casos concretos o materias jur\u00eddicamente complejas, se ruega que sean adelantadas por correo electr\u00f3nico para remitirlas a los docentes con anterioridad.<\/span><\/p>\n<p><span style=\"font-weight: bolder;font-family: -apple-system, BlinkMacSystemFont, 'Segoe UI', Roboto, 'Helvetica Neue', Arial, 'Noto Sans', sans-serif, 'Apple Color Emoji', 'Segoe UI Emoji', 'Segoe UI Symbol', 'Noto Color Emoji';color: #ff0000\">ACCESO A SESIONES Y GRABACIONES.<\/span><\/p>\n<p><span style=\"color: #000000\"><span style=\"font-family: -apple-system, BlinkMacSystemFont, 'Segoe UI', Roboto, 'Helvetica Neue', Arial, 'Noto Sans', sans-serif, 'Apple Color Emoji', 'Segoe UI Emoji', 'Segoe UI Symbol', 'Noto Color Emoji'\">Se podr\u00e1n seguir en directo o en diferido a trav\u00e9s de las grabaciones.<\/span><\/span><\/p>\n<p><span style=\"color: #000000\"><span style=\"font-family: -apple-system, BlinkMacSystemFont, 'Segoe UI', Roboto, 'Helvetica Neue', Arial, 'Noto Sans', sans-serif, 'Apple Color Emoji', 'Segoe UI Emoji', 'Segoe UI Symbol', 'Noto Color Emoji'\">Los enlaces de acceso a las SESIONES ONLINE y a las grabaciones se podr\u00e1n consultar en la plataforma del curso en <a href=\"https:\/\/agora.uned.es\/my\/\">AGORA<\/a><\/span><\/span><span style=\"font-family: -apple-system, BlinkMacSystemFont, 'Segoe UI', Roboto, 'Helvetica Neue', Arial, 'Noto Sans', sans-serif, 'Apple Color Emoji', 'Segoe UI Emoji', 'Segoe UI Symbol', 'Noto Color Emoji';color: #000000\"><span style=\"font-family: Arial, sans-serif;color: #000000\"> (si no dispone de acceso consulte el email de la UNED que se ha creado al matricularse).<br><\/span><br>Se recomienda al alumnado facilitar un email de uso habitual para que se le remitan los enlaces de conexi\u00f3n.&nbsp;<\/span><span style=\"font-family: -apple-system, BlinkMacSystemFont, 'Segoe UI', Roboto, 'Helvetica Neue', Arial, 'Noto Sans', sans-serif, 'Apple Color Emoji', 'Segoe UI Emoji', 'Segoe UI Symbol', 'Noto Color Emoji';color: #000000\">Si no puede acceder escriba a javier.sierra@der.uned.es<\/span><\/p>\n<p style=\"margin-top: 0cm;background: white\"><span style=\"color: #ff0000;font-family: -apple-system, BlinkMacSystemFont, 'Segoe UI', Roboto, 'Helvetica Neue', Arial, 'Noto Sans', sans-serif, 'Apple Color Emoji', 'Segoe UI Emoji', 'Segoe UI Symbol', 'Noto Color Emoji';font-weight: bold\">PROGRAMA DE SESIONES DEL CURSO 2025\/2026.<\/span><span style=\"font-family: Arial, sans-serif;color: #000000\"><br><\/span><\/p>\n<h3><span style=\"color: #000000\"><strong>BLOQUE INTRODUCTORIO<\/strong><\/span><\/h3>\n<p><span style=\"color: #000000\"><strong>Sesi\u00f3n 1. Presentaci\u00f3n. Esquema de sistemas. El sistema interno.<\/strong><\/span><\/p>\n<ul>\n<li><span style=\"color: #000000\">Lunes 15 de diciembre de 2025. <span style=\"color: #ff0000\">18:00 h.<\/span><\/span><\/li>\n<li><span style=\"color: #000000\"><span style=\"color: #000000\">18:00 h. Bienvenida. Presentaci\u00f3n del programa, metodolog\u00eda y sistema de evaluaci\u00f3n<br>Docente: <b>Joaqu\u00edn Meseguer Yebra<\/b>. <em>Director adjunto del programa de estudios<\/em><\/span><\/span><\/li>\n<li><span style=\"color: #000000\">19:00 h. Esquema de sistemas. El canal interno.<\/span><br><span style=\"color: #000000\">Docente: <b>Javier Sierra Rodr\u00edguez<\/b>.&nbsp;<br><i>Profesor de Derecho Constitucional. UNED.<\/i><\/span><\/li>\n<\/ul>\n<p><span style=\"color: #000000\"><strong>Sesi\u00f3n 2. El canal externo y la autoridad de protecci\u00f3n de informantes.<\/strong> <strong>Revelaci\u00f3n p\u00fablica y libertad de informaci\u00f3n. <\/strong><\/span><\/p>\n<ul>\n<li><span style=\"color: #000000\"><span style=\"color: #000000\"><span style=\"color: #000000\">Jueves 18 de diciembre de 2025.<\/span><\/span><\/span><\/li>\n<li><span style=\"color: #000000\"><span style=\"color: #000000\"><span style=\"color: #000000\"><b>PARTE I. 18:00 h.<\/b> Canal externo y autoridad de protecci\u00f3n de informantes.<br>Docente: <br><b>Mariano Melendo Pardos<\/b><i>.&nbsp;Profesor de Derecho Penal. UNED.<\/i><\/span><\/span><\/span><\/li>\n<li><span style=\"color: #000000\"><b>PARTE II 19:00 h.<\/b> Revelaci\u00f3n p\u00fablica y libertad de informaci\u00f3n<\/span><br><span style=\"color: #000000\">Docente:&nbsp;<span style=\"font-weight: bold\">Daniel Capodiferro Cubero<\/span>.&nbsp;<i>Profesor de Derecho Constitucional. UNED.<\/i><\/span><\/li>\n<\/ul>\n<p><span style=\"color: #000000\"><em>(descanso Navidad)<\/em><\/span><\/p>\n<p><span style=\"color: #000000\"><strong>Sesi\u00f3n 3. \u00c1mbito material y personal.<\/strong><\/span><\/p>\n<ul>\n<li><span style=\"color: #000000\">Jueves, 8 de enero de 2026. <\/span><span style=\"color: #ff0000\">19:00 h.<\/span><\/li>\n<li><span style=\"color: #000000\">Docente:&nbsp;<span style=\"font-weight: bold\">Andrea Garrido Juncal.<\/span>&nbsp;<em>Profesora de Derecho Administrativo de la Universidad de Santiago de Compostela<\/em><\/span><i>.<\/i><\/li>\n<\/ul>\n<h3><span style=\"color: #000000\"><strong>BLOQUE: LA GESTI\u00d3N DE COMUNICACIONES EN LOS SISTEMAS INTERNOS<\/strong><\/span><\/h3>\n<p><span style=\"color: #000000\"><strong>Sesi\u00f3n 4. Pol\u00edticas y procedimientos.<\/strong><\/span><\/p>\n<ul>\n<li><span style=\"color: #000000\">Jueves 15 de enero de 2026. <\/span><span style=\"color: #ff0000\">19:00 h.<\/span><\/li>\n<li><span style=\"color: #000000\">Docente: <b>Ignacio S\u00e1ez Hidalgo.<\/b> <i>Director de Gabinete del Presidente de la Autoridad Independiente de Protecci\u00f3n del Informante.<\/i><\/span><\/li>\n<\/ul>\n<p><strong><span style=\"color: #000000\">Plazo de entrega del planteamiento inicial sobre exposici\u00f3n oral que compone la evaluaci\u00f3n del curso:<\/span><\/strong> Jueves 22 de enero de 2026<\/p>\n<p><span style=\"color: #000000\"><strong>Sesi\u00f3n 5. Ciclo de vida de las comunicaciones en los sistemas internos.<\/strong><\/span><\/p>\n<ul>\n<li><span style=\"color: #000000\">Jueves, 29 de enero de 2026. <\/span><span style=\"color: #ff0000\">19:00 h.<br><\/span><\/li>\n<li><span style=\"color: #000000\">Docente: <b>Elisenda Escoda Ruanes.<\/b> <i>Oficina Antifraude de Catalunya.<\/i><\/span><\/li>\n<\/ul>\n<p><strong>Semana libre<\/strong><\/p>\n<p><span style=\"color: #000000\"><strong>Sesi\u00f3n 6. La admisi\u00f3n\/inadmisi\u00f3n de comunicaciones en los sistemas internos.<\/strong><\/span><\/p>\n<ul>\n<li><span style=\"color: #000000\">Jueves, 12 de febrero de 2026. <\/span><span style=\"color: #ff0000\">19:00 h.<\/span><\/li>\n<li><span style=\"color: #000000\">Docente: <b>Marita Oliver Carbonell.<\/b> <em>T\u00e9cnica superior de formaci\u00f3n. \u00c1rea de formaci\u00f3n, participaci\u00f3n comunicaci\u00f3n y otras entidades de la Agencia Valenciana Antifraude.<\/em><\/span><\/li>\n<\/ul>\n<p><span style=\"color: #000000\"><strong>Sesi\u00f3n 7. La instrucci\u00f3n en los sistemas internos: posibilidades, medios y cautelas.<\/strong><\/span><\/p>\n<ul>\n<li><span style=\"color: #000000\">Jueves, 19 de febrero de 2026. <\/span><span style=\"color: #ff0000\">19:00 h.<\/span><\/li>\n<li><span style=\"color: #000000\">Docente: <strong>Jos\u00e9 Le\u00f3n Alapont<\/strong>. <em>Profesor Titular de Derecho Penal de la Universitat de Valencia.<\/em><\/span><\/li>\n<\/ul>\n<p><span style=\"color: #000000\"><strong>Sesi\u00f3n 8. La terminaci\u00f3n del procedimiento de gesti\u00f3n. Consecuencias y posibilidades. Remisi\u00f3n a otros \u00f3rganos y autoridades. <\/strong><\/span><\/p>\n<ul>\n<li><span style=\"color: #000000\">Jueves, 26 de febrero de 2026. <\/span><span style=\"color: #ff0000\">19:00 h.<\/span><\/li>\n<li><span style=\"color: #000000\">Docente: <strong>Margarita Paraj\u00f3 Calvo<\/strong>. <em>Titular de la Asesor\u00eda Jur\u00eddica del Ayuntamiento de Vigo. Experta en materia de canales de denuncia y protecci\u00f3n de informantes.<\/em><\/span><\/li>\n<\/ul>\n<p><span style=\"color: #000000\"><strong>Sesi\u00f3n 9. Protecci\u00f3n de datos en los sistemas internos. <\/strong><\/span><\/p>\n<ul>\n<li><span style=\"color: #000000\">Jueves, 5 de marzo de 2026. <\/span><span style=\"color: #ff0000\">19:00 h.<\/span><\/li>\n<li><span style=\"color: #000000\">Docente: <strong>Anselm Bodoque Arribas<\/strong>. <em>Jefe de Gabinete y Estudios de la Agencia Valenciana Antifraude.<\/em><\/span><\/li>\n<\/ul>\n<h3><span style=\"color: #000000\"><strong>BLOQUE: <\/strong><strong>PROBLEM\u00c1TICAS EN EL \u00c1MBITO PENAL, ADMINISTRATIVO Y LABORAL<\/strong><\/span><\/h3>\n<p><span style=\"color: #000000\"><strong>Sesi\u00f3n 10. Activaci\u00f3n de los mecanismos de protecci\u00f3n de informantes. Posibilidades de protecci\u00f3n. <\/strong><\/span><\/p>\n<ul>\n<li><span style=\"color: #000000\"><span style=\"color: #000000\"><span style=\"color: #000000\">Jueves, 12 de marzo de 2026.<\/span><\/span><\/span>\n<p><span style=\"color: #000000\"><strong>18 a 19 h. Parte I.<\/strong> Condiciones de protecci\u00f3n y prohibici\u00f3n de represalias. Aplicaci\u00f3n a las personas afectadas. Vigencia y forma de obtener el apoyo.&nbsp;<\/span><\/p>\n<p><span style=\"color: #000000\">Docente: <strong>Alejandro Madariaga Venegas<\/strong>. <em>Oficina Antifraude de Catalu\u00f1a<\/em><\/span><\/p>\n<p><span style=\"color: #000000\"><strong>19 a 20 h. Parte II.<\/strong> Medidas \u201cactivas\u201d de apoyo&nbsp;y autoridades competentes, cl\u00e1usulas de responsabilidad, y exenci\u00f3n y atenuaci\u00f3n de la sanci\u00f3n.<\/span><\/p>\n<p><span style=\"color: #000000\">Docente: <strong>Manuel Garc\u00eda Bern\u00e1rdez<\/strong>. <em>Oficina Antifraude de Andaluc\u00eda<\/em><\/span><\/p>\n<\/li>\n<\/ul>\n<p>Semana libre<\/p>\n<p><span style=\"color: #000000\"><strong><span style=\"color: #000000\">Sesi\u00f3n 11. Cues<\/span>tiones procesales-penales<\/strong>.<\/span><\/p>\n<ul>\n<li><span style=\"color: #000000\">Jueves, 26 de marzo de 2026.&nbsp;<\/span><\/li>\n<li><span style=\"color: #000000\">18 h. Cuestiones procesales penales.<\/span><br><span style=\"color: #000000\"> Docente: <strong>Alfredo Li\u00f1\u00e1n Lafuente<\/strong>. <em>Profesor Titular de Derecho Penal de la UNED<\/em><\/span><\/li>\n<li><span style=\"color: #000000\">19 h. Aspectos procesales de la protecci\u00f3n al informante<\/span><br><span style=\"color: #000000\">Docente:<strong> Jordi Gimeno Bevi\u00e1<\/strong>. <em>Profesor Titular de Derecho Procesal de la UNED<\/em><\/span><\/li>\n<\/ul>\n<p>Descanso de Semana Santa<\/p>\n<p><span style=\"color: #000000\"><strong>Sesi\u00f3n 12. Transparencia y buena administraci\u00f3n en la Ley 2\/2023.<\/strong><\/span><\/p>\n<ul>\n<li><span style=\"color: #000000\"><span style=\"color: #000000\"><span style=\"color: #000000\">Jueves, 9 de abril de 2026.<\/span><\/span><\/span><\/li>\n<li><strong><span style=\"color: #000000\">18-19 h. PARTE I.<\/span><\/strong>&nbsp;<span style=\"color: #000000\"><span style=\"color: #000000\">La transparencia en los sistemas y autoridades externas.&nbsp;<\/span><\/span>Docente: <strong style=\"font-family: var( --e-global-typography-text-font-family ), Sans-serif;background-color: var(--wp--preset--color--background);font-size: var(--wp--preset--font-size--medium)\">Joaqu\u00edn Meseguer Yebra<\/strong><span style=\"font-family: var( --e-global-typography-text-font-family ), Sans-serif;font-weight: var( --e-global-typography-text-font-weight );background-color: var(--wp--preset--color--background);font-size: var(--wp--preset--font-size--medium)\">. <\/span><em style=\"font-family: var( --e-global-typography-text-font-family ), Sans-serif;font-weight: var( --e-global-typography-text-font-weight );background-color: var(--wp--preset--color--background);font-size: var(--wp--preset--font-size--medium)\">Director adjunto del Diploma de experto<\/em><span style=\"font-family: var( --e-global-typography-text-font-family ), Sans-serif;font-weight: var( --e-global-typography-text-font-weight );background-color: var(--wp--preset--color--background);font-size: var(--wp--preset--font-size--medium)\"><span style=\"font-family: var( --e-global-typography-text-font-family ), Sans-serif;font-weight: var( --e-global-typography-text-font-weight );background-color: var(--wp--preset--color--background);font-size: var(--wp--preset--font-size--medium)\">.<\/span><\/span><\/li>\n<li><strong><span style=\"color: #000000\">19-20 h. PARTE II.<\/span>&nbsp;<\/strong> <span style=\"color: #000000\"><span style=\"color: #000000\">Cuestiones problem\u00e1ticas desde el Derecho Administrativo: Buena administraci\u00f3n y derecho al procedimiento administrativo debido en la Ley 2\/2023.&nbsp;<\/span><\/span>Docente: <b style=\"font-family: var( --e-global-typography-text-font-family ), Sans-serif;background-color: var(--wp--preset--color--background);font-size: var(--wp--preset--font-size--medium)\">Juli Ponce Sol\u00e9.&nbsp;<\/b><i style=\"font-family: var( --e-global-typography-text-font-family ), Sans-serif;font-weight: var( --e-global-typography-text-font-weight );background-color: var(--wp--preset--color--background);font-size: var(--wp--preset--font-size--medium)\">Catedr\u00e1tico de Derecho Administrativo de la Universidad de Barcelona.<\/i><\/li>\n<\/ul>\n<p><span style=\"color: #000000\"><strong>Sesi\u00f3n 13. Recomendaciones desde la Oficinas y Agencias Antifraude. R\u00e9gimen sancionador de la Ley 2\/2023. <\/strong><\/span><\/p>\n<ul>\n<li><span style=\"color: #000000\"><span style=\"color: #000000\"><span style=\"color: #000000\">Jueves 16 de abril de 2026.<\/span><\/span><\/span><\/li>\n<li><span style=\"color: #000000\"><span style=\"color: #000000\"><span style=\"color: #000000\"><strong>18 h. &#8211; 19 h.&nbsp; PARTE I. <\/strong>Preguntas y respuestas frecuentes sobre los canales externos y los sistemas internos de informaci\u00f3n. Experiencia de las oficinas antifraude: problemas y soluciones.<strong><br><\/strong>Docente: Marta Bl\u00e1zquez Exp\u00f3sito. <em>Directora adjunta de la Oficina Antifraude de Andaluc\u00eda.<\/em><\/span><\/span><\/span><\/li>\n<li><span style=\"color: #000000\"><strong>19 h. &#8211; 20 h.&nbsp; PARTE II.<\/strong> R\u00e9gimen de infracciones y sanciones de la Ley 2\/2023<br>Docente: <strong>Oscar Capdeferro Villagrasa.<\/strong> <em>Profesor de Derecho Administrativo de la Universidad de Barcelona.<\/em><\/span><\/li>\n<\/ul>\n<p><span style=\"color: #000000\"><strong>Sesi\u00f3n 14.&nbsp; Parte I &#8211; R\u00e9gimen disciplinario y relaci\u00f3n de trabajo en la Ley 2\/2023.<\/strong><\/span><\/p>\n<p><span style=\"color: #000000\"><span style=\"color: #000000\">Jueves 23 de abril de 2026. <\/span><\/span><\/p>\n<ul>\n<li><span style=\"color: #000000\"><strong>Parte I.<\/strong> R\u00e9gimen disciplinario en el \u00e1mbito laboral.<\/span><br><span style=\"color: #000000\">Docente:<\/span> <span style=\"color: #000000\"><strong>Juan Romero Arrese-Rato<\/strong>. <em>Abogado Compliance Laboral.<\/em><\/span><\/li>\n<\/ul><div><p><span><strong>Sesi\u00f3n 15. Parte II -R\u00e9gimen disciplinario y relaci\u00f3n de trabajo en la Ley 2\/2023.<\/strong><\/span><\/p><p><span>Martes 28 de abril de 2026.<\/span><\/p><ul><li><span style=\"font-family: var( --e-global-typography-text-font-family ), Sans-serif;font-weight: var( --e-global-typography-text-font-weight );background-color: var(--wp--preset--color--background);font-size: var(--wp--preset--font-size--medium)\"><strong>19 h. &#8211; 20 h.&nbsp; PARTE II.<\/strong>&nbsp;R\u00e9gimen disciplinario de empleados p\u00fablicos.&nbsp;<\/span><span style=\"font-family: var( --e-global-typography-text-font-family ), Sans-serif;font-weight: var( --e-global-typography-text-font-weight );background-color: var(--wp--preset--color--background);font-size: var(--wp--preset--font-size--medium)\">Docente:&nbsp;<strong>Humberto Gos\u00e1lvez Peque\u00f1o<\/strong>.&nbsp;<em>Catedr\u00e1tico de Derecho Administrativo de la Universidad de C\u00f3rdoba.<\/em><\/span><\/li><\/ul><\/div>\n<p><span style=\"color: #000000\"><strong style=\"font-family: var( --e-global-typography-text-font-family ), Sans-serif;font-size: 1rem\">Sesiones de exposiciones orales en el marco del Congreso de Integridad y Protecci\u00f3n de Informantes: <a href=\"https:\/\/sites.google.com\/view\/sistemasdealerta\/\">ACCESO AL PROGRAMA<\/a><\/strong><\/span><\/p>\n<ul>\n<li><span style=\"font-family: var( --e-global-typography-text-font-family ), Sans-serif;font-size: 1rem;color: #000000\"><span style=\"font-family: var( --e-global-typography-text-font-family ), Sans-serif;font-size: 1rem;color: #000000\"><strong>Fechas:<\/strong> 12 y 13 de mayo de 2026<\/span><\/span><\/li>\n<li><span style=\"color: #000000\"><strong style=\"font-family: var( --e-global-typography-text-font-family ), Sans-serif;font-size: 1rem\">Modalidad:<\/strong><span style=\"font-family: var( --e-global-typography-text-font-family ), Sans-serif;font-weight: var( --e-global-typography-text-font-weight );font-size: 1rem\"> presencial y online<\/span><\/span><\/li>\n<li><span style=\"color: #000000\"><span style=\"color: #000000\"><strong>Participantes:<\/strong> actividad abierta al p\u00fablico en general previa inscripci\u00f3n<\/span><\/span>\n<p>M\u00c1S INFORMACI\u00d3N: <a href=\"https:\/\/sites.google.com\/view\/sistemasdealerta\/\"><b>PINCHE AQU\u00cd<\/b><\/a><\/p>\n<\/li>\n<\/ul>\t\t\t\t\t\t\t\t<\/div>\n\t\t\t\t<\/div>\n\t\t\t\t\t<\/div>\n\t\t<\/div>\n\t\t\t\t\t<\/div>\n\t\t<\/section>\n\t\t\t\t<\/div>\n\t\t","protected":false},"excerpt":{"rendered":"<p>DIN\u00c1MICA DE LAS SESIONES ONLINE. Est\u00e1n previstas quince sesiones online (este n\u00famero puede variar). Siguiendo la metodolog\u00eda a distancia la asistencia es recomendable, pero no es obligatoria. En su lugar, se pueden consultar los materiales del curso a trav\u00e9s de la plataforma AGORA Se desarrollan entre diciembre y abril, normalmente los jueves, en horario de [&hellip;]<\/p>\n","protected":false},"author":7621,"featured_media":0,"parent":0,"menu_order":0,"comment_status":"closed","ping_status":"closed","template":"blanco-jsr","meta":{"footnotes":""},"class_list":["post-14581","page","type-page","status-publish","hentry"],"_links":{"self":[{"href":"https:\/\/blogs.uned.es\/sistemadeinformacion\/wp-json\/wp\/v2\/pages\/14581","targetHints":{"allow":["GET"]}}],"collection":[{"href":"https:\/\/blogs.uned.es\/sistemadeinformacion\/wp-json\/wp\/v2\/pages"}],"about":[{"href":"https:\/\/blogs.uned.es\/sistemadeinformacion\/wp-json\/wp\/v2\/types\/page"}],"author":[{"embeddable":true,"href":"https:\/\/blogs.uned.es\/sistemadeinformacion\/wp-json\/wp\/v2\/users\/7621"}],"replies":[{"embeddable":true,"href":"https:\/\/blogs.uned.es\/sistemadeinformacion\/wp-json\/wp\/v2\/comments?post=14581"}],"version-history":[{"count":28,"href":"https:\/\/blogs.uned.es\/sistemadeinformacion\/wp-json\/wp\/v2\/pages\/14581\/revisions"}],"predecessor-version":[{"id":14685,"href":"https:\/\/blogs.uned.es\/sistemadeinformacion\/wp-json\/wp\/v2\/pages\/14581\/revisions\/14685"}],"wp:attachment":[{"href":"https:\/\/blogs.uned.es\/sistemadeinformacion\/wp-json\/wp\/v2\/media?parent=14581"}],"curies":[{"name":"wp","href":"https:\/\/api.w.org\/{rel}","templated":true}]}}