{"id":11969,"date":"2023-08-23T10:29:50","date_gmt":"2023-08-23T10:29:50","guid":{"rendered":"https:\/\/blogs.uned.es\/sistemadeinformacion\/?page_id=11969"},"modified":"2024-07-27T08:27:04","modified_gmt":"2024-07-27T08:27:04","slug":"recursos-y-documentacion","status":"publish","type":"page","link":"https:\/\/blogs.uned.es\/sistemadeinformacion\/recursos-y-documentacion\/","title":{"rendered":"Recursos y documentaci\u00f3n"},"content":{"rendered":"\t\t<div data-elementor-type=\"wp-page\" data-elementor-id=\"11969\" class=\"elementor elementor-11969\" data-elementor-post-type=\"page\">\n\t\t\t\t\t\t<section class=\"elementor-section elementor-top-section elementor-element elementor-element-40958a3 elementor-section-boxed elementor-section-height-default elementor-section-height-default\" data-id=\"40958a3\" data-element_type=\"section\" data-e-type=\"section\">\n\t\t\t\t\t\t<div class=\"elementor-container elementor-column-gap-default\">\n\t\t\t\t\t<div class=\"elementor-column elementor-col-100 elementor-top-column elementor-element elementor-element-778b59c\" data-id=\"778b59c\" data-element_type=\"column\" data-e-type=\"column\">\n\t\t\t<div class=\"elementor-widget-wrap elementor-element-populated\">\n\t\t\t\t\t\t<div class=\"elementor-element elementor-element-bc92a94 elementor-widget elementor-widget-text-editor\" data-id=\"bc92a94\" data-element_type=\"widget\" data-e-type=\"widget\" data-widget_type=\"text-editor.default\">\n\t\t\t\t<div class=\"elementor-widget-container\">\n\t\t\t\t\t\t\t\t\t<p><strong><span style=\"color: #ff0000\">BIBLIOGRAF\u00cdA SELECCIONADA (solo art\u00edculos de libre acceso):<\/span><\/strong><\/p><p><span style=\"color: #000000\"><strong>FUNDAMENTOS Y CONCEPTOS<\/strong><\/span><\/p><ul><li dir=\"ltr\"><p dir=\"ltr\" role=\"presentation\">Ponce Sol\u00e9, J. y Villoria Mendieta, M. (2020). \u00ab<strong><a href=\"https:\/\/gobiernolocal.org\/publicaciones\/2021\/04_ABGCR20_est_intr.pdf\">Estudio introductorio a la edici\u00f3n 2020 sobre la regulaci\u00f3n de la protecci\u00f3n de los alertadores y denunciantes (whistleblowers)<\/a><\/strong>\u00ab. <em>Anuario del Buen Gobierno y de la Calidad de la Regulaci\u00f3n<\/em>, ed. 2020, pp. 31-75.<\/p><\/li><li>P\u00e9rez Mongui\u00f3, J. M. (2019). \u00ab<a href=\"https:\/\/dialnet.unirioja.es\/servlet\/articulo?codigo=7210748&amp;orden=0&amp;info=link\"><strong>Del chivato al cooperador: el whistleblowing<\/strong><\/a>\u00ab. <em>Revista Vasca de Administraci\u00f3n P\u00fablica<\/em>, n\u00fam. 115, pp. 343-375.<\/li><li>Villoria Mendieta, M. (2021). \u00ab<a href=\"https:\/\/dialnet.unirioja.es\/descarga\/articulo\/7846210.pdf\"><strong>Un an\u00e1lisis de la Directiva (UE) 2019\/1937 desde la \u00e9tica p\u00fablica y los retos de la implementaci\u00f3n<\/strong><\/a>\u00ab. <em>Revista Espa\u00f1ola de la Transparencia<\/em>, n\u00fam. 12, pp. 15-24.<\/li><\/ul><p><span style=\"color: #000000\"><strong>PANOR\u00c1MICA GENERAL DE LA LEY Y DE LOS SISTEMAS DE INFORMACI\u00d3N INTERNA<\/strong><\/span><\/p><ul><li>Paraj\u00f3 Calvo, M. (2022). \u00ab<a href=\"https:\/\/revistasonline.inap.es\/index.php\/DA\/article\/view\/11151\"><strong>An\u00e1lisis del proyecto de ley reguladora de la protecci\u00f3n de las personas que informen sobre infracciones normativas y de lucha contra la corrupci\u00f3n<\/strong><\/a>\u00ab. <em>Documentaci\u00f3n Administrativa<\/em> (nueva \u00e9poca), n\u00fam. 9: 43-74.<\/li><li>Sierra-Rodr\u00edguez, J. (2023). \u00ab<a href=\"https:\/\/apps.euskadi.eus\/z16-a5app2\/es\/t59auUdaWar\/R3\/verArticulo?numejem=24&amp;tipo=R&amp;seccion=52&amp;correlativo=1&amp;contenido=1&amp;locale=es\"><strong>Los sistemas internos de informaci\u00f3n en la Ley 2\/2023 de protecci\u00f3n de personas informantes: un an\u00e1lisis jur\u00eddico ante su inmediata exigibilidad<\/strong><\/a>\u00ab. <em>Revista Vasca de Gesti\u00f3n de Personas y Organizaciones<\/em>, n\u00fam. 24.<\/li><li>Viguri Cordero, J. (2023). \u00ab<strong><a href=\"https:\/\/revistatransparencia.com\/ojs\/index.php\/ret\/article\/view\/313\/370\">Los retos de la protecci\u00f3n de las personas informantes en Espa\u00f1a tras la aprobaci\u00f3n de la Ley 2\/2023: un derecho en v\u00edas de consolidaci\u00f3n<\/a><\/strong>\u00ab. <em>Revista Espa\u00f1ola de la Transparencia<\/em>, n\u00fam. 17 (extra): 271-298.<\/li><\/ul><p><span style=\"color: #000000\"><strong>\u00c1MBITO MATERIAL DE APLICACI\u00d3N<\/strong><\/span><\/p><ul><li>Fern\u00e1ndez Ramos, S. (2023). \u00ab<strong><a href=\"https:\/\/laadministracionaldia.inap.es\/noticia.asp?id=1513983\">Ley 2\/2023, de 20 de febrero, de protecci\u00f3n del informante: \u00e1mbito material de aplicaci\u00f3n<\/a><\/strong>\u00ab. <i>Revista General de Derecho Administrativo, <\/i>n\u00fam. 63.<\/li><li>S\u00e1ez Hidalgo, I. (2023). \u00ab<a href=\"https:\/\/diariolaley.laleynext.es\/Content\/Documento.aspx?params=H4sIAAAAAAAEAEWQwW6DMAyGn6Y5TgGmtZdcCj1Uoiu0aNpOkwELomUJihM23n5umTZLkZzf9hf_CdCSSqSALkQwhetUesv1jA20t4LzPfr9oqQILoC5IKnddpsKGt3XM8x6gKCd3YNXjY8odH8q6ysadUIbK69tpycwSfouE671qmgkR_aU7aQUM3riYfWiB7QBxaiHseQTVhYQaSoggCrOefNWHTbpY9FssvbwKgjBd2MFA6pSUwDeK5oAvaPzpC1DH4Cmb2HsB3u63ptXaGf4wlDMwaDt__amEqLtxjqiX1bJ_AvHXpX1L1jANJnl4gz_xL1vcsRvxE-2cLQ5eBeJ_csfvPO_W1oBAAA=WKE\"><b>El \u00e1mbito objetivo de<br \/>aplicaci\u00f3n de la Ley 2\/2023: \u00bfQu\u00e9 comunicaciones pueden justificar el derecho a protecci\u00f3n frente a las represalias?<\/b><\/a>\u00bb <i>Diario La Ley<\/i>, N\u00ba 10274.<\/li><\/ul><p><span style=\"color: #000000\"><strong>IMPLANTACI\u00d3N DEL SISTEMA Y SUS ELEMENTOS<\/strong><\/span><\/p><ul><li>S\u00e1ez Hidalgo, I. (2022). \u00ab<strong><a href=\"https:\/\/diariolaley.laleynext.es\/dll\/2022\/06\/07\/claves-para-la-implantacion-en-el-sector-publico-de-los-canales-de-denuncias-internas\">Claves para la implantaci\u00f3n en el sector p\u00fablico de los canales de denuncias internas<\/a><\/strong>\u00ab. <em>DiariolaLey<\/em> 22\/04\/2022<\/li><li>Capdeferro Vilagrasa, \u00d3. (2023). \u00ab<a href=\"https:\/\/e-revistas.uc3m.es\/index.php\/EUNOM\/article\/view\/8001\/6191\"><b>Canales de denuncia<\/b><\/a>\u00ab. <i>Revista Eunom\u00eda<\/i>, n\u00fam. 25.<\/li><\/ul><p dir=\"ltr\"><strong><span style=\"color: #000000\">PROTECCI\u00d3N DE DATOS<\/span><\/strong><\/p><ul><li>Pauner Chulvi, c. (2023) \u201c<strong>Protecci\u00f3n de las personas informantes en la Directiva (UE) 2019\/1937 y tratamiento de datos de car\u00e1cter personal. Breve referencia a la Ley 2\/2023<\/strong> de protecci\u00f3n de las personas que informen sobre infracciones normativas y de lucha contra la corrupci\u00f3n\u201d, en La implementaci\u00f3n del Reglamento General de Protecci\u00f3n de Datos en Espa\u00f1a y el impacto de sus cl\u00e1usulas abiertas. Tirant lo Blanch, 2023. <span style=\"color: #ff0000\">Versi\u00f3n preprint<\/span> est\u00e1 publicada: <a href=\"http:\/\/hdl.handle.net\/10234\/205121\">\u00a0http:\/\/hdl.handle.net\/10234\/205121<\/a><\/li><\/ul><p><span style=\"color: #000000\"><b>PROTECCI\u00d3N DEL INFORMANTE<\/b><\/span><\/p><ul><li><span style=\"color: #000000\">P\u00e9rez Mongui\u00f3, J. M. (2023).<\/span><strong><span style=\"color: #000000\"><a href=\"https:\/\/revistatransparencia.com\/ojs\/index.php\/ret\/article\/view\/335\">\u00abLas condiciones de protecci\u00f3n del informante<\/a>\u00ab<\/span><\/strong><span style=\"color: #000000\">. <\/span><span style=\"color: #000000\"><em>Revista Espa\u00f1ola de la Transparencia<\/em>, n\u00fam. 18: 133-163<\/span><\/li><\/ul><p><strong><span style=\"color: #000000\">AUTORIDAD INDEPENDIENTE DE PROTECCI\u00d3N DEL INFORMANTE<\/span><\/strong><\/p><p><strong>Textos posteriores a la aprobaci\u00f3n de la Ley<\/strong><\/p><ul><li>Sierra-Rodr\u00edguez, J. (2023) \u00ab<strong><a href=\"https:\/\/recex.tcu.es\/export\/sites\/nuevo-recex\/.galleries\/pdf\/R72_ART-4-JSR.pdf\">La autoridad independiente de protecci\u00f3n del informante en la Ley 2\/2023<\/a><\/strong>\u00ab. <em>Revista Espa\u00f1ola de Control Externo<\/em>, n\u00fam. 72, 2022.<\/li><\/ul><p><strong>Textos anteriores a la aprobaci\u00f3n de la Ley<\/strong><\/p><ul><li>Ponce Sol\u00e9, J. (2017). \u00ab<strong><a href=\"https:\/\/repositorio.uam.es\/bitstream\/handle\/10486\/701380\/ADM10_2.pdf?sequence=1&amp;isAllowed=y\">Las oficinas y agencias locales anticorrupci\u00f3n como instrumentos para promover el buen gobierno y el derecho de los ciudadanos a la buena administraci\u00f3n<\/a><\/strong>\u00ab. <em>Anuario de Derecho Municipal<\/em> 2016, n\u00fam. 10, pp. 47-89.<\/li><li>Ponce Sol\u00e9, J. (2017). \u00ab<strong><a href=\"http:\/\/www.encuentros-multidisciplinares.org\/revista-65\/julio-ponce%20(2).pdf\">Las agencias anticorrupci\u00f3n. Una propuesta de lista de comprobaci\u00f3n de la calidad de su dise\u00f1o normativo<\/a><\/strong>\u00ab. <em>Revista Internacional de Transparencia e Integridad<\/em>, n\u00fam. 3, pp. 1-13.<\/li><\/ul><p><span style=\"color: #000000\"><strong>ASPECTOS CONCRETOS O SINGULARES DE LA APLICACI\u00d3N DE LA LEY 2\/2023<\/strong><\/span><\/p><p>Contrataci\u00f3n p\u00fablica<\/p><ul><li>Fern\u00e1ndez Ramos, S. (2023). \u00ab<a href=\"https:\/\/www.administracionpublica.com\/la-obligacion-de-disponer-de-canal-interno-de-denuncias-y-la-contratacion-publica\/\"><strong>La obligaci\u00f3n de disponer de un canal interno de informaci\u00f3n y la contrataci\u00f3n p\u00fablica<\/strong><\/a>\u00ab. Entrada de blog<\/li><\/ul><p>\u00c1mbito personal de aplicaci\u00f3n<\/p><ul><li>Fern\u00e1ndez Ramos, S. (2023). \u00ab<strong><a href=\"https:\/\/www.hayderecho.com\/2023\/09\/21\/la-cuestionable-exclusion-de-las-fuerzas-y-cuerpos-de-seguridad-del-ambito-del-whistleblowing\/\">La cuestionable exclusi\u00f3n de las Fuerzas y Cuerpos de Seguridad del Estado del \u00e1mbito del whistleblowing<\/a><\/strong>\u00ab. Entrada de blog.<\/li><\/ul>\t\t\t\t\t\t\t\t<\/div>\n\t\t\t\t<\/div>\n\t\t\t\t\t<\/div>\n\t\t<\/div>\n\t\t\t\t\t<\/div>\n\t\t<\/section>\n\t\t\t\t<section class=\"elementor-section elementor-top-section elementor-element elementor-element-0c18556 elementor-section-boxed elementor-section-height-default elementor-section-height-default\" data-id=\"0c18556\" data-element_type=\"section\" data-e-type=\"section\">\n\t\t\t\t\t\t<div class=\"elementor-container elementor-column-gap-default\">\n\t\t\t\t\t<div class=\"elementor-column elementor-col-100 elementor-top-column elementor-element elementor-element-4833316\" data-id=\"4833316\" data-element_type=\"column\" data-e-type=\"column\">\n\t\t\t<div class=\"elementor-widget-wrap elementor-element-populated\">\n\t\t\t\t\t\t<div class=\"elementor-element elementor-element-bfb4bdf elementor-widget elementor-widget-text-editor\" data-id=\"bfb4bdf\" data-element_type=\"widget\" data-e-type=\"widget\" data-widget_type=\"text-editor.default\">\n\t\t\t\t<div class=\"elementor-widget-container\">\n\t\t\t\t\t\t\t\t\t<p><strong><span style=\"color: #ff0000\">NORMATIVA SELECCIONADA (contenido en construcci\u00f3n):<\/span><\/strong><\/p><p><span style=\"color: #000000\"><strong>NORMATIVA PRINCIPAL<\/strong><\/span><\/p><ul><li><a href=\"https:\/\/www.boe.es\/doue\/2019\/305\/L00017-00056.pdf\">Directiva (UE) 2019\/1937 del Parlamento Europeo y del Consejo de 23 de octubre de 2019 relativa a la protecci\u00f3n de las personas que informen sobre infracciones del Derecho de la Uni\u00f3n<\/a>.\u00a0<\/li><li><a href=\"https:\/\/www.boe.es\/buscar\/act.php?id=BOE-A-2023-4513\">Ley 2\/2023, de 20 de febrero, reguladora de la protecci\u00f3n de las personas informantes y de lucha contra la corrupci\u00f3n.<\/a><\/li><\/ul><p><span style=\"color: #000000\"><strong>TEXTOS INTERNACIONALES<\/strong><\/span><\/p><ul><li dir=\"ltr\"><p dir=\"ltr\" role=\"presentation\"><a href=\"https:\/\/www.boe.es\/buscar\/doc.php?id=BOE-A-2006-13012\" target=\"_blank\" rel=\"noopener\">Convenci\u00f3n de Naciones Unidas contra la Corrupci\u00f3n<\/a>\u00a0(2003). Inst. ratificaci\u00f3n por Espa\u00f1a 2005.<\/p><\/li><li dir=\"ltr\"><p dir=\"ltr\" role=\"presentation\"><a href=\"https:\/\/www.boe.es\/diario_boe\/txt.php?id=BOE-A-2010-5259\" target=\"_blank\" rel=\"noopener\">Convenio Civil sobre la Corrupci\u00f3n (n\u00fam. 174) del Consejo de Europa<\/a> (1999). Firmado por Espa\u00f1a 2005 (instr. ratif. publicado en 2010).<\/p><\/li><\/ul><p><span style=\"color: #000000\"><strong>\u00a0<\/strong><\/span><\/p><p><span style=\"color: #000000\"><strong>NORMATIVA AUTON\u00d3MICA Y TEXTOS SOBRE LAS COMUNIDADES AUT\u00d3NOMAS<\/strong><\/span><\/p><p>Andaluc\u00eda:<\/p><ul><li><a href=\"https:\/\/www.boe.es\/diario_boe\/txt.php?id=BOE-A-2021-11380\">Ley 2\/2021, de 18 de junio, de lucha contra el fraude y la corrupci\u00f3n en Andaluc\u00eda y protecci\u00f3n de la persona denunciante.<\/a><\/li><\/ul><p>Arag\u00f3n:<\/p><ul><li><a href=\"https:\/\/www.boe.es\/buscar\/act.php?id=BOE-A-2017-10292\">Ley 5\/2017, de 1 de junio, de Integridad y \u00c9tica P\u00fablicas<\/a><\/li><\/ul><p>Asturias:<\/p><ul><li><a href=\"https:\/\/www.boe.es\/buscar\/doc.php?id=BOE-A-2018-14293\">Ley 8\/2018, de 14 de septiembre, de Transparencia, Buen Gobierno y Grupos de Inter\u00e9s (arts. 59-62)<\/a><\/li><\/ul><p>Castilla y Le\u00f3n:<\/p><ul><li><a href=\"https:\/\/www.boe.es\/buscar\/doc.php?id=BOCL-h-2023-90202\">Decreto-ley 3\/2023, de 11 de mayo, por el que se regula el Sistema Interno de Informaci\u00f3n de la Administraci\u00f3n de la Comunidad de Castilla y Le\u00f3n.<\/a><\/li><li><a href=\"https:\/\/www.boe.es\/diario_boe\/txt.php?id=BOE-A-2024-14546\">Ley 4\/2024, de 9 de mayo<\/a> (D. A. 2\u00aa)<\/li><\/ul><p>Catalu\u00f1a:<\/p><ul><li><a href=\"https:\/\/www.boe.es\/buscar\/act.php?id=BOE-A-2008-19527\">Ley 14\/2008, de 5 de noviembre, de creaci\u00f3n de la Oficina Antifraude de Catalu\u00f1a<\/a><\/li><\/ul><p>Comunidad Valenciana:<\/p><ul><li><a href=\"https:\/\/www.boe.es\/buscar\/pdf\/2016\/BOE-A-2016-12048-consolidado.pdf\">Ley 11\/2016, de 28 de noviembre, de la Agencia de Prevenci\u00f3n y Lucha contra el Fraude y la Corrupci\u00f3n<\/a><\/li><\/ul><p>Galicia:<\/p><ul><li>Paraj\u00f3 Calvo, M. (2023). \u00ab<a href=\"https:\/\/elconsultor.laley.es\/Content\/Documento.aspx?params=H4sIAAAAAAAEAMtMSbF1CTEAAmMLCzNzY7Wy1KLizPw8WyMDI2NDIyNLkEBmWqVLfnJIZUGqbVpiTnEqAEwkUo41AAAAWKE\">Hacia la implantaci\u00f3n del canal externo de informaci\u00f3n en Galicia<\/a>\u00ab. <em>El Consultor de los Ayuntamientos<\/em>, 29 de diciembre de 2023.<\/li><li>S\u00e1ez Hidalgo, I. (2023). \u00ab<a href=\"https:\/\/revistas.ucm.es\/index.php\/FORO\/article\/view\/95146\/4564456569834\">La autoridad administrativa independiente de protecci\u00f3n del informante de la Ley 2\/2023: aspectos m\u00e1s destacables de la Autoridad Gallega de reciente creaci\u00f3n<\/a>\u00ab. <i>Foro<\/i>, vol. 26: 161-172.<\/li><\/ul><p>Madrid:<\/p><ul><li><a href=\"http:\/\/www.madrid.org\/wleg_pub\/secure\/normativas\/contenidoNormativa.jsf?opcion=VerHtml&amp;nmnorma=12788&amp;eli=true#no-back-button\">Decreto 63\/2022, de 20 de julio, del Consejo de Gobierno, por el que se establece y regula el canal interno para el tratamiento de las informaciones sobre posibles infracciones<\/a>.<\/li><\/ul><p>Navarra:<\/p><ul><li><a href=\"https:\/\/www.boe.es\/buscar\/pdf\/2018\/BOE-A-2018-7644-consolidado.pdf\">Ley 7\/2018, de 17 de mayo, de creaci\u00f3n de la Oficina de Buenas Pr\u00e1cticas y Anticorrupci\u00f3n de la Comunidad Foral de Navarra.<\/a><\/li><li><a href=\"http:\/\/www.lexnavarra.navarra.es\/detalle.asp?r=55804\">Decreto Foral 14\/2023, de 1 de marzo, por el que se aprueba el reglamento de organizaci\u00f3n y funcionamiento de la Oficina de Buenas Pr\u00e1cticas y Anticorrupci\u00f3n de la Comunidad Foral de Navarra<\/a>.<\/li><\/ul>\t\t\t\t\t\t\t\t<\/div>\n\t\t\t\t<\/div>\n\t\t\t\t\t<\/div>\n\t\t<\/div>\n\t\t\t\t\t<\/div>\n\t\t<\/section>\n\t\t\t\t<section class=\"elementor-section elementor-top-section elementor-element elementor-element-33b1f94 elementor-section-boxed elementor-section-height-default elementor-section-height-default\" data-id=\"33b1f94\" data-element_type=\"section\" data-e-type=\"section\">\n\t\t\t\t\t\t<div class=\"elementor-container elementor-column-gap-default\">\n\t\t\t\t\t<div class=\"elementor-column elementor-col-100 elementor-top-column elementor-element elementor-element-fa93e74\" data-id=\"fa93e74\" data-element_type=\"column\" data-e-type=\"column\">\n\t\t\t<div class=\"elementor-widget-wrap elementor-element-populated\">\n\t\t\t\t\t\t<div class=\"elementor-element elementor-element-a041e2d elementor-widget elementor-widget-text-editor\" data-id=\"a041e2d\" data-element_type=\"widget\" data-e-type=\"widget\" data-widget_type=\"text-editor.default\">\n\t\t\t\t<div class=\"elementor-widget-container\">\n\t\t\t\t\t\t\t\t\t<p><strong><span style=\"color: #ff0000\">TRAMITACI\u00d3N DE LA LEY 2\/2023:<\/span><\/strong><\/p><p><span style=\"color: #000000\"><strong>Web de la iniciativa en tramitaci\u00f3n parlamentaria: <a href=\"https:\/\/www.congreso.es\/es\/busqueda-de-iniciativas?p_p_id=iniciativas&amp;p_p_lifecycle=0&amp;p_p_state=normal&amp;p_p_mode=view&amp;_iniciativas_mode=mostrarDetalle&amp;_iniciativas_legislatura=XIV&amp;_iniciativas_id=121%2F000123\">ACCESO<\/a><\/strong><\/span><\/p><p>\u00a0<\/p>\t\t\t\t\t\t\t\t<\/div>\n\t\t\t\t<\/div>\n\t\t\t\t\t<\/div>\n\t\t<\/div>\n\t\t\t\t\t<\/div>\n\t\t<\/section>\n\t\t\t\t<\/div>\n\t\t","protected":false},"excerpt":{"rendered":"<p>BIBLIOGRAF\u00cdA SELECCIONADA (solo art\u00edculos de libre acceso): FUNDAMENTOS Y CONCEPTOS Ponce Sol\u00e9, J. y Villoria Mendieta, M. (2020). \u00abEstudio introductorio a la edici\u00f3n 2020 sobre la regulaci\u00f3n de la protecci\u00f3n de los alertadores y denunciantes (whistleblowers)\u00ab. Anuario del Buen Gobierno y de la Calidad de la Regulaci\u00f3n, ed. 2020, pp. 31-75. P\u00e9rez Mongui\u00f3, J. M. [&hellip;]<\/p>\n","protected":false},"author":7621,"featured_media":0,"parent":0,"menu_order":0,"comment_status":"closed","ping_status":"closed","template":"blanco-jsr","meta":{"footnotes":""},"class_list":["post-11969","page","type-page","status-publish","hentry"],"_links":{"self":[{"href":"https:\/\/blogs.uned.es\/sistemadeinformacion\/wp-json\/wp\/v2\/pages\/11969","targetHints":{"allow":["GET"]}}],"collection":[{"href":"https:\/\/blogs.uned.es\/sistemadeinformacion\/wp-json\/wp\/v2\/pages"}],"about":[{"href":"https:\/\/blogs.uned.es\/sistemadeinformacion\/wp-json\/wp\/v2\/types\/page"}],"author":[{"embeddable":true,"href":"https:\/\/blogs.uned.es\/sistemadeinformacion\/wp-json\/wp\/v2\/users\/7621"}],"replies":[{"embeddable":true,"href":"https:\/\/blogs.uned.es\/sistemadeinformacion\/wp-json\/wp\/v2\/comments?post=11969"}],"version-history":[{"count":87,"href":"https:\/\/blogs.uned.es\/sistemadeinformacion\/wp-json\/wp\/v2\/pages\/11969\/revisions"}],"predecessor-version":[{"id":14015,"href":"https:\/\/blogs.uned.es\/sistemadeinformacion\/wp-json\/wp\/v2\/pages\/11969\/revisions\/14015"}],"wp:attachment":[{"href":"https:\/\/blogs.uned.es\/sistemadeinformacion\/wp-json\/wp\/v2\/media?parent=11969"}],"curies":[{"name":"wp","href":"https:\/\/api.w.org\/{rel}","templated":true}]}}