{"id":31,"date":"2019-10-09T10:31:23","date_gmt":"2019-10-09T08:31:23","guid":{"rendered":"http:\/\/blogs.uned.es\/simposioceamsoic\/?page_id=31"},"modified":"2023-01-16T10:04:00","modified_gmt":"2023-01-16T09:04:00","slug":"quienes","status":"publish","type":"page","link":"https:\/\/blogs.uned.es\/simposioceamsoic\/quienes\/","title":{"rendered":"Qui\u00e9nes somos"},"content":{"rendered":"\t\t<div data-elementor-type=\"wp-page\" data-elementor-id=\"31\" class=\"elementor elementor-31\">\n\t\t\t\t\t\t<section class=\"elementor-section elementor-top-section elementor-element elementor-element-323f72d elementor-section-stretched elementor-section-height-min-height elementor-section-content-middle elementor-section-boxed elementor-section-height-default elementor-section-items-middle\" data-id=\"323f72d\" data-element_type=\"section\" data-e-type=\"section\" data-settings=\"{&quot;stretch_section&quot;:&quot;section-stretched&quot;,&quot;background_background&quot;:&quot;classic&quot;}\">\n\t\t\t\t\t\t<div class=\"elementor-container elementor-column-gap-default\">\n\t\t\t\t\t<div class=\"elementor-column elementor-col-100 elementor-top-column elementor-element elementor-element-8292dc7\" data-id=\"8292dc7\" data-element_type=\"column\" data-e-type=\"column\">\n\t\t\t<div class=\"elementor-widget-wrap elementor-element-populated\">\n\t\t\t\t\t\t<section class=\"elementor-section elementor-inner-section elementor-element elementor-element-1bdd6da elementor-section-boxed elementor-section-height-default elementor-section-height-default\" data-id=\"1bdd6da\" data-element_type=\"section\" data-e-type=\"section\">\n\t\t\t\t\t\t<div class=\"elementor-container elementor-column-gap-default\">\n\t\t\t\t\t<div class=\"elementor-column elementor-col-50 elementor-inner-column elementor-element elementor-element-74ff986\" data-id=\"74ff986\" data-element_type=\"column\" data-e-type=\"column\">\n\t\t\t<div class=\"elementor-widget-wrap elementor-element-populated\">\n\t\t\t\t\t\t<div class=\"elementor-element elementor-element-8d632ba elementor-position-top elementor-widget elementor-widget-image-box\" data-id=\"8d632ba\" data-element_type=\"widget\" data-e-type=\"widget\" data-widget_type=\"image-box.default\">\n\t\t\t\t<div class=\"elementor-widget-container\">\n\t\t\t\t\t<div class=\"elementor-image-box-wrapper\"><figure class=\"elementor-image-box-img\"><img decoding=\"async\" width=\"250\" height=\"116\" src=\"https:\/\/blogs.uned.es\/simposioceamsoic\/wp-content\/uploads\/sites\/387\/2022\/10\/logo-e1666349570271.png\" class=\"attachment-full size-full wp-image-571\" alt=\"\" \/><\/figure><div class=\"elementor-image-box-content\"><h3 class=\"elementor-image-box-title\">II Simposio Conjunto <br>Grupos Tem\u00e1ticos CEA<\/h3><p class=\"elementor-image-box-description\">Ingenier\u00eda de Control y\nModelado, Simulaci\u00f3n y Optimizaci\u00f3n<\/p><\/div><\/div>\t\t\t\t<\/div>\n\t\t\t\t<\/div>\n\t\t\t\t\t<\/div>\n\t\t<\/div>\n\t\t\t\t<div class=\"elementor-column elementor-col-50 elementor-inner-column elementor-element elementor-element-a8ac438\" data-id=\"a8ac438\" data-element_type=\"column\" data-e-type=\"column\">\n\t\t\t<div class=\"elementor-widget-wrap elementor-element-populated\">\n\t\t\t\t\t\t<div class=\"elementor-element elementor-element-e41b967 elementor-widget elementor-widget-heading\" data-id=\"e41b967\" data-element_type=\"widget\" data-e-type=\"widget\" data-widget_type=\"heading.default\">\n\t\t\t\t<div class=\"elementor-widget-container\">\n\t\t\t\t\t<h2 class=\"elementor-heading-title elementor-size-xxl\">Env\u00edo de trabajos<\/h2>\t\t\t\t<\/div>\n\t\t\t\t<\/div>\n\t\t\t\t\t<\/div>\n\t\t<\/div>\n\t\t\t\t\t<\/div>\n\t\t<\/section>\n\t\t\t\t\t<\/div>\n\t\t<\/div>\n\t\t\t\t\t<\/div>\n\t\t<\/section>\n\t\t\t\t<section class=\"elementor-section elementor-top-section elementor-element elementor-element-7dba139 elementor-section-boxed elementor-section-height-default elementor-section-height-default\" data-id=\"7dba139\" data-element_type=\"section\" data-e-type=\"section\">\n\t\t\t\t\t\t<div class=\"elementor-container elementor-column-gap-default\">\n\t\t\t\t\t<div class=\"elementor-column elementor-col-100 elementor-top-column elementor-element elementor-element-c671015\" data-id=\"c671015\" data-element_type=\"column\" data-e-type=\"column\">\n\t\t\t<div class=\"elementor-widget-wrap elementor-element-populated\">\n\t\t\t\t\t\t<div class=\"elementor-element elementor-element-f954e42 elementor-widget elementor-widget-text-editor\" data-id=\"f954e42\" data-element_type=\"widget\" data-e-type=\"widget\" data-widget_type=\"text-editor.default\">\n\t\t\t\t<div class=\"elementor-widget-container\">\n\t\t\t\t\t\t\t\t\t<p>Los investigadores y doctorandos que deseen compartir por escrito sus avances en las \u00e1reas de Ingenier\u00eda de Control o\u00a0Modelado, Simulaci\u00f3n y Optimizaci\u00f3n, pueden hacerlo enviando sus trabajos al Comit\u00e9 del Simposio en forma de \u00a0resumen (2 pags max) o art\u00edculo (6 pags max), que posteriormente se incluir\u00e1 en las Actas del evento. Los doctorandos cuyos art\u00edculos cerca de su Tesis en curso sean mejor valorados por el Comit\u00e9 del Simposio, ser\u00e1n invitados a exponer sus trabajos mediante presentaci\u00f3n oral\u00a0en las presentaciones de doctorandos.<\/p><p>Los trabajos se enviar\u00e1n por correo electr\u00f3nico a la direcci\u00f3n <a href=\"mailto:simposioic-mso@dia.uned.es\">simposioic-mso@dia.uned.es<\/a>, indicando en el asunto\u00a0<strong>\u201c<\/strong><strong>Abstract IC-MSO 2023\u201d.<\/strong><\/p><p><strong>La fecha l\u00edmite para el env\u00edo de trabajos es el 31 de marzo de 2023.<\/strong><\/p><p>En el fichero comprimido adjunto est\u00e1n disponibles las platillas para Microsoft Office y para L\u00e1tex.<\/p>\t\t\t\t\t\t\t\t<\/div>\n\t\t\t\t<\/div>\n\t\t\t\t<div class=\"elementor-element elementor-element-300733c elementor-widget elementor-widget-button\" data-id=\"300733c\" data-element_type=\"widget\" data-e-type=\"widget\" data-widget_type=\"button.default\">\n\t\t\t\t<div class=\"elementor-widget-container\">\n\t\t\t\t\t\t\t\t\t<div class=\"elementor-button-wrapper\">\n\t\t\t\t\t<a class=\"elementor-button elementor-button-link elementor-size-sm\" href=\"https:\/\/www.ubu.es\/sites\/default\/files\/portal_page\/files\/plantillas_simposio.zip\">\n\t\t\t\t\t\t<span class=\"elementor-button-content-wrapper\">\n\t\t\t\t\t\t\t\t\t<span class=\"elementor-button-text\">Descarga<\/span>\n\t\t\t\t\t<\/span>\n\t\t\t\t\t<\/a>\n\t\t\t\t<\/div>\n\t\t\t\t\t\t\t\t<\/div>\n\t\t\t\t<\/div>\n\t\t\t\t\t<\/div>\n\t\t<\/div>\n\t\t\t\t\t<\/div>\n\t\t<\/section>\n\t\t\t\t<\/div>\n\t\t","protected":false},"excerpt":{"rendered":"<p>II Simposio Conjunto Grupos Tem\u00e1ticos CEA Ingenier\u00eda de Control y Modelado, Simulaci\u00f3n y Optimizaci\u00f3n Env\u00edo de trabajos Los investigadores y doctorandos que deseen compartir por escrito sus avances en las \u00e1reas de Ingenier\u00eda de Control o\u00a0Modelado, Simulaci\u00f3n y Optimizaci\u00f3n, pueden hacerlo enviando sus trabajos al Comit\u00e9 del Simposio en forma de \u00a0resumen (2 pags max) o art\u00edculo (6 pags max), que posteriormente se incluir\u00e1 en las Actas del evento. Los doctorandos cuyos art\u00edculos cerca de su Tesis en curso sean mejor valorados por el Comit\u00e9 del Simposio, ser\u00e1n invitados a exponer sus trabajos mediante presentaci\u00f3n oral\u00a0en las presentaciones de doctorandos. Los trabajos se enviar\u00e1n por correo electr\u00f3nico a la direcci\u00f3n simposioic-mso@dia.uned.es, indicando en el asunto\u00a0\u201cAbstract IC-MSO 2023\u201d. La fecha l\u00edmite para el env\u00edo de trabajos es el 31 de marzo de 2023. En el fichero comprimido adjunto est\u00e1n disponibles las platillas para Microsoft Office y para L\u00e1tex. Descarga<\/p>\n","protected":false},"author":1,"featured_media":0,"parent":0,"menu_order":0,"comment_status":"closed","ping_status":"closed","template":"","meta":{"footnotes":""},"class_list":["post-31","page","type-page","status-publish"],"_links":{"self":[{"href":"https:\/\/blogs.uned.es\/simposioceamsoic\/wp-json\/wp\/v2\/pages\/31","targetHints":{"allow":["GET"]}}],"collection":[{"href":"https:\/\/blogs.uned.es\/simposioceamsoic\/wp-json\/wp\/v2\/pages"}],"about":[{"href":"https:\/\/blogs.uned.es\/simposioceamsoic\/wp-json\/wp\/v2\/types\/page"}],"author":[{"embeddable":true,"href":"https:\/\/blogs.uned.es\/simposioceamsoic\/wp-json\/wp\/v2\/users\/1"}],"replies":[{"embeddable":true,"href":"https:\/\/blogs.uned.es\/simposioceamsoic\/wp-json\/wp\/v2\/comments?post=31"}],"version-history":[{"count":44,"href":"https:\/\/blogs.uned.es\/simposioceamsoic\/wp-json\/wp\/v2\/pages\/31\/revisions"}],"predecessor-version":[{"id":1217,"href":"https:\/\/blogs.uned.es\/simposioceamsoic\/wp-json\/wp\/v2\/pages\/31\/revisions\/1217"}],"wp:attachment":[{"href":"https:\/\/blogs.uned.es\/simposioceamsoic\/wp-json\/wp\/v2\/media?parent=31"}],"curies":[{"name":"wp","href":"https:\/\/api.w.org\/{rel}","templated":true}]}}