{"id":27,"date":"2019-10-09T10:31:09","date_gmt":"2019-10-09T08:31:09","guid":{"rendered":"http:\/\/blogs.uned.es\/simposioceamsoic\/?page_id=27"},"modified":"2023-01-17T15:08:24","modified_gmt":"2023-01-17T14:08:24","slug":"conocenos","status":"publish","type":"page","link":"https:\/\/blogs.uned.es\/simposioceamsoic\/conocenos\/","title":{"rendered":"Comit\u00e9s"},"content":{"rendered":"\t\t<div data-elementor-type=\"wp-page\" data-elementor-id=\"27\" class=\"elementor elementor-27\">\n\t\t\t\t\t\t<section class=\"elementor-section elementor-top-section elementor-element elementor-element-44d13a5 elementor-section-stretched elementor-section-full_width elementor-section-height-min-height elementor-section-height-default elementor-section-items-middle\" data-id=\"44d13a5\" data-element_type=\"section\" data-e-type=\"section\" data-settings=\"{&quot;stretch_section&quot;:&quot;section-stretched&quot;,&quot;background_background&quot;:&quot;classic&quot;}\">\n\t\t\t\t\t\t<div class=\"elementor-container elementor-column-gap-default\">\n\t\t\t\t\t<div class=\"elementor-column elementor-col-100 elementor-top-column elementor-element elementor-element-2398ba7\" data-id=\"2398ba7\" data-element_type=\"column\" data-e-type=\"column\">\n\t\t\t<div class=\"elementor-widget-wrap elementor-element-populated\">\n\t\t\t\t\t\t<section class=\"elementor-section elementor-inner-section elementor-element elementor-element-43cd904 elementor-section-boxed elementor-section-height-default elementor-section-height-default\" data-id=\"43cd904\" data-element_type=\"section\" data-e-type=\"section\">\n\t\t\t\t\t\t<div class=\"elementor-container elementor-column-gap-default\">\n\t\t\t\t\t<div class=\"elementor-column elementor-col-50 elementor-inner-column elementor-element elementor-element-50663a6\" data-id=\"50663a6\" data-element_type=\"column\" data-e-type=\"column\">\n\t\t\t<div class=\"elementor-widget-wrap elementor-element-populated\">\n\t\t\t\t\t\t<div class=\"elementor-element elementor-element-3c6398e elementor-position-top elementor-widget elementor-widget-image-box\" data-id=\"3c6398e\" data-element_type=\"widget\" data-e-type=\"widget\" data-widget_type=\"image-box.default\">\n\t\t\t\t<div class=\"elementor-widget-container\">\n\t\t\t\t\t<div class=\"elementor-image-box-wrapper\"><figure class=\"elementor-image-box-img\"><img decoding=\"async\" width=\"250\" height=\"116\" src=\"https:\/\/blogs.uned.es\/simposioceamsoic\/wp-content\/uploads\/sites\/387\/2022\/10\/logo-e1666349570271.png\" class=\"attachment-full size-full wp-image-571\" alt=\"\" \/><\/figure><div class=\"elementor-image-box-content\"><h3 class=\"elementor-image-box-title\">II Simposio Conjunto <br>Grupos Tem\u00e1ticos CEA<\/h3><p class=\"elementor-image-box-description\">Ingenier\u00eda de Control y\nModelado, Simulaci\u00f3n y Optimizaci\u00f3n<\/p><\/div><\/div>\t\t\t\t<\/div>\n\t\t\t\t<\/div>\n\t\t\t\t\t<\/div>\n\t\t<\/div>\n\t\t\t\t<div class=\"elementor-column elementor-col-50 elementor-inner-column elementor-element elementor-element-83aedd2\" data-id=\"83aedd2\" data-element_type=\"column\" data-e-type=\"column\">\n\t\t\t<div class=\"elementor-widget-wrap elementor-element-populated\">\n\t\t\t\t\t\t<div class=\"elementor-element elementor-element-8969aab elementor-widget elementor-widget-heading\" data-id=\"8969aab\" data-element_type=\"widget\" data-e-type=\"widget\" data-widget_type=\"heading.default\">\n\t\t\t\t<div class=\"elementor-widget-container\">\n\t\t\t\t\t<h2 class=\"elementor-heading-title elementor-size-default\">Comit\u00e9s<\/h2>\t\t\t\t<\/div>\n\t\t\t\t<\/div>\n\t\t\t\t\t<\/div>\n\t\t<\/div>\n\t\t\t\t\t<\/div>\n\t\t<\/section>\n\t\t\t\t\t<\/div>\n\t\t<\/div>\n\t\t\t\t\t<\/div>\n\t\t<\/section>\n\t\t\t\t<section class=\"elementor-section elementor-top-section elementor-element elementor-element-6fb92f98 elementor-section-full_width elementor-section-height-default elementor-section-height-default\" data-id=\"6fb92f98\" data-element_type=\"section\" data-e-type=\"section\">\n\t\t\t\t\t\t<div class=\"elementor-container elementor-column-gap-default\">\n\t\t\t\t\t<div class=\"elementor-column elementor-col-100 elementor-top-column elementor-element elementor-element-7a1d38f4\" data-id=\"7a1d38f4\" data-element_type=\"column\" data-e-type=\"column\">\n\t\t\t<div class=\"elementor-widget-wrap elementor-element-populated\">\n\t\t\t\t\t\t<div class=\"elementor-element elementor-element-c58cb62 elementor-widget elementor-widget-heading\" data-id=\"c58cb62\" data-element_type=\"widget\" data-e-type=\"widget\" data-widget_type=\"heading.default\">\n\t\t\t\t<div class=\"elementor-widget-container\">\n\t\t\t\t\t<h3 class=\"elementor-heading-title elementor-size-default\"><br><br>Comit\u00e9 local<\/h3>\t\t\t\t<\/div>\n\t\t\t\t<\/div>\n\t\t\t\t<div class=\"elementor-element elementor-element-a016ff8 elementor-widget elementor-widget-text-editor\" data-id=\"a016ff8\" data-element_type=\"widget\" data-e-type=\"widget\" data-widget_type=\"text-editor.default\">\n\t\t\t\t<div class=\"elementor-widget-container\">\n\t\t\t\t\t\t\t\t\t<ul><li>Mar\u00eda Guinaldo Losada<\/li><li>Jos\u00e9 S\u00e1nchez Moreno<\/li><li>Fernando Morilla Garc\u00eda<\/li><\/ul><h3 style=\"color: #0074aa\" data-elementor-setting-key=\"title\" data-pen-placeholder=\"Teclea aqu\u00ed...\">Comit\u00e9 local (Comit\u00e9 Espa\u00f1ol de Autom\u00e1tica)<\/h3><ul><li>Manuel Gil Ortega Linares (Coordinador del Grupo Tem\u00e1tico de Ingenier\u00eda de Control)<\/li><li>Carlos Vilas Fern\u00e1ndez (Coordinador del Grupo Tem\u00e1tico de Modelado Simulaci\u00f3n y Optimizaci\u00f3n)<\/li><li>Javier Rico Azagra (Coordinador suplente del Grupo Tem\u00e1tico de Ingenier\u00eda de Control)<\/li><li>Alejandro Vignoni (Coordinador suplente del Grupo Tem\u00e1tico de Modelado Simulaci\u00f3n y Optimizaci\u00f3n)<\/li><\/ul>\t\t\t\t\t\t\t\t<\/div>\n\t\t\t\t<\/div>\n\t\t\t\t\t<\/div>\n\t\t<\/div>\n\t\t\t\t\t<\/div>\n\t\t<\/section>\n\t\t\t\t<\/div>\n\t\t","protected":false},"excerpt":{"rendered":"<p>II Simposio Conjunto Grupos Tem\u00e1ticos CEA Ingenier\u00eda de Control y Modelado, Simulaci\u00f3n y Optimizaci\u00f3n Comit\u00e9s Comit\u00e9 local Mar\u00eda Guinaldo Losada Jos\u00e9 S\u00e1nchez Moreno Fernando Morilla Garc\u00eda Comit\u00e9 local (Comit\u00e9 Espa\u00f1ol de Autom\u00e1tica) Manuel Gil Ortega Linares (Coordinador del Grupo Tem\u00e1tico de Ingenier\u00eda de Control) Carlos Vilas Fern\u00e1ndez (Coordinador del Grupo Tem\u00e1tico de Modelado Simulaci\u00f3n y Optimizaci\u00f3n) Javier Rico Azagra (Coordinador suplente del Grupo Tem\u00e1tico de Ingenier\u00eda de Control) Alejandro Vignoni (Coordinador suplente del Grupo Tem\u00e1tico de Modelado Simulaci\u00f3n y Optimizaci\u00f3n)<\/p>\n","protected":false},"author":1,"featured_media":0,"parent":0,"menu_order":0,"comment_status":"closed","ping_status":"closed","template":"","meta":{"footnotes":""},"class_list":["post-27","page","type-page","status-publish"],"_links":{"self":[{"href":"https:\/\/blogs.uned.es\/simposioceamsoic\/wp-json\/wp\/v2\/pages\/27","targetHints":{"allow":["GET"]}}],"collection":[{"href":"https:\/\/blogs.uned.es\/simposioceamsoic\/wp-json\/wp\/v2\/pages"}],"about":[{"href":"https:\/\/blogs.uned.es\/simposioceamsoic\/wp-json\/wp\/v2\/types\/page"}],"author":[{"embeddable":true,"href":"https:\/\/blogs.uned.es\/simposioceamsoic\/wp-json\/wp\/v2\/users\/1"}],"replies":[{"embeddable":true,"href":"https:\/\/blogs.uned.es\/simposioceamsoic\/wp-json\/wp\/v2\/comments?post=27"}],"version-history":[{"count":39,"href":"https:\/\/blogs.uned.es\/simposioceamsoic\/wp-json\/wp\/v2\/pages\/27\/revisions"}],"predecessor-version":[{"id":1241,"href":"https:\/\/blogs.uned.es\/simposioceamsoic\/wp-json\/wp\/v2\/pages\/27\/revisions\/1241"}],"wp:attachment":[{"href":"https:\/\/blogs.uned.es\/simposioceamsoic\/wp-json\/wp\/v2\/media?parent=27"}],"curies":[{"name":"wp","href":"https:\/\/api.w.org\/{rel}","templated":true}]}}