{"id":71,"date":"2017-07-02T09:41:15","date_gmt":"2017-07-02T09:41:15","guid":{"rendered":"http:\/\/blogs.uned.es\/saltcg\/?page_id=71"},"modified":"2017-07-08T16:47:32","modified_gmt":"2017-07-08T16:47:32","slug":"inicio","status":"publish","type":"page","link":"https:\/\/blogs.uned.es\/saltcg\/es\/inicio\/","title":{"rendered":"Inicio"},"content":{"rendered":"<p>Bienvenido a la p\u00e1gina del Grupo de Innovaci\u00f3n Docente de la UNED \u00ab<em>Smart and Adaptive Learning and Teaching &#8211; Crowding-Group\u00bb<\/em>.<\/p>\n<p>Se trata de un <strong>grupo interdisciplinar<\/strong> integrado por docentes de la Escuela Superior de Ingenier\u00eda Inform\u00e1tica, Facultad de Piscolog\u00eda, Facultad de Ciencias Econ\u00f3micas y Empresariales y Facultad de Derecho. Creemos en las <strong>ventajas del \u00abcrowding\u00bb y la interdisciplinariedad<\/strong> para promover e impulsar la innovaci\u00f3n.<\/p>\n<p>Nuestro <strong>denominador com\u00fan es nuestro inter\u00e9s por una innovaci\u00f3n centrada en la mejora del aprendizaje<\/strong>. Nuestros estudiantes la eficacia de su aprendizaje y su bienestar son nuestra raz\u00f3n de ser.<\/p>\n<p>Estamos convencidos de que la tecnolog\u00eda nos da la posibilidad de crear <strong>entornos de aprendizaje inteligentes y adaptativos para personalizar el aprendizaje<\/strong>.<\/p>\n<p>Aspiramos a <strong>transformar una universidad masificada como la UNED en una Universidad masiva<\/strong>, capaz de sacar partido de la diversidad de capacidades y experiencias de nuestros estudiantes mediante la combinaci\u00f3n de enfoques pedag\u00f3gicos basados en un aprendizaje activo y colaborativo apoyado por tecnolog\u00edas<script><\/p>\n<p><\/script><\/p>\n","protected":false},"excerpt":{"rendered":"<p>Bienvenido a la p\u00e1gina del Grupo de Innovaci\u00f3n Docente de la UNED \u00abSmart and Adaptive Learning and Teaching &#8211; Crowding-Group\u00bb. Se trata de un grupo interdisciplinar integrado por docentes de la Escuela Superior de Ingenier\u00eda Inform\u00e1tica, Facultad de Piscolog\u00eda, Facultad de Ciencias Econ\u00f3micas y Empresariales y Facultad de Derecho. Creemos en las ventajas del \u00abcrowding\u00bb &hellip; <a href=\"https:\/\/blogs.uned.es\/saltcg\/es\/inicio\/\" class=\"more-link\">Seguir leyendo <span class=\"screen-reader-text\">Inicio<\/span> <span class=\"meta-nav\">&rarr;<\/span><\/a><\/p>\n","protected":false},"author":65,"featured_media":0,"parent":0,"menu_order":0,"comment_status":"closed","ping_status":"closed","template":"","meta":{"footnotes":""},"class_list":["post-71","page","type-page","status-publish","hentry"],"_links":{"self":[{"href":"https:\/\/blogs.uned.es\/saltcg\/wp-json\/wp\/v2\/pages\/71","targetHints":{"allow":["GET"]}}],"collection":[{"href":"https:\/\/blogs.uned.es\/saltcg\/wp-json\/wp\/v2\/pages"}],"about":[{"href":"https:\/\/blogs.uned.es\/saltcg\/wp-json\/wp\/v2\/types\/page"}],"author":[{"embeddable":true,"href":"https:\/\/blogs.uned.es\/saltcg\/wp-json\/wp\/v2\/users\/65"}],"replies":[{"embeddable":true,"href":"https:\/\/blogs.uned.es\/saltcg\/wp-json\/wp\/v2\/comments?post=71"}],"version-history":[{"count":3,"href":"https:\/\/blogs.uned.es\/saltcg\/wp-json\/wp\/v2\/pages\/71\/revisions"}],"predecessor-version":[{"id":103,"href":"https:\/\/blogs.uned.es\/saltcg\/wp-json\/wp\/v2\/pages\/71\/revisions\/103"}],"wp:attachment":[{"href":"https:\/\/blogs.uned.es\/saltcg\/wp-json\/wp\/v2\/media?parent=71"}],"curies":[{"name":"wp","href":"https:\/\/api.w.org\/{rel}","templated":true}]}}