{"id":403,"date":"2018-02-20T17:41:22","date_gmt":"2018-02-20T17:41:22","guid":{"rendered":"http:\/\/blogs.uned.es\/saltcg\/?page_id=403"},"modified":"2018-02-28T16:29:11","modified_gmt":"2018-02-28T16:29:11","slug":"unedtrivial-funcionalidades-para-el-estudiante","status":"publish","type":"page","link":"https:\/\/blogs.uned.es\/saltcg\/es\/unedtrivial-funcionalidades-para-el-estudiante\/","title":{"rendered":"UNEDTrivial. Funcionalidades para el estudiante"},"content":{"rendered":"<p>\n<!-- iframe plugin v.6.0 wordpress.org\/plugins\/iframe\/ -->\n<iframe loading=\"lazy\" width=\"630\" height=\"487\" src=\"https:\/\/www.useloom.com\/embed\/89e0ad45d84647fbb919425332911bcd\" frameborder=\"0\" 0=\"webkitallowfullscreen\" 1=\"mozallowfullscreen\" 2=\"allowfullscreen&gt;\" scrolling=\"yes\" class=\"iframe-class\"><\/iframe>\nAl inscribirse en un trivial, el estudiante:<\/p>\n<ul>\n<li>Recibe\u00a0preguntas tipo test de la asignatura diariamente en su correo electr\u00f3nico<\/li>\n<li>Estas pueden ser respondidas desde dispositivos m\u00f3viles y ordenadores<\/li>\n<li>Cada pregunta contiene un feedback, que permite aprender a\u00fan cuando se haya fallado.<\/li>\n<li>Las preguntas respondidas err\u00f3neamente se reenv\u00edan autom\u00e1ticamente en el plazo establecido por el profesor<\/li>\n<li>Las contestadas correctamente se reenv\u00edan para consolidar lo aprendido<\/li>\n<li>Cuando una pregunta se responde correctamente en dos d\u00edas distintos de manera consecutiva, se retira<\/li>\n<li>Cada vez que se responde a una pregunta se tiene acceso a un mini-tablero de puntuaciones (5 posiciones) para conocer la posici\u00f3n relativa en el ranking.<\/li>\n<li>Obtener los badges o insignias creadas por el docente tras superar trivials por temas o bloques de la asignatura<\/li>\n<li>Puede consultar su posici\u00f3n en el ranking absoluto y consultar su historial de respuestas con fallos y aciertos.<\/li>\n<\/ul>\n<p>Todo esto le\u00a0 permite:<\/p>\n<ul>\n<li>Aprovechar tiempos muertos repasando y consolidado lo estudiado<\/li>\n<li>Mantener un contacto diario con las asignaturas en las que est\u00e1 matriculado<\/li>\n<li>Repasar lo estudiando beneficiandose del efecto test<\/li>\n<li>Incrementar la retenci\u00f3n a largo plazo gracias al espaciamiento de las preguntas<\/li>\n<li>Divertirse jugando con sus compa\u00f1eros de estudio.<\/li>\n<\/ul>\n<p><script><\/p>\n<p><\/script><\/p>\n","protected":false},"excerpt":{"rendered":"<p>Al inscribirse en un trivial, el estudiante: Recibe\u00a0preguntas tipo test de la asignatura diariamente en su correo electr\u00f3nico Estas pueden ser respondidas desde dispositivos m\u00f3viles y ordenadores Cada pregunta contiene un feedback, que permite aprender a\u00fan cuando se haya fallado. Las preguntas respondidas err\u00f3neamente se reenv\u00edan autom\u00e1ticamente en el plazo establecido por el profesor Las &hellip; <a href=\"https:\/\/blogs.uned.es\/saltcg\/es\/unedtrivial-funcionalidades-para-el-estudiante\/\" class=\"more-link\">Seguir leyendo <span class=\"screen-reader-text\">UNEDTrivial. Funcionalidades para el estudiante<\/span> <span class=\"meta-nav\">&rarr;<\/span><\/a><\/p>\n","protected":false},"author":65,"featured_media":0,"parent":0,"menu_order":0,"comment_status":"closed","ping_status":"closed","template":"","meta":{"footnotes":""},"class_list":["post-403","page","type-page","status-publish","hentry"],"_links":{"self":[{"href":"https:\/\/blogs.uned.es\/saltcg\/wp-json\/wp\/v2\/pages\/403","targetHints":{"allow":["GET"]}}],"collection":[{"href":"https:\/\/blogs.uned.es\/saltcg\/wp-json\/wp\/v2\/pages"}],"about":[{"href":"https:\/\/blogs.uned.es\/saltcg\/wp-json\/wp\/v2\/types\/page"}],"author":[{"embeddable":true,"href":"https:\/\/blogs.uned.es\/saltcg\/wp-json\/wp\/v2\/users\/65"}],"replies":[{"embeddable":true,"href":"https:\/\/blogs.uned.es\/saltcg\/wp-json\/wp\/v2\/comments?post=403"}],"version-history":[{"count":7,"href":"https:\/\/blogs.uned.es\/saltcg\/wp-json\/wp\/v2\/pages\/403\/revisions"}],"predecessor-version":[{"id":523,"href":"https:\/\/blogs.uned.es\/saltcg\/wp-json\/wp\/v2\/pages\/403\/revisions\/523"}],"wp:attachment":[{"href":"https:\/\/blogs.uned.es\/saltcg\/wp-json\/wp\/v2\/media?parent=403"}],"curies":[{"name":"wp","href":"https:\/\/api.w.org\/{rel}","templated":true}]}}