{"id":399,"date":"2018-02-20T17:31:03","date_gmt":"2018-02-20T17:31:03","guid":{"rendered":"http:\/\/blogs.uned.es\/saltcg\/?page_id=399"},"modified":"2018-02-23T13:54:49","modified_gmt":"2018-02-23T13:54:49","slug":"unedtrivial","status":"publish","type":"page","link":"https:\/\/blogs.uned.es\/saltcg\/es\/unedtrivial\/","title":{"rendered":"UNEDTrivial"},"content":{"rendered":"<h3>UNEDTrivial (test espaciados)<\/h3>\n\n<!-- iframe plugin v.6.0 wordpress.org\/plugins\/iframe\/ -->\n<iframe loading=\"lazy\" width=\"630\" height=\"508\" src=\"https:\/\/www.useloom.com\/embed\/df2928e3a8c148828c30fc01d0a6a701\" frameborder=\"0\" 0=\"webkitallowfullscreen\" 1=\"mozallowfullscreen\" 2=\"allowfullscreen&gt;\" scrolling=\"yes\" class=\"iframe-class\"><\/iframe>\n\n<p>UNEDTrivial es un plugin de Moodle desarrollado como resultado de un Trabajo de Fin de Master dirigido por Miguel Santamar\u00eda y cuyo autor es Juan David Castell\u00f3n, un estudiante del Master de Comunicaci\u00f3n y Educaci\u00f3n en la Red de la UNED.<\/p>\n<p>Esta disponible en el <a href=\"https:\/\/moodle.org\/plugins\/mod_unedtrivial\" target=\"_blank\" rel=\"noopener noreferrer\">respositorio p\u00fablico de la plataforma<\/a>. Consiste en en un juego de preguntas y respuestas, que favorece tanto la retenci\u00f3n de lo estudiado como la memorizaci\u00f3n a largo plazo.<\/p>\n<p>Su fundamentaci\u00f3n pedag\u00f3gica radica por un lado, en el denominado \u201c<strong>efecto test<\/strong>\u201d, seg\u00fan el cual una\u00a0 forma eficiente de consolidar y repasar lo aprendido es responder a preguntas sobre lo estudiado. Esta forma de repaso se considera m\u00e1s ventajosa que las repeticiones, los subrayados o los res\u00famenes.<\/p>\n<p>Por otro lado, se fundamenta en el \u201c<strong>efecto espaciamiento<\/strong>\u201d seg\u00fan el cual responder al mismo \u00edtem con un determinado espaciamiento en el tiempo contribuye a reducir la curva del olvido y en consecuencia mejora la retenci\u00f3n a largo plazo.<\/p>\n<p>A estos dos fundamentos se han a\u00f1adido una serie de elementos de <strong>gamificaci\u00f3n<\/strong> con el fin de reforzar la motivaci\u00f3n de los estudiantes para utilizar la aplicaci\u00f3n. Se han incorporado los tres elementos b\u00e1sicos de cualquier sistema gamificado (PBL, points, leaderboards, badges) es decir, puntos, un ranking de los participantes y medallas que reconocen la superaci\u00f3n de los trivials de los diferentes temas del programa.<\/p>\n<p><a href=\"http:\/\/blogs.uned.es\/saltcg\/es\/unedtrivial-funcionalidades-para-el-estudiante\/\" target=\"_blank\" rel=\"noopener noreferrer\">Funcionalidades para el estudiante<\/a>\u00a0 \u00a0 \u00a0 \u00a0 \u00a0 \u00a0 \u00a0 \u00a0 \u00a0 \u00a0 \u00a0 \u00a0 \u00a0<a href=\"http:\/\/blogs.uned.es\/saltcg\/es\/unedtrivial-funcionalidades-para-el-estudiante\/\" target=\"_blank\" rel=\"noopener noreferrer\">Funcionalidades para el docente<\/a><script><\/p>\n<p><\/script><\/p>\n","protected":false},"excerpt":{"rendered":"<p>UNEDTrivial (test espaciados) UNEDTrivial es un plugin de Moodle desarrollado como resultado de un Trabajo de Fin de Master dirigido por Miguel Santamar\u00eda y cuyo autor es Juan David Castell\u00f3n, un estudiante del Master de Comunicaci\u00f3n y Educaci\u00f3n en la Red de la UNED. Esta disponible en el respositorio p\u00fablico de la plataforma. Consiste en &hellip; <a href=\"https:\/\/blogs.uned.es\/saltcg\/es\/unedtrivial\/\" class=\"more-link\">Seguir leyendo <span class=\"screen-reader-text\">UNEDTrivial<\/span> <span class=\"meta-nav\">&rarr;<\/span><\/a><\/p>\n","protected":false},"author":65,"featured_media":0,"parent":0,"menu_order":0,"comment_status":"closed","ping_status":"closed","template":"","meta":{"footnotes":""},"class_list":["post-399","page","type-page","status-publish","hentry"],"_links":{"self":[{"href":"https:\/\/blogs.uned.es\/saltcg\/wp-json\/wp\/v2\/pages\/399","targetHints":{"allow":["GET"]}}],"collection":[{"href":"https:\/\/blogs.uned.es\/saltcg\/wp-json\/wp\/v2\/pages"}],"about":[{"href":"https:\/\/blogs.uned.es\/saltcg\/wp-json\/wp\/v2\/types\/page"}],"author":[{"embeddable":true,"href":"https:\/\/blogs.uned.es\/saltcg\/wp-json\/wp\/v2\/users\/65"}],"replies":[{"embeddable":true,"href":"https:\/\/blogs.uned.es\/saltcg\/wp-json\/wp\/v2\/comments?post=399"}],"version-history":[{"count":12,"href":"https:\/\/blogs.uned.es\/saltcg\/wp-json\/wp\/v2\/pages\/399\/revisions"}],"predecessor-version":[{"id":469,"href":"https:\/\/blogs.uned.es\/saltcg\/wp-json\/wp\/v2\/pages\/399\/revisions\/469"}],"wp:attachment":[{"href":"https:\/\/blogs.uned.es\/saltcg\/wp-json\/wp\/v2\/media?parent=399"}],"curies":[{"name":"wp","href":"https:\/\/api.w.org\/{rel}","templated":true}]}}