{"id":147,"date":"2017-07-02T16:44:17","date_gmt":"2017-07-02T16:44:17","guid":{"rendered":"http:\/\/blogs.uned.es\/saltcg\/?page_id=147"},"modified":"2017-07-03T12:24:42","modified_gmt":"2017-07-03T12:24:42","slug":"b-la-dimension-institucional","status":"publish","type":"page","link":"https:\/\/blogs.uned.es\/saltcg\/es\/b-la-dimension-institucional\/","title":{"rendered":"B.- La dimensi\u00f3n institucional."},"content":{"rendered":"<p><strong>La dimensi\u00f3n institucional del engagement de los estudiantes.<\/strong><\/p>\n<p>Las actividades se centraron en el \u00e1mbito de la Facultad de Psicolog\u00eda y se llevaron a cabo las siguientes acciones, ya que dos vicedecanas y un coordinador de Grado de dicha Facultad forman parte del Grupo de Innovaci\u00f3n Docente:<\/p>\n<ul>\n<li>Mejora de la web de acogida de la Facultad de Psicolog\u00eda<\/li>\n<li>Dise\u00f1o del piloto de acciones proactivas toma de contacto con estudiantes no activos<\/li>\n<li>Seguimiento de la comunidad virtual de acogida de la Facultad de Psicolog\u00eda<\/li>\n<li>Estudios cuantitativos rendimiento asignaturas de primer curso y su valoraci\u00f3n<\/li>\n<li>Investigaciones sobre perfiles de los estudiantes y bienestar de los mismos<\/li>\n<li>Elaboraci\u00f3n de pruebas de auto-diagn\u00f3stico en l\u00ednea<\/li>\n<li>Desarrollo de programas auto-aplicados de intervenci\u00f3n en l\u00ednea<\/li>\n<\/ul>\n<p>Un resumen de las actividades llevadas a cabo pueden verse en la presentaci\u00f3n correspondiente a las IX Jornadas de Redes de Investigaci\u00f3n Docente de la UNED celebradas entre el 28 y e 30 de Junio de 2017.<\/p>\n<p>Angeles S\u00e1nchez-Elvira Paniagua: \u201c<a href=\"https:\/\/canal.uned.es\/mmobj\/index\/id\/57514\" target=\"_blank\" rel=\"noopener noreferrer\">Acciones del Plan de Acogida para la prevenci\u00f3n del abandono de los estudiantes de la Facultad de Psicolog\u00eda de la UNED<\/a>\u201c<\/p>\n<p>&nbsp;<\/p>\n<p>&nbsp;<script><\/p>\n<p><\/script><\/p>\n","protected":false},"excerpt":{"rendered":"<p>La dimensi\u00f3n institucional del engagement de los estudiantes. Las actividades se centraron en el \u00e1mbito de la Facultad de Psicolog\u00eda y se llevaron a cabo las siguientes acciones, ya que dos vicedecanas y un coordinador de Grado de dicha Facultad forman parte del Grupo de Innovaci\u00f3n Docente: Mejora de la web de acogida de la &hellip; <a href=\"https:\/\/blogs.uned.es\/saltcg\/es\/b-la-dimension-institucional\/\" class=\"more-link\">Seguir leyendo <span class=\"screen-reader-text\">B.- La dimensi\u00f3n institucional.<\/span> <span class=\"meta-nav\">&rarr;<\/span><\/a><\/p>\n","protected":false},"author":65,"featured_media":0,"parent":0,"menu_order":0,"comment_status":"closed","ping_status":"closed","template":"","meta":{"footnotes":""},"class_list":["post-147","page","type-page","status-publish","hentry"],"_links":{"self":[{"href":"https:\/\/blogs.uned.es\/saltcg\/wp-json\/wp\/v2\/pages\/147","targetHints":{"allow":["GET"]}}],"collection":[{"href":"https:\/\/blogs.uned.es\/saltcg\/wp-json\/wp\/v2\/pages"}],"about":[{"href":"https:\/\/blogs.uned.es\/saltcg\/wp-json\/wp\/v2\/types\/page"}],"author":[{"embeddable":true,"href":"https:\/\/blogs.uned.es\/saltcg\/wp-json\/wp\/v2\/users\/65"}],"replies":[{"embeddable":true,"href":"https:\/\/blogs.uned.es\/saltcg\/wp-json\/wp\/v2\/comments?post=147"}],"version-history":[{"count":1,"href":"https:\/\/blogs.uned.es\/saltcg\/wp-json\/wp\/v2\/pages\/147\/revisions"}],"predecessor-version":[{"id":149,"href":"https:\/\/blogs.uned.es\/saltcg\/wp-json\/wp\/v2\/pages\/147\/revisions\/149"}],"wp:attachment":[{"href":"https:\/\/blogs.uned.es\/saltcg\/wp-json\/wp\/v2\/media?parent=147"}],"curies":[{"name":"wp","href":"https:\/\/api.w.org\/{rel}","templated":true}]}}