{"id":105,"date":"2017-07-02T10:09:05","date_gmt":"2017-07-02T10:09:05","guid":{"rendered":"http:\/\/blogs.uned.es\/saltcg\/?page_id=105"},"modified":"2018-06-26T15:27:49","modified_gmt":"2018-06-26T15:27:49","slug":"eventos","status":"publish","type":"page","link":"https:\/\/blogs.uned.es\/saltcg\/es\/eventos\/","title":{"rendered":"Eventos"},"content":{"rendered":"<p>Eventos en los que han participado integrantes de grupo para presentar y debatir sus propuestas de innovaci\u00f3n.<\/p>\n<p>Fecha: 26 y 28 de junio de 2018<\/p>\n<p>Webinar EADTU- <a href=\"http:\/\/empower.eadtu.eu\/\" target=\"_blank\" rel=\"noopener noreferrer\">Empower Project<\/a>. E-assessment Week<\/p>\n<p>Santamaria Lancho, M; S\u00e1nchez-Elvira, A.:\u00a0<a href=\"http:\/\/empower.eadtu.eu\/images\/events\/EMPOWER_online_events_2018_Sanchez_Santamaria.pdf\" target=\"_blank\" rel=\"noopener noreferrer\">Fostering engagement and learning through formative feedback. UNED developments and use of automatized and mobile feedback for closed and open-ended questions<\/a><\/p>\n<p><a href=\"http:\/\/blogs.uned.es\/saltcg\/es\/webinar-eadtu-empower-e-assessment-week\/\" target=\"_blank\" rel=\"noopener noreferrer\">P\u00e1gina del webinar<\/a><\/p>\n<p>Seminario<\/p>\n<p><strong>LOS CHATBOTS COMO HERRAMIENTAS PARA EL APOYO A LOS ESTUDIANTES.<\/strong><\/p>\n<p>Fecha: 19 de abril de 2018<\/p>\n<p>Los chatbots son aplicaciones inform\u00e1ticas, que permiten simular una conversaci\u00f3n inteligente con los usuarios, ya sea a trav\u00e9s de mensajes de texto y\/o audio. Son utilizados para ofrecer informaci\u00f3n bajo demanda, facilitar orientaci\u00f3n, resolver dudas, etc. Las empresas de servicios los utilizan cada vez m\u00e1s para interactuar con sus clientes. En este seminario se trata de valorar sus capacidades para proporcionar informaci\u00f3n personalizada y orientaci\u00f3n a los estudiantes, dentro de las acciones de los llamados Planes de Acogida.<\/p>\n<p>Para ello, contamos con tres compa\u00f1eros de la UNED. Jos\u00e9 Mar\u00eda Luz\u00f3n y Guillermo de Jorge nos introducir\u00e1n a los fundamentos sem\u00e1nticos y tecnol\u00f3gicos y presentar\u00e1n una herramienta de posible aplicaci\u00f3n. Pedro Tamayo ha sido pionero en la utilizaci\u00f3n pr\u00e1ctica de esta tecnolog\u00eda en la UNED<\/p>\n<p><a href=\"http:\/\/blogs.uned.es\/saltcg\/es\/seminario-sobre-chatbots-como-herramienta-para-e-apoyo-a-los-estudiantes\/\" target=\"_blank\" rel=\"noopener noreferrer\">Enlace a la p\u00e1gina del Seminario<\/a><\/p>\n<p>Seminario:<\/p>\n<p>REUNI\u00d3N DE TRABAJO CON EXPERTO DE LA OPEN UNIVERSITY (UK) SOBRE GESTI\u00d3N PRODUCCI\u00d3N DE MATERIALES Y PRESENTACI\u00d3N DE DESARROLLOS DEL GID: G-RUBRIC Y UNEDTRIVIAL<\/p>\n<p>Fecha: 1 de febrero de 2018.<\/p>\n<p>La reuni\u00f3n de trabajo tuvo como objetivo compartir experiencias con Rafael Hidalgo, Dise\u00f1ador Senior del \u201cTechnologies Enhanced Learning\u201d, servicio de la Open University del Reino Unido que forma parte del <strong>Instituto de Tecnolog\u00eda Educativa<\/strong>.\u00a0Se trat\u00f3 de crear un espacio de encuentro de este experto con los profesionales de la UNED , que lo deseen, implicados en el dise\u00f1o metodol\u00f3gico, producci\u00f3n de materiales y servicios de apoyo a los estudiantes.<\/p>\n<p>Tambi\u00e9n se presentaron proyectos de innovaci\u00f3n en marcha dentro del Grupo: <a href=\"https:\/\/www.grubric.com\/\" target=\"_blank\" rel=\"noopener noreferrer\">GRubric<\/a> y <a href=\"https:\/\/blogs.uned.es\/saltcg\/es\/unedtrivial\/\" target=\"_blank\" rel=\"noopener noreferrer\">UNEDTrivial<\/a><\/p>\n<p><a href=\"http:\/\/blogs.uned.es\/saltcg\/es\/reunion-de-trabajo-con-la-open-u-uk-y-presentacion-de-proyectos-del-grupo\/\" target=\"_blank\" rel=\"noopener noreferrer\">Enlace a la p\u00e1gina<\/a><\/p>\n<p>Seminario:<\/p>\n<p class=\"p1\"><span class=\"s1\"><b>ANAL\u00cdTICAS DE APRENDIZAJE COMO HERRAMIENTA DE APOYO AL ESTUDIANTE Y EL INCREMENTO DE LA MOTIVACI\u00d3N<\/b><\/span><\/p>\n<p class=\"p1\">Fecha: 16 de octubre de 2017<\/p>\n<p class=\"p1\"><span class=\"s1\">El Grupo de Innovaci\u00f3n Docente Smart and Adaptive Learning and Teaching ha organizado para el pr\u00f3ximo d\u00eda 16 de octubre un Seminario sobre experiencias de utilizaci\u00f3n de las Anal\u00edticas de Aprendizaje para el apoyo al estudiante y el incremento de la motivaci\u00f3n y el engagement. La finalidad del Seminario es tomar conctacto con experiencias y buenas pr\u00e1cticas de utilizaci\u00f3n de las Anal\u00edticas de Aprendizaje<\/span><\/p>\n<p class=\"p1\"><span class=\"s1\">Hemos invitado a dos expertos en el tema. Ambos han desarrollado parte de su actividad en Universidades similares a la UNED. Rafel Hidalgo de la Open University (UK) y Bernardo Tabuenca, Doctor por la Open University (Holanda) y profesor de la UPM.<\/span><\/p>\n<p><a href=\"http:\/\/blogs.uned.es\/saltcg\/es\/eventos\/seminario-sobre-analiticas-de-aprendizaje-y-apoyo-al-estudiante\/\">http:\/\/blogs.uned.es\/saltcg\/es\/eventos\/seminario-sobre-analiticas-de-aprendizaje-y-apoyo-al-estudiante\/<\/a><\/p>\n<p>Cursos de Verano:<\/p>\n<p><strong>Curso: SISTEMAS INTELIGENTES DE TRANSPORTE: \u00bfHASTA D\u00d3NDE PUEDEN CONDUCIR LAS M\u00c1QUINAS? (Cursos de Verano de UNED, Centro Asociado Plasencia-C\u00e1ceres)<\/strong><\/p>\n<p>Fechas: 11-13 julio 2017<\/p>\n<p>Director: Jes\u00fas Gonz\u00e1lez Boticario (UNED)<\/p>\n<p>Codirector: David Mart\u00edn G\u00f3mez (Universidad Carlos III de Madrid)<\/p>\n<p>Propone: Departamento de Inteligencia Artificial<\/p>\n<p>1 cr\u00e9dito ECTS y 2 cr\u00e9ditos de libre configuraci\u00f3n<\/p>\n<p>Horas lectivas: 20<\/p>\n<p><a href=\"https:\/\/www.extensionuned.es\/actividad\/idactividad\/14249\">https:\/\/www.extensionuned.es\/actividad\/idactividad\/14249<\/a><\/p>\n<p><strong>Curso: NUEVAS TENDENCIAS EN TECNOLOG\u00cdAS ASISTENCIALES (Cursos de Verano de UNED, Centro Asociado Escuelas P\u00edas, Madrid)<\/strong><\/p>\n<p>Fechas: 11-13 julio 2017<\/p>\n<p>Director: Rafael Mart\u00ednez Tom\u00e1s Codirector: F\u00e9lix de la Paz L\u00f3pez<\/p>\n<p>Ponencia: Jes\u00fas Gonz\u00e1lez Boticario (UNED). Hacia el tratamiento efectivo del estado afectivo en escenarios adaptativos de aprendizaje con inteligencia ambiental<\/p>\n<p>Propone: Departamento de Inteligencia Artificial<\/p>\n<p>1 cr\u00e9dito ECTS y 2 cr\u00e9ditos de libre configuraci\u00f3n<\/p>\n<p>Horas lectivas: 20<\/p>\n<p><a href=\"https:\/\/extension.uned.es\/actividad\/idactividad\/14195\">https:\/\/extension.uned.es\/actividad\/idactividad\/14195<\/a><\/p>\n<p>17-07-06. Jornada de Intercambio de Experiencias Docentes en Econom\u00eda, Empresa y Turismo. Facultad de Ciencias Econ\u00f3micas. UNED. Madrid<\/p>\n<ul>\n<li>Miguel Santamar\u00eda y Mauro Hern\u00e1ndez: \u00bfPor qu\u00e9 y para qu\u00e9 cambiar de plataforma?: Resultados y conclusiones de la participaci\u00f3n en el piloto realizado por la UNED con Moodle. El curso virtual de Historia Econ\u00f3mica Mundial.<\/li>\n<li>Monserrat Hern\u00e1ndez, Dami\u00e1n de la Fuente, Inmaculada Pra: El an\u00e1lisis del rendimiento acad\u00e9mico mediante el empleo del video educativo<\/li>\n<li>Cristina Ruza, Marta de la Cuesta:\u00a0 La preparaci\u00f3n previa para el examen: un arma eficaz.<\/li>\n<li>M Carmen Garc\u00eda Llamas y Javier Palencia: Uso de herramientas inform\u00e1ticas como apoyo a la docencia en Matem\u00e1ticas<\/li>\n<li>Mauro Hern\u00e1ndez y Miguel Santamar\u00eda: Correcci\u00f3n autom\u00e1tica de texto libre con G-Rubric: experiencias en Historia Econ\u00f3mica.<\/li>\n<\/ul>\n<p>17-06-28-30. <a href=\"http:\/\/congresos.uned.es\/w5400\/9455\" target=\"_blank\" rel=\"noopener noreferrer\">IX Jornadas de Redes de Investigaci\u00f3n en Innovaci\u00f3n Docente de la UNED.<\/a> La profesionalizaci\u00f3n del docente a trav\u00e9s de la Innovaci\u00f3n Educativa. Facultad de Edcuaci\u00f3n. UNED<\/p>\n<ul>\n<li>Mesa redonda: Los grupos de innovaci\u00f3n docente (GID), la madurez de la innovaci\u00f3n docente en la UNED: experiencias. <a href=\"https:\/\/canal.uned.es\/mmobj\/index\/id\/57942\" target=\"_blank\" rel=\"noopener noreferrer\">Presentaci\u00f3n del Grupo a cargo de Miguel Santamar\u00eda (Coordinador del GID)<\/a> (desde 1:03 a 1:20)<\/li>\n<li>Ra\u00fal Cabestrero: \u00ab<a href=\"https:\/\/canal.uned.es\/mmobj\/index\/id\/57398\" target=\"_blank\" rel=\"noopener noreferrer\">An\u00e1lisis del impacto del contenido afectivo de los mensajes de ayuda en el engagement del estudiante<\/a>\u00ab.<\/li>\n<li>Jes\u00fas Gonz\u00e1lez Boticario: \u00ab<a href=\"https:\/\/canal.uned.es\/mmobj\/index\/id\/57364\" target=\"_blank\" rel=\"noopener noreferrer\">Hacia la implicaci\u00f3n constante (engagement) en e aprendizaje mediante el seguimiento de un plan de trabajo centrado en el aprendizaje compartido y activo<\/a>\u00ab<\/li>\n<li>Angeles S\u00e1nchez-Elvira Paniagua: \u00ab<a href=\"https:\/\/canal.uned.es\/mmobj\/index\/id\/57514\" target=\"_blank\" rel=\"noopener noreferrer\">Acciones del Plan de Acogida para la prevenci\u00f3n del abandono de los estudiantes de la Facultad de Psicolog\u00eda de la UNED<\/a>\u00ab.<\/li>\n<li>Miguel Santamar\u00eda Lancho: \u00ab<a href=\"https:\/\/canal.uned.es\/mmobj\/index\/id\/57363\" target=\"_blank\" rel=\"noopener noreferrer\">Escribir para aprender: evaluaci\u00f3n autom\u00e1tica de respuestas abiertas con G-Rubric<\/a>\u00ab<\/li>\n<\/ul>\n<p>17-06-13-16. EDEN 26th Annual Conference 13-16 June, 2017. Diversity Matters!. J\u00f6nkoping. Suecia<\/p>\n<ul>\n<li>Miguel Santamar\u00eda, Jos\u00e9 Mar\u00eda Luz\u00f3n, Mauro Hern\u00e1ndez,\u00a0 Guillermo de Jorge-Botana: Writing to Learn with Automated Feedback through (LSA) Latent Semantic Analysis: Experiences Dealing with Diversity in Large Online Courses.<\/li>\n<li>\u00c1ngeles S\u00e1nchez-Elvira, Covadonga Rodrigo, Ana Garc\u00eda Serrano, Miguel \u00c1ngel Marqueta: MUSSACES a Multidisciplinary Project for the Development of Inclusive Museums through innovative technologies.<\/li>\n<\/ul>\n<p>17-05-25-27 de mayo. 5th International Congress of Educational Sciences and Developement. Simposium invitado: La evaluaci\u00f3n autom\u00e1tica de textos discursivos como herramienta estrat\u00e9gica para aprender. Computaci\u00f3n cognitiva, innovaci\u00f3n educativa y aprendizaje. Santander.<\/p>\n<ul>\n<li>Guillermo de Jorge y Ricardo Olmos: Tecnolog\u00edas de Evaluaci\u00f3n textual para el \u00e1mbito acad\u00e9mico.<\/li>\n<li>Ricardo Olmos y Guillermo de Jorge: Modelo psicom\u00e9trico de evaluaci\u00f3n. Medidas sem\u00e1nticas, \u00edndices ling\u00fc\u00edsticos y Gallito-Studio.<\/li>\n<li>Jos\u00e9 Mar\u00eda Luz\u00f3n y Guillermo de Jorge: G-Rubric. Escritur, evauaci\u00f3n formaativa y dise\u00f1o de instrucci\u00f3n.<\/li>\n<li>Miguel Santamar\u00eda y Mauro Hern\u00e1ndez. Experiencias con evaluaci\u00f3n autom\u00e1tica de preguntas con respuestas abiertas mediante G-Rubric en una asignatura masificada de primer curso de grado en la UNED entre 2014 y 2017.<\/li>\n<\/ul>\n<p>17-05-11.- III Jornada de Innovaci\u00f3n y Tecnolog\u00edas Educativas (JITE-2017).\u00a0 Escuela Superior de Ingenier\u00eda Inform\u00e1tica de la UNED. Madrid<\/p>\n<ul>\n<li>Covadonga Rodrigo: UNED Play, aplicaci\u00f3n m\u00f3vil accesible para acceder a los repositorios multimedia de la UNED.<\/li>\n<\/ul>\n<p>2016<\/p>\n<p><strong>Actividades Semana de la Ciencia 2016: <\/strong><\/p>\n<p><a href=\"https:\/\/adenu.ia.uned.es\/web\/en\/Proyectos\/SemanaCiencia\">https:\/\/adenu.ia.uned.es\/web\/en\/Proyectos\/SemanaCiencia<\/a><\/p>\n<p>Edici\u00f3n 2016: <a href=\"https:\/\/adenu.ia.uned.es\/web\/es\/Proyectos\/SemanaCiencia\/2016\">https:\/\/adenu.ia.uned.es\/web\/es\/Proyectos\/SemanaCiencia\/2016<\/a><\/p>\n<p><strong>Actividad: \u00bfProblemas al hablar en ingl\u00e9s? Regula tus emociones con el sistema de sensado inteligente AICARP.<\/strong><\/p>\n<p>El objetivo de esta actividad es mostrar a los participantes las posibilidades de la inteligencia ambiental para ayudarles a regular su estado afectivo y as\u00ed poder mejorar su rendimiento en escenarios de aprendizaje. El participante ver\u00e1 c\u00f3mo se pueden detectar las emociones mediante diversos sensores y como reacciona el sistema ante los mismos modificando el entorno a trav\u00e9s de diversas se\u00f1ales sensoriales (luz, sonido, vibraci\u00f3n). Para ello, se proponen diversas tareas mientras se monitoriza el estado afectivo de los participantes. Al final de la sesi\u00f3n mostraremos a los participantes qu\u00e9 datos se han recogido, c\u00f3mo se hace la detecci\u00f3n de las emociones, y c\u00f3mo se modifica el ambiente lum\u00ednico, sonoro y t\u00e1ctil del entorno.<\/p>\n<p><strong>Casos de Estudio de Libelium\/Cooking-hacks: <\/strong><\/p>\n<p><a href=\"https:\/\/www.cooking-hacks.com\/blog\/controlling-human-stress-levels-using-ehealth-sensor-platform\/\">https:\/\/www.cooking-hacks.com\/blog\/controlling-human-stress-levels-using-ehealth-sensor-platform\/<\/a><\/p>\n<p>El <strong>grupo aDeNu de UNED<\/strong> presenta un caso de estudio en el conocido blog de la plataforma cooking-hacks.<\/p>\n<p>\u201cThe AICARP project is being carried out by aDeNu, a research group belonging to the Artificial Intelligence Departament of UNED, in collaboration with a researcher of the Electronics Technology area of the University Rey Juan Carlos. This project shows the versatility of Cooking Hacks e-Health Sensor Platform and the variety of applications that professional projects can deploy for eHealth developments.\u201d<script><\/p>\n<p><\/script><\/p>\n","protected":false},"excerpt":{"rendered":"<p>Eventos en los que han participado integrantes de grupo para presentar y debatir sus propuestas de innovaci\u00f3n. Fecha: 26 y 28 de junio de 2018 Webinar EADTU- Empower Project. E-assessment Week Santamaria Lancho, M; S\u00e1nchez-Elvira, A.:\u00a0Fostering engagement and learning through formative feedback. UNED developments and use of automatized and mobile feedback for closed and open-ended &hellip; <a href=\"https:\/\/blogs.uned.es\/saltcg\/es\/eventos\/\" class=\"more-link\">Seguir leyendo <span class=\"screen-reader-text\">Eventos<\/span> <span class=\"meta-nav\">&rarr;<\/span><\/a><\/p>\n","protected":false},"author":65,"featured_media":0,"parent":0,"menu_order":0,"comment_status":"closed","ping_status":"closed","template":"","meta":{"footnotes":""},"class_list":["post-105","page","type-page","status-publish","hentry"],"_links":{"self":[{"href":"https:\/\/blogs.uned.es\/saltcg\/wp-json\/wp\/v2\/pages\/105","targetHints":{"allow":["GET"]}}],"collection":[{"href":"https:\/\/blogs.uned.es\/saltcg\/wp-json\/wp\/v2\/pages"}],"about":[{"href":"https:\/\/blogs.uned.es\/saltcg\/wp-json\/wp\/v2\/types\/page"}],"author":[{"embeddable":true,"href":"https:\/\/blogs.uned.es\/saltcg\/wp-json\/wp\/v2\/users\/65"}],"replies":[{"embeddable":true,"href":"https:\/\/blogs.uned.es\/saltcg\/wp-json\/wp\/v2\/comments?post=105"}],"version-history":[{"count":17,"href":"https:\/\/blogs.uned.es\/saltcg\/wp-json\/wp\/v2\/pages\/105\/revisions"}],"predecessor-version":[{"id":587,"href":"https:\/\/blogs.uned.es\/saltcg\/wp-json\/wp\/v2\/pages\/105\/revisions\/587"}],"wp:attachment":[{"href":"https:\/\/blogs.uned.es\/saltcg\/wp-json\/wp\/v2\/media?parent=105"}],"curies":[{"name":"wp","href":"https:\/\/api.w.org\/{rel}","templated":true}]}}