{"id":955,"date":"2020-03-17T11:24:52","date_gmt":"2020-03-17T11:24:52","guid":{"rendered":"http:\/\/blogs.uned.es\/salidasprofesionales\/?page_id=955"},"modified":"2020-06-01T14:23:25","modified_gmt":"2020-06-01T14:23:25","slug":"opciones-formativas-vinculadas-al-titulo_ciencias-ambientales","status":"publish","type":"page","link":"https:\/\/blogs.uned.es\/salidasprofesionales\/grados\/ciencias\/grado-en-ciencias-ambientales\/opciones-formativas-vinculadas-al-titulo_ciencias-ambientales\/","title":{"rendered":"Opciones formativas vinculadas al t\u00edtulo (Ciencias Ambientales)"},"content":{"rendered":"<p><strong><img fetchpriority=\"high\" decoding=\"async\" class=\"alignnone size-medium wp-image-957 alignleft\" src=\"http:\/\/blogs.uned.es\/salidasprofesionales\/wp-content\/uploads\/sites\/165\/2020\/03\/formaci\u00f3n-ciencias-ambientales-300x218.jpg\" alt=\"\" width=\"300\" height=\"218\" srcset=\"https:\/\/blogs.uned.es\/salidasprofesionales\/wp-content\/uploads\/sites\/165\/2020\/03\/formaci\u00f3n-ciencias-ambientales-300x218.jpg 300w, https:\/\/blogs.uned.es\/salidasprofesionales\/wp-content\/uploads\/sites\/165\/2020\/03\/formaci\u00f3n-ciencias-ambientales.jpg 360w\" sizes=\"(max-width: 300px) 100vw, 300px\" \/>\u2022 M\u00e1steres oficiales en relaci\u00f3n con el t\u00edtulo.<\/strong><\/p>\n<p>Con la aplicaci\u00f3n del EEES, los M\u00e1steres por primera vez tienen car\u00e1cter oficial y siguen un plan de estudios aprobado por el Ministerio de Educaci\u00f3n y Ciencia (hasta ahora los M\u00e1steres han seguido planes propios de cada universidad y han sido considerados t\u00edtulos propios de Postgrado, no oficiales). Los nuevos M\u00e1steres tienen entre 60 y 120 cr\u00e9ditos ECTS y seg\u00fan su orientaci\u00f3n pueden ser profesionalizantes (especializaci\u00f3n orientada al mundo laboral) o de investigaci\u00f3n (especializaci\u00f3n orientada al mundo acad\u00e9mico).<\/p>\n<p>Los t\u00edtulos obtenidos por la UNED dentro del EEES, son altamente competitivos y facilitan la inserci\u00f3n en el mercado laboral. Existe una mayor movilidad formativa y profesional, y los t\u00edtulos son reconocidos a nivel europeo.<\/p>\n<p>Suponen el primer ciclo de la nueva estructura y capacita al estudiante para el ejercicio profesional. Entre ellos podemos destacar:<\/p>\n<p><a href=\"http:\/\/portal.uned.es\/portal\/page?_pageid=93,53778306&amp;_dad=portal&amp;_schema=PORTAL&amp;idContenido=5\">\u2013 M\u00e1ster universitario en \u201cCiencias agroambientales y agroalimentarias por la universidad aut\u00f3noma de Madrid y la Universidad Nacional de Educaci\u00f3n a Distancia\u201d.<\/a><\/p>\n<p>-M\u00e1ster en <a href=\"https:\/\/www2.uned.es\/master-medioambiente-energiasrenovables\/\">\u201cGesti\u00f3n ambiental y econom\u00eda de la energ\u00eda\u201d<\/a> .<\/p>\n<p>&#8211; Fundaci\u00f3n Universia y UNED <a href=\"https:\/\/www.universia.es\/estudios\/universidad-nacional-educacion-distancia\/master-educacion-ambiental-sistemas-complejos\/st\/207827\">\u201cEducaci\u00f3n Ambiental y Sistemas Complejos\u201d.<\/a><\/p>\n<ul>\n<li><strong>M\u00e1steres externos a la UNED:<\/strong><\/li>\n<\/ul>\n<p>&#8211; Universidad de Le\u00f3n<a href=\"https:\/\/centros.unileon.es\/biologia\/master-riesgos-naturales\/\"> \u201cRiesgos Naturales\u201d.<\/a><\/p>\n<p>-Universidad Aut\u00f3noma de Barcelona <a href=\"https:\/\/www.uab.cat\/web\/estudiar\/masteres-oficiales\/informacion-general\/ecologia-terrestre-y-gestion-de-la-biodiversidad-1096480309770.html?param1=1204013168104\">\u201cEcolog\u00eda Terrestre y Gesti\u00f3n de la Biodiversidad\u201d.<\/a><\/p>\n<p>&#8211; Universidad Aut\u00f3noma de Barcelona <a href=\"https:\/\/www.uab.cat\/web\/estudiar\/la-oferta-de-masteres-oficiales\/informacion-general\/estudios-interdisciplinarios-en-sostenibilidad-ambiental-economica-y-social-1096480309770.html?param1=1096480176135\">\u201cEstudios Interdisciplinarios en Sostenibilidad Ambiental, Econ\u00f3mica y Social\u201d.<\/a><\/p>\n<p>-Universidad Jaume I de Castell\u00f3n y Universidad de Girona Universidad Rovira i Virgili <a href=\"https:\/\/www.uji.es\/estudis\/oferta\/base\/masters\/actual\/centre\/estce\/tecniques-cromatografiques-2013\/?urlRedirect=https:\/\/www.uji.es\/estudis\/oferta\/base\/masters\/actual\/centre\/estce\/tecniques-cromatografiques-2013\/&amp;url=\/estudis\/oferta\/base\/masters\/actual\/centre\/estce\/tecniques-cromatografiques-2013\/\">\u201cT\u00e9cnicas Cromatogr\u00e1ficas Aplicadas\u201d.<\/a><\/p>\n<p>-Universidad de Alicante <a href=\"https:\/\/ciencias.ua.es\/es\/estudios\/master\/master-en-gestion-y-restauracion-del-medio-natural.html\">\u201cGesti\u00f3n y Restauraci\u00f3n del Medio Natural\u201d.<\/a><\/p>\n<p>-Universidad Pablo de Olavide <a href=\"https:\/\/www.upo.es\/postgrado\/Master-Oficial-Biotecnologia-Ambiental-Industrial-y-Alimentaria\">\u201cBiotecnolog\u00eda Ambiental, Industrial y Alimentaria\u201d.<\/a><\/p>\n<p>-Universidad Aut\u00f3noma de Madrid <a href=\"https:\/\/www.uam.es\/ss\/Satellite\/Ciencias\/es\/1242650400756\/1242650377010\/estudio\/detalle\/Master_Universitario_en_Calidad_de_Aguas_Continentales.htm\">\u201cCalidad de Aguas Continentales\u201d.<\/a><\/p>\n<p>-Universidad de Girona <a href=\"http:\/\/www.udg.edu\/es\/masters-en-mediambient-i-quimica\/Canvi-Ambiental\">\u201cCambio Ambiental: An\u00e1lisis y Gesti\u00f3n\u201d.<\/a><\/p>\n<p>-Universidad de Castilla-La Mancha <a href=\"https:\/\/www.uclm.es\/estudios\/masteres\/master-sostenibilidad-local-territorial\">\u201cSostenibilidad Ambiental en el Desarrollo Local y Territorial\u201d.<\/a><\/p>\n<p>-Universidad de Barcelona <a href=\"http:\/\/www.ub.edu\/primatologia\/prm\/ESP_index_master.htm\">\u201c Primatolog\u00eda\u201d.<\/a><\/p>\n<p>-Universidad de Salamanca <a href=\"https:\/\/www.usal.es\/master-biologia-y-conservacion-de-la-biodiversidad\">\u201c Biolog\u00eda y Conservaci\u00f3n de la Biodiversidad\u201d.<\/a><\/p>\n<p>-Universidad del Pa\u00eds Vasco <a href=\"https:\/\/www.ehu.eus\/es\/web\/master\/master-cuaternario\/matricula\">\u201cCuaternario, Cambios Ambientales y Huella Humana\u201d.<\/a><\/p>\n<p>-Universidad de M\u00e1laga <a href=\"https:\/\/www.uma.es\/master-en-recursos-hidricos-y-medio-ambiente\/\">\u201c Recursos H\u00eddricos y Medio Ambiente\u201d.<\/a><\/p>\n<p>-Universidad del Pa\u00eds Vasco <a href=\"https:\/\/www.ehu.eus\/es\/web\/master\/master-biodiversidad\/matricula\">\u201c Biodiversidad, Funcionamiento y Gesti\u00f3n de Ecosistemas\u201d.<\/a><\/p>\n<p>-Universidad de Barcelona <a href=\"https:\/\/www.ub.edu\/web\/ub\/es\/estudis\/oferta_formativa\/master_universitari\/fitxa\/B\/M0G08\/index.html?\">\u201c Biodiversidad\u201d.<\/a><\/p>\n<p>-Universidad Aut\u00f3noma de Madrid Universidad Complutense de Madrid <a href=\"https:\/\/www.uam.es\/Ciencias\/MasterEcologia\">\u201c Ecolog\u00eda\u201d.<\/a><\/p>\n<p>-Universitat Polit\u00e8cnica de Val\u00e8ncia \u201c<a href=\"https:\/\/www.upv.es\/titulaciones\/MUESAEMC\/\">Evaluaci\u00f3n y Seguimiento Ambiental de Ecosistemas Marinos y Costeros\u201d.<\/a><\/p>\n<p>-Universitat Polit\u00e8cnica de Val\u00e8ncia <a href=\"http:\/\/www.upv.es\/titulaciones\/MUA\/info\/masinformacionc.html\">\u201cAcuicultura\u201d.<\/a><\/p>\n<p>-Universitat Polit\u00e8cnica de Val\u00e8ncia <a href=\"http:\/\/www.upv.es\/titulaciones\/MUBMCP\/info\/masinformacionc.html\">\u201cBiotecnolog\u00eda Molecular y Celular de Plantas\u201d.<\/a><\/p>\n<p>-Universitat Polit\u00e8cnica de Val\u00e8ncia <a href=\"http:\/\/www.upv.es\/titulaciones\/MUESAEMC\/info\/masinformacionc.html\">\u201cEvaluaci\u00f3n y Seguimiento Ambiental de Ecosistemas Marinos y Costeros\u201d.<\/a><\/p>\n<p>-Universitat Polit\u00e8cnica de Val\u00e8ncia <a href=\"http:\/\/www.upv.es\/titulaciones\/MUCIA\/indexc.html\">\u201cCiencia e Ingenier\u00eda de los Alimentos\u201d.<\/a><\/p>\n<p>-Facultad de Ciencias Experimentales (UALM) <a href=\"https:\/\/cms.ual.es\/UAL\/estudios\/grados\/MASTER7052\">\u201cAgua y Medio Ambiente en \u00c1reas Semi\u00e1ridas\u201d<\/a>.<\/p>\n<p>-Facultad de Ciencias del Mar y Ambientales (UCA) <a href=\"https:\/\/ccmaryambientales.uca.es\/master-en-gestion-integral-del-agua\/\">\u201cGesti\u00f3n Integral del Agua\u201d<\/a>.<\/p>\n<p>-(UCA)<a href=\"https:\/\/www.universia.es\/estudios\/universidad-cadiz\/master-interuniversitario-educadora-ambiental\/st\/147303\">\u00a0\u201cInteruniversitario de Educaci\u00f3n Ambiental\u201d.<\/a><\/p>\n<p>-(UCA) <a href=\"https:\/\/www.universia.es\/estudios\/universidad-cadiz\/master-gestion-auditoria-medioambiental\/st\/109286\">\u201cGesti\u00f3n y Auditor\u00eda Medioambiental\u201d.<\/a><\/p>\n<p>-Universidad de Le\u00f3n <a href=\"https:\/\/www.unileon.es\/estudiantes\/oferta-academica\/masteres\/mu-riesgos-naturales\">\u201cRiesgos Naturales\u201d.<\/a><\/p>\n<p>-Universidad de las Palmas de Gran Canaria (ULGPC) <a href=\"http:\/\/www2.ulpgc.es\/index.php?pagina=plan_estudio&amp;ver=wpe002&amp;codTitulacion=5024&amp;tipotitulacion=M\">\u201cSoluciones TIC para Bienestar y Medio Ambiente\u201d.<\/a><\/p>\n<ul>\n<li><strong>Doctorados.<\/strong><\/li>\n<\/ul>\n<p>Los estudios de Doctorado constituyen el tercer ciclo de los estudios universitarios oficiales, conducentes a la adquisici\u00f3n de las competencias y habilidades relacionadas con la investigaci\u00f3n cient\u00edfica de calidad. Los Programas de Doctorado son un conjunto de actividades conducentes a la adquisici\u00f3n de las competencias y habilidades necesarias para la obtenci\u00f3n del t\u00edtulo de Doctor. <a href=\"http:\/\/portal.uned.es\/portal\/page?_pageid=93,27260115&amp;_dad=portal&amp;_schema=PORTAL\">M\u00e1s informaci\u00f3n.<\/a><\/p>\n<p><em>Doctorado en<\/em> <a href=\"http:\/\/portal.uned.es\/portal\/page?_pageid=93,69885565&amp;_dad=portal&amp;_schema=PORTAL&amp;idtitulacion=9601#punto_467421731\">\u201cCiencias\u201d<\/a><\/p>\n<ul>\n<li><strong>Cursos de formaci\u00f3n permanente.<\/strong><\/li>\n<\/ul>\n<p>La Formaci\u00f3n Permanente en las universidades es un proceso educativo continuado que puede definirse como toda actividad de aprendizaje a lo largo de la vida con el objetivo de mejorar y actualizar los conocimientos, las aptitudes y capacidades de una persona. Se articula en dos grandes \u00e1reas: Programas de Postgrado y Programas de Desarrollo Profesional y Personal. La superaci\u00f3n de estos estudios dar\u00e1 derecho, en su caso, a la obtenci\u00f3n del correspondiente t\u00edtulo propio firmado por el Rector, que con car\u00e1cter de ense\u00f1anza universitaria no oficial otorgue la UNED, acreditando la especialidad y el nivel cursado.<\/p>\n<p>La principal diferencia entre los m\u00e1steres oficiales universitarios mencionados anteriormente y los m\u00e1steres propios de postgrado se encuentra, en que los m\u00e1steres oficiales tienen validez en todo el territorio nacional, surten efectos acad\u00e9micos plenos y habilitan para el ejercicio profesional, de acuerdo con la normativa vigente.<\/p>\n<p>Los t\u00edtulos propios son ense\u00f1anzas que las Universidades podr\u00e1n impartir en uso de su autonom\u00eda, y que carecen de efectos acad\u00e9micos plenos y de la habilitaci\u00f3n para el ejercicio profesional que las disposiciones legales otorguen a los t\u00edtulos oficiales.<\/p>\n<p><strong>La UNED<\/strong> tiene una amplia oferta de t\u00edtulos de formaci\u00f3n permanente relacionada con la titulaci\u00f3n de Ciencias Ambientales como:<\/p>\n<ol>\n<li><em>DIPLOMA DE EXPERTO UNIVERSITARIO<\/em><br \/>\n&#8211;<a href=\"https:\/\/formacionpermanente.uned.es\/tp_actividad\/idactividad\/11352\">Alimentaci\u00f3n, nutrici\u00f3n y c\u00e1ncer: prevenci\u00f3n y tratamiento<\/a>.<br \/>\n&#8211;<a href=\"https:\/\/formacionpermanente.uned.es\/tp_actividad\/idactividad\/11353\">Alimentaci\u00f3n y Nutrici\u00f3n en la Vida Activa: Ejercicio F\u00edsico y Deporte.<\/a><\/li>\n<\/ol>\n<p>Al margen de las opciones formativas expuestas en este apartado, puede consultarse m\u00e1s informaci\u00f3n relativa a otros T\u00edtulos universitarios oficiales y d\u00f3nde cursarlos, en las dos herramientas elaboradas por el antiguo Ministerio de Educaci\u00f3n, Cultura y Deporte:<br \/>\n\u2013<a href=\"https:\/\/www.educacion.gob.es\/notasdecorte\/compBdDo\">QEDU<\/a> (Qu\u00e9 Estudiar y D\u00f3nde en la Universidad).<br \/>\n\u2013 <a href=\"https:\/\/www.educacion.gob.es\/ruct\/home\">RUCT<\/a> (Registro de Universidades, Centros y T\u00edtulos).<\/p>\n","protected":false},"excerpt":{"rendered":"<p>\u2022 M\u00e1steres oficiales en relaci\u00f3n con el t\u00edtulo. Con la aplicaci\u00f3n del EEES, los M\u00e1steres por primera vez tienen car\u00e1cter oficial y siguen un plan de estudios aprobado por el Ministerio de Educaci\u00f3n y Ciencia (hasta ahora los M\u00e1steres han seguido planes propios de cada universidad y han sido considerados t\u00edtulos propios de Postgrado, no [&hellip;]<\/p>\n","protected":false},"author":5997,"featured_media":0,"parent":279,"menu_order":0,"comment_status":"closed","ping_status":"closed","template":"","meta":{"footnotes":""},"class_list":["post-955","page","type-page","status-publish","czr-hentry"],"_links":{"self":[{"href":"https:\/\/blogs.uned.es\/salidasprofesionales\/wp-json\/wp\/v2\/pages\/955","targetHints":{"allow":["GET"]}}],"collection":[{"href":"https:\/\/blogs.uned.es\/salidasprofesionales\/wp-json\/wp\/v2\/pages"}],"about":[{"href":"https:\/\/blogs.uned.es\/salidasprofesionales\/wp-json\/wp\/v2\/types\/page"}],"author":[{"embeddable":true,"href":"https:\/\/blogs.uned.es\/salidasprofesionales\/wp-json\/wp\/v2\/users\/5997"}],"replies":[{"embeddable":true,"href":"https:\/\/blogs.uned.es\/salidasprofesionales\/wp-json\/wp\/v2\/comments?post=955"}],"version-history":[{"count":9,"href":"https:\/\/blogs.uned.es\/salidasprofesionales\/wp-json\/wp\/v2\/pages\/955\/revisions"}],"predecessor-version":[{"id":2057,"href":"https:\/\/blogs.uned.es\/salidasprofesionales\/wp-json\/wp\/v2\/pages\/955\/revisions\/2057"}],"up":[{"embeddable":true,"href":"https:\/\/blogs.uned.es\/salidasprofesionales\/wp-json\/wp\/v2\/pages\/279"}],"wp:attachment":[{"href":"https:\/\/blogs.uned.es\/salidasprofesionales\/wp-json\/wp\/v2\/media?parent=955"}],"curies":[{"name":"wp","href":"https:\/\/api.w.org\/{rel}","templated":true}]}}