{"id":6153,"date":"2024-11-25T07:36:20","date_gmt":"2024-11-25T07:36:20","guid":{"rendered":"https:\/\/blogs.uned.es\/salidasprofesionales\/?page_id=6153"},"modified":"2024-11-25T08:09:26","modified_gmt":"2024-11-25T08:09:26","slug":"grado-en-ingenieria-de-la-energia","status":"publish","type":"page","link":"https:\/\/blogs.uned.es\/salidasprofesionales\/grados\/ingenieria-y-arquitectura\/grado-en-ingenieria-de-la-energia\/","title":{"rendered":"Grado en Ingenier\u00eda de la Energ\u00eda"},"content":{"rendered":"\t\t<div data-elementor-type=\"wp-page\" data-elementor-id=\"6153\" class=\"elementor elementor-6153\">\n\t\t\t\t\t\t<section class=\"elementor-section elementor-top-section elementor-element elementor-element-5e841e53 elementor-section-boxed elementor-section-height-default elementor-section-height-default\" data-id=\"5e841e53\" data-element_type=\"section\" data-e-type=\"section\">\n\t\t\t\t\t\t<div class=\"elementor-container elementor-column-gap-default\">\n\t\t\t\t\t<div class=\"elementor-column elementor-col-100 elementor-top-column elementor-element elementor-element-4d585cca\" data-id=\"4d585cca\" data-element_type=\"column\" data-e-type=\"column\">\n\t\t\t<div class=\"elementor-widget-wrap elementor-element-populated\">\n\t\t\t\t\t\t<div class=\"elementor-element elementor-element-fa63bf9 elementor-widget elementor-widget-image\" data-id=\"fa63bf9\" data-element_type=\"widget\" data-e-type=\"widget\" data-widget_type=\"image.default\">\n\t\t\t\t<div class=\"elementor-widget-container\">\n\t\t\t\t\t\t\t\t\t\t\t\t\t\t\t<img fetchpriority=\"high\" decoding=\"async\" width=\"1001\" height=\"320\" src=\"https:\/\/blogs.uned.es\/salidasprofesionales\/wp-content\/uploads\/sites\/165\/2024\/11\/banner-energia.png\" class=\"attachment-large size-large wp-image-6157\" alt=\"\" srcset=\"https:\/\/blogs.uned.es\/salidasprofesionales\/wp-content\/uploads\/sites\/165\/2024\/11\/banner-energia.png 1001w, https:\/\/blogs.uned.es\/salidasprofesionales\/wp-content\/uploads\/sites\/165\/2024\/11\/banner-energia-300x96.png 300w, https:\/\/blogs.uned.es\/salidasprofesionales\/wp-content\/uploads\/sites\/165\/2024\/11\/banner-energia-768x246.png 768w\" sizes=\"(max-width: 1001px) 100vw, 1001px\" \/>\t\t\t\t\t\t\t\t\t\t\t\t\t\t\t<\/div>\n\t\t\t\t<\/div>\n\t\t\t\t<div class=\"elementor-element elementor-element-ea70de3 elementor-widget elementor-widget-heading\" data-id=\"ea70de3\" data-element_type=\"widget\" data-e-type=\"widget\" data-widget_type=\"heading.default\">\n\t\t\t\t<div class=\"elementor-widget-container\">\n\t\t\t\t\t<h2 class=\"elementor-heading-title elementor-size-default\">Perfil de salida<\/h2>\t\t\t\t<\/div>\n\t\t\t\t<\/div>\n\t\t\t\t<div class=\"elementor-element elementor-element-7abfeaa elementor-widget elementor-widget-text-editor\" data-id=\"7abfeaa\" data-element_type=\"widget\" data-e-type=\"widget\" data-widget_type=\"text-editor.default\">\n\t\t\t\t<div class=\"elementor-widget-container\">\n\t\t\t\t\t\t\t\t\t<p>Ingeniero con formaci\u00f3n s\u00f3lida en el \u00e1mbito de la energ\u00eda incluyendo los recursos energ\u00e9ticos, la generaci\u00f3n de los diferentes tipos de energ\u00eda, sus aplicaciones civiles e industriales sin olvidar su impacto ambiental.<\/p>\t\t\t\t\t\t\t\t<\/div>\n\t\t\t\t<\/div>\n\t\t\t\t<div class=\"elementor-element elementor-element-df7baae elementor-widget elementor-widget-heading\" data-id=\"df7baae\" data-element_type=\"widget\" data-e-type=\"widget\" data-widget_type=\"heading.default\">\n\t\t\t\t<div class=\"elementor-widget-container\">\n\t\t\t\t\t<h2 class=\"elementor-heading-title elementor-size-default\">Competencias profesionales<\/h2>\t\t\t\t<\/div>\n\t\t\t\t<\/div>\n\t\t\t\t<div class=\"elementor-element elementor-element-e1e34be elementor-widget elementor-widget-text-editor\" data-id=\"e1e34be\" data-element_type=\"widget\" data-e-type=\"widget\" data-widget_type=\"text-editor.default\">\n\t\t\t\t<div class=\"elementor-widget-container\">\n\t\t\t\t\t\t\t\t\t<p>Energ\u00edas renovables: Diferentes tipos de generaci\u00f3n de energ\u00eda desde fuentes renovables y sus aplicaciones civiles e industriales. Transporte y acumulaci\u00f3n de energ\u00eda.<\/p>\t\t\t\t\t\t\t\t<\/div>\n\t\t\t\t<\/div>\n\t\t\t\t<div class=\"elementor-element elementor-element-8282d18 elementor-widget elementor-widget-heading\" data-id=\"8282d18\" data-element_type=\"widget\" data-e-type=\"widget\" data-widget_type=\"heading.default\">\n\t\t\t\t<div class=\"elementor-widget-container\">\n\t\t\t\t\t<h2 class=\"elementor-heading-title elementor-size-default\">Opciones formativas vinculadas al t\u00edtulo<\/h2>\t\t\t\t<\/div>\n\t\t\t\t<\/div>\n\t\t\t\t<div class=\"elementor-element elementor-element-a6419ea elementor-widget elementor-widget-text-editor\" data-id=\"a6419ea\" data-element_type=\"widget\" data-e-type=\"widget\" data-widget_type=\"text-editor.default\">\n\t\t\t\t<div class=\"elementor-widget-container\">\n\t\t\t\t\t\t\t\t\t<ul><li>Grado Combinado con Ingenier\u00eda Mec\u00e1nica<\/li><li>Grado Combinado con Ingenier\u00eda en Tecnolog\u00edas Industriales<\/li><li>Grado Combinado con Ingenier\u00eda en Electr\u00f3nica Industrial y Autom\u00e1tica<\/li><li>Grado Combinado con Ingenier\u00eda El\u00e9ctrica<\/li><li>Master Universitario en Investigaci\u00f3n en Tecnolog\u00edas Industriales<\/li><\/ul>\t\t\t\t\t\t\t\t<\/div>\n\t\t\t\t<\/div>\n\t\t\t\t<div class=\"elementor-element elementor-element-90f0604 elementor-widget elementor-widget-heading\" data-id=\"90f0604\" data-element_type=\"widget\" data-e-type=\"widget\" data-widget_type=\"heading.default\">\n\t\t\t\t<div class=\"elementor-widget-container\">\n\t\t\t\t\t<h2 class=\"elementor-heading-title elementor-size-default\">Otras caracter\u00edsticas relevantes para el empleo<\/h2>\t\t\t\t<\/div>\n\t\t\t\t<\/div>\n\t\t\t\t<div class=\"elementor-element elementor-element-6f02fbd elementor-widget elementor-widget-text-editor\" data-id=\"6f02fbd\" data-element_type=\"widget\" data-e-type=\"widget\" data-widget_type=\"text-editor.default\">\n\t\t\t\t<div class=\"elementor-widget-container\">\n\t\t\t\t\t\t\t\t\t<ul><li>Un nivel alto de ingl\u00e9s.<\/li><li>Conocimientos de Programaci\u00f3n.<\/li><\/ul>\t\t\t\t\t\t\t\t<\/div>\n\t\t\t\t<\/div>\n\t\t\t\t<div class=\"elementor-element elementor-element-c8b737d elementor-widget elementor-widget-heading\" data-id=\"c8b737d\" data-element_type=\"widget\" data-e-type=\"widget\" data-widget_type=\"heading.default\">\n\t\t\t\t<div class=\"elementor-widget-container\">\n\t\t\t\t\t<h2 class=\"elementor-heading-title elementor-size-default\">Perspectivas laborales al futuro<\/h2>\t\t\t\t<\/div>\n\t\t\t\t<\/div>\n\t\t\t\t<div class=\"elementor-element elementor-element-3e1db04 elementor-widget elementor-widget-text-editor\" data-id=\"3e1db04\" data-element_type=\"widget\" data-e-type=\"widget\" data-widget_type=\"text-editor.default\">\n\t\t\t\t<div class=\"elementor-widget-container\">\n\t\t\t\t\t\t\t\t\t<ul><li>Ingenier\u00eda, auditor\u00eda y gesti\u00f3n de proyectos en energ\u00edas renovables<\/li><li>Ingenier\u00eda, auditor\u00eda y gesti\u00f3n de proyectos en instalaciones y eficiencia energ\u00e9tica<\/li><li>Ingenier\u00eda, auditor\u00eda y gesti\u00f3n de proyectos en energ\u00eda nuclear<\/li><li>Regulador nuclear.<\/li><li>Oposiciones al Consejo de Seguridad Nuclear (CSN)<\/li><li>Certificaci\u00f3n y auditor\u00eda en eficiencia energ\u00e9tica en la edificaci\u00f3n<\/li><\/ul>\t\t\t\t\t\t\t\t<\/div>\n\t\t\t\t<\/div>\n\t\t\t\t<div class=\"elementor-element elementor-element-eccfad7 elementor-widget elementor-widget-heading\" data-id=\"eccfad7\" data-element_type=\"widget\" data-e-type=\"widget\" data-widget_type=\"heading.default\">\n\t\t\t\t<div class=\"elementor-widget-container\">\n\t\t\t\t\t<h2 class=\"elementor-heading-title elementor-size-default\">\u00c1mbitos profesionales<\/h2>\t\t\t\t<\/div>\n\t\t\t\t<\/div>\n\t\t\t\t<div class=\"elementor-element elementor-element-25596ee elementor-widget elementor-widget-text-editor\" data-id=\"25596ee\" data-element_type=\"widget\" data-e-type=\"widget\" data-widget_type=\"text-editor.default\">\n\t\t\t\t<div class=\"elementor-widget-container\">\n\t\t\t\t\t\t\t\t\t<ul><li>Gesti\u00f3n y desarrollo de proyectos en energ\u00edas renovables, eficiencia energ\u00e9tica y energ\u00eda nuclear.<\/li><li>Auditor\u00eda y consultor\u00eda en energ\u00edas renovables, eficiencia energ\u00e9tica y energ\u00eda nuclear.<\/li><li>Regulaci\u00f3n nuclear<\/li><\/ul>\t\t\t\t\t\t\t\t<\/div>\n\t\t\t\t<\/div>\n\t\t\t\t<div class=\"elementor-element elementor-element-122d979 elementor-widget elementor-widget-heading\" data-id=\"122d979\" data-element_type=\"widget\" data-e-type=\"widget\" data-widget_type=\"heading.default\">\n\t\t\t\t<div class=\"elementor-widget-container\">\n\t\t\t\t\t<h2 class=\"elementor-heading-title elementor-size-default\">Ocupaciones y puestos<\/h2>\t\t\t\t<\/div>\n\t\t\t\t<\/div>\n\t\t\t\t<div class=\"elementor-element elementor-element-1b6f4ce elementor-widget elementor-widget-text-editor\" data-id=\"1b6f4ce\" data-element_type=\"widget\" data-e-type=\"widget\" data-widget_type=\"text-editor.default\">\n\t\t\t\t<div class=\"elementor-widget-container\">\n\t\t\t\t\t\t\t\t\t<ul><li><strong>Auditor Eficiencia energ\u00e9tica:<\/strong> certificaciones a edificios para ver que cumplen con los criterios marcados por una certificaci\u00f3n especifica (ej: LEED)<\/li><li><strong>Regulador nuclear:<\/strong> son los encargados de licenciar y controlar el buen funcionamiento de las instalaciones radiactivas y nucleares del pa\u00eds. Es una oposici\u00f3n del Consejo de Seguridad Nuclear.<\/li><li><strong>Desarrollo de proyectos en energ\u00edas renovables:<\/strong> Desarrollo de proyectos desde el dise\u00f1o de la tecnolog\u00eda hasta la ubicaci\u00f3n de instalaciones hidr\u00e1ulicas, e\u00f3licas y solares.<\/li><li><strong>Investigaci\u00f3n y desarrollo en instituciones p\u00fablicas y privadas en proyectos relacionados con la energ\u00eda.<\/strong> Esto implica dise\u00f1o de sistemas y estudios para mejorar el conocimiento de tecnolog\u00edas no maduras actualmente.<\/li><\/ul>\t\t\t\t\t\t\t\t<\/div>\n\t\t\t\t<\/div>\n\t\t\t\t<div class=\"elementor-element elementor-element-1e7f914 elementor-widget elementor-widget-heading\" data-id=\"1e7f914\" data-element_type=\"widget\" data-e-type=\"widget\" data-widget_type=\"heading.default\">\n\t\t\t\t<div class=\"elementor-widget-container\">\n\t\t\t\t\t<h2 class=\"elementor-heading-title elementor-size-default\">Empresas, organizaciones y portales espec\u00edficos de empleo<\/h2>\t\t\t\t<\/div>\n\t\t\t\t<\/div>\n\t\t\t\t<div class=\"elementor-element elementor-element-493251c elementor-widget elementor-widget-text-editor\" data-id=\"493251c\" data-element_type=\"widget\" data-e-type=\"widget\" data-widget_type=\"text-editor.default\">\n\t\t\t\t<div class=\"elementor-widget-container\">\n\t\t\t\t\t\t\t\t\t<ul><li>Empresas energ\u00e9ticas (Iberdrola, Endesa, Repsol, Red El\u00e9ctrica Espa\u00f1ola&#8230;)<\/li><li>Empresas de ingenier\u00eda encargadas del desarrollo de proyectos en el \u00e1mbito de la energ\u00eda (Esteyco, Idom, Sener, &#8230;).<\/li><li>Empresas del \u00e1mbito nuclear (Enusa, Empresarios agrupados, Enresa, ENSA&#8230;)<\/li><li>Centros de Investigaci\u00f3n (Ciemat, INTA,&#8230;)<\/li><\/ul>\t\t\t\t\t\t\t\t<\/div>\n\t\t\t\t<\/div>\n\t\t\t\t<div class=\"elementor-element elementor-element-155276b elementor-widget elementor-widget-heading\" data-id=\"155276b\" data-element_type=\"widget\" data-e-type=\"widget\" data-widget_type=\"heading.default\">\n\t\t\t\t<div class=\"elementor-widget-container\">\n\t\t\t\t\t<h2 class=\"elementor-heading-title elementor-size-default\">\nOrganizaciones y enlaces relevantes<\/h2>\t\t\t\t<\/div>\n\t\t\t\t<\/div>\n\t\t\t\t<div class=\"elementor-element elementor-element-d338c3f elementor-widget elementor-widget-text-editor\" data-id=\"d338c3f\" data-element_type=\"widget\" data-e-type=\"widget\" data-widget_type=\"text-editor.default\">\n\t\t\t\t<div class=\"elementor-widget-container\">\n\t\t\t\t\t\t\t\t\t<p><a href=\"https:\/\/www.ciemat.es\/\">CIEMAT<\/a> ,\u00a0<a href=\"https:\/\/www.inta.es\/\">INTA,\u00a0\u00a0<\/a><a href=\"https:\/\/www.iberdrola.es\">IBERDROLA\u00a0<\/a> <a href=\"https:\/\/www.repsol.es\">RESPSOL,\u00a0<\/a> ,<a href=\"https:\/\/www.csn.es\">CSN ,\u00a0<\/a><a href=\"https:\/\/www.enresa.es\">ENRESA ,\u00a0<\/a><a href=\"https:\/\/www.enusa.es\">ENUSA ,\u00a0<\/a><a href=\"https:\/\/www.ensa.es\">ENSA<\/a><\/p><p>\u00a0<\/p>\t\t\t\t\t\t\t\t<\/div>\n\t\t\t\t<\/div>\n\t\t\t\t<div class=\"elementor-element elementor-element-0a366fd elementor-widget elementor-widget-heading\" data-id=\"0a366fd\" data-element_type=\"widget\" data-e-type=\"widget\" data-widget_type=\"heading.default\">\n\t\t\t\t<div class=\"elementor-widget-container\">\n\t\t\t\t\t<h2 class=\"elementor-heading-title elementor-size-default\">Informaci\u00f3n complementaria<\/h2>\t\t\t\t<\/div>\n\t\t\t\t<\/div>\n\t\t\t\t<div class=\"elementor-element elementor-element-9e63f79 elementor-widget elementor-widget-text-editor\" data-id=\"9e63f79\" data-element_type=\"widget\" data-e-type=\"widget\" data-widget_type=\"text-editor.default\">\n\t\t\t\t<div class=\"elementor-widget-container\">\n\t\t\t\t\t\t\t\t\t<p>Programa de radio en CanalUNED sobre el grado\u00a0<\/p>\t\t\t\t\t\t\t\t<\/div>\n\t\t\t\t<\/div>\n\t\t\t\t<div class=\"elementor-element elementor-element-9603f35 elementor-widget elementor-widget-video\" data-id=\"9603f35\" data-element_type=\"widget\" data-e-type=\"widget\" data-settings=\"{&quot;youtube_url&quot;:&quot;https:\\\/\\\/www.youtube.com\\\/watch?v=wpv4wkPiciE&amp;t=778s&quot;,&quot;video_type&quot;:&quot;youtube&quot;,&quot;controls&quot;:&quot;yes&quot;}\" data-widget_type=\"video.default\">\n\t\t\t\t<div class=\"elementor-widget-container\">\n\t\t\t\t\t\t\t<div class=\"elementor-wrapper elementor-open-inline\">\n\t\t\t<div class=\"elementor-video\"><\/div>\t\t<\/div>\n\t\t\t\t\t\t<\/div>\n\t\t\t\t<\/div>\n\t\t\t\t\t<\/div>\n\t\t<\/div>\n\t\t\t\t\t<\/div>\n\t\t<\/section>\n\t\t\t\t<\/div>\n\t\t","protected":false},"excerpt":{"rendered":"<p>\/*! elementor &#8211; v3.5.0 &#8211; 12-12-2021 *\/ .elementor-widget-image{text-align:center}.elementor-widget-image a{display:inline-block}.elementor-widget-image a img[src$=\u00bb.svg\u00bb]{width:48px}.elementor-widget-image img{vertical-align:middle;display:inline-block} \/*! elementor &#8211; v3.5.0 &#8211; 12-12-2021 *\/ .elementor-heading-title{padding:0;margin:0;line-height:1}.elementor-widget-heading .elementor-heading-title[class*=elementor-size-]&gt;a{color:inherit;font-size:inherit;line-height:inherit}.elementor-widget-heading .elementor-heading-title.elementor-size-small{font-size:15px}.elementor-widget-heading .elementor-heading-title.elementor-size-medium{font-size:19px}.elementor-widget-heading .elementor-heading-title.elementor-size-large{font-size:29px}.elementor-widget-heading .elementor-heading-title.elementor-size-xl{font-size:39px}.elementor-widget-heading .elementor-heading-title.elementor-size-xxl{font-size:59px} Perfil de salida Ingeniero con formaci\u00f3n s\u00f3lida en el \u00e1mbito de la energ\u00eda incluyendo los recursos energ\u00e9ticos, la generaci\u00f3n de los diferentes tipos de energ\u00eda, sus aplicaciones civiles e [&hellip;]<\/p>\n","protected":false},"author":7863,"featured_media":6157,"parent":107,"menu_order":0,"comment_status":"closed","ping_status":"closed","template":"","meta":{"footnotes":""},"class_list":["post-6153","page","type-page","status-publish","has-post-thumbnail","czr-hentry"],"_links":{"self":[{"href":"https:\/\/blogs.uned.es\/salidasprofesionales\/wp-json\/wp\/v2\/pages\/6153","targetHints":{"allow":["GET"]}}],"collection":[{"href":"https:\/\/blogs.uned.es\/salidasprofesionales\/wp-json\/wp\/v2\/pages"}],"about":[{"href":"https:\/\/blogs.uned.es\/salidasprofesionales\/wp-json\/wp\/v2\/types\/page"}],"author":[{"embeddable":true,"href":"https:\/\/blogs.uned.es\/salidasprofesionales\/wp-json\/wp\/v2\/users\/7863"}],"replies":[{"embeddable":true,"href":"https:\/\/blogs.uned.es\/salidasprofesionales\/wp-json\/wp\/v2\/comments?post=6153"}],"version-history":[{"count":13,"href":"https:\/\/blogs.uned.es\/salidasprofesionales\/wp-json\/wp\/v2\/pages\/6153\/revisions"}],"predecessor-version":[{"id":6185,"href":"https:\/\/blogs.uned.es\/salidasprofesionales\/wp-json\/wp\/v2\/pages\/6153\/revisions\/6185"}],"up":[{"embeddable":true,"href":"https:\/\/blogs.uned.es\/salidasprofesionales\/wp-json\/wp\/v2\/pages\/107"}],"wp:featuredmedia":[{"embeddable":true,"href":"https:\/\/blogs.uned.es\/salidasprofesionales\/wp-json\/wp\/v2\/media\/6157"}],"wp:attachment":[{"href":"https:\/\/blogs.uned.es\/salidasprofesionales\/wp-json\/wp\/v2\/media?parent=6153"}],"curies":[{"name":"wp","href":"https:\/\/api.w.org\/{rel}","templated":true}]}}