{"id":5633,"date":"2023-07-20T07:03:39","date_gmt":"2023-07-20T07:03:39","guid":{"rendered":"https:\/\/blogs.uned.es\/salidasprofesionales\/?page_id=5633"},"modified":"2023-07-20T07:03:39","modified_gmt":"2023-07-20T07:03:39","slug":"ambitos-profesionales","status":"publish","type":"page","link":"https:\/\/blogs.uned.es\/salidasprofesionales\/grados\/ciencias-sociales-y-juridicas\/grado-en-educacion-infantil\/ambitos-profesionales\/","title":{"rendered":"\u00c1mbitos profesionales"},"content":{"rendered":"<div class=\"wp-block-image\">\n<figure class=\"aligncenter size-full\"><img fetchpriority=\"high\" decoding=\"async\" width=\"310\" height=\"175\" src=\"https:\/\/blogs.uned.es\/salidasprofesionales\/wp-content\/uploads\/sites\/165\/2023\/07\/ambitos-profesionales-1.jpg\" alt=\"\" class=\"wp-image-5637\" srcset=\"https:\/\/blogs.uned.es\/salidasprofesionales\/wp-content\/uploads\/sites\/165\/2023\/07\/ambitos-profesionales-1.jpg 310w, https:\/\/blogs.uned.es\/salidasprofesionales\/wp-content\/uploads\/sites\/165\/2023\/07\/ambitos-profesionales-1-300x169.jpg 300w\" sizes=\"(max-width: 310px) 100vw, 310px\" \/><\/figure>\n<\/div>\n\n\n<p>Los <strong>\u00e1mbitos<\/strong> en los que un graduado\/a en Educaci\u00f3n Infantil puede desarrollar su actividad profesional, y por lo tanto disponer de mayores opciones de empleabilidad, tanto a nivel local, auton\u00f3mico, nacional e internacional, son fundamentalmente:<\/p>\n\n\n\n<ul class=\"wp-block-list\">\n<li><strong>1.- El \u00e1mbito educativo.<\/strong><\/li>\n\n\n\n<li><strong>2.- El \u00e1mbito social.<\/strong><\/li>\n\n\n\n<li><strong>3.- El \u00e1mbito medio-ambiental.<\/strong><\/li>\n<\/ul>\n\n\n\n<p>El Graduado o Graduada en Educaci\u00f3n Infantil puede desempe\u00f1ar su labor tanto en centros p\u00fablicos, como privados y concertados, de acuerdo con los requerimientos espec\u00edficos de acceso en cada uno de los casos.<\/p>\n\n\n\n<ul class=\"wp-block-list\">\n<li><em>La Ley Org\u00e1nica 2\/2006, de 3 de mayo, de Educaci\u00f3n, establece en su art\u00edculo 92 que la atenci\u00f3n educativa directa al alumnado del&nbsp;primer ciclo de Educaci\u00f3n Infantil&nbsp;correr\u00e1 a cargo de profesionales que posean el t\u00edtulo de Maestro con la especializaci\u00f3n en Educaci\u00f3n Infantil o el t\u00edtulo de Grado equivalente y, en su caso, de otro personal con la debida titulaci\u00f3n para la atenci\u00f3n a las ni\u00f1as y ni\u00f1os de esta edad, y que el&nbsp;segundo ciclo de Educaci\u00f3n Infantil&nbsp;ser\u00e1 impartido por profesorado con el t\u00edtulo de Maestro y la especialidad en Educaci\u00f3n Infantil o el t\u00edtulo de Grado equivalente y podr\u00e1n ser apoyados, en su labor docente, por maestras y maestros de otras especialidades cuando las ense\u00f1anzas impartidas lo requieran.<a href=\"#_ftn1\" id=\"_ftnref1\"><strong>[1]<\/strong><\/a><\/em><\/li>\n<\/ul>\n\n\n\n<hr class=\"wp-block-separator has-alpha-channel-opacity\" \/>\n\n\n\n<h3 class=\"wp-block-heading\"><a href=\"#_ftnref1\" id=\"_ftn1\">[1]<\/a> No modificado por la Ley Org\u00e1nica 3\/2020, de 29 de diciembre, por la que se modifica la Ley Org\u00e1nica 2\/2006, de 3 de mayo, de Educaci\u00f3n.<\/h3>\n","protected":false},"excerpt":{"rendered":"<p>Los \u00e1mbitos en los que un graduado\/a en Educaci\u00f3n Infantil puede desarrollar su actividad profesional, y por lo tanto disponer de mayores opciones de empleabilidad, tanto a nivel local, auton\u00f3mico, nacional e internacional, son fundamentalmente: El Graduado o Graduada en Educaci\u00f3n Infantil puede desempe\u00f1ar su labor tanto en centros p\u00fablicos, como privados y concertados, de [&hellip;]<\/p>\n","protected":false},"author":5997,"featured_media":0,"parent":5585,"menu_order":0,"comment_status":"closed","ping_status":"closed","template":"","meta":{"footnotes":""},"class_list":["post-5633","page","type-page","status-publish","czr-hentry"],"_links":{"self":[{"href":"https:\/\/blogs.uned.es\/salidasprofesionales\/wp-json\/wp\/v2\/pages\/5633","targetHints":{"allow":["GET"]}}],"collection":[{"href":"https:\/\/blogs.uned.es\/salidasprofesionales\/wp-json\/wp\/v2\/pages"}],"about":[{"href":"https:\/\/blogs.uned.es\/salidasprofesionales\/wp-json\/wp\/v2\/types\/page"}],"author":[{"embeddable":true,"href":"https:\/\/blogs.uned.es\/salidasprofesionales\/wp-json\/wp\/v2\/users\/5997"}],"replies":[{"embeddable":true,"href":"https:\/\/blogs.uned.es\/salidasprofesionales\/wp-json\/wp\/v2\/comments?post=5633"}],"version-history":[{"count":1,"href":"https:\/\/blogs.uned.es\/salidasprofesionales\/wp-json\/wp\/v2\/pages\/5633\/revisions"}],"predecessor-version":[{"id":5639,"href":"https:\/\/blogs.uned.es\/salidasprofesionales\/wp-json\/wp\/v2\/pages\/5633\/revisions\/5639"}],"up":[{"embeddable":true,"href":"https:\/\/blogs.uned.es\/salidasprofesionales\/wp-json\/wp\/v2\/pages\/5585"}],"wp:attachment":[{"href":"https:\/\/blogs.uned.es\/salidasprofesionales\/wp-json\/wp\/v2\/media?parent=5633"}],"curies":[{"name":"wp","href":"https:\/\/api.w.org\/{rel}","templated":true}]}}