{"id":5593,"date":"2023-07-20T06:44:52","date_gmt":"2023-07-20T06:44:52","guid":{"rendered":"https:\/\/blogs.uned.es\/salidasprofesionales\/?page_id=5593"},"modified":"2023-07-20T06:44:52","modified_gmt":"2023-07-20T06:44:52","slug":"perfil-del-grado","status":"publish","type":"page","link":"https:\/\/blogs.uned.es\/salidasprofesionales\/grados\/ciencias-sociales-y-juridicas\/grado-en-educacion-infantil\/perfil-del-grado\/","title":{"rendered":"Perfil del Grado"},"content":{"rendered":"\n<figure class=\"wp-block-image size-full\"><img fetchpriority=\"high\" decoding=\"async\" width=\"310\" height=\"180\" src=\"https:\/\/blogs.uned.es\/salidasprofesionales\/wp-content\/uploads\/sites\/165\/2023\/07\/perfil-del-grado.jpg\" alt=\"\" class=\"wp-image-5595\" srcset=\"https:\/\/blogs.uned.es\/salidasprofesionales\/wp-content\/uploads\/sites\/165\/2023\/07\/perfil-del-grado.jpg 310w, https:\/\/blogs.uned.es\/salidasprofesionales\/wp-content\/uploads\/sites\/165\/2023\/07\/perfil-del-grado-300x174.jpg 300w\" sizes=\"(max-width: 310px) 100vw, 310px\" \/><\/figure>\n\n\n\n<p>El Graduado\/a en Educaci\u00f3n Infantil por la Universidad Nacional de Educaci\u00f3n a Distancia (UNED) es un profesional especialista en la formaci\u00f3n de los ni\u00f1os y las ni\u00f1as escolarizados en la etapa de 0 a 6 a\u00f1os.<\/p>\n\n\n\n<p><em>La finalidad de la Educaci\u00f3n Infantil es contribuir al desarrollo integral y arm\u00f3nico del alumnado en todas sus dimensiones: f\u00edsica, emocional, sexual, afectiva, social, cognitiva y art\u00edstica, potenciando la autonom\u00eda personal y la creaci\u00f3n progresiva de una imagen positiva y equilibrada de s\u00ed mismos, as\u00ed como a la educaci\u00f3n en valores c\u00edvicos para la convivencia<\/em>&nbsp;(<a href=\"https:\/\/www.boe.es\/diario_boe\/txt.php?id=BOE-A-2022-1654\" target=\"_blank\" rel=\"noreferrer noopener\">Real Decreto 95\/2022<\/a>).<\/p>\n\n\n\n<p>La etapa de Educaci\u00f3n Infantil se considera la base del aprendizaje y del desarrollo permanente como se constata en el Objetivo 4 (Educaci\u00f3n de calidad) de la&nbsp;<em>Agenda 2030 para el Desarrollo Sostenible<\/em>&nbsp;de la UNESCO. Con ello, se persigue asegurar el acceso a unos servicios de atenci\u00f3n y desarrollo en la primera infancia de calidad, a fin de que est\u00e9n preparados para la ense\u00f1anza primaria (Comisi\u00f3n Europea, 2019). De acuerdo con lo que se recoge en el Libro Blanco de Magisterio (ANECA, 2004), el Graduado\/a en Educaci\u00f3n Infantil, debe ser capaz de:<\/p>\n\n\n\n<ul class=\"wp-block-list\">\n<li>Organizar la interacci\u00f3n del alumnado con el objeto de conocimiento.<\/li>\n\n\n\n<li>Actuar como mediador para que toda la actividad que se lleve a cabo resulte significativa y estimule el potencial de desarrollo del alumnado en un trabajo cooperativo del grupo.<\/li>\n\n\n\n<li>Dise\u00f1ar y organizar trabajos disciplinares e interdisciplinares y colaborar con el mundo exterior a la escuela.<\/li>\n\n\n\n<li>Ser un profesional capaz de analizar el contexto en el que se desarrolla su actividad y planificarla, as\u00ed como de dar respuesta a una sociedad cambiante.<\/li>\n\n\n\n<li>Ejercer las funciones de tutor\u00eda, orientaci\u00f3n de los alumnos\/as y evaluaci\u00f3n de sus aprendizajes.<\/li>\n<\/ul>\n","protected":false},"excerpt":{"rendered":"<p>El Graduado\/a en Educaci\u00f3n Infantil por la Universidad Nacional de Educaci\u00f3n a Distancia (UNED) es un profesional especialista en la formaci\u00f3n de los ni\u00f1os y las ni\u00f1as escolarizados en la etapa de 0 a 6 a\u00f1os. La finalidad de la Educaci\u00f3n Infantil es contribuir al desarrollo integral y arm\u00f3nico del alumnado en todas sus dimensiones: [&hellip;]<\/p>\n","protected":false},"author":5997,"featured_media":0,"parent":5585,"menu_order":0,"comment_status":"closed","ping_status":"closed","template":"","meta":{"footnotes":""},"class_list":["post-5593","page","type-page","status-publish","czr-hentry"],"_links":{"self":[{"href":"https:\/\/blogs.uned.es\/salidasprofesionales\/wp-json\/wp\/v2\/pages\/5593","targetHints":{"allow":["GET"]}}],"collection":[{"href":"https:\/\/blogs.uned.es\/salidasprofesionales\/wp-json\/wp\/v2\/pages"}],"about":[{"href":"https:\/\/blogs.uned.es\/salidasprofesionales\/wp-json\/wp\/v2\/types\/page"}],"author":[{"embeddable":true,"href":"https:\/\/blogs.uned.es\/salidasprofesionales\/wp-json\/wp\/v2\/users\/5997"}],"replies":[{"embeddable":true,"href":"https:\/\/blogs.uned.es\/salidasprofesionales\/wp-json\/wp\/v2\/comments?post=5593"}],"version-history":[{"count":1,"href":"https:\/\/blogs.uned.es\/salidasprofesionales\/wp-json\/wp\/v2\/pages\/5593\/revisions"}],"predecessor-version":[{"id":5597,"href":"https:\/\/blogs.uned.es\/salidasprofesionales\/wp-json\/wp\/v2\/pages\/5593\/revisions\/5597"}],"up":[{"embeddable":true,"href":"https:\/\/blogs.uned.es\/salidasprofesionales\/wp-json\/wp\/v2\/pages\/5585"}],"wp:attachment":[{"href":"https:\/\/blogs.uned.es\/salidasprofesionales\/wp-json\/wp\/v2\/media?parent=5593"}],"curies":[{"name":"wp","href":"https:\/\/api.w.org\/{rel}","templated":true}]}}