{"id":5555,"date":"2023-07-13T09:34:26","date_gmt":"2023-07-13T09:34:26","guid":{"rendered":"https:\/\/blogs.uned.es\/salidasprofesionales\/?page_id=5555"},"modified":"2024-04-25T08:56:32","modified_gmt":"2024-04-25T08:56:32","slug":"organizaciones-y-enlaces-relevantes-ciencias-juridicas-de-las-administraciones-publicas","status":"publish","type":"page","link":"https:\/\/blogs.uned.es\/salidasprofesionales\/organizaciones-y-enlaces-relevantes-ciencias-juridicas-de-las-administraciones-publicas\/","title":{"rendered":"Organizaciones y enlaces relevantes (Ciencias Jur\u00eddicas de las Administraciones P\u00fablicas)"},"content":{"rendered":"<div class=\"wp-block-image\">\n<figure class=\"aligncenter size-full\"><img decoding=\"async\" width=\"220\" height=\"180\" src=\"https:\/\/blogs.uned.es\/salidasprofesionales\/wp-content\/uploads\/sites\/165\/2022\/07\/ENLACES-RELEVANTES.jpg\" alt=\"\" class=\"wp-image-5239\" \/><\/figure>\n<\/div>\n\n\n<ul class=\"wp-block-list\">\n<li><strong>Para encontrar trabajo:<\/strong> Administraciones P\u00fablicas estatales, locales o auton\u00f3micas; Administraciones Internacionales; Contratas; Concesionarias; ONGs; Consultor\u00edas y auditor\u00edas; Sindicatos laborales.<\/li>\n\n\n\n<li><strong>Datos de contacto Colegio Profesional:<\/strong><\/li>\n<\/ul>\n\n\n\n<p>Ilustre Colegio Nacional de Secretarios Judiciales. http:\/\/www.coseju.com\/. TLF: 91 308 67 09. cnsj@coseju.com<\/p>\n\n\n\n<ul class=\"wp-block-list\">\n<li><strong>Datos de contacto Responsable del t\u00edtulo UNED:<\/strong><strong><\/strong><\/li>\n<\/ul>\n\n\n\n<p><a>Juan Francisco Rodriguez Ayuso. Coordinador Acad\u00e9mico del Grado en Ciencias Jur\u00eddicas de las Administraciones P\u00fablicas <\/a>\u00a0<a href=\"mailto:amohino@der.uned.es\">coordinacion.gradoccjjaapp@der.uned.es<\/a><\/p>\n\n\n\n<hr class=\"wp-block-separator has-alpha-channel-opacity\" \/>\n\n\n\n<p><a id=\"_msocom_1\"><\/a><\/p>\n\n\n\n<p>&nbsp;<\/p>\n","protected":false},"excerpt":{"rendered":"<p>Ilustre Colegio Nacional de Secretarios Judiciales. http:\/\/www.coseju.com\/. TLF: 91 308 67 09. cnsj@coseju.com Juan Francisco Rodriguez Ayuso. Coordinador Acad\u00e9mico del Grado en Ciencias Jur\u00eddicas de las Administraciones P\u00fablicas \u00a0coordinacion.gradoccjjaapp@der.uned.es &nbsp;<\/p>\n","protected":false},"author":5997,"featured_media":0,"parent":0,"menu_order":0,"comment_status":"closed","ping_status":"closed","template":"","meta":{"footnotes":""},"class_list":["post-5555","page","type-page","status-publish","czr-hentry"],"_links":{"self":[{"href":"https:\/\/blogs.uned.es\/salidasprofesionales\/wp-json\/wp\/v2\/pages\/5555","targetHints":{"allow":["GET"]}}],"collection":[{"href":"https:\/\/blogs.uned.es\/salidasprofesionales\/wp-json\/wp\/v2\/pages"}],"about":[{"href":"https:\/\/blogs.uned.es\/salidasprofesionales\/wp-json\/wp\/v2\/types\/page"}],"author":[{"embeddable":true,"href":"https:\/\/blogs.uned.es\/salidasprofesionales\/wp-json\/wp\/v2\/users\/5997"}],"replies":[{"embeddable":true,"href":"https:\/\/blogs.uned.es\/salidasprofesionales\/wp-json\/wp\/v2\/comments?post=5555"}],"version-history":[{"count":3,"href":"https:\/\/blogs.uned.es\/salidasprofesionales\/wp-json\/wp\/v2\/pages\/5555\/revisions"}],"predecessor-version":[{"id":5917,"href":"https:\/\/blogs.uned.es\/salidasprofesionales\/wp-json\/wp\/v2\/pages\/5555\/revisions\/5917"}],"wp:attachment":[{"href":"https:\/\/blogs.uned.es\/salidasprofesionales\/wp-json\/wp\/v2\/media?parent=5555"}],"curies":[{"name":"wp","href":"https:\/\/api.w.org\/{rel}","templated":true}]}}