{"id":5479,"date":"2023-07-12T10:09:13","date_gmt":"2023-07-12T10:09:13","guid":{"rendered":"https:\/\/blogs.uned.es\/salidasprofesionales\/?page_id=5479"},"modified":"2023-07-12T10:09:13","modified_gmt":"2023-07-12T10:09:13","slug":"master-universitario-en-industria-conectada","status":"publish","type":"page","link":"https:\/\/blogs.uned.es\/salidasprofesionales\/master\/e-t-s-de-ingenieros-industriales\/master-universitario-en-industria-conectada\/","title":{"rendered":"M\u00c1STER UNIVERSITARIO EN INDUSTRIA CONECTADA"},"content":{"rendered":"\n<figure class=\"wp-block-image size-full\"><img decoding=\"async\" width=\"226\" height=\"180\" src=\"https:\/\/blogs.uned.es\/salidasprofesionales\/wp-content\/uploads\/sites\/165\/2023\/07\/Industriales3.jpg\" alt=\"\" class=\"wp-image-5481\" \/><\/figure>\n\n\n\n<p>El M\u00e1ster en Industria Conectada responde a la necesidad de proporcionar a los estudiantes de habla espa\u00f1ola una formaci\u00f3n avanzada que haga posible la especializaci\u00f3n en Industria 4.0,&nbsp;un campo con una gran proyecci\u00f3n de futuro. Este T\u00edtulo permitir\u00e1&nbsp;a los Ingenieros actuales adaptarse a las nuevas necesidades del mercado laboral, contribuyendo a incrementar sus oportunidades laborales en el sector industrial, que en la actualidad se encuentran en expansi\u00f3n y son reclamados por la sociedad.&nbsp;<\/p>\n\n\n\n<p>Adem\u00e1s, gracias a este M\u00e1ster, los estudiantes obtendr\u00e1n una mayor especializaci\u00f3n acad\u00e9mica, ampliando sus conocimientos y podr\u00e1n iniciarse en la actividad cient\u00edfica propia de esta disciplina, recibiendo la formaci\u00f3n y las t\u00e9cnicas necesarias para la elaboraci\u00f3n de trabajos de investigaci\u00f3n. Estas tareas podr\u00e1n orientarse a la realizaci\u00f3n de una tesis doctoral o de otras actividades profesionales en campos relacionados.&nbsp;<\/p>\n","protected":false},"excerpt":{"rendered":"<p>El M\u00e1ster en Industria Conectada responde a la necesidad de proporcionar a los estudiantes de habla espa\u00f1ola una formaci\u00f3n avanzada que haga posible la especializaci\u00f3n en Industria 4.0,&nbsp;un campo con una gran proyecci\u00f3n de futuro. Este T\u00edtulo permitir\u00e1&nbsp;a los Ingenieros actuales adaptarse a las nuevas necesidades del mercado laboral, contribuyendo a incrementar sus oportunidades laborales [&hellip;]<\/p>\n","protected":false},"author":5997,"featured_media":0,"parent":3811,"menu_order":0,"comment_status":"closed","ping_status":"closed","template":"","meta":{"footnotes":""},"class_list":["post-5479","page","type-page","status-publish","czr-hentry"],"_links":{"self":[{"href":"https:\/\/blogs.uned.es\/salidasprofesionales\/wp-json\/wp\/v2\/pages\/5479","targetHints":{"allow":["GET"]}}],"collection":[{"href":"https:\/\/blogs.uned.es\/salidasprofesionales\/wp-json\/wp\/v2\/pages"}],"about":[{"href":"https:\/\/blogs.uned.es\/salidasprofesionales\/wp-json\/wp\/v2\/types\/page"}],"author":[{"embeddable":true,"href":"https:\/\/blogs.uned.es\/salidasprofesionales\/wp-json\/wp\/v2\/users\/5997"}],"replies":[{"embeddable":true,"href":"https:\/\/blogs.uned.es\/salidasprofesionales\/wp-json\/wp\/v2\/comments?post=5479"}],"version-history":[{"count":1,"href":"https:\/\/blogs.uned.es\/salidasprofesionales\/wp-json\/wp\/v2\/pages\/5479\/revisions"}],"predecessor-version":[{"id":5483,"href":"https:\/\/blogs.uned.es\/salidasprofesionales\/wp-json\/wp\/v2\/pages\/5479\/revisions\/5483"}],"up":[{"embeddable":true,"href":"https:\/\/blogs.uned.es\/salidasprofesionales\/wp-json\/wp\/v2\/pages\/3811"}],"wp:attachment":[{"href":"https:\/\/blogs.uned.es\/salidasprofesionales\/wp-json\/wp\/v2\/media?parent=5479"}],"curies":[{"name":"wp","href":"https:\/\/api.w.org\/{rel}","templated":true}]}}