{"id":5471,"date":"2023-07-12T10:01:28","date_gmt":"2023-07-12T10:01:28","guid":{"rendered":"https:\/\/blogs.uned.es\/salidasprofesionales\/?page_id=5471"},"modified":"2023-07-12T10:01:29","modified_gmt":"2023-07-12T10:01:29","slug":"master-universitario-en-gestion-de-contratos-y-programas-en-el-sector-publico-con-especial-aplicacion-al-ambito-de-la-defensa","status":"publish","type":"page","link":"https:\/\/blogs.uned.es\/salidasprofesionales\/master-universitario-en-gestion-de-contratos-y-programas-en-el-sector-publico-con-especial-aplicacion-al-ambito-de-la-defensa\/","title":{"rendered":"M\u00c1STER UNIVERSITARIO EN GESTI\u00d3N DE CONTRATOS Y PROGRAMAS EN EL SECTOR P\u00daBLICO, CON ESPECIAL APLICACI\u00d3N AL \u00c1MBITO DE LA DEFENSA"},"content":{"rendered":"\n<p>El m\u00e1ster se concibe para proporcionar una formaci\u00f3n avanzada de car\u00e1cter especializado a los que desempe\u00f1en sus cometidos en puestos de responsabilidad del sector p\u00fablico relacionados con un entorno contractual, as\u00ed como al personal civil y militar que desarrolla sus actividades en el seno de las distintas organizaciones de adquisici\u00f3n del Ministerio de Defensa y entidades dependientes, relacionadas con los procesos de adquisici\u00f3n, y al personal que desarrolla su actividad en las empresas proveedoras de bienes y servicios para la Defensa.<\/p>\n\n\n\n<p>Adem\u00e1s, los que finalicen este M\u00e1ster podr\u00e1n acceder al programa de doctorado en \u201cSeguridad internacional\u201d de la UNED debiendo coincidir la l\u00ednea de investigaci\u00f3n elegida con las determinadas en el programa.<\/p>\n\n\n\n<p>Los estudiantes que opten por cursar la asignatura optativa \u201cGesti\u00f3n de proyectos en la administraci\u00f3n p\u00fablica\u201d, cumplir\u00e1n con los requisitos, tanto de las 35 horas de formaci\u00f3n necesarios para poder optar a la obtenci\u00f3n de la credencial del certificado PMP (Project Management Professional), como de las 24 horas de formaci\u00f3n para obtener el certificado CAPM (Certified Associate in Project Management) por el Project Management Institute (PMI).<\/p>\n","protected":false},"excerpt":{"rendered":"<p>El m\u00e1ster se concibe para proporcionar una formaci\u00f3n avanzada de car\u00e1cter especializado a los que desempe\u00f1en sus cometidos en puestos de responsabilidad del sector p\u00fablico relacionados con un entorno contractual, as\u00ed como al personal civil y militar que desarrolla sus actividades en el seno de las distintas organizaciones de adquisici\u00f3n del Ministerio de Defensa y [&hellip;]<\/p>\n","protected":false},"author":5997,"featured_media":0,"parent":0,"menu_order":0,"comment_status":"closed","ping_status":"closed","template":"","meta":{"footnotes":""},"class_list":["post-5471","page","type-page","status-publish","czr-hentry"],"_links":{"self":[{"href":"https:\/\/blogs.uned.es\/salidasprofesionales\/wp-json\/wp\/v2\/pages\/5471","targetHints":{"allow":["GET"]}}],"collection":[{"href":"https:\/\/blogs.uned.es\/salidasprofesionales\/wp-json\/wp\/v2\/pages"}],"about":[{"href":"https:\/\/blogs.uned.es\/salidasprofesionales\/wp-json\/wp\/v2\/types\/page"}],"author":[{"embeddable":true,"href":"https:\/\/blogs.uned.es\/salidasprofesionales\/wp-json\/wp\/v2\/users\/5997"}],"replies":[{"embeddable":true,"href":"https:\/\/blogs.uned.es\/salidasprofesionales\/wp-json\/wp\/v2\/comments?post=5471"}],"version-history":[{"count":1,"href":"https:\/\/blogs.uned.es\/salidasprofesionales\/wp-json\/wp\/v2\/pages\/5471\/revisions"}],"predecessor-version":[{"id":5473,"href":"https:\/\/blogs.uned.es\/salidasprofesionales\/wp-json\/wp\/v2\/pages\/5471\/revisions\/5473"}],"wp:attachment":[{"href":"https:\/\/blogs.uned.es\/salidasprofesionales\/wp-json\/wp\/v2\/media?parent=5471"}],"curies":[{"name":"wp","href":"https:\/\/api.w.org\/{rel}","templated":true}]}}