{"id":5373,"date":"2022-11-22T09:53:38","date_gmt":"2022-11-22T09:53:38","guid":{"rendered":"https:\/\/blogs.uned.es\/salidasprofesionales\/?page_id=5373"},"modified":"2024-06-03T10:36:06","modified_gmt":"2024-06-03T10:36:06","slug":"master-universitario-en-ingenieria-de-las-tecnologias-educativas","status":"publish","type":"page","link":"https:\/\/blogs.uned.es\/salidasprofesionales\/master\/e-t-s-de-ingenieria-informatica\/master-universitario-en-ingenieria-de-las-tecnologias-educativas\/","title":{"rendered":"M\u00c1STER UNIVERSITARIO EN INGENIER\u00cdA DE LAS TECNOLOG\u00cdAS EDUCATIVAS"},"content":{"rendered":"\t\t<div data-elementor-type=\"wp-page\" data-elementor-id=\"5373\" class=\"elementor elementor-5373\">\n\t\t\t\t\t\t<section class=\"elementor-section elementor-top-section elementor-element elementor-element-607eb950 elementor-section-boxed elementor-section-height-default elementor-section-height-default\" data-id=\"607eb950\" data-element_type=\"section\" data-e-type=\"section\">\n\t\t\t\t\t\t<div class=\"elementor-container elementor-column-gap-default\">\n\t\t\t\t\t<div class=\"elementor-column elementor-col-100 elementor-top-column elementor-element elementor-element-21ba0a2d\" data-id=\"21ba0a2d\" data-element_type=\"column\" data-e-type=\"column\">\n\t\t\t<div class=\"elementor-widget-wrap elementor-element-populated\">\n\t\t\t\t\t\t<div class=\"elementor-element elementor-element-63d55272 elementor-widget elementor-widget-text-editor\" data-id=\"63d55272\" data-element_type=\"widget\" data-e-type=\"widget\" data-widget_type=\"text-editor.default\">\n\t\t\t\t<div class=\"elementor-widget-container\">\n\t\t\t\t\t\t\t\t\t<p><div class=\"wp-block-image\"><\/p>\n<figure class=\"aligncenter size-full\"><img fetchpriority=\"high\" decoding=\"async\" width=\"304\" height=\"180\" class=\"wp-image-5375\" src=\"https:\/\/blogs.uned.es\/salidasprofesionales\/wp-content\/uploads\/sites\/165\/2022\/11\/puestos.jpg\" alt=\"\" srcset=\"https:\/\/blogs.uned.es\/salidasprofesionales\/wp-content\/uploads\/sites\/165\/2022\/11\/puestos.jpg 304w, https:\/\/blogs.uned.es\/salidasprofesionales\/wp-content\/uploads\/sites\/165\/2022\/11\/puestos-300x178.jpg 300w\" sizes=\"(max-width: 304px) 100vw, 304px\" \/><\/figure>\n<p><\/div><\/p>\n<p>Los conocimientos adquiridos en el M\u00e1ster Universitario en Ingenier\u00eda de las Tecnolog\u00edas Educativas pueden abrir diversas salidas profesionales, como:<\/p>\n<ul>\n<li><strong>Analista de datos educativos<\/strong>: Este rol implica analizar grandes cantidades de datos generados en entornos educativos para identificar patrones y tendencias que pueden mejorar los procesos de ense\u00f1anza y aprendizaje.<\/li>\n<li><strong>Dise\u00f1ador de tecnolog\u00eda educativa<\/strong>: Utilizando los conocimientos de modelado de usuario, puedes dise\u00f1ar software y aplicaciones que se adapten mejor a las necesidades de los estudiantes y educadores, mejorando la eficacia educativa.<\/li>\n<li><strong>Consultor en tecnolog\u00eda educativa<\/strong>: Asesorar a instituciones educativas en la implementaci\u00f3n de tecnolog\u00edas basadas en datos que pueden personalizar y mejorar el aprendizaje.<\/li>\n<li><strong>Investigador en tecnolog\u00eda educativa<\/strong>: Trabajar en proyectos de investigaci\u00f3n que exploren c\u00f3mo la miner\u00eda de datos puede ser utilizada para innovar y mejorar los m\u00e9todos educativos.<\/li>\n<li><strong>Desarrollador de sistemas de gesti\u00f3n del aprendizaje (LMS):<\/strong> Desarrollar y mejorar plataformas de aprendizaje en l\u00ednea que utilizan datos de los usuarios para ofrecer una experiencia m\u00e1s personalizada y eficiente.<\/li>\n<li><strong>Especialista en aprendizaje adaptativo:<\/strong> Crear sistemas que se ajusten autom\u00e1ticamente a las necesidades de aprendizaje de los estudiantes bas\u00e1ndose en el an\u00e1lisis de datos de su desempe\u00f1o y comportamiento.<\/li>\n<li><strong>Funcionario en organizaciones educativas:<\/strong> Trabajar en departamentos gubernamentales o internacionales que se enfocan en la integraci\u00f3n de tecnolog\u00edas educativas para formular pol\u00edticas basadas en evidencias concretas.<\/li>\n<\/ul>\n<p>Adem\u00e1s, en el m\u00e1ster tambi\u00e9n se abordan mecanismos, est\u00e1ndares y herramientas para producir materiales educativos enriquecidos, interactivos, multimedia y gamificados, as\u00ed como para su explotaci\u00f3n directa a trav\u00e9s de repositorios on-line y su integraci\u00f3n en las plataformas de aprendizaje, lo cual es de gran inter\u00e9s y valor para las empresas que proveen servicios educativos a clientes finales o terceros. Asimismo, profundiza en el uso pr\u00e1ctico de los est\u00e1ndares y metadatos asociados a los recursos que fomentan su interoperabilidad utilizando datos enlazados (OpenLinkedData) lo cual es fundamental para el sostenimiento y funcionamiento de plataformas y servicios acad\u00e9micos en la nube tipo PaaS (Platform as a Service) y SaaS (Software as a Service). Finalmente, se hace especial hincapi\u00e9 en la gesti\u00f3n de recursos educativos abiertos (REA, OER-Open Educational Resources en ingl\u00e9s) que se encuentran en el dominio p\u00fablico y que se publican con licencias de propiedad intelectual que facilitan su uso, adaptaci\u00f3n y distribuci\u00f3n de forma gratuita o libre, como por ejemplo, a trav\u00e9s de plataformas MOOC.<\/p>\n<p>Todas estos conocimientos combinan habilidades en ingenier\u00eda, tecnolog\u00eda, an\u00e1lisis de datos y comprensi\u00f3n del proceso educativo, posicion\u00e1ndose en un campo en crecimiento donde la tecnolog\u00eda juega un papel cada vez m\u00e1s cr\u00edtico en la educaci\u00f3n.<\/p>\n<p>Para m\u00e1s informaci\u00f3n puede ponerse en contacto con la coordinaci\u00f3n del m\u00e1ster en el la direcci\u00f3n de correo electr\u00f3nico <a href=\"mailto:master.ing.tec.edu@scc.uned.es\">master.ing.tec.edu@scc.uned.es<\/a><\/p>\n<p>\u00a0<\/p>\n<p><\/p>\t\t\t\t\t\t\t\t<\/div>\n\t\t\t\t<\/div>\n\t\t\t\t\t<\/div>\n\t\t<\/div>\n\t\t\t\t\t<\/div>\n\t\t<\/section>\n\t\t\t\t<\/div>\n\t\t","protected":false},"excerpt":{"rendered":"<p>Los conocimientos adquiridos en el M\u00e1ster Universitario en Ingenier\u00eda de las Tecnolog\u00edas Educativas pueden abrir diversas salidas profesionales, como: Analista de datos educativos: Este rol implica analizar grandes cantidades de datos generados en entornos educativos para identificar patrones y tendencias que pueden mejorar los procesos de ense\u00f1anza y aprendizaje. Dise\u00f1ador de tecnolog\u00eda educativa: Utilizando los [&hellip;]<\/p>\n","protected":false},"author":5997,"featured_media":0,"parent":3717,"menu_order":0,"comment_status":"closed","ping_status":"closed","template":"","meta":{"footnotes":""},"class_list":["post-5373","page","type-page","status-publish","czr-hentry"],"_links":{"self":[{"href":"https:\/\/blogs.uned.es\/salidasprofesionales\/wp-json\/wp\/v2\/pages\/5373","targetHints":{"allow":["GET"]}}],"collection":[{"href":"https:\/\/blogs.uned.es\/salidasprofesionales\/wp-json\/wp\/v2\/pages"}],"about":[{"href":"https:\/\/blogs.uned.es\/salidasprofesionales\/wp-json\/wp\/v2\/types\/page"}],"author":[{"embeddable":true,"href":"https:\/\/blogs.uned.es\/salidasprofesionales\/wp-json\/wp\/v2\/users\/5997"}],"replies":[{"embeddable":true,"href":"https:\/\/blogs.uned.es\/salidasprofesionales\/wp-json\/wp\/v2\/comments?post=5373"}],"version-history":[{"count":10,"href":"https:\/\/blogs.uned.es\/salidasprofesionales\/wp-json\/wp\/v2\/pages\/5373\/revisions"}],"predecessor-version":[{"id":6017,"href":"https:\/\/blogs.uned.es\/salidasprofesionales\/wp-json\/wp\/v2\/pages\/5373\/revisions\/6017"}],"up":[{"embeddable":true,"href":"https:\/\/blogs.uned.es\/salidasprofesionales\/wp-json\/wp\/v2\/pages\/3717"}],"wp:attachment":[{"href":"https:\/\/blogs.uned.es\/salidasprofesionales\/wp-json\/wp\/v2\/media?parent=5373"}],"curies":[{"name":"wp","href":"https:\/\/api.w.org\/{rel}","templated":true}]}}