{"id":4843,"date":"2021-06-29T19:03:56","date_gmt":"2021-06-29T19:03:56","guid":{"rendered":"https:\/\/blogs.uned.es\/salidasprofesionales\/?page_id=4843"},"modified":"2025-07-10T07:53:08","modified_gmt":"2025-07-10T07:53:08","slug":"organizaciones-y-enlaces-relevantes","status":"publish","type":"page","link":"https:\/\/blogs.uned.es\/salidasprofesionales\/grado-en-lengua-y-literatura-espanolas\/organizaciones-y-enlaces-relevantes\/","title":{"rendered":"Organizaciones y enlaces relevantes:"},"content":{"rendered":"<div class=\"wp-block-image\">\n<figure class=\"alignright size-large\"><img fetchpriority=\"high\" decoding=\"async\" width=\"275\" height=\"183\" src=\"https:\/\/blogs.uned.es\/salidasprofesionales\/wp-content\/uploads\/sites\/165\/2021\/06\/organizacion.jpg\" alt=\"\" class=\"wp-image-4845\" \/><\/figure>\n<\/div>\n\n\n<p>Academias; academias preparadoras de oposiciones; agencias de viajes ; agencias de comunicaci\u00f3n, imagen y relaciones p\u00fablicas ; agencias de noticias y corresponsal\u00edas en el extranjero ; agencias prestadoras de servicios culturales; archivos ; asociaciones de cultura y ocio; aulas hospitalarias; bibliotecas; centros de acogida para inmigrantes; centros de documentaci\u00f3n; centros de ense\u00f1anza a distancia; centros de formaci\u00f3n continua; centros de formaci\u00f3n ocupacional; centros de formaci\u00f3n profesional; centros de informaci\u00f3n; colegios; editoriales; emisoras de radio emisoras de televisi\u00f3n; empresas dedicadas a la gesti\u00f3n documental; escuelas de idiomas; escuelas profesionales; formaci\u00f3n por Internet; fundaciones y organizaciones sin \u00e1nimo de lucro; gabinetes de prensa en empresas o instituciones; grupos de comunicaci\u00f3n; hoteles; librer\u00edas; museos; organismos de investigaci\u00f3n, educaci\u00f3n y cient\u00edficos sin fines lucrativos; organismos internacionales; organizaci\u00f3n de cursos de idiomas y estancias ling\u00fc\u00edsticas; organizaciones internacionales; p\u00e1ginas Web; paradores de turismo; prensa escrita; servicios de traducci\u00f3n e interpretaci\u00f3n de lenguas; servicios de Internet y multimedia; universidades; universidades para mayores; Universidades populares.<\/p>\n\n\n\n<ul class=\"wp-block-list\">\n<li><a href=\"http:\/\/www.buscaoposiciones.com\/\">http:\/\/www.buscaoposiciones.com\/<\/a><\/li>\n\n\n\n<li><a href=\"https:\/\/www.uned.es\/universidad\/inicio\/institucional\/coie.html\">Centro de Orientacion y Empleo de la Universidad Nacional de Educacion a Distancia (uned.es)<\/a><\/li>\n\n\n\n<li><a href=\"http:\/\/administracion.gob.es\">http:\/\/administracion.gob.es<\/a><\/li>\n\n\n\n<li>SEPE. Informaci\u00f3n anual del mercado de trabajo de los titulados universitarios. A\u00f1o 2014. SEPE. Rescatado el 8 de diciembre de 2015 desde <a href=\"https:\/\/www.sepe.es\/contenidos\/observatorio\/titulaciones\/2014_13\/titulados\/humanidades\/ESTUDIO_TITULADOS_FI_8.pdf\">https:\/\/www.sepe.es\/contenidos\/observatorio\/titulaciones\/2014_13\/titulados\/humanidades\/ESTUDIO_TITULADOS_FI_8.pdf<\/a><\/li>\n\n\n\n<li>Informaci\u00f3n de la Web de la Universidad. UNED. <a href=\"http:\/\/portal.uned.es\/portal\/page?_pageid=93,1646838&amp;_dad=portal&amp;_schema=PORTAL\">http:\/\/portal.uned.es\/portal\/page?_pageid=93,1646838&amp;_dad=portal&amp;_schema=PORTAL<\/a><\/li>\n\n\n\n<li><strong>Datos de contacto del Colegio Profesional:\u00a0 <\/strong>Consejo General de Colegios Oficiales de Doctores y Licenciados en Filosof\u00eda y Letras y en Ciencias de Espa\u00f1a. <a href=\"http:\/\/www.consejogeneralcdl.es\/\">http:\/\/www.consejogeneralcdl.es\/<\/a>. Calle Bolsa, 11, 28012. Madrid. 91 522 45 97 <a href=\"mailto:secretaria@consejogeneralcdl.es\">secretaria@consejogeneralcdl.es<\/a><\/li>\n\n\n\n<li>Coordinadora del grado:  Carmen Mar\u00eda L\u00f3pez L\u00f3pez <a href=\"mailto:cmlopez@flog.uned.es\">cmlopez@flog.uned.es<\/a> <\/li>\n<\/ul>\n\n\n\n<p><\/p>\n","protected":false},"excerpt":{"rendered":"<p>Academias; academias preparadoras de oposiciones; agencias de viajes ; agencias de comunicaci\u00f3n, imagen y relaciones p\u00fablicas ; agencias de noticias y corresponsal\u00edas en el extranjero ; agencias prestadoras de servicios culturales; archivos ; asociaciones de cultura y ocio; aulas hospitalarias; bibliotecas; centros de acogida para inmigrantes; centros de documentaci\u00f3n; centros de ense\u00f1anza a distancia; centros [&hellip;]<\/p>\n","protected":false},"author":5997,"featured_media":0,"parent":143,"menu_order":0,"comment_status":"closed","ping_status":"closed","template":"","meta":{"footnotes":""},"class_list":["post-4843","page","type-page","status-publish","czr-hentry"],"_links":{"self":[{"href":"https:\/\/blogs.uned.es\/salidasprofesionales\/wp-json\/wp\/v2\/pages\/4843","targetHints":{"allow":["GET"]}}],"collection":[{"href":"https:\/\/blogs.uned.es\/salidasprofesionales\/wp-json\/wp\/v2\/pages"}],"about":[{"href":"https:\/\/blogs.uned.es\/salidasprofesionales\/wp-json\/wp\/v2\/types\/page"}],"author":[{"embeddable":true,"href":"https:\/\/blogs.uned.es\/salidasprofesionales\/wp-json\/wp\/v2\/users\/5997"}],"replies":[{"embeddable":true,"href":"https:\/\/blogs.uned.es\/salidasprofesionales\/wp-json\/wp\/v2\/comments?post=4843"}],"version-history":[{"count":2,"href":"https:\/\/blogs.uned.es\/salidasprofesionales\/wp-json\/wp\/v2\/pages\/4843\/revisions"}],"predecessor-version":[{"id":6365,"href":"https:\/\/blogs.uned.es\/salidasprofesionales\/wp-json\/wp\/v2\/pages\/4843\/revisions\/6365"}],"up":[{"embeddable":true,"href":"https:\/\/blogs.uned.es\/salidasprofesionales\/wp-json\/wp\/v2\/pages\/143"}],"wp:attachment":[{"href":"https:\/\/blogs.uned.es\/salidasprofesionales\/wp-json\/wp\/v2\/media?parent=4843"}],"curies":[{"name":"wp","href":"https:\/\/api.w.org\/{rel}","templated":true}]}}