{"id":4779,"date":"2021-06-29T18:26:39","date_gmt":"2021-06-29T18:26:39","guid":{"rendered":"https:\/\/blogs.uned.es\/salidasprofesionales\/?page_id=4779"},"modified":"2024-12-11T11:34:15","modified_gmt":"2024-12-11T11:34:15","slug":"opciones-formativas-vinculadas-al-titulo","status":"publish","type":"page","link":"https:\/\/blogs.uned.es\/salidasprofesionales\/grado-en-lengua-y-literatura-espanolas\/opciones-formativas-vinculadas-al-titulo\/","title":{"rendered":"Opciones formativas vinculadas al t\u00edtulo"},"content":{"rendered":"<div class=\"wp-block-image\">\n<figure class=\"aligncenter size-large\"><img fetchpriority=\"high\" decoding=\"async\" width=\"275\" height=\"183\" src=\"https:\/\/blogs.uned.es\/salidasprofesionales\/wp-content\/uploads\/sites\/165\/2021\/06\/formacion-2.jpg\" alt=\"\" class=\"wp-image-4781\" \/><\/figure>\n<\/div>\n\n\n<p>Las <strong>titulaciones de grado<\/strong> relacionadas o complementarias al Grado en Estudios Ingleses: Lengua, Literatura y Cultura son:<\/p>\n\n\n\n<ul class=\"wp-block-list\">\n<li><a href=\"https:\/\/www.uned.es\/universidad\/inicio\/estudios\/grados\/grado-en-estudios-ingleses-lengua-literatura-y-cultura.html?idContenido=1\">GRADO EN ESTUDIOS INGLESES, LENGUA Y LITERATURA<\/a><\/li>\n\n\n\n<li><a href=\"https:\/\/www.uned.es\/universidad\/inicio\/estudios\/grados\/grado-en-filosofia.html?idContenido=1\">GRADO EN GEOGRAF\u00cdA E HISTORIA<\/a><\/li>\n\n\n\n<li><a href=\"https:\/\/www.uned.es\/universidad\/inicio\/estudios\/grados\/grado-en-historia-del-arte.html?idContenido=1\">GRADO EN HISTORIA DEL ARTE<\/a><\/li>\n\n\n\n<li><a href=\"https:\/\/www.uned.es\/universidad\/inicio\/estudios\/grados\/grado-en-filosofia.html?idContenido=1\">GRADO EN FILOSOF\u00cdA<\/a><\/li>\n\n\n\n<li><a href=\"https:\/\/www.uned.es\/universidad\/inicio\/estudios\/grados\/grado-en-antropologia-social-y-cultural.html?idContenido=1\">GRADO EN ANTROPOLOG\u00cdA SOCIAL Y CULTURAL<\/a><\/li>\n<\/ul>\n\n\n\n<p><strong>M\u00e1steres oficiales relacionados con el t\u00edtulo.<\/strong><\/p>\n\n\n\n<p>Con la aplicaci\u00f3n del EEES, los m\u00e1steres por primera vez tienen car\u00e1cter oficial y siguen un plan de estudios aprobado por el Ministerio de Educaci\u00f3n y Ciencia (hasta ahora los m\u00e1steres han seguido planes propios de cada universidad y son considerados t\u00edtulos propios, no oficiales). Los nuevos m\u00e1steres tienen entre 60 y 120 cr\u00e9ditos ECTS y seg\u00fan su orientaci\u00f3n pueden ser profesionalizantes (especializaci\u00f3n orientada al mundo laboral) o de investigaci\u00f3n (especializaci\u00f3n orientada al mundo acad\u00e9mico). Los t\u00edtulos obtenidos por la UNED dentro del EEES ser\u00e1n altamente competitivos y facilitar\u00e1n la inserci\u00f3n en el mercado laboral. Existir\u00e1 una mayor movilidad formativa y profesional, y los t\u00edtulos ser\u00e1n reconocidos a nivel europeo.<\/p>\n\n\n\n<p><strong>Profesionalizantes:<\/strong><\/p>\n\n\n\n<p><a href=\"https:\/\/www.uned.es\/universidad\/inicio\/en\/estudios\/masteres\/master-universitario-en-formacion-de-profesores-de-espanol-como-segunda-lengua.html?idContenido=1\">M\u00c1STER UNIVERSITARIO EN FORMACI\u00d3N DE PROFESORES DE ESPA\u00d1OL COMO SEGUNDA LENGUA<\/a><\/p>\n\n\n\n<p><a href=\"https:\/\/www.uned.es\/universidad\/inicio\/en\/estudios\/masteres\/master-universitario-en-formacion-del-profesorado-de-educacion-secundaria-obligatoria-y-bachillerato-formacion-profesional-y-ensenanzas-de-idiomas.html?idContenido=1\">M\u00c1STER UNIVERSITARIO EN FORMACI\u00d3N DEL PROFESORADO DE EDUCACI\u00d3N SECUNDARIA OBLIGATORIA Y BACHILLERATO, FORMACI\u00d3N PROFESIONAL Y ENSE\u00d1ANZAS DE IDIOMAS<\/a>, ESPECIALIDAD DE LENGUAS MODERNAS: INGL\u00c9S<\/p>\n\n\n\n<p><strong>Estudios literarios:<\/strong><\/p>\n\n\n\n<p><a href=\"https:\/\/www.uned.es\/universidad\/inicio\/en\/estudios\/masteres\/master-universitario-en-estudios-literarios-y-culturales-ingleses-y-su-proyeccion-social.html?idContenido=1\">M\u00c1STER UNIVERSITARIO EN ESTUDIOS LITERARIOS Y CULTURALES INGLESES Y SU PROYECCI\u00d3N SOCIAL<\/a><\/p>\n\n\n\n<p><a href=\"https:\/\/www.uned.es\/universidad\/inicio\/en\/estudios\/masteres\/master-universitario-en-el-mundo-clasico-y-su-proyeccion-en-la-cultura-occidental.html?idContenido=1\">M\u00c1STER UNIVERSITARIO EN EL MUNDO CL\u00c1SICO Y SU PROYECCI\u00d3N EN LA CULTURA OCCIDENTAL<\/a><\/p>\n\n\n\n<p><strong>Estudios ling\u00fc\u00edsticos:<\/strong><\/p>\n\n\n\n<p><a href=\"http:\/\/portal.uned.es\/portal\/page?_pageid=93,1337097&amp;_dad=portal&amp;_schema=PORTAL\">M\u00c1STER UNIVERSITARIO EN LING\u00dc\u00cdSTICA INGLESA APLICADA<\/a><\/p>\n\n\n\n<p><a href=\"https:\/\/www.uned.es\/universidad\/inicio\/en\/estudios\/masteres\/master-universitario-en-las-tecnologias-de-la-informacion-y-la-comunicacion-en-la-ensenanza-y-el-tratamiento-de-lenguas.html?idContenido=1\">M\u00c1STER UNIVERSITARIO EN LAS TECNOLOG\u00cdAS DE LA INFORMACI\u00d3N Y LA COMUNICACI\u00d3N EN LA ENSE\u00d1ANZA Y EL TRATAMIENTO DE LENGUAS<\/a><\/p>\n\n\n\n<p><strong>Otros m\u00e1steres relacionados:<\/strong><\/p>\n\n\n\n<p><a href=\"https:\/\/www.uned.es\/universidad\/inicio\/en\/estudios\/masteres\/master-universitario-en-estudios-de-genero.html?idContenido=1\">M\u00c1STER UNIVERSITARIO EN ESTUDIOS DE G\u00c9NERO<\/a><\/p>\n\n\n\n<p><a href=\"https:\/\/www.uned.es\/universidad\/inicio\/estudios\/masteres\/master-universitario-en-metodos-y-tecnicas-avanzadas-de-investigacion-historica-artistica-y-geografica-2009-mu-en-investigacion-en-historia-geografia-y-patrimonio-2023?idContenido=7\" data-type=\"link\" data-id=\"https:\/\/www.uned.es\/universidad\/inicio\/estudios\/masteres\/master-universitario-en-metodos-y-tecnicas-avanzadas-de-investigacion-historica-artistica-y-geografica-2009-mu-en-investigacion-en-historia-geografia-y-patrimonio-2023?idContenido=7\">M\u00c1STER UNIVERSITARIO EN M\u00c9TODOS Y T\u00c9CNICAS AVANZADAS DE INVESTIGACI\u00d3N HIST\u00d3RICA, ART\u00cdSTICA Y GEOGR\u00c1FICA &#8211; 2009 \/ MU EN INVESTIGACI\u00d3N EN HISTORIA, GEOGRAF\u00cdA Y PATRIMONIO \u2013 2023<\/a><\/p>\n\n\n\n<p><a href=\"http:\/\/portal.uned.es\/portal\/page?_pageid=93,1339251&amp;_dad=portal&amp;_schema=PORTAL\">M\u00c1STER UNIVERSITARIO EN UNI\u00d3N EUROPEA ESPECIALIDAD: MULTILEVEL EUROPEAN INTEGRATION AND FUNDAMENTAL RIGHT<\/a><\/p>\n\n\n\n<p><a href=\"http:\/\/portal.uned.es\/portal\/page?_pageid=93,27260180&amp;_dad=portal\">M\u00c1STER UNIVERSITARIO EN COMUNICACI\u00d3N AUDIOVISUAL DE SERVICIO P\u00daBLICO<\/a><\/p>\n\n\n\n<p><\/p>\n\n\n\n<p><strong>Programas de Doctorado.<\/strong><\/p>\n\n\n\n<p>Los Programas de Doctorado constituyen el tercer ciclo de los estudios universitarios oficiales, conducentes a la adquisici\u00f3n de las competencias y habilidades relacionadas con la investigaci\u00f3n cient\u00edfica de calidad. Se trata de un programa formativo que conduce la adquisici\u00f3n de las competencias y habilidades necesarias para la obtenci\u00f3n del t\u00edtulo de Doctor.<\/p>\n\n\n\n<p><a href=\"https:\/\/www.uned.es\/universidad\/facultades\/filologia\/bienvenida\/estudios\/informacion-doctorado.html\" target=\"_blank\" rel=\"noreferrer noopener\">PROGRAMA DE DOCTORADO EN FILOLOG\u00cdA. ESTUDIOS LING\u00dc\u00cdSTICOS Y LITERARIOS<\/a><\/p>\n\n\n\n<p><strong>Cursos de formaci\u00f3n permanente<\/strong>.<\/p>\n\n\n\n<p>La Formaci\u00f3n Permanente es un proceso educativo continuado que puede definirse como toda actividad de aprendizaje a lo largo de la vida con el objetivo de mejorar y actualizar los conocimientos, las aptitudes y capacidades de una persona. Se articula en dos grandes \u00e1reas: Programas de Postgrado y Programas de Desarrollo Profesional y Personal.<br>La superaci\u00f3n de estos estudios dar\u00e1 derecho, en su caso, a la obtenci\u00f3n del correspondiente t\u00edtulo propio, que con car\u00e1cter de ense\u00f1anza universitaria no oficial otorga la UNED, acreditando la especialidad y el nivel cursado.<\/p>\n\n\n\n<p>La principal diferencia entre los m\u00e1steres oficiales universitarios mencionados arriba y los m\u00e1steres propios de postgrado reside en que los oficiales tienen validez en todo el territorio nacional, surten efectos acad\u00e9micos plenos y habilitan para el ejercicio profesional, de acuerdo con la normativa vigente. Los t\u00edtulos propios, por su parte, son ense\u00f1anzas que las Universidades imparten en uso de su autonom\u00eda, pero carecen de los efectos acad\u00e9micos plenos que poseen los t\u00edtulos oficiales.<\/p>\n\n\n\n<p>La UNED tiene una amplia oferta de t\u00edtulos de formaci\u00f3n permanente relacionada con la titulaci\u00f3n de graduado en lengua inglesa que podr\u00e1 encontrar en la <a href=\"https:\/\/formacionpermanente.uned.es\/tp_indice\/idcuraca\/22&amp;CodFacultad=F04&amp;IdAreaConocimiento=10\">p\u00e1gina de Formacion Permanente filtrando Facultad de Filolog\u00eda \/ Lenguas<\/a><\/p>\n\n\n\n<p>Estos son algunos ejemplos<\/p>\n\n\n\n<p><strong>Cursos de Desarrollo Profesional y Personal<\/strong><\/p>\n\n\n\n<div class=\"wp-block-group is-vertical is-layout-flex wp-container-core-group-is-layout-8cf370e7 wp-block-group-is-layout-flex\">\n<p>Actividades TIC y destrezas: la expresi\u00f3n e interacci\u00f3n orales.<\/p>\n\n\n\n<p>Alem\u00e1n jur\u00eddico para la carrera judicial<\/p>\n\n\n\n<p>Alem\u00e1n para la hosteler\u00eda<\/p>\n\n\n\n<p>Aprendizaje Integrado de Contenidos y Lenguas Extranjeras: claves did\u00e1cticas y aplicaciones de AICLE en ELE<\/p>\n\n\n\n<p>Cine, M\u00fasica y Televisi\u00f3n en la Italia Actual<\/p>\n\n\n\n<p>Curso de Pronunciaci\u00f3n Inglesa para Formaci\u00f3n de Profesorado<\/p>\n\n\n\n<p>Desarrollo de destrezas ling\u00fc\u00edsticas en ingl\u00e9s para profesores AICLE\/CLIL<\/p>\n\n\n\n<p>El Origen de las Palabras: Fundamentos Grecolatinos del Vocabulario de las Lenguas Europeas<\/p>\n\n\n\n<p>Estrategias para mejorar la redacci\u00f3n de textos acad\u00e9micos en franc\u00e9s (C1)<\/p>\n\n\n\n<p>Franc\u00e9s Jur\u00eddico para la carrera judicial<\/p>\n\n\n\n<p>Ingl\u00e9s Jur\u00eddico para la carrera judicial<\/p>\n\n\n\n<p>Ingl\u00e9s para psic\u00f3logos<\/p>\n\n\n\n<p>Intercomprensi\u00f3n de Lenguas Rom\u00e1nicas<\/p>\n\n\n\n<p>Introducci\u00f3n a la Traducci\u00f3n Jur\u00eddica y Jurada Ingl\u00e9s-Espa\u00f1ol<\/p>\n\n\n\n<p>Introduction to Localisation from English into Spanish<\/p>\n\n\n\n<p>Legal English for the European Union\/Ingl\u00e9s jur\u00eddico para la Uni\u00f3n Europea<\/p>\n\n\n\n<p>Lengua y Cultura Gastron\u00f3mica Italianas<\/p>\n\n\n\n<p>Mente, literatura y collage<\/p>\n\n\n\n<p>Storytelling: Comunicar y Persuadir con T\u00e9cnicas Narrativas<\/p>\n\n\n\n<p>Traducci\u00f3n audiovisual: doblaje, subtitulaci\u00f3n y accesibilidad en los medios<\/p>\n\n\n\n<p>Traducci\u00f3n del Ingl\u00e9s al Espa\u00f1ol: Teor\u00eda y Pr\u00e1ctica<\/p>\n<\/div>\n\n\n\n<p><strong>Cursos de postgrado<\/strong><\/p>\n\n\n\n<p><\/p>\n\n\n\n<div class=\"wp-block-group is-vertical is-layout-flex wp-container-core-group-is-layout-8cf370e7 wp-block-group-is-layout-flex\">\n<p>Actualizaci\u00f3n en Sintaxis de la Lengua Espa\u00f1olaAprendizaje Integrado de Contenidos y Lenguas Extranjeras: Metodolog\u00eda CLIL<\/p>\n\n\n\n<p>Bilingualism in Monolingual Contexts: Training for teachers, school managers and families.<\/p>\n\n\n\n<p>Did\u00e1ctica del Ingl\u00e9s: Educaci\u00f3n Infantil, Primaria y Secundaria<\/p>\n\n\n\n<p>Gram\u00e1tica Comparada Ingl\u00e9s-Espa\u00f1ol<\/p>\n\n\n\n<p>Griego Cl\u00e1sico 1<\/p>\n\n\n\n<p>Griego Cl\u00e1sico 2<\/p>\n\n\n\n<p>Lat\u00edn: Nivel Elemental<\/p>\n\n\n\n<p>Lat\u00edn: Nivel Intermedio<\/p>\n\n\n\n<p>Teaching Science in English as a second language (ESL): Communication Strategies in the classroom<\/p>\n<\/div>\n\n\n\n<p>&nbsp;<\/p>\n\n\n\n<p><\/p>\n","protected":false},"excerpt":{"rendered":"<p>Las titulaciones de grado relacionadas o complementarias al Grado en Estudios Ingleses: Lengua, Literatura y Cultura son: M\u00e1steres oficiales relacionados con el t\u00edtulo. Con la aplicaci\u00f3n del EEES, los m\u00e1steres por primera vez tienen car\u00e1cter oficial y siguen un plan de estudios aprobado por el Ministerio de Educaci\u00f3n y Ciencia (hasta ahora los m\u00e1steres han [&hellip;]<\/p>\n","protected":false},"author":5997,"featured_media":0,"parent":143,"menu_order":0,"comment_status":"closed","ping_status":"closed","template":"","meta":{"footnotes":""},"class_list":["post-4779","page","type-page","status-publish","czr-hentry"],"_links":{"self":[{"href":"https:\/\/blogs.uned.es\/salidasprofesionales\/wp-json\/wp\/v2\/pages\/4779","targetHints":{"allow":["GET"]}}],"collection":[{"href":"https:\/\/blogs.uned.es\/salidasprofesionales\/wp-json\/wp\/v2\/pages"}],"about":[{"href":"https:\/\/blogs.uned.es\/salidasprofesionales\/wp-json\/wp\/v2\/types\/page"}],"author":[{"embeddable":true,"href":"https:\/\/blogs.uned.es\/salidasprofesionales\/wp-json\/wp\/v2\/users\/5997"}],"replies":[{"embeddable":true,"href":"https:\/\/blogs.uned.es\/salidasprofesionales\/wp-json\/wp\/v2\/comments?post=4779"}],"version-history":[{"count":2,"href":"https:\/\/blogs.uned.es\/salidasprofesionales\/wp-json\/wp\/v2\/pages\/4779\/revisions"}],"predecessor-version":[{"id":6251,"href":"https:\/\/blogs.uned.es\/salidasprofesionales\/wp-json\/wp\/v2\/pages\/4779\/revisions\/6251"}],"up":[{"embeddable":true,"href":"https:\/\/blogs.uned.es\/salidasprofesionales\/wp-json\/wp\/v2\/pages\/143"}],"wp:attachment":[{"href":"https:\/\/blogs.uned.es\/salidasprofesionales\/wp-json\/wp\/v2\/media?parent=4779"}],"curies":[{"name":"wp","href":"https:\/\/api.w.org\/{rel}","templated":true}]}}