{"id":4733,"date":"2021-06-29T18:05:51","date_gmt":"2021-06-29T18:05:51","guid":{"rendered":"https:\/\/blogs.uned.es\/salidasprofesionales\/?page_id=4733"},"modified":"2021-06-29T18:05:51","modified_gmt":"2021-06-29T18:05:51","slug":"estadisticas-e-informes-del-mercado-de-trabajo","status":"publish","type":"page","link":"https:\/\/blogs.uned.es\/salidasprofesionales\/grado-en-estudios-ingleses-lengua-literatura-y-cultura\/estadisticas-e-informes-del-mercado-de-trabajo\/","title":{"rendered":"Estad\u00edsticas e informes del Mercado de Trabajo"},"content":{"rendered":"\n<div class=\"wp-block-image\"><figure class=\"aligncenter size-large is-resized\"><img fetchpriority=\"high\" decoding=\"async\" src=\"https:\/\/blogs.uned.es\/salidasprofesionales\/wp-content\/uploads\/sites\/165\/2021\/06\/estadisticas.jpg\" alt=\"\" class=\"wp-image-4735\" width=\"230\" height=\"219\" \/><\/figure><\/div>\n\n\n\n<ul class=\"wp-block-list\"><li><a href=\"https:\/\/www.uned.es\/universidad\/inicio\/institucional\/coie\/oee.html\">Observatorio de Empleabilidad y Empleo del COIE (uned.es)<\/a><\/li><li><a href=\"https:\/\/www.sepe.es\/HomeSepe\/que-es-el-sepe\/estadisticas\/empleo.html\">Estad\u00edsticas empleo | Servicio P\u00fablico de Empleo Estatal (sepe.es)<\/a><\/li><li><a href=\"https:\/\/www.sepe.es\/HomeSepe\/que-es-el-sepe\/observatorio\/informes-mercado-trabajo\/informes-anuales-mercado-trabajo-estatal\/ver-resultados.html?documentType=informes&amp;tipo=1&amp;periodo=anual&amp;ambito=Nacional\">Informes anuales del mercado de trabajo estatal | Servicio P\u00fablico de Empleo Estatal (sepe.es)<\/a><\/li><\/ul>\n","protected":false},"excerpt":{"rendered":"<p>Observatorio de Empleabilidad y Empleo del COIE (uned.es) Estad\u00edsticas empleo | Servicio P\u00fablico de Empleo Estatal (sepe.es) Informes anuales del mercado de trabajo estatal | Servicio P\u00fablico de Empleo Estatal (sepe.es)<\/p>\n","protected":false},"author":5997,"featured_media":0,"parent":139,"menu_order":0,"comment_status":"closed","ping_status":"closed","template":"","meta":{"footnotes":""},"class_list":["post-4733","page","type-page","status-publish","czr-hentry"],"_links":{"self":[{"href":"https:\/\/blogs.uned.es\/salidasprofesionales\/wp-json\/wp\/v2\/pages\/4733","targetHints":{"allow":["GET"]}}],"collection":[{"href":"https:\/\/blogs.uned.es\/salidasprofesionales\/wp-json\/wp\/v2\/pages"}],"about":[{"href":"https:\/\/blogs.uned.es\/salidasprofesionales\/wp-json\/wp\/v2\/types\/page"}],"author":[{"embeddable":true,"href":"https:\/\/blogs.uned.es\/salidasprofesionales\/wp-json\/wp\/v2\/users\/5997"}],"replies":[{"embeddable":true,"href":"https:\/\/blogs.uned.es\/salidasprofesionales\/wp-json\/wp\/v2\/comments?post=4733"}],"version-history":[{"count":1,"href":"https:\/\/blogs.uned.es\/salidasprofesionales\/wp-json\/wp\/v2\/pages\/4733\/revisions"}],"predecessor-version":[{"id":4737,"href":"https:\/\/blogs.uned.es\/salidasprofesionales\/wp-json\/wp\/v2\/pages\/4733\/revisions\/4737"}],"up":[{"embeddable":true,"href":"https:\/\/blogs.uned.es\/salidasprofesionales\/wp-json\/wp\/v2\/pages\/139"}],"wp:attachment":[{"href":"https:\/\/blogs.uned.es\/salidasprofesionales\/wp-json\/wp\/v2\/media?parent=4733"}],"curies":[{"name":"wp","href":"https:\/\/api.w.org\/{rel}","templated":true}]}}