{"id":4669,"date":"2021-06-29T17:38:29","date_gmt":"2021-06-29T17:38:29","guid":{"rendered":"https:\/\/blogs.uned.es\/salidasprofesionales\/?page_id=4669"},"modified":"2024-12-09T07:08:26","modified_gmt":"2024-12-09T07:08:26","slug":"perfil-del-grado","status":"publish","type":"page","link":"https:\/\/blogs.uned.es\/salidasprofesionales\/grado-en-estudios-ingleses-lengua-literatura-y-cultura\/perfil-del-grado\/","title":{"rendered":"Perfil del Grado"},"content":{"rendered":"<div class=\"wp-block-image\">\n<figure class=\"alignright size-large\"><img fetchpriority=\"high\" decoding=\"async\" width=\"310\" height=\"163\" src=\"https:\/\/blogs.uned.es\/salidasprofesionales\/wp-content\/uploads\/sites\/165\/2021\/06\/perfil.jpg\" alt=\"\" class=\"wp-image-4671\" \/><\/figure>\n<\/div>\n\n\n<p>El Grado en Estudios Ingleses: Lengua, Literatura y Cultura se enmarca dentro del primer nivel establecido por el Espacio Europeo de Educaci\u00f3n Superior. Estos estudios se contemplan como un \u00e1mbito de formaci\u00f3n b\u00e1sica orientado a proporcionar un perfil profesional definido.<br>Los objetivos generales del t\u00edtulo son los que se citan seguidamente:<br>&nbsp;<\/p>\n\n\n\n<ol class=\"wp-block-list\">\n<li>Proporcionar a los estudiantes, con la metodolog\u00eda espec\u00edfica del cr\u00e9dito europeo aplicada a la ense\u00f1anza a distancia, una formaci\u00f3n b\u00e1sica s\u00f3lida en estudios ingleses en los \u00e1mbitos de la lengua, la literatura y la cultura.<\/li>\n\n\n\n<li>Impulsar la adquisici\u00f3n de las destrezas y competencias b\u00e1sicas necesarias para una adecuada formaci\u00f3n en el \u00e1mbito de los Estudios Ingleses, tanto en sus dimensiones te\u00f3ricas como en sus aplicaciones pr\u00e1cticas.<\/li>\n\n\n\n<li>Capacitar a los estudiantes para adquirir las habilidades b\u00e1sicas de aprendizaje en Estudios Ingleses que les permitan emprender estudios posteriores (M\u00e1ster, Doctorado) con un elevado grado de autonom\u00eda.<br>\u00a0<\/li>\n<\/ol>\n\n\n\n<p>De esta manera se pretende proporcionar los conocimientos y las destrezas fundamentales para la formaci\u00f3n de futuros profesionales en campos en los que se precise un conocimiento s\u00f3lido de la lengua y la cultura inglesas, tales como la ense\u00f1anza, administraciones internacionales, archiv\u00edstica y biblioteconom\u00eda, asesoramiento ling\u00fc\u00edstico (comercial, jur\u00eddico, forense, t\u00e9cnico-profesional y otros fines espec\u00edficos), la creaci\u00f3n art\u00edstica y literaria, la documentaci\u00f3n y la gesti\u00f3n del conocimiento, la gesti\u00f3n cultural y tur\u00edstica, la industria editorial y de los medios de comunicaci\u00f3n, las tecnolog\u00edas de la informaci\u00f3n y de la comunicaci\u00f3n multimedia, y la traducci\u00f3n.<\/p>\n\n\n\n<p>Las materias que conforman este Grado, articuladas en cr\u00e9ditos ECTS, combinan la transmisi\u00f3n de conocimientos te\u00f3ricos con el desarrollo del esp\u00edritu cr\u00edtico y de las capacidades de aplicaci\u00f3n pr\u00e1ctica encaminadas a la resoluci\u00f3n de problemas y al est\u00edmulo a la generaci\u00f3n de nuevas ideas, siguiendo las pautas y utilizando los recursos propios de la metodolog\u00eda de la educaci\u00f3n a distancia.<\/p>\n\n\n\n<p>A partir del curso 2021-2022 el Grado en Estudios Ingleses: Lengua, Literatura y Cultura ofrece la posibilidad de obtener una menci\u00f3n. M\u00e1s informaci\u00f3n en <a href=\"https:\/\/www.uned.es\/universidad\/inicio\/estudios\/grados\/grado-en-estudios-ingleses-lengua-literatura-y-cultura.html?idContenido=1\">la web del grado<\/a>, pesta\u00f1a \u00abMenciones\u00bb.<\/p>\n","protected":false},"excerpt":{"rendered":"<p>El Grado en Estudios Ingleses: Lengua, Literatura y Cultura se enmarca dentro del primer nivel establecido por el Espacio Europeo de Educaci\u00f3n Superior. Estos estudios se contemplan como un \u00e1mbito de formaci\u00f3n b\u00e1sica orientado a proporcionar un perfil profesional definido.Los objetivos generales del t\u00edtulo son los que se citan seguidamente:&nbsp; De esta manera se pretende [&hellip;]<\/p>\n","protected":false},"author":5997,"featured_media":0,"parent":139,"menu_order":0,"comment_status":"closed","ping_status":"closed","template":"","meta":{"footnotes":""},"class_list":["post-4669","page","type-page","status-publish","czr-hentry"],"_links":{"self":[{"href":"https:\/\/blogs.uned.es\/salidasprofesionales\/wp-json\/wp\/v2\/pages\/4669","targetHints":{"allow":["GET"]}}],"collection":[{"href":"https:\/\/blogs.uned.es\/salidasprofesionales\/wp-json\/wp\/v2\/pages"}],"about":[{"href":"https:\/\/blogs.uned.es\/salidasprofesionales\/wp-json\/wp\/v2\/types\/page"}],"author":[{"embeddable":true,"href":"https:\/\/blogs.uned.es\/salidasprofesionales\/wp-json\/wp\/v2\/users\/5997"}],"replies":[{"embeddable":true,"href":"https:\/\/blogs.uned.es\/salidasprofesionales\/wp-json\/wp\/v2\/comments?post=4669"}],"version-history":[{"count":3,"href":"https:\/\/blogs.uned.es\/salidasprofesionales\/wp-json\/wp\/v2\/pages\/4669\/revisions"}],"predecessor-version":[{"id":6223,"href":"https:\/\/blogs.uned.es\/salidasprofesionales\/wp-json\/wp\/v2\/pages\/4669\/revisions\/6223"}],"up":[{"embeddable":true,"href":"https:\/\/blogs.uned.es\/salidasprofesionales\/wp-json\/wp\/v2\/pages\/139"}],"wp:attachment":[{"href":"https:\/\/blogs.uned.es\/salidasprofesionales\/wp-json\/wp\/v2\/media?parent=4669"}],"curies":[{"name":"wp","href":"https:\/\/api.w.org\/{rel}","templated":true}]}}