{"id":4447,"date":"2020-12-15T12:56:21","date_gmt":"2020-12-15T12:56:21","guid":{"rendered":"http:\/\/blogs.uned.es\/salidasprofesionales\/?page_id=4447"},"modified":"2020-12-15T13:00:25","modified_gmt":"2020-12-15T13:00:25","slug":"ocupaciones-puestos-fisica","status":"publish","type":"page","link":"https:\/\/blogs.uned.es\/salidasprofesionales\/grados\/ciencias\/grado-en-fisica\/ocupaciones-puestos-fisica\/","title":{"rendered":"Ocupaciones\/puestos (F\u00edsica)"},"content":{"rendered":"<p><img fetchpriority=\"high\" decoding=\"async\" class=\"aligncenter size-full wp-image-4451\" src=\"http:\/\/blogs.uned.es\/salidasprofesionales\/wp-content\/uploads\/sites\/165\/2020\/12\/ocupaciones-1.jpg\" alt=\"\" width=\"332\" height=\"152\" srcset=\"https:\/\/blogs.uned.es\/salidasprofesionales\/wp-content\/uploads\/sites\/165\/2020\/12\/ocupaciones-1.jpg 332w, https:\/\/blogs.uned.es\/salidasprofesionales\/wp-content\/uploads\/sites\/165\/2020\/12\/ocupaciones-1-300x137.jpg 300w\" sizes=\"(max-width: 332px) 100vw, 332px\" \/><\/p>\n<p><strong>Puestos propios de la titulaci\u00f3n<\/strong><\/p>\n<p>A continuaci\u00f3n se describen salidas profesionales a las que dar\u00eda acceso el Grado en F\u00edsica (as\u00ed como el Grado en Qu\u00edmica, Geolog\u00eda, Ingenier\u00eda Geol\u00f3gica, Ingenier\u00eda Inform\u00e1tica o Matem\u00e1ticas en algunas ocasiones).<\/p>\n<p><strong>-Cristal\u00f3grafo<\/strong><\/p>\n<p><strong>\u00a0<\/strong>Profesional que se encarga del estudio cient\u00edfico de las estructuras cristalinas. Aplica la cristalograf\u00eda al \u00e1mbito bio-sanitario. Un ejemplo de esta relaci\u00f3n es la identificaci\u00f3n de la forma de la doble h\u00e9lice de ADN, que fue posible gracias a patrones de difracci\u00f3n de rayos X. Es \u00e9ste, por tanto, el principal m\u00e9todo de obtenci\u00f3n de informaci\u00f3n en el estudio de prote\u00ednas y otras macromol\u00e9culas org\u00e1nicas. Estudia los enlaces qu\u00edmicos, la morfolog\u00eda y la formaci\u00f3n de estructuras cristalinas, de acuerdo con las caracter\u00edsticas de los \u00e1tomos, iones o mol\u00e9culas, as\u00ed como su tipo de enlace, lo que tiene aplicaciones en los sectores qu\u00edmico e industrial.<\/p>\n<p><strong>-Mineralogista<\/strong><\/p>\n<p>Profesional que estudia aquellas especies inorg\u00e1nicas del grupo de los minerales que, juntas en masas rocosas o en forma aislada, constituyen el material de la corteza terrestre y de otros cuerpos en el universo en la forma de meteoritos. Existen mineralogistas en campos como la f\u00edsica, la qu\u00edmica, la cristalograf\u00eda o la \u00f3ptica.<\/p>\n<p><strong>-Metr\u00f3logo<\/strong><strong>\u00a0<\/strong><\/p>\n<p><img decoding=\"async\" class=\"size-full wp-image-4455 alignleft\" src=\"http:\/\/blogs.uned.es\/salidasprofesionales\/wp-content\/uploads\/sites\/165\/2020\/12\/metr\u00f3logo.jpg\" alt=\"\" width=\"259\" height=\"194\" \/><\/p>\n<p>Profesional que se encarga del estudio y aplicaci\u00f3n de todos los medios para la medida de magnitudes, tales como: longitudes, \u00e1ngulos, masas, tiempos, velocidades, potencias, temperaturas o intensidades de corriente. Extrae, mide y describe con exactitud ciertos aspectos de la gran variedad de experiencias humanas (de lo que vemos, o\u00edmos, olemos, probamos) que considera susceptible de esta medici\u00f3n. Existen instrumentos de medici\u00f3n \u00f3pticos, anal\u00f3gicos, digitales, neum\u00e1ticos, hidr\u00e1ulicos, mec\u00e1nicos o el\u00e9ctricos, que estos profesionales han dise\u00f1ado y utilizan en sus mediciones. El mundo actual est\u00e1 poblado por convenciones y construcciones de la metrolog\u00eda, como los diferentes sistemas de unidades, la trazabilidad, los patrones, las normas, los m\u00e9todos, los sistemas de certificaci\u00f3n o las especificaciones.<strong>\u00a0<\/strong><\/p>\n<p><strong>-T\u00e9cnico en Ac\u00fastica<\/strong><strong>\u00a0<\/strong><\/p>\n<p>Profesional que eval\u00faa con precisi\u00f3n cualquier problema ac\u00fastico, ya sea de transmisi\u00f3n a\u00e9rea (por ruido) o estructural (por vibraciones). Lleva a cabo modelos te\u00f3ricos de c\u00e1lculo y ensayos ac\u00fasticos de laboratorio (aislamiento, absorci\u00f3n, impacto) que les permiten conocer a priori el estado ac\u00fastico de una instalaci\u00f3n as\u00ed como los resultados ac\u00fasticos que se obtendr\u00edan una vez realizado cualquier tratamiento de insonorizaci\u00f3n. Por ese motivo, son figuras profesionales requeridas para la asesor\u00eda en sectores como la construcci\u00f3n o la industria. Realizan \u201cmapas de ruido\u201d para empresas de actividades en las que sea obligado realizar controles de ruido, con el fin de adaptarse a la legislaci\u00f3n de Salud e Higiene industrial (R.D. 1316\/89) y a los sistemas de calidad ambiental. Certifican ante las diferentes entidades oficiales (Ayuntamientos, Diputaciones, Comunidades Forales) las condiciones ac\u00fasticas de actividades como centros comerciales, instalaciones industriales, cuartos de m\u00e1quinas, instalaciones de climatizaci\u00f3n o sistemas de extracci\u00f3n.<strong>\u00a0<\/strong><\/p>\n<p><strong>-Ocean\u00f3grafo<\/strong><strong>\u00a0<\/strong><\/p>\n<p>Profesional que se encarga de planificar, dirigir, ejecutar y supervisar operaciones y programas de interpretaci\u00f3n de datos oceanogr\u00e1ficos. Interviene cient\u00edficamente en todos aquellos temas vinculados con el oc\u00e9ano y sus interacciones con la Tierra, la atm\u00f3sfera y los organismos vivos: Generaci\u00f3n de energ\u00eda por mareas y por olas; Pesca y navegaci\u00f3n mar\u00edtima; Utilizaci\u00f3n del plancton; Extracci\u00f3n de recursos; Construcci\u00f3n de infraestructuras portuarias; Instalaci\u00f3n de balsas de cultivos; Instalaci\u00f3n de emisarios submarinos; Planificaci\u00f3n e implantaci\u00f3n de medidas que mitiguen la contaminaci\u00f3n causada por el vertido de residuos industriales y dom\u00e9sticos al mar; Propuesta de acciones para evitar la esquilmaci\u00f3n a trav\u00e9s de la sobreexplotaci\u00f3n pesquera. En general, cualquier actuaci\u00f3n dirigida a la consecuci\u00f3n de un desarrollo sostenible.<strong>\u00a0<\/strong><\/p>\n<p><strong>-Astrof\u00edsico<\/strong><strong>\u00a0<\/strong><\/p>\n<p>Profesional que investiga los procesos f\u00edsicos que tienen lugar en el universo, la formaci\u00f3n, la estructura y la evoluci\u00f3n de las estrellas y las galaxias. Esta investigaci\u00f3n tiene por objeto conocer el origen y evoluci\u00f3n del universo. Gracias a su trabajo conocemos la distancia existente entre las estrellas, la relaci\u00f3n entre fen\u00f3menos celestes y algunas manifestaciones del medio ambiente o la radiaci\u00f3n emitida por objetos estelares.<strong>\u00a0<\/strong><\/p>\n<p><strong>-Astr\u00f3nomo<\/strong><strong>\u00a0<\/strong><\/p>\n<p><img decoding=\"async\" class=\"size-full wp-image-4459 alignright\" src=\"http:\/\/blogs.uned.es\/salidasprofesionales\/wp-content\/uploads\/sites\/165\/2020\/12\/astr\u00f3nomo.jpg\" alt=\"\" width=\"309\" height=\"163\" srcset=\"https:\/\/blogs.uned.es\/salidasprofesionales\/wp-content\/uploads\/sites\/165\/2020\/12\/astr\u00f3nomo.jpg 309w, https:\/\/blogs.uned.es\/salidasprofesionales\/wp-content\/uploads\/sites\/165\/2020\/12\/astr\u00f3nomo-300x158.jpg 300w\" sizes=\"(max-width: 309px) 100vw, 309px\" \/><\/p>\n<p>Profesional que estudia el Universo, investiga los astros y los entes que lo forman, su posici\u00f3n, estructura y composici\u00f3n, y sus relaciones. Dada la amplitud de su objeto de estudio, los astr\u00f3nomos trabajan en diferentes \u00e1reas que coinciden con las distintas ramas en las que se divide la astronom\u00eda:<\/p>\n<p>-Localizaci\u00f3n de los astros.<\/p>\n<p>-Movimiento de los cuerpos celestes.<\/p>\n<p>-Composici\u00f3n, estructura y evoluci\u00f3n.<\/p>\n<p>-Origen y evoluci\u00f3n de los cuerpos celestes.<\/p>\n<p>-Or\u00edgenes, estructura y evoluci\u00f3n del Universo como un todo.<\/p>\n<p>La astrof\u00edsica es una rama moderna de la astronom\u00eda que surge a principios del Siglo XX con la posibilidad de aplicar la teor\u00eda y t\u00e9cnica de la f\u00edsica al estudio de la composici\u00f3n, estructura y evoluci\u00f3n de los cuerpos celestes.<\/p>\n<p><strong>-T\u00e9cnico en Redes<\/strong><\/p>\n<p>Profesional que se responsabiliza de dise\u00f1ar, montar y mantener una red<\/p>\n<p>inform\u00e1tica tanto desde el punto de vista f\u00edsico como l\u00f3gico, configurando los servidores, routers y protocolos de comunicaci\u00f3n necesarios para asegurar el buen funcionamiento de acuerdo a las necesidades del entorno, y la integridad del sistema.<\/p>\n<p><strong>\u00a0<\/strong><strong>-Radiof\u00edsico hospitalario<\/strong><strong>\u00a0<\/strong><\/p>\n<p>Profesional experto en protecci\u00f3n radiol\u00f3gica que ha obtenido una titulaci\u00f3n oficial y que desarrolla su actividad en un centro hospitalario. Pueden cursar esta especialidad los licenciados en F\u00edsica u otros titulados superiores en disciplinas cient\u00edficas y tecnol\u00f3gicas oficialmente reconocidas. El periodo formativo es remunerado y abarca tres a\u00f1os ininterrumpidos de residencia en hospitales. Para acceder a las distintas unidades docentes acreditadas para la formaci\u00f3n de Especialistas en Radiof\u00edsica Hospitalaria es necesario superar una prueba de car\u00e1cter nacional que selecciona a los aspirantes. Las funciones que desempe\u00f1an estos profesionales est\u00e1n relacionadas con la protecci\u00f3n radiol\u00f3gica en ex\u00e1menes y tratamientos m\u00e9dicos en las \u00e1reas de Radiodiagn\u00f3stico, Medicina Nuclear y Radioterapia.<strong>\u00a0<\/strong><\/p>\n<p><strong>-T\u00e9cnico inform\u00e1tico para Soporte y mantenimiento de usuarios (helpdesk)<\/strong><strong>\u00a0<\/strong><\/p>\n<p>Profesional que se responsabiliza de instalar, configurar, inventariar y mantener los equipos inform\u00e1ticos (hardware, software, aplicaciones y servicios) en una empresa. Registra y resuelve las incidencias ocurridas en los sistemas, telef\u00f3nica o presencialmente o a trav\u00e9s de internet y realiza una labor informativa respecto al funcionamiento de las aplicaciones inform\u00e1ticas o del nuevo hardware instalado.<strong>\u00a0<\/strong><\/p>\n<p><strong>-T\u00e9cnico en Desarrollo de Sistemas de control y automatizaci\u00f3n<\/strong><strong>\u00a0<\/strong><\/p>\n<p>Profesional que participa en el dise\u00f1o, elaboraci\u00f3n, montaje y mantenimiento del conjunto de equipos, sistemas de informaci\u00f3n y procedimientos que permiten un desempe\u00f1o independiente de un proceso industrial. El objetivo de estos procesos es optimizar los recursos y el tiempo para mejorar la productividad.<strong>\u00a0<\/strong><\/p>\n<p><strong>-F\u00edsico<\/strong><strong>\u00a0<\/strong><\/p>\n<p><img loading=\"lazy\" decoding=\"async\" class=\"size-full wp-image-4463 alignleft\" src=\"http:\/\/blogs.uned.es\/salidasprofesionales\/wp-content\/uploads\/sites\/165\/2020\/12\/F\u00edsico.jpg\" alt=\"\" width=\"251\" height=\"200\" \/><\/p>\n<p>Profesional que se encarga del estudio de las propiedades de la materia, la energ\u00eda, el tiempo, el espacio y sus interacciones. Dentro de su campo de estudio se encuentran la mec\u00e1nica, la termodin\u00e1mica, la \u00f3ptica, el electromagnetismo, la relatividad, la gravitaci\u00f3n o los sistemas complejos. Adem\u00e1s de en la docencia y la investigaci\u00f3n, desarrolla su profesi\u00f3n en empresas e instituciones como consultor\u00edas, ingenier\u00edas, industrias, hospitales, centros de investigaci\u00f3n, y otros. En ellas trabaja en sectores de actividad como el medio ambiente, la producci\u00f3n de energ\u00eda, la f\u00edsica m\u00e9dica, las tecnolog\u00edas de la informaci\u00f3n, la electr\u00f3nica o la ac\u00fastica. Para ejercer como Especialista en Radiof\u00edsica Hospitalaria es necesario formarse en la especialidad correspondiente a trav\u00e9s de un sistema remunerado de formaci\u00f3n de postgrado creado y regulado por los Ministerios de Sanidad y Consumo y Educaci\u00f3n y Cultura (Real Decreto 220\/1997, de 14 de febrero). Su modalidad es la residencia y se accede a \u00e9l mediante un examen-oposici\u00f3n, al que pueden optar todos los licenciados en F\u00edsica para la obtenci\u00f3n del t\u00edtulo de Especialista en Radio f\u00edsica Hospitalaria.<strong>\u00a0<\/strong><\/p>\n<p><strong>-F\u00edsico de materiales<\/strong><strong>\u00a0<\/strong><\/p>\n<p>Profesional que se dedica al estudio y comprobaci\u00f3n de las propiedades mec\u00e1nicas, \u00f3pticas, el\u00e9ctricas, electr\u00f3nicas, t\u00e9rmicas o magn\u00e9ticas de un amplio grupo de materiales. La finalidad fundamental es desarrollar tecnol\u00f3gicamente esos materiales para su uso humano. Los sectores en los que desempe\u00f1a su actividad son: la producci\u00f3n de energ\u00eda, la fabricaci\u00f3n de material el\u00e9ctrico, la fabricaci\u00f3n de papel y derivados, la fabricaci\u00f3n textil, los transportes y comunicaciones, la producci\u00f3n de material inform\u00e1tico, la fabricaci\u00f3n de maquinaria y de componentes, la siderurgia y metalurgia.<\/p>\n<p><strong>-F\u00edsico electr\u00f3nico<\/strong><strong>\u00a0<\/strong><\/p>\n<p>Profesional especializado en el dise\u00f1o e investigaci\u00f3n del comportamiento f\u00edsico de componentes y materiales usados en los dispositivos electr\u00f3nicos que se utilizan en el dise\u00f1o de circuitos integrados en la industria. Puede participar tanto en estudios como en proyectos y aplicaciones, dando soporte con sus conocimientos a los ingenieros que llevan a cabo el dise\u00f1o.<strong>\u00a0<\/strong><\/p>\n<p><strong>-F\u00edsico Biom\u00e9dico\/Biof\u00edsico<\/strong><strong>\u00a0<\/strong><\/p>\n<p>Profesional que aporta sus conocimientos sobre los principios y m\u00e9todos de la f\u00edsica para que sean aplicados a la medicina, especialmente en aquellos \u00e1mbitos relacionados con el desarrollo de herramientas para el diagn\u00f3stico y terapia (equipos de radiolog\u00eda, resonancia magn\u00e9tica o aceleradores de part\u00edculas).<strong>\u00a0<\/strong><\/p>\n<p><strong>-T\u00e9cnico en Energ\u00eda<\/strong><strong>\u00a0<\/strong><\/p>\n<p>Profesional que trabaja en las \u00e1reas de desarrollo y perfeccionamiento de nuevas tecnolog\u00edas que contribuyan al uso eficiente de la energ\u00eda disponible, especialmente de las energ\u00edas renovables (energ\u00eda solar t\u00e9rmica y fotovoltaica, energ\u00eda e\u00f3lica, energ\u00eda hidr\u00e1ulica, energ\u00eda de la biomasa), con objeto de cumplir los compromisos de Kioto relacionados con la disminuci\u00f3n global de emisiones de CO2. Trabaja en el dise\u00f1o, implantaci\u00f3n y gesti\u00f3n de instalaciones de parques e\u00f3licos, centrales hidroel\u00e9ctricas, sistemas de aprovechamiento solar, sistemas pasivos de ahorro, arquitectura bioclim\u00e1tica, aislamientos, optimizaci\u00f3n de sistemas de calefacci\u00f3n o climatizaci\u00f3n, dise\u00f1o y desarrollo de electrodom\u00e9sticos, sistemas de iluminaci\u00f3n y equipos industriales.<\/p>\n<p><strong>-Experto en Energ\u00eda nuclear de fusi\u00f3n<\/strong><\/p>\n<p><img loading=\"lazy\" decoding=\"async\" class=\"size-full wp-image-4467 alignright\" src=\"http:\/\/blogs.uned.es\/salidasprofesionales\/wp-content\/uploads\/sites\/165\/2020\/12\/Nuclear.jpg\" alt=\"\" width=\"310\" height=\"163\" srcset=\"https:\/\/blogs.uned.es\/salidasprofesionales\/wp-content\/uploads\/sites\/165\/2020\/12\/Nuclear.jpg 310w, https:\/\/blogs.uned.es\/salidasprofesionales\/wp-content\/uploads\/sites\/165\/2020\/12\/Nuclear-300x158.jpg 300w\" sizes=\"(max-width: 310px) 100vw, 310px\" \/><\/p>\n<p>Profesional que desarrolla actividades relacionadas con la fusi\u00f3n como futura fuente de energ\u00eda. En este tipo de procesos la energ\u00eda se extrae de la uni\u00f3n de \u00e1tomos ligeros (el hidr\u00f3geno), simulando los procesos que tienen lugar en las estrellas como el sol. La investigaci\u00f3n se realiza mediante la construcci\u00f3n y explotaci\u00f3n cient\u00edfica de instalaciones experimentales y laboratorios para ensayos de materiales. Actualmente se est\u00e1 desarrollando el proyecto de investigaci\u00f3n ITER, que supondr\u00e1 la construcci\u00f3n del primer reactor experimental de fusi\u00f3n, con el objetivo de demostrar la viabilidad cient\u00edfica y t\u00e9cnica de este tipo de energ\u00eda y en el que participan varios pa\u00edses a escala mundial. La instalaci\u00f3n ITER se construir\u00e1 en Cadarache (Francia). Espa\u00f1a albergar\u00e1 la sede legal que\u00a0gestionar\u00e1 la contribuci\u00f3n europea al ITER. Este proyecto precisar\u00e1 durante varios a\u00f1os del trabajo directo de gran n\u00famero de profesionales.<strong>\u00a0<\/strong><\/p>\n<p><strong>-Especialista en Residuos radiactivos<\/strong><strong>\u00a0<\/strong><\/p>\n<p>Profesional que proporciona soporte cient\u00edfico y t\u00e9cnico para una adecuada gesti\u00f3n de los residuos radiactivos en aspectos de identificaci\u00f3n y cuantificaci\u00f3n de sus componentes radiactivos, as\u00ed como las caracter\u00edsticas m\u00e1s destacables de su capacidad de confinamiento. Puede realizar tareas relacionadas con la caracterizaci\u00f3n de los elementos combustibles nucleares irradiados en reactores nucleares, abarcando todos los campos relacionados con las diversas opciones de almacenamiento temporal y definitivo de los residuos generados en las centrales nucleares de generaci\u00f3n el\u00e9ctrica y otras instalaciones nucleares. Desarrolla posibles alternativas par la transformaci\u00f3n de estos residuos en otros de menor contenido radiactivo o menor peligrosidad a largo plazo.<strong>\u00a0<\/strong><\/p>\n<p><strong>-Re\u00f3logo<\/strong><strong>\u00a0<\/strong><\/p>\n<p>Profesional que se encarga del estudio de las propiedades de los materiales s\u00f3lidos el\u00e1sticos y fluidos viscosos. Estudia tambi\u00e9n sistemas complejos que presentan simult\u00e1neamente propiedades el\u00e1sticas y viscosas, es decir, sustancias viscoel\u00e1sticas. Son objeto de estudio de la Reolog\u00eda materiales tales como pl\u00e1sticos, fibras sint\u00e9ticas, pastas, lubricantes, cremas, suspensiones y emulsiones. Esta ciencia interdisciplinar tiene su campo de acci\u00f3n en sectores como la industria farmac\u00e9utica, cosm\u00e9tica, agroalimentaria, cer\u00e1mica o pinturas y en funciones como el control de la calidad, la textura, la ingenier\u00eda de procesos, el desarrollo de productos y la optimizaci\u00f3n de formulaciones.<strong>\u00a0<\/strong><\/p>\n<p><strong>-T\u00e9cnico en Seguridad Nuclear<\/strong><strong>\u00a0<\/strong><\/p>\n<p>Profesional que conoce y aplica las normas que se utilizan para ubicar, construir y explotar instalaciones nucleares sin riesgo indebido. Contribuye a la mejora de dichas instalaciones nucleares actuales y futuras, ya sea desarrollando y validando c\u00f3digos de c\u00e1lculo inform\u00e1ticos, o a trav\u00e9s de programas experimentales para simular el comportamiento de los diferentes subsistemas de las instalaciones tanto en condiciones normales de operaci\u00f3n como de posible accidente. Su actividad se puede encuadrar en aspectos de seguridad, relacionada con los procesos de fisi\u00f3n nuclear (cuando un n\u00facleo at\u00f3mico pesado se divide en dos o m\u00e1s n\u00facleos m\u00e1s peque\u00f1os) o de fusi\u00f3n nuclear (que es el proceso contrario de uni\u00f3n de \u00e1tomos ligeros). Estos profesionales pueden servir de apoyo a los organismos reguladores de los diferentes pa\u00edses en materia nuclear y desarrollar funciones relacionadas con la percepci\u00f3n y comunicaci\u00f3n de la seguridad. La figura del especialista en Seguridad Nuclear est\u00e1 presente en las centrales nucleares, en centros de investigaci\u00f3n nuclear, as\u00ed como en empresas relacionadas con el sector nuclear.<\/p>\n<p><strong>Puestos generales para cualquier titulaci\u00f3n<\/strong><strong>\u00a0<\/strong><\/p>\n<p>-T\u00e9cnico en M\u00e9todos y tiempos de trabajo<\/p>\n<p>-Investigador<\/p>\n<p>-T\u00e9cnico Investigaci\u00f3n y Desarrollo y de Investigaci\u00f3n (I+D), Desarrollo e\u00a0Innovaci\u00f3n (I+D+i)<\/p>\n<p>-T\u00e9cnico en Inteligencia artificial<\/p>\n<p>-T\u00e9cnico en Hardware y software<\/p>\n<p>-Administrador de bases de datos<\/p>\n<p>-T\u00e9cnico en Evaluaci\u00f3n del impacto Ambiental<\/p>\n<p>-Controlador de Tr\u00e1nsito a\u00e9reo<\/p>\n<p>-T\u00e9cnico en Control y evaluaci\u00f3n de la calidad<\/p>\n<p>-T\u00e9cnico en Prevenci\u00f3n y control de la Contaminaci\u00f3n atmosf\u00e9rica<\/p>\n<p>-Consultor<\/p>\n<p>-Consultor medioambiental<\/p>\n<p>-Consultor en soluciones TIC (Tecnolog\u00eda de la Informaci\u00f3n y de las Comunicaciones)<\/p>\n<p>-T\u00e9cnico Comercial<\/p>\n<p>-T\u00e9cnico en Desarrollo y mantenimiento de P\u00e1ginas web (webmaster)<\/p>\n<p>-Auditor ambiental<\/p>\n<p>-Gestor de transferencia de tecnolog\u00eda<\/p>\n<p>-Formador<\/p>\n<p>-T\u00e9cnico en Formaci\u00f3n<\/p>\n<p>-Especialista en Dise\u00f1o y elaboraci\u00f3n de materiales did\u00e1cticos<\/p>\n<p>-Director de producci\u00f3n industrial<\/p>\n<p>-Director de Investigaci\u00f3n (I+D) y Desarrollo y de Investigaci\u00f3n, Desarrollo e Innovaci\u00f3n (I+D+i)<\/p>\n<p>-T\u00e9cnico en Depuraci\u00f3n y tratamiento de aguas<\/p>\n<p>&#8211; Director de calidad<\/p>\n<p>&#8211; Tutor de formaci\u00f3n abierta y a distancia<\/p>\n<p>&#8211; Educador ambiental<\/p>\n<p>&#8211; Editor de contenidos web<\/p>\n<p>&#8211; Educador<\/p>\n<p>&#8211; T\u00e9cnico en Rob\u00f3tica<\/p>\n<p>-T\u00e9cnico en Gesti\u00f3n y tratamiento de Residuos<\/p>\n","protected":false},"excerpt":{"rendered":"<p>Puestos propios de la titulaci\u00f3n A continuaci\u00f3n se describen salidas profesionales a las que dar\u00eda acceso el Grado en F\u00edsica (as\u00ed como el Grado en Qu\u00edmica, Geolog\u00eda, Ingenier\u00eda Geol\u00f3gica, Ingenier\u00eda Inform\u00e1tica o Matem\u00e1ticas en algunas ocasiones). -Cristal\u00f3grafo \u00a0Profesional que se encarga del estudio cient\u00edfico de las estructuras cristalinas. Aplica la cristalograf\u00eda al \u00e1mbito bio-sanitario. Un [&hellip;]<\/p>\n","protected":false},"author":5997,"featured_media":0,"parent":283,"menu_order":0,"comment_status":"closed","ping_status":"closed","template":"","meta":{"footnotes":""},"class_list":["post-4447","page","type-page","status-publish","czr-hentry"],"_links":{"self":[{"href":"https:\/\/blogs.uned.es\/salidasprofesionales\/wp-json\/wp\/v2\/pages\/4447","targetHints":{"allow":["GET"]}}],"collection":[{"href":"https:\/\/blogs.uned.es\/salidasprofesionales\/wp-json\/wp\/v2\/pages"}],"about":[{"href":"https:\/\/blogs.uned.es\/salidasprofesionales\/wp-json\/wp\/v2\/types\/page"}],"author":[{"embeddable":true,"href":"https:\/\/blogs.uned.es\/salidasprofesionales\/wp-json\/wp\/v2\/users\/5997"}],"replies":[{"embeddable":true,"href":"https:\/\/blogs.uned.es\/salidasprofesionales\/wp-json\/wp\/v2\/comments?post=4447"}],"version-history":[{"count":6,"href":"https:\/\/blogs.uned.es\/salidasprofesionales\/wp-json\/wp\/v2\/pages\/4447\/revisions"}],"predecessor-version":[{"id":4471,"href":"https:\/\/blogs.uned.es\/salidasprofesionales\/wp-json\/wp\/v2\/pages\/4447\/revisions\/4471"}],"up":[{"embeddable":true,"href":"https:\/\/blogs.uned.es\/salidasprofesionales\/wp-json\/wp\/v2\/pages\/283"}],"wp:attachment":[{"href":"https:\/\/blogs.uned.es\/salidasprofesionales\/wp-json\/wp\/v2\/media?parent=4447"}],"curies":[{"name":"wp","href":"https:\/\/api.w.org\/{rel}","templated":true}]}}