{"id":4347,"date":"2020-09-14T12:12:33","date_gmt":"2020-09-14T12:12:33","guid":{"rendered":"http:\/\/blogs.uned.es\/salidasprofesionales\/?page_id=4347"},"modified":"2020-09-14T12:31:26","modified_gmt":"2020-09-14T12:31:26","slug":"estadisticas-e-informes-del-mercado-de-trabajo-ade","status":"publish","type":"page","link":"https:\/\/blogs.uned.es\/salidasprofesionales\/grados\/ciencias-sociales-y-juridicas\/grado-en-administracion-y-direccion-de-empresas\/estadisticas-e-informes-del-mercado-de-trabajo-ade\/","title":{"rendered":"Estad\u00edsticas e informes del Mercado de Trabajo (ADE)"},"content":{"rendered":"<p>&nbsp;<\/p>\n<p><img decoding=\"async\" class=\"aligncenter size-full wp-image-3205\" src=\"http:\/\/blogs.uned.es\/salidasprofesionales\/wp-content\/uploads\/sites\/165\/2020\/07\/investigaci\u00f3n-en-econom\u00eda.jpg\" alt=\"\" width=\"262\" height=\"180\" \/><\/p>\n<p><em><strong>Para sus salidas profesionales, puestos u ocupaciones:<\/strong><\/em><\/p>\n<ul>\n<li>\u00a0<a href=\"http:\/\/portal.uned.es\/portal\/page?_pageid=93,70654976&amp;_dad=portal&amp;_schema=PORTAL\">UNED. (2010) Grados EES. Grado en Administraci\u00f3n y Direcci\u00f3n de Empresas.<\/a><\/li>\n<li>\u00a0Agencia Nacional de Evaluaci\u00f3n de Calidad y Acreditaci\u00f3n (ANECA). (2005). <a href=\"http:\/\/www.aneca.es\/var\/media\/150292\/libroblanco_economia_def.pdf\">Libro Blanco del T\u00edtulo.<\/a><\/li>\n<li>\u00a0<a href=\"https:\/\/www.boe.es\/buscar\/act.php?id=BOE-A-2007-18770\">BOE (2007). R.D. 1393\/2007, 29 de octubre, por el que se establece la ordenaci\u00f3n de las ense\u00f1anzas universitarias oficiales.<\/a><\/li>\n<li><a href=\"https:\/\/www.uned.es\/universidad\/inicio\/institucional\/coie\/oee.html\">Datos del Observatorio de empleabilidad y empleo de la UNED.<\/a><\/li>\n<li><a href=\"https:\/\/blog.infoempleo.com\/formacion\/guia-de-profesiones\/\">Gu\u00eda de profesiones-infoempleo<\/a><\/li>\n<li><a href=\"https:\/\/www.educaweb.com\/profesiones\/\">Diccionario de profesiones<\/a><\/li>\n<li>\u00a0<a href=\"https:\/\/www.infoempleo.com\/informe-infoempleo-adecco\/\">Infoempleo y ADECCO (2019).<\/a><\/li>\n<\/ul>\n<p>&nbsp;<\/p>\n<p>&nbsp;<\/p>\n<p>&nbsp;<\/p>\n","protected":false},"excerpt":{"rendered":"<p>&nbsp; Para sus salidas profesionales, puestos u ocupaciones: \u00a0UNED. (2010) Grados EES. Grado en Administraci\u00f3n y Direcci\u00f3n de Empresas. \u00a0Agencia Nacional de Evaluaci\u00f3n de Calidad y Acreditaci\u00f3n (ANECA). (2005). Libro Blanco del T\u00edtulo. \u00a0BOE (2007). R.D. 1393\/2007, 29 de octubre, por el que se establece la ordenaci\u00f3n de las ense\u00f1anzas universitarias oficiales. Datos del Observatorio [&hellip;]<\/p>\n","protected":false},"author":5997,"featured_media":0,"parent":179,"menu_order":0,"comment_status":"closed","ping_status":"closed","template":"","meta":{"footnotes":""},"class_list":["post-4347","page","type-page","status-publish","czr-hentry"],"_links":{"self":[{"href":"https:\/\/blogs.uned.es\/salidasprofesionales\/wp-json\/wp\/v2\/pages\/4347","targetHints":{"allow":["GET"]}}],"collection":[{"href":"https:\/\/blogs.uned.es\/salidasprofesionales\/wp-json\/wp\/v2\/pages"}],"about":[{"href":"https:\/\/blogs.uned.es\/salidasprofesionales\/wp-json\/wp\/v2\/types\/page"}],"author":[{"embeddable":true,"href":"https:\/\/blogs.uned.es\/salidasprofesionales\/wp-json\/wp\/v2\/users\/5997"}],"replies":[{"embeddable":true,"href":"https:\/\/blogs.uned.es\/salidasprofesionales\/wp-json\/wp\/v2\/comments?post=4347"}],"version-history":[{"count":8,"href":"https:\/\/blogs.uned.es\/salidasprofesionales\/wp-json\/wp\/v2\/pages\/4347\/revisions"}],"predecessor-version":[{"id":4363,"href":"https:\/\/blogs.uned.es\/salidasprofesionales\/wp-json\/wp\/v2\/pages\/4347\/revisions\/4363"}],"up":[{"embeddable":true,"href":"https:\/\/blogs.uned.es\/salidasprofesionales\/wp-json\/wp\/v2\/pages\/179"}],"wp:attachment":[{"href":"https:\/\/blogs.uned.es\/salidasprofesionales\/wp-json\/wp\/v2\/media?parent=4347"}],"curies":[{"name":"wp","href":"https:\/\/api.w.org\/{rel}","templated":true}]}}