{"id":4061,"date":"2020-07-24T08:30:02","date_gmt":"2020-07-24T08:30:02","guid":{"rendered":"http:\/\/blogs.uned.es\/salidasprofesionales\/?page_id=4061"},"modified":"2020-07-24T08:36:20","modified_gmt":"2020-07-24T08:36:20","slug":"opciones-formativas-vinculadas-al-titulo-turismo","status":"publish","type":"page","link":"https:\/\/blogs.uned.es\/salidasprofesionales\/grados\/ciencias-sociales-y-juridicas\/grado-en-turismo\/opciones-formativas-vinculadas-al-titulo-turismo\/","title":{"rendered":"Opciones formativas vinculadas al t\u00edtulo (Turismo)"},"content":{"rendered":"<p><img decoding=\"async\" class=\"aligncenter size-full wp-image-4063\" src=\"http:\/\/blogs.uned.es\/salidasprofesionales\/wp-content\/uploads\/sites\/165\/2020\/07\/formaci\u00f3n.jpg\" alt=\"\" width=\"228\" height=\"180\" \/><\/p>\n<p>En cuanto a otras titulaciones de grado relacionadas y\/o complementarias al Grado en Turismo cabe se\u00f1alar las siguientes:<\/p>\n<p><strong>Grados relacionados con la titulaci\u00f3n.<\/strong><\/p>\n<ul>\n<li>Grado en <a href=\"http:\/\/portal.uned.es\/portal\/page?_pageid=93,70654976&amp;_dad=portal&amp;_schema=PORTAL\">Administraci\u00f3n y Direcci\u00f3n de Empresas.<\/a><\/li>\n<li>Grado en <a href=\"http:\/\/portal.uned.es\/portal\/page?_pageid=93,70654992&amp;_dad=portal&amp;_schema=PORTAL\">Econom\u00eda.<\/a><\/li>\n<li>Grado en <a href=\"http:\/\/portal.uned.es\/portal\/page?_pageid=93,70656305&amp;_dad=portal&amp;_schema=PORTAL\">Antropolog\u00eda Social y Cultural.<\/a><\/li>\n<li>Grado en <a href=\"http:\/\/portal.uned.es\/portal\/page?_pageid=93,70654996&amp;_dad=portal&amp;_schema=PORTAL\">Estudios Ingleses: Lengua, Literatura y Cultura.<\/a><\/li>\n<li>Grado en <a href=\"https:\/\/portal.uned.es\/portal\/page?_pageid=93,1644839&amp;_dad=portal&amp;_schema=PORTAL\">Geograf\u00eda e Historia.<\/a><\/li>\n<li>Grado en <a href=\"http:\/\/portal.uned.es\/portal\/page?_pageid=93,70655004&amp;_dad=portal&amp;_schema=PORTAL\">Historia del Arte.<\/a><\/li>\n<li>Grado en <a href=\"http:\/\/portal.uned.es\/portal\/page?_pageid=93,70656309&amp;_dad=portal&amp;_schema=PORTAL\">Ciencia Pol\u00edtica y de la Administraci\u00f3n.<\/a><\/li>\n<li>Grado en <a href=\"http:\/\/portal.uned.es\/portal\/page?_pageid=93,70654988&amp;_dad=portal&amp;_schema=PORTAL\">Derecho.<\/a><\/li>\n<li>Grado en <a href=\"http:\/\/portal.uned.es\/portal\/page?_pageid=93,70656341&amp;_dad=portal&amp;_schema=PORTAL\">Sociolog\u00eda.<\/a><\/li>\n<\/ul>\n<p><strong>Grados combinados<\/strong><\/p>\n<p>Asimismo, la oferta educativa de la UNED ofrece la posibilidad de obtener dos titulaciones en \u00e1reas de conocimiento afines por menos de 360 ECTS. Se trata de lo que se conoce como Grados Combinados.<br \/>\nEsta iniciativa tiene como objetivo poner de manifiesto que un estudiante puede conseguir dos t\u00edtulos de Grado, seleccionando o combinando una serie de asignaturas.<\/p>\n<p>Los Grados Combinados NO son un Doble Grado. Son dos titulaciones distintas y por tanto, los estudiantes deben realizar dos Trabajos de Fin de Grado, uno para cada titulaci\u00f3n. A este respecto puede obtenerse m\u00e1s informaci\u00f3n sobre los grados combinados y los reconocimientos de cr\u00e9ditos en el siguiente enlace:<\/p>\n<ul>\n<li><a href=\"http:\/\/portal.uned.es\/portal\/page?_pageid=93,40316600&amp;_dad=portal&amp;_schema=PORTAL\">Oferta de Grados Combinados seg\u00fan Grado de Origen<\/a><\/li>\n<\/ul>\n<p><strong>M\u00e1steres Oficiales Relacionados con el T\u00edtulo<\/strong><\/p>\n<p>Con la aplicaci\u00f3n del EEES, los M\u00e1steres por primera vez tienen car\u00e1cter oficial y siguen un plan de estudios aprobado por el Ministerio de Educaci\u00f3n y Ciencia (hasta ahora los M\u00e1steres han seguido planes propios de cada universidad y han sido considerados t\u00edtulos propios de Postgrado, no oficiales). Los nuevos M\u00e1steres tienen entre 60 y 120 cr\u00e9ditos ECTS y seg\u00fan su orientaci\u00f3n pueden ser profesionalizantes (especializaci\u00f3n orientada al mundo laboral) o de investigaci\u00f3n (especializaci\u00f3n orientada al mundo acad\u00e9mico).<\/p>\n<p>Los t\u00edtulos obtenidos por la UNED dentro del EEES, son altamente competitivos y facilitan la inserci\u00f3n en el mercado laboral. Existe una mayor movilidad formativa y profesional, y los t\u00edtulos son reconocidos a nivel europeo.<br \/>\nAlgunos de los M\u00e1steres oficiales que podr\u00edan resultar de inter\u00e9s para el alumno egresado de Turismo ser\u00edan los siguientes:<\/p>\n<ul>\n<li>M\u00e1ster Universitario en <a href=\"http:\/\/portal.uned.es\/portal\/page?_pageid=93,70654773&amp;_dad=portal&amp;_schema=PORTAL&amp;idTitulacion=250301\">Investigaci\u00f3n en Econom\u00eda.<\/a><\/li>\n<li>M\u00e1ster Universitario en <a href=\"http:\/\/portal.uned.es\/portal\/page?_pageid=93,70654773&amp;_dad=portal&amp;_schema=PORTAL&amp;idTitulacion=270101\">M\u00e9todos y T\u00e9cnicas Avanzadas de Investigaci\u00f3n Hist\u00f3rica, Art\u00edstica y Geogr\u00e1fica.<\/a><\/li>\n<li>M\u00e1ster Interuniversitario en <a href=\"http:\/\/portal.uned.es\/portal\/page?_pageid=93,70654773&amp;_dad=portal&amp;_schema=PORTAL&amp;idTitulacion=250101\">Sostenibilidad y RSC (UNED-UJI).<\/a><\/li>\n<li>M\u00e1ster universitario en <a href=\"http:\/\/portal.uned.es\/portal\/page?_pageid=93,1339251&amp;_dad=portal&amp;_schema=PORTAL\">Uni\u00f3n Europea.<\/a><\/li>\n<\/ul>\n<p><strong>Doctorados<\/strong><\/p>\n<p>Los estudios de Doctorado constituyen el tercer ciclo de los estudios universitarios oficiales, conducentes a la adquisici\u00f3n de las competencias y habilidades relacionadas con la investigaci\u00f3n cient\u00edfica de calidad. Los Programas de Doctorado son un conjunto de actividades conducentes a la adquisici\u00f3n de las competencias y habilidades necesarias para la obtenci\u00f3n del t\u00edtulo de Doctor.<br \/>\nEn el siguiente enlace puede encontrarse la oferta completa de programas de Doctorado que ofrece la UNED:<\/p>\n<ul>\n<li><a href=\"http:\/\/portal.uned.es\/portal\/page?_pageid=93,27268401&amp;_dad=portal&amp;_schema=PORTAL\">Oferta de programas de Doctorado<\/a><\/li>\n<\/ul>\n<p><strong>Cursos de Formaci\u00f3n Permanente<\/strong><\/p>\n<p>La Formaci\u00f3n Permanente en las universidades es un proceso educativo continuado que puede definirse como toda actividad de aprendizaje a lo largo de la vida con el objetivo de mejorar y actualizar los conocimientos, las aptitudes y capacidades de una persona. Se articula en dos grandes \u00e1reas: Programas de Postgrado y Programas de Desarrollo Profesional y Personal.<\/p>\n<p>La superaci\u00f3n de estos estudios dar\u00e1 derecho, en su caso, a la obtenci\u00f3n del correspondiente t\u00edtulo propio firmado por el Rector, que con car\u00e1cter de ense\u00f1anza universitaria no oficial otorgue la UNED, acreditando la especialidad y el nivel cursado.<\/p>\n<p>La principal diferencia entre los M\u00e1steres oficiales universitarios mencionados anteriormente y los M\u00e1steres propios de postgrado se encuentra, en que los M\u00e1steres oficiales tienen validez en todo el territorio nacional, surten efectos acad\u00e9micos plenos y habilitan para el ejercicio profesional, de acuerdo con la normativa vigente.<\/p>\n<p>Por su parte, los t\u00edtulos propios son ense\u00f1anzas que las Universidades podr\u00e1n impartir en uso de su autonom\u00eda, y que carecen de efectos acad\u00e9micos plenos y de la habilitaci\u00f3n para el ejercicio profesional que las disposiciones legales otorguen a los t\u00edtulos oficiales.<\/p>\n<p>La UNED dispone de varios cursos de Formaci\u00f3n Permanente relacionados con el Turismo como:<\/p>\n<ul>\n<li><a href=\"https:\/\/formacionpermanente.uned.es\/tp_actividad\/idactividad\/11263\">Direcci\u00f3n y Gesti\u00f3n de Actividades Tur\u00edsticas (Master In Tourism Activities Management).<\/a><\/li>\n<li><a href=\"https:\/\/formacionpermanente.uned.es\/tp_actividad\/idactividad\/11281\">Turismo, Desarrollo Sostenible y Cambio Clim\u00e1tico.<\/a><\/li>\n<\/ul>\n<p>Puede obtener toda la informaci\u00f3n relativa a los diferentes cursos de Formaci\u00f3n Permanente ofrecidos por la UNED a trav\u00e9s del <a href=\"https:\/\/formacionpermanente.uned.es\/\">siguiente enlace.<\/a><\/p>\n<p>Al margen de las opciones formativas expuestas en este apartado, puede consultarse m\u00e1s informaci\u00f3n relativa a otros T\u00edtulos Universitarios oficiales y d\u00f3nde cursarlos en las dos herramientas disponibles en la p\u00e1gina web del Ministerio de Ciencia, Innovaci\u00f3n y Universidades:<\/p>\n<ul>\n<li><a href=\"https:\/\/www.educacion.gob.es\/notasdecorte\/compBdDo\">QEDU<\/a> (Qu\u00e9 Estudiar y D\u00f3nde en la Universidad).<\/li>\n<li><a href=\"https:\/\/www.educacion.gob.es\/ruct\/home\">RUCT<\/a> (Registro de Universidades, Centros y T\u00edtulos).<\/li>\n<\/ul>\n","protected":false},"excerpt":{"rendered":"<p>En cuanto a otras titulaciones de grado relacionadas y\/o complementarias al Grado en Turismo cabe se\u00f1alar las siguientes: Grados relacionados con la titulaci\u00f3n. Grado en Administraci\u00f3n y Direcci\u00f3n de Empresas. Grado en Econom\u00eda. Grado en Antropolog\u00eda Social y Cultural. Grado en Estudios Ingleses: Lengua, Literatura y Cultura. Grado en Geograf\u00eda e Historia. Grado en Historia [&hellip;]<\/p>\n","protected":false},"author":5997,"featured_media":0,"parent":187,"menu_order":0,"comment_status":"closed","ping_status":"closed","template":"","meta":{"footnotes":""},"class_list":["post-4061","page","type-page","status-publish","czr-hentry"],"_links":{"self":[{"href":"https:\/\/blogs.uned.es\/salidasprofesionales\/wp-json\/wp\/v2\/pages\/4061","targetHints":{"allow":["GET"]}}],"collection":[{"href":"https:\/\/blogs.uned.es\/salidasprofesionales\/wp-json\/wp\/v2\/pages"}],"about":[{"href":"https:\/\/blogs.uned.es\/salidasprofesionales\/wp-json\/wp\/v2\/types\/page"}],"author":[{"embeddable":true,"href":"https:\/\/blogs.uned.es\/salidasprofesionales\/wp-json\/wp\/v2\/users\/5997"}],"replies":[{"embeddable":true,"href":"https:\/\/blogs.uned.es\/salidasprofesionales\/wp-json\/wp\/v2\/comments?post=4061"}],"version-history":[{"count":6,"href":"https:\/\/blogs.uned.es\/salidasprofesionales\/wp-json\/wp\/v2\/pages\/4061\/revisions"}],"predecessor-version":[{"id":4075,"href":"https:\/\/blogs.uned.es\/salidasprofesionales\/wp-json\/wp\/v2\/pages\/4061\/revisions\/4075"}],"up":[{"embeddable":true,"href":"https:\/\/blogs.uned.es\/salidasprofesionales\/wp-json\/wp\/v2\/pages\/187"}],"wp:attachment":[{"href":"https:\/\/blogs.uned.es\/salidasprofesionales\/wp-json\/wp\/v2\/media?parent=4061"}],"curies":[{"name":"wp","href":"https:\/\/api.w.org\/{rel}","templated":true}]}}