{"id":395,"date":"2019-10-25T09:14:46","date_gmt":"2019-10-25T09:14:46","guid":{"rendered":"http:\/\/blogs.uned.es\/salidasprofesionales\/?page_id=395"},"modified":"2020-06-24T11:17:21","modified_gmt":"2020-06-24T11:17:21","slug":"grado-en-criminologia-2","status":"publish","type":"page","link":"https:\/\/blogs.uned.es\/salidasprofesionales\/grados\/ciencias-sociales-y-juridicas\/grado-en-criminologia-2\/","title":{"rendered":"Grado en Criminolog\u00eda"},"content":{"rendered":"<p><em><strong><img fetchpriority=\"high\" decoding=\"async\" class=\"wp-image-409 alignright\" src=\"http:\/\/blogs.uned.es\/salidasprofesionales\/wp-content\/uploads\/sites\/165\/2019\/10\/CRIMINOLOGIA-DCH-1-216x300.jpg\" alt=\"\" width=\"238\" height=\"331\" srcset=\"https:\/\/blogs.uned.es\/salidasprofesionales\/wp-content\/uploads\/sites\/165\/2019\/10\/CRIMINOLOGIA-DCH-1-216x300.jpg 216w, https:\/\/blogs.uned.es\/salidasprofesionales\/wp-content\/uploads\/sites\/165\/2019\/10\/CRIMINOLOGIA-DCH-1-768x1067.jpg 768w, https:\/\/blogs.uned.es\/salidasprofesionales\/wp-content\/uploads\/sites\/165\/2019\/10\/CRIMINOLOGIA-DCH-1-737x1024.jpg 737w\" sizes=\"(max-width: 238px) 100vw, 238px\" \/>Itinerario formativo:<\/strong><\/em><\/p>\n<ul>\n<li><a href=\"http:\/\/blogs.uned.es\/salidasprofesionales\/perfil-de-grado-de-criminologia\/\">Perfil del Grado en Criminolog\u00eda<\/a><\/li>\n<li><a href=\"http:\/\/blogs.uned.es\/salidasprofesionales\/competencias-profesionales-especificas-y-transversales\/\">Competencias Profesionales<\/a><\/li>\n<li><a href=\"http:\/\/blogs.uned.es\/salidasprofesionales\/opciones-formativas-vinculadas-al-titulo\/\">Opciones formativas vinculadas al t\u00edtulo<\/a><\/li>\n<li><a href=\"http:\/\/blogs.uned.es\/salidasprofesionales\/otras-caracteristicas-relevantes-para-el-empleo\/\">Otras caracter\u00edsticas relevantes para el empleo<\/a><\/li>\n<\/ul>\n<p><em><strong>Salidas profesionales:<\/strong><\/em><\/p>\n<ul>\n<li><a href=\"http:\/\/blogs.uned.es\/salidasprofesionales\/perspectivas-laborales-2\/\">Perspectivas Laborales<\/a><\/li>\n<li><a href=\"http:\/\/blogs.uned.es\/salidasprofesionales\/sectores-de-salidas-ambitos-profesionales\/\">\u00c1mbitos profesionales<\/a><\/li>\n<li><a href=\"http:\/\/blogs.uned.es\/salidasprofesionales\/ocupaciones-puestos\/\">Ocupaciones\/Puestos<\/a><\/li>\n<li><a href=\"http:\/\/blogs.uned.es\/salidasprofesionales\/tipo-de-empresas-organizaciones-para-practicas-o-buscar-trabajo-y-listado-de-empresas-concretas-portales-especificos-de-empleo\/\">Empresas, organizaciones y portales espec\u00edficos de empleo<\/a><u><\/u><u><\/u><\/li>\n<\/ul>\n<p><em><strong>Recursos de Inter\u00e9s:<\/strong><\/em><\/p>\n<ul>\n<li><a href=\"http:\/\/blogs.uned.es\/salidasprofesionales\/recursos-organizaciones-y-enlaces-relevantes\/\">Organizaciones y enlaces relevantes<\/a><\/li>\n<li><a href=\"http:\/\/blogs.uned.es\/salidasprofesionales\/estadisticas-e-informes-del-mercado-de-trabajo\/\">Estad\u00edsticas e informes del Mercado de Trabajo<\/a>\n<ol>\n<li>Para titulados<\/li>\n<li>Para sus salidas profesionales, puestos u ocupaciones<\/li>\n<\/ol>\n<\/li>\n<li><a href=\"http:\/\/blogs.uned.es\/salidasprofesionales\/trayectorias-laborales-y-formativas-personales\/\">Trayectorias laborales y formativas personales<\/a><\/li>\n<\/ul>\n","protected":false},"excerpt":{"rendered":"<p>Itinerario formativo: Perfil del Grado en Criminolog\u00eda Competencias Profesionales Opciones formativas vinculadas al t\u00edtulo Otras caracter\u00edsticas relevantes para el empleo Salidas profesionales: Perspectivas Laborales \u00c1mbitos profesionales Ocupaciones\/Puestos Empresas, organizaciones y portales espec\u00edficos de empleo Recursos de Inter\u00e9s: Organizaciones y enlaces relevantes Estad\u00edsticas e informes del Mercado de Trabajo Para titulados Para sus salidas profesionales, puestos [&hellip;]<\/p>\n","protected":false},"author":5997,"featured_media":0,"parent":99,"menu_order":0,"comment_status":"closed","ping_status":"closed","template":"","meta":{"footnotes":""},"class_list":["post-395","page","type-page","status-publish","czr-hentry"],"_links":{"self":[{"href":"https:\/\/blogs.uned.es\/salidasprofesionales\/wp-json\/wp\/v2\/pages\/395","targetHints":{"allow":["GET"]}}],"collection":[{"href":"https:\/\/blogs.uned.es\/salidasprofesionales\/wp-json\/wp\/v2\/pages"}],"about":[{"href":"https:\/\/blogs.uned.es\/salidasprofesionales\/wp-json\/wp\/v2\/types\/page"}],"author":[{"embeddable":true,"href":"https:\/\/blogs.uned.es\/salidasprofesionales\/wp-json\/wp\/v2\/users\/5997"}],"replies":[{"embeddable":true,"href":"https:\/\/blogs.uned.es\/salidasprofesionales\/wp-json\/wp\/v2\/comments?post=395"}],"version-history":[{"count":26,"href":"https:\/\/blogs.uned.es\/salidasprofesionales\/wp-json\/wp\/v2\/pages\/395\/revisions"}],"predecessor-version":[{"id":885,"href":"https:\/\/blogs.uned.es\/salidasprofesionales\/wp-json\/wp\/v2\/pages\/395\/revisions\/885"}],"up":[{"embeddable":true,"href":"https:\/\/blogs.uned.es\/salidasprofesionales\/wp-json\/wp\/v2\/pages\/99"}],"wp:attachment":[{"href":"https:\/\/blogs.uned.es\/salidasprofesionales\/wp-json\/wp\/v2\/media?parent=395"}],"curies":[{"name":"wp","href":"https:\/\/api.w.org\/{rel}","templated":true}]}}