{"id":3847,"date":"2020-07-14T10:54:36","date_gmt":"2020-07-14T10:54:36","guid":{"rendered":"http:\/\/blogs.uned.es\/salidasprofesionales\/?page_id=3847"},"modified":"2020-07-27T10:19:25","modified_gmt":"2020-07-27T10:19:25","slug":"master-universitario-en-ingenieria-industrial","status":"publish","type":"page","link":"https:\/\/blogs.uned.es\/salidasprofesionales\/master\/e-t-s-de-ingenieros-industriales\/master-universitario-en-ingenieria-industrial\/","title":{"rendered":"M\u00c1STER UNIVERSITARIO EN INGENIER\u00cdA INDUSTRIAL"},"content":{"rendered":"<p><img decoding=\"async\" class=\" wp-image-3849 alignleft\" src=\"http:\/\/blogs.uned.es\/salidasprofesionales\/wp-content\/uploads\/sites\/165\/2020\/07\/ingenieria-industrial.jpg\" alt=\"\" width=\"204\" height=\"231\" \/><\/p>\n<p>El t\u00edtulo de M\u00e1ster Universitario en Ingenier\u00eda Industrial impartido por la Universidad Nacional de Educaci\u00f3n a Distancia, habilita para ejercer la profesi\u00f3n regulada de Ingeniero Industrial, de acuerdo con laOrden CIN\/31172009, de 9 de febrero, del Ministerio de Ciencia e Innovaci\u00f3n, donde se establecen los requisitos para la verificaci\u00f3n de los t\u00edtulos universitarios oficiales que habiliten para el ejercicio de la profesi\u00f3n de ingeniero industrial.<\/p>\n<p>El objetivo general del t\u00edtulo es la formaci\u00f3n de ingenieros, aportando todas las competencias propias de la profesi\u00f3n del ingeniero industrial, sin menoscabo deuna s\u00f3lida formaci\u00f3n acad\u00e9micaque posibilita el acceso a la actividad profesional y tambi\u00e9n el accesoa la investigaci\u00f3n.<\/p>\n<p>La profesi\u00f3n de ingeniero industrial goza de una gran tradici\u00f3n y reconocimiento en nuestro pa\u00eds con unas salidas profesionales que abarcan un amplio conjunto de actividades vinculadas con la aplicaci\u00f3n, mejora e innovaci\u00f3n de metodolog\u00edas y tecnolog\u00edas en el \u00e1mbito de la ingenier\u00eda industrial.<\/p>\n<p>Es importante destacar que el plan de estudios del M\u00e1ster Universitario en Ingenier\u00eda Industrial fue elaborado siguiendo el acuerdo de la Conferencia de Directores de Escuelas de Ingenieros Industriales de 2007,avalado por el Consejo General de Colegios Oficiales de Ingenieros Industriales. Durante la gestaci\u00f3n del t\u00edtulo, se foment\u00f3 la participaci\u00f3n de los Colegios Oficiales de Ingenieros Industriales con el fin de tener muy presente la opini\u00f3n de los profesionales de la ingenier\u00eda industrial.<\/p>\n<p>El valor diferencial de la ingenier\u00eda industrial es su car\u00e1cter profesional generalista y multidisciplinar, que capacita al ingeniero industrial para desarrollar y liderar proyectos en todos los \u00e1mbitos industriales, con una gran capacidad para la gesti\u00f3n de diferentes disciplinas, integrando conocimientos tecnol\u00f3gicos muy diversos. Estas caracter\u00edsticas permiten al ingeniero industrial desempe\u00f1ar un papel fundamental en la actividad econ\u00f3mica y empresarial, lo que se manifiesta en una alta demanda de ingenieros industriales en el mercado laboral.<\/p>\n<p>La actividad del ingeniero industrial es muy diversa y abarca actividades como:<\/p>\n<ul>\n<li>El desarrollo, direcci\u00f3n y\/o gesti\u00f3n de cualquier tipo de proyectos del \u00e1mbito industrial.<\/li>\n<li>Desarrollo e innovaci\u00f3n en productos, procesos y m\u00e9todos industriales.<\/li>\n<li>Dise\u00f1o, mantenimiento, supervisi\u00f3n y direcci\u00f3n de plantas de producci\u00f3n.<\/li>\n<li>Cargos de responsabilidad en la Administraci\u00f3n p\u00fablica y cargos institucionales diversos.<\/li>\n<li>Organizaci\u00f3n de equipos multidisciplinares.<\/li>\n<li>Actividades de investigaci\u00f3n, innovaci\u00f3n y desarrollo: I+D+i.<\/li>\n<li>Gesti\u00f3n y planificaci\u00f3n de recursos, producci\u00f3n y compras.<\/li>\n<li>Analista de procesos, costos y log\u00edstica.<\/li>\n<li>Actividades de direcci\u00f3n, supervisi\u00f3n y liderazgo de equipos de trabajo.<\/li>\n<li>Gesti\u00f3n financiera, desarrollo de estrategias de inversi\u00f3n, elaboraci\u00f3n y evaluaci\u00f3n de proyectos financieros.<\/li>\n<li>Actividades en departamentos t\u00e9cnicos, de calidad y\/o de comunicaci\u00f3n.<\/li>\n<li>Ejercicio libre de la profesi\u00f3n.<\/li>\n<li>Acceso a la ense\u00f1anza e investigaci\u00f3n para aquellos titulados que se orienten hacia el desarrollo de una tesis doctoral.<\/li>\n<\/ul>\n<p>En definitiva, los estudios de M\u00e1ster Universitario en Ingenier\u00eda Industrial confieren una gran versatilidad y flexibilidad a sus egresados, mejorando sus oportunidades para encontrar diferentes salidas profesionales en un mercado laboral que exige, cada vez m\u00e1s, una buena capacidad de adaptaci\u00f3n.<\/p>\n<p>Para m\u00e1s informaci\u00f3n contactar con el <em><strong>coordinador del master:\u00a0<\/strong><\/em>Claudio Bernal Guerrero, cbernal@ind.uned.es o <em><strong>secretaria acad\u00e9mica:<\/strong><\/em>\u00a0Miryam Beatriz S\u00e1nchez S\u00e1nchez, msanchez@ind.uned.es<\/p>\n","protected":false},"excerpt":{"rendered":"<p>El t\u00edtulo de M\u00e1ster Universitario en Ingenier\u00eda Industrial impartido por la Universidad Nacional de Educaci\u00f3n a Distancia, habilita para ejercer la profesi\u00f3n regulada de Ingeniero Industrial, de acuerdo con laOrden CIN\/31172009, de 9 de febrero, del Ministerio de Ciencia e Innovaci\u00f3n, donde se establecen los requisitos para la verificaci\u00f3n de los t\u00edtulos universitarios oficiales que [&hellip;]<\/p>\n","protected":false},"author":5997,"featured_media":0,"parent":3811,"menu_order":0,"comment_status":"closed","ping_status":"closed","template":"","meta":{"footnotes":""},"class_list":["post-3847","page","type-page","status-publish","czr-hentry"],"_links":{"self":[{"href":"https:\/\/blogs.uned.es\/salidasprofesionales\/wp-json\/wp\/v2\/pages\/3847","targetHints":{"allow":["GET"]}}],"collection":[{"href":"https:\/\/blogs.uned.es\/salidasprofesionales\/wp-json\/wp\/v2\/pages"}],"about":[{"href":"https:\/\/blogs.uned.es\/salidasprofesionales\/wp-json\/wp\/v2\/types\/page"}],"author":[{"embeddable":true,"href":"https:\/\/blogs.uned.es\/salidasprofesionales\/wp-json\/wp\/v2\/users\/5997"}],"replies":[{"embeddable":true,"href":"https:\/\/blogs.uned.es\/salidasprofesionales\/wp-json\/wp\/v2\/comments?post=3847"}],"version-history":[{"count":6,"href":"https:\/\/blogs.uned.es\/salidasprofesionales\/wp-json\/wp\/v2\/pages\/3847\/revisions"}],"predecessor-version":[{"id":4201,"href":"https:\/\/blogs.uned.es\/salidasprofesionales\/wp-json\/wp\/v2\/pages\/3847\/revisions\/4201"}],"up":[{"embeddable":true,"href":"https:\/\/blogs.uned.es\/salidasprofesionales\/wp-json\/wp\/v2\/pages\/3811"}],"wp:attachment":[{"href":"https:\/\/blogs.uned.es\/salidasprofesionales\/wp-json\/wp\/v2\/media?parent=3847"}],"curies":[{"name":"wp","href":"https:\/\/api.w.org\/{rel}","templated":true}]}}