{"id":3767,"date":"2020-07-14T10:14:51","date_gmt":"2020-07-14T10:14:51","guid":{"rendered":"http:\/\/blogs.uned.es\/salidasprofesionales\/?page_id=3767"},"modified":"2020-07-14T10:19:30","modified_gmt":"2020-07-14T10:19:30","slug":"master-universitario-en-investigacion-en-ingenieria-de-software-y-sistemas-informaticos","status":"publish","type":"page","link":"https:\/\/blogs.uned.es\/salidasprofesionales\/master\/e-t-s-de-ingenieria-informatica\/master-universitario-en-investigacion-en-ingenieria-de-software-y-sistemas-informaticos\/","title":{"rendered":"M\u00c1STER UNIVERSITARIO EN INVESTIGACI\u00d3N EN INGENIER\u00cdA DE SOFTWARE Y SISTEMAS INFORM\u00c1TICOS"},"content":{"rendered":"<p><img decoding=\"async\" class=\"size-full wp-image-3769 alignleft\" src=\"http:\/\/blogs.uned.es\/salidasprofesionales\/wp-content\/uploads\/sites\/165\/2020\/07\/software.png\" alt=\"\" width=\"221\" height=\"180\" \/><\/p>\n<p>&nbsp;<\/p>\n<p>El espectro particular del que se ocupa la presente propuesta de M\u00e1ster en Ingenier\u00eda de Software y Sistemas Inform\u00e1ticos se centra en aspectos muy concretos y especializados, dirigidos a la investigaci\u00f3n o a la especializaci\u00f3nprofesional, y en el \u00e1mbito de las \u00e1reas de conocimiento de Lenguajes y Sistemas Inform\u00e1ticos e Ingenier\u00eda de Sistemas y Autom\u00e1tica, en las que desarrollan su labor docente e investigadora los docentes implicados.<\/p>\n<p>Tanto la Ingenier\u00eda de Software como laIngenier\u00eda de Sistemas Inform\u00e1ticos son campos en los que los continuos avances tecnol\u00f3gicos obligan a formar a los estudiantes en aplicaciones multidisciplinares en las que deben dominar elementos de matem\u00e1ticas y de computadoras a la vez que t\u00e9cnicas propias de Ingenier\u00eda de Software y de desarrollo de sistemas que les permita dar soluciones en campos muy diversos. Siendo \u00e9ste el enfoque con el que est\u00e1n concebidas las materias que se imparten en este M\u00e1ster y, aunque la vocaci\u00f3n primordial de las mismases su aplicaci\u00f3n posterior en la realizaci\u00f3n de una Tesis Doctoral, nuestra experiencia en el marco del programa de doctorado que nos sirve de base nos indica que hay un claro y marcado inter\u00e9s por adquirir estos conocimientos por parte de diversos sectores profesionales. Estos contenidos despiertan, fundamentalmente en profesionales en ejercicio de la inform\u00e1tica, un af\u00e1n por la actualizaci\u00f3n de su formaci\u00f3n y conocimientos sin aspiraciones definidas por culminar con una Tesis Doctoral. Sea como fuere, parece evidente que la naturaleza y estructura de una titulaci\u00f3n de M\u00e1ster como la propuesta propiciar\u00e1 a\u00fan m\u00e1s esa aptitud profesional a la ampliaci\u00f3n de conocimientos que el anterior programa de doctorado suscitaba.<\/p>\n<p>A continuaci\u00f3n se presentan los puestos laborales m\u00e1s importantes relacionados con este M\u00e1ster:<\/p>\n<p><strong>Como puestos relacionados con la investigaci\u00f3n:\uf02d<\/strong><\/p>\n<p><em><strong>Gestor de transferencia de tecnolog\u00eda:<\/strong><\/em> Profesional que se encarga de promover la colaboraci\u00f3n y la transferencia de tecnolog\u00eda entre la universidad y el sector empresarial. Realiza las siguientes funciones y actividades: identificar y difundir la oferta tecnol\u00f3gica de la universidad, difundir la informaci\u00f3n de Investigaci\u00f3n, Desarrollo e Innovaci\u00f3n (I+D+i) a trav\u00e9s de los sistemas de informaci\u00f3n y de las p\u00e1ginas Web, asesorar y gestionar propuestas de proyectos nuevos, llevar a cabo la protecci\u00f3n de los resultados de la investigaci\u00f3n, comercializar los productos tecnol\u00f3gicos obtenidos, asesorar en la creaci\u00f3n de empresas de base tecnol\u00f3gica y llevar a cabo la vigilancia tecnol\u00f3gica para empresas del sector de Tecnolog\u00edas de la Informaci\u00f3n y Comunicaciones (TIC).\uf02d<\/p>\n<p><em><strong>T\u00e9cnico en investigaci\u00f3n y desarrollo(I+D)y de investigaci\u00f3n, desarrollo e innovaci\u00f3n (I+D+i):<\/strong><\/em>Profesional que en una empresa tiene, entre otras, las siguientes funciones: gesti\u00f3n del Sistema de Gesti\u00f3n de la Innovaci\u00f3n, realizando auditor\u00edas externas e internas; seguimiento de subvenciones deI+D+i; seguimiento de costes generales y de proyectos deI+D+i; seguimiento de hitos deI+D+i; seguimiento de patentes y protecci\u00f3n de resultados; preparaci\u00f3n de los Comit\u00e9s de la direcci\u00f3n deI+D+i; y contacto y seguimiento de los centros tecnol\u00f3gicos.\uf02d<\/p>\n<p><em><strong>Director de investigaci\u00f3n y desarrollo(I+D)y de investigaci\u00f3n, desarrollo e innovaci\u00f3n (I+D+i):<\/strong><\/em>Profesional que en una empresa dirige y coordina la investigaci\u00f3n, desarrollo e innovaci\u00f3n de la misma desde el Departamento de I+D+I.<\/p>\n<p><strong>Como puestos relacionados con la profesi\u00f3n:<\/strong>\uf02d<\/p>\n<p><em><strong>Ingeniero de desarrollo de software:<\/strong> <\/em>Profesional que crea y mantiene los programas inform\u00e1ticos aplicando las tecnolog\u00edas y pr\u00e1cticas de las ciencias computacionales. El proceso que realiza para ello va desde el an\u00e1lisis de requisitos y especificaci\u00f3n de condiciones que ha de tener el programa a crear, hasta el dise\u00f1o, programaci\u00f3n y prueba del software, finalizando con la creaci\u00f3n de la documentaci\u00f3n y mantenimiento.\uf02d<\/p>\n<p><em><strong>T\u00e9cnico en Seguridad inform\u00e1tica:<\/strong> <\/em>Profesional que se encarga de analizar, implantar, gestionar, mantener, evaluar y auditar las acciones y los sistemas de seguridad inform\u00e1tica que protegen las redes y sistemas de una empresa u organizaci\u00f3n ante eventuales amenazas. Son \u00e1reas de su inter\u00e9s: la criptograf\u00eda, la \u201cusabilidad\u201d y confidencialidad de la informaci\u00f3n en las redes y las bases de datos inform\u00e1ticas, el comercio y la firma electr\u00f3nica, los m\u00e9todos de autentificaci\u00f3n, la propiedad intelectual, la criminalidad inform\u00e1tica, la responsabilidad jur\u00eddica en internet, los peritajes judiciales, los m\u00e9todos de detecci\u00f3n y protecci\u00f3n ante la intrusi\u00f3n (\u201chacker\u201d,\u201ccortafuegos\u201d) o de timos como el \u201cphishing\u201d.\uf02d<\/p>\n<p><em><strong>T\u00e9cnico inform\u00e1tico para Soporte y mantenimiento de usuarios y usuarias (helpdesk):<\/strong><\/em>Profesional que se responsabiliza de instalar, configurar, inventariar y mantener los equipos inform\u00e1ticos (hardware, software, aplicaciones y servicios) en una empresa. Registra y resuelve las incidencias ocurridas en los sistemas, telef\u00f3nica o presencialmente o a trav\u00e9s de internet y realiza una labor informativa respecto al funcionamiento de las aplicaciones inform\u00e1ticas o del nuevo hardware instalado.\uf02d<\/p>\n<p><em><strong>Analista-programador:<\/strong> <\/em>Profesional que partiendo del an\u00e1lisis de las necesidades inform\u00e1ticas de una empresa dise\u00f1a, programa e implementa una aplicaci\u00f3n o sistema para cubrir dichas necesidades. La figura del analista programador resuelve los problemas t\u00edpicos de comunicaci\u00f3n que se dan entre analistas y programadores por la excesiva especializaci\u00f3n y facilita por lo tanto una mayor conexi\u00f3n en todo el proceso. \uf02d<\/p>\n<p><em><strong>Analista de aplicaciones: <\/strong><\/em>Profesional que se responsabiliza del an\u00e1lisis de las necesidades inform\u00e1ticas en los diferentes departamentos de las empresas, en los \u00e1mbitos relacionados con el desarrollo de aplicaciones, la planificaci\u00f3n, coordinaci\u00f3n e implementaci\u00f3n de las posibles mejoras, en colaboraci\u00f3n con el programador que es quien se encarga finalmente de crear o modificar la aplicaci\u00f3n. Realizan informes de justificaci\u00f3n t\u00e9cnicos, elaboran presupuestos y los modos de implementaci\u00f3n de los mismos, dise\u00f1an presentaciones de proyectos y realizan un estudio continuo del mercado con el fin de encontrar nuevos productos y tendencias.<\/p>\n<p>Las empresas que contratan a los titulados del m\u00e1ster en Investigaci\u00f3n en Ingenier\u00eda de Software y Sistemas Inform\u00e1ticos pertenecen al sector de telecomunicaciones y servicios inform\u00e1ticos, al sector de las tecnolog\u00edas de la informaci\u00f3n y comunicaci\u00f3n, al sector de investigaci\u00f3n y desarrollo e innovaci\u00f3n (I+D+I), y cualquier sector empresarial con departamento de I+D+I, al sector de consultor\u00eda, al sector de administraciones p\u00fablicas, al sector de la energ\u00eda e infraestructuras cr\u00edticas, al sector financiero, al sector de la educaci\u00f3n, etc.<\/p>\n<p>Para m\u00e1s informaci\u00f3n contactar con el <em><strong>coordinador del m\u00e1ster<\/strong> <\/em>Jos\u00e9 F\u00e9lix Est\u00edvariz L\u00f3pez, jose.estivariz@issi.uned.es o <em><strong>secretario acad\u00e9mico:<\/strong><\/em>\u00a0Pedro Javier Herrera Caro, pjherrera@issi.uned.es<\/p>\n<p>Tambi\u00e9n en las siguientes organizaciones profesionales:<\/p>\n<p><em><strong>-Consejo General de Colegios Profesionales de Ingenier\u00eda en Inform\u00e1tica:<\/strong> <\/em><a href=\"http:\/\/www.ccii.es\/\">http:\/\/www.ccii.es\/<\/a>; presidente@ccii.es<\/p>\n<p><em><strong>-Consejo General de Colegios Oficiales de Ingenier\u00eda T\u00e9cnica en Inform\u00e1tica<\/strong><\/em>: <a href=\"http:\/\/www.conciti.org\/\">http:\/\/www.conciti.org\/<\/a>; info@conciti.org<\/p>\n","protected":false},"excerpt":{"rendered":"<p>&nbsp; El espectro particular del que se ocupa la presente propuesta de M\u00e1ster en Ingenier\u00eda de Software y Sistemas Inform\u00e1ticos se centra en aspectos muy concretos y especializados, dirigidos a la investigaci\u00f3n o a la especializaci\u00f3nprofesional, y en el \u00e1mbito de las \u00e1reas de conocimiento de Lenguajes y Sistemas Inform\u00e1ticos e Ingenier\u00eda de Sistemas y [&hellip;]<\/p>\n","protected":false},"author":5997,"featured_media":0,"parent":3717,"menu_order":0,"comment_status":"closed","ping_status":"closed","template":"","meta":{"footnotes":""},"class_list":["post-3767","page","type-page","status-publish","czr-hentry"],"_links":{"self":[{"href":"https:\/\/blogs.uned.es\/salidasprofesionales\/wp-json\/wp\/v2\/pages\/3767","targetHints":{"allow":["GET"]}}],"collection":[{"href":"https:\/\/blogs.uned.es\/salidasprofesionales\/wp-json\/wp\/v2\/pages"}],"about":[{"href":"https:\/\/blogs.uned.es\/salidasprofesionales\/wp-json\/wp\/v2\/types\/page"}],"author":[{"embeddable":true,"href":"https:\/\/blogs.uned.es\/salidasprofesionales\/wp-json\/wp\/v2\/users\/5997"}],"replies":[{"embeddable":true,"href":"https:\/\/blogs.uned.es\/salidasprofesionales\/wp-json\/wp\/v2\/comments?post=3767"}],"version-history":[{"count":5,"href":"https:\/\/blogs.uned.es\/salidasprofesionales\/wp-json\/wp\/v2\/pages\/3767\/revisions"}],"predecessor-version":[{"id":3779,"href":"https:\/\/blogs.uned.es\/salidasprofesionales\/wp-json\/wp\/v2\/pages\/3767\/revisions\/3779"}],"up":[{"embeddable":true,"href":"https:\/\/blogs.uned.es\/salidasprofesionales\/wp-json\/wp\/v2\/pages\/3717"}],"wp:attachment":[{"href":"https:\/\/blogs.uned.es\/salidasprofesionales\/wp-json\/wp\/v2\/media?parent=3767"}],"curies":[{"name":"wp","href":"https:\/\/api.w.org\/{rel}","templated":true}]}}