{"id":3745,"date":"2020-07-14T10:04:41","date_gmt":"2020-07-14T10:04:41","guid":{"rendered":"http:\/\/blogs.uned.es\/salidasprofesionales\/?page_id=3745"},"modified":"2025-03-19T15:40:31","modified_gmt":"2025-03-19T15:40:31","slug":"master-universitario-en-ingenieria-informatica","status":"publish","type":"page","link":"https:\/\/blogs.uned.es\/salidasprofesionales\/master\/e-t-s-de-ingenieria-informatica\/master-universitario-en-ingenieria-informatica\/","title":{"rendered":"M\u00c1STER UNIVERSITARIO EN INGENIER\u00cdA INFORM\u00c1TICA"},"content":{"rendered":"<p><img decoding=\"async\" class=\" wp-image-3747 alignleft\" src=\"http:\/\/blogs.uned.es\/salidasprofesionales\/wp-content\/uploads\/sites\/165\/2020\/07\/ingenier\u00eda-inform\u00e1tica.jpg\" alt=\"\" width=\"331\" height=\"142\" \/><\/p>\n<p>El t\u00edtulo oficial de M\u00e1ster Universitario en Ingenier\u00eda Inform\u00e1tica pretende cubrir una necesidad de formaci\u00f3n que cada vez necesita de profesionales m\u00e1s cualificados. El cambio que est\u00e1 experimentando la sociedad con la transformaci\u00f3n digital y el avance global de las tecnolog\u00edas inform\u00e1ticas, tanto a nivel nacional como internacional, crea la necesidad de contar con profesionales cada vez m\u00e1s cualificados y preparados.<\/p>\n<p>El M\u00e1ster aporta a los profesionales de la Ingenier\u00eda Inform\u00e1tica una formaci\u00f3n de 90 cr\u00e9ditos ECTS, dot\u00e1ndole con capacidades profesionales bien definidas tanto en nuevas tecnolog\u00edas espec\u00edficas de la Ingenier\u00eda Inform\u00e1tica, como en habilidades de direcci\u00f3n y gesti\u00f3n en el \u00e1mbito de la Ingenier\u00eda. El Trabajo Fin de M\u00e1ster (TFM) potencia las habilidades personales, en diversos aspectos, que van desde la integraci\u00f3n de tecnolog\u00edas, a la adecuada presentaci\u00f3n de resultados y conclusiones.<\/p>\n<p>Su orientaci\u00f3n, tanto al mundo de la investigaci\u00f3n como al de la pr\u00e1ctica profesional, hace que sea un aliciente para el estudiante por su doble vertiente. En la pr\u00e1ctica profesional, facilita su inmersi\u00f3n en entidades p\u00fablicas o privadas asumiendo responsabilidades profesionales de alta cualificaci\u00f3n a nivel de Gerencia y\/o t\u00e9cnico. Por otra parte, el M\u00e1ster influye positivamente en capacitar al estudiante para el desempe\u00f1o de actividades de investigaci\u00f3n necesarias en las empresas, como puede ser la petici\u00f3n de proyectos, vigilancia y asesoramiento tecnol\u00f3gico o responsabilidad sobre actuaciones de investigaci\u00f3n.<\/p>\n<p>Salidas profesionales que facilita el M\u00e1ster Universitario en Ingenier\u00eda Inform\u00e1tica:<\/p>\n<p><strong>\u2022Director de sistemas de software<\/strong>. Coordinar, controlar y gestionar el desarrollo de los proyectos inform\u00e1ticos, seleccionando las tecnolog\u00edas m\u00e1s adecuadas para optimizar los procesos y hacer m\u00e1s competitivas las empresas. Gestionar equipos de trabajo, dominar sistemas de informaci\u00f3n y decidir sobre las tecnolog\u00edas m\u00e1s adecuadas a la situaci\u00f3n y la organizaci\u00f3n.<\/p>\n<p><strong>\u2022Arquitecto de grandes sistemas (software),<\/strong> Dise\u00f1ar y construir las aplicaciones inform\u00e1ticas m\u00e1s adecuadas a cada organizaci\u00f3n y evaluar el rendimiento de redes y sistemas.<\/p>\n<p><strong>\u2022Consultor de Sistemas de Informaci\u00f3n.<\/strong> Gestionar y coordinar los recursos necesarios relacionados con el desarrollo e implementaci\u00f3n de sistemas de informaci\u00f3n y asesorar sobre la gesti\u00f3n de seguridad inform\u00e1tica o estrategias en TIC.<\/p>\n<p><strong>\u2022Desarrolladores de aplicaciones para dispositivos m\u00f3viles.<\/strong> Responsables de desarrollar aplicaciones multiplataforma, Web apps, iOS y Windows Phone, aplicaciones para Android, etc.<\/p>\n<p><strong>\u2022Cient\u00edfico de Datos.<\/strong> Analizar y traducir gran cantidad de informaci\u00f3n, conocido como \u201cBig Data\u201d, que proviene de diferentes fuentes de informaci\u00f3n masivas y convertirla en respuestas fiables.<\/p>\n<p><strong>\u2022Consultor\u00eda de sistemas embebidos.<\/strong> Liderar procesos de dise\u00f1o y desarrollo de sistemas empotrados y ubicuos para aplicaciones dentro de los campos de \u00abInternet of Things, IoTs\u00bb y \u00abSmart Cities\u00bb.<\/p>\n<p><strong>\u2022Empresas de Seguridad.<\/strong> Responsabilidad en acciones para evitar el robo de datos, analizando los riesgos y desarrollando estrategias para prevenir la duplicaci\u00f3n ilegal y el acceso sin autorizaci\u00f3n a informaci\u00f3n confidencial. Proteger la informaci\u00f3n y el acceso a redes inform\u00e1ticas, servidores en la nube, dispositivos m\u00f3viles y software de pago.<\/p>\n<p><strong>\u2022Consultor\u00eda de accesibilidad y experiencia de usuario en las TIC.<\/strong> Dise\u00f1ar, implementar y evaluar productos y servicios TIC de acuerdo con las metodolog\u00edas de dise\u00f1o centrado en el usuario y con la legislaci\u00f3n nacional y europea sobre accesibilidad TIC para personas con y sin discapacidad.<\/p>\n<p><strong>\u2022Docente de educaci\u00f3n secundaria.<\/strong> Profesional que se encarga de la docencia o la formaci\u00f3n del \u00e1mbito relacionado con la ingenier\u00eda y\/o inform\u00e1tica desde la educaci\u00f3n reglada en Educaci\u00f3n Secundaria Obligatoria y Bachillerato, y Formaci\u00f3n Profesional. Sin embargo, este puesto requiere poseer la titulaci\u00f3n habilitante de M\u00e1ster Universitario en Formaci\u00f3n del Profesorado, en la especialidad que corresponda.<\/p>\n<p><strong>\u2022Docente en el Espacio Europeo de Educaci\u00f3n Superior (EEES).<\/strong> Profesional orientado a la difusi\u00f3n del conocimiento y la investigaci\u00f3n cient\u00edfico-tecnol\u00f3gica en el \u00e1mbito universitario. Sin embargo, este puesto requiere poseer la titulaci\u00f3n de Doctorado, en la especialidad que corresponda.<\/p>\n<p>Para m\u00e1s informaci\u00f3n https:\/\/www.uned.es\/universidad\/facultades\/informatica.html, <a href=\"mailto:masteringenieria@informatica.uned.es\">masteringenieria@informatica.uned.es<\/a> o contactar con el coordinador del master: Ernesto Aranda Escol\u00e1stico, <a href=\"mailto:earandae@issi.uned.es\">earandae@issi.uned.es<\/a> o secretario acad\u00e9mico: Agust\u00edn Delgado Mu\u00f1oz, <a href=\"mailto:agustin.delgado@lsi.uned.es\">agustin.delgado@lsi.uned.es<\/a>.<\/p>\n<p>S\u00cdGUENOS @UNEDmasterInfor<\/p>\n","protected":false},"excerpt":{"rendered":"<p>El t\u00edtulo oficial de M\u00e1ster Universitario en Ingenier\u00eda Inform\u00e1tica pretende cubrir una necesidad de formaci\u00f3n que cada vez necesita de profesionales m\u00e1s cualificados. El cambio que est\u00e1 experimentando la sociedad con la transformaci\u00f3n digital y el avance global de las tecnolog\u00edas inform\u00e1ticas, tanto a nivel nacional como internacional, crea la necesidad de contar con profesionales [&hellip;]<\/p>\n","protected":false},"author":5997,"featured_media":0,"parent":3717,"menu_order":0,"comment_status":"closed","ping_status":"closed","template":"","meta":{"footnotes":""},"class_list":["post-3745","page","type-page","status-publish","czr-hentry"],"_links":{"self":[{"href":"https:\/\/blogs.uned.es\/salidasprofesionales\/wp-json\/wp\/v2\/pages\/3745","targetHints":{"allow":["GET"]}}],"collection":[{"href":"https:\/\/blogs.uned.es\/salidasprofesionales\/wp-json\/wp\/v2\/pages"}],"about":[{"href":"https:\/\/blogs.uned.es\/salidasprofesionales\/wp-json\/wp\/v2\/types\/page"}],"author":[{"embeddable":true,"href":"https:\/\/blogs.uned.es\/salidasprofesionales\/wp-json\/wp\/v2\/users\/5997"}],"replies":[{"embeddable":true,"href":"https:\/\/blogs.uned.es\/salidasprofesionales\/wp-json\/wp\/v2\/comments?post=3745"}],"version-history":[{"count":4,"href":"https:\/\/blogs.uned.es\/salidasprofesionales\/wp-json\/wp\/v2\/pages\/3745\/revisions"}],"predecessor-version":[{"id":6311,"href":"https:\/\/blogs.uned.es\/salidasprofesionales\/wp-json\/wp\/v2\/pages\/3745\/revisions\/6311"}],"up":[{"embeddable":true,"href":"https:\/\/blogs.uned.es\/salidasprofesionales\/wp-json\/wp\/v2\/pages\/3717"}],"wp:attachment":[{"href":"https:\/\/blogs.uned.es\/salidasprofesionales\/wp-json\/wp\/v2\/media?parent=3745"}],"curies":[{"name":"wp","href":"https:\/\/api.w.org\/{rel}","templated":true}]}}