{"id":3673,"date":"2020-07-13T12:25:32","date_gmt":"2020-07-13T12:25:32","guid":{"rendered":"http:\/\/blogs.uned.es\/salidasprofesionales\/?page_id=3673"},"modified":"2020-07-13T12:25:38","modified_gmt":"2020-07-13T12:25:38","slug":"master-universitario-en-comunicacion-audiovisual-de-servicio-publico","status":"publish","type":"page","link":"https:\/\/blogs.uned.es\/salidasprofesionales\/master\/master-universitario-en-comunicacion-audiovisual-de-servicio-publico\/","title":{"rendered":"M\u00c1STER UNIVERSITARIO EN COMUNICACI\u00d3N AUDIOVISUAL DE SERVICIO P\u00daBLICO"},"content":{"rendered":"<p><img decoding=\"async\" class=\"aligncenter size-full wp-image-3675\" src=\"http:\/\/blogs.uned.es\/salidasprofesionales\/wp-content\/uploads\/sites\/165\/2020\/07\/comunicaci\u00f3n-audiovisual.jpg\" alt=\"\" width=\"205\" height=\"180\" \/><\/p>\n<p>Con la creaci\u00f3n del M\u00e1ster se pretende impulsar y desarrollar una futura actividad profesional polivalente que aborde la creaci\u00f3n, producci\u00f3n, publicaci\u00f3n y programaci\u00f3n de contenidos audiovisuales de servicio p\u00fablico, y que tenga aplicaci\u00f3n y aprovechamiento social en m\u00faltiples soportes de difusi\u00f3n.<\/p>\n<p>En este contexto profesional y acad\u00e9mico, el M\u00e1ster pretende ofrecer un conjunto de propuestas y procedimientos de trabajo interrelacionados para que los profesionales de los medios audiovisuales compartan, aprovechen e integren todo tipo de recursos comunicativos, t\u00e9cnicos o tecnol\u00f3gicos, que se generen bajo estrategias log\u00edsticas y cooperativas comunes.<\/p>\n<p>La justificaci\u00f3n y fundamento acad\u00e9mico de este m\u00e1ster se podr\u00eda delimitar en distintas \u00e1reas cognitivas de las ciencias de la comunicaci\u00f3n y de la informaci\u00f3n. Junto a los contenidos te\u00f3ricos especializados, que se impartir\u00e1n desde las distintas facultades de la UNED implicadas, el programa de estudios se centra especialmente en la pr\u00e1ctica profesional dentro de las \u00e1reas del dise\u00f1o, producci\u00f3n y programaci\u00f3n de contenidos audiovisuales interactivos de radio, televisi\u00f3n e Internet para plataformas de TDT, IPTV y WEBTV.<\/p>\n<p>Para m\u00e1s informaci\u00f3n contactar con el <em><strong>coordinador del master<\/strong><\/em>:\u00a0Jos\u00e9 Manuel S\u00e1ez L\u00f3pez, jmsaezlopez@edu.uned.es o <em><strong>secretaria del master:<\/strong><\/em>\u00a0Mercedes Quero Gervilla,\u00a0 mercedes.quero@edu.uned.es<\/p>\n","protected":false},"excerpt":{"rendered":"<p>Con la creaci\u00f3n del M\u00e1ster se pretende impulsar y desarrollar una futura actividad profesional polivalente que aborde la creaci\u00f3n, producci\u00f3n, publicaci\u00f3n y programaci\u00f3n de contenidos audiovisuales de servicio p\u00fablico, y que tenga aplicaci\u00f3n y aprovechamiento social en m\u00faltiples soportes de difusi\u00f3n. En este contexto profesional y acad\u00e9mico, el M\u00e1ster pretende ofrecer un conjunto de propuestas [&hellip;]<\/p>\n","protected":false},"author":5997,"featured_media":0,"parent":2289,"menu_order":0,"comment_status":"closed","ping_status":"closed","template":"","meta":{"footnotes":""},"class_list":["post-3673","page","type-page","status-publish","czr-hentry"],"_links":{"self":[{"href":"https:\/\/blogs.uned.es\/salidasprofesionales\/wp-json\/wp\/v2\/pages\/3673","targetHints":{"allow":["GET"]}}],"collection":[{"href":"https:\/\/blogs.uned.es\/salidasprofesionales\/wp-json\/wp\/v2\/pages"}],"about":[{"href":"https:\/\/blogs.uned.es\/salidasprofesionales\/wp-json\/wp\/v2\/types\/page"}],"author":[{"embeddable":true,"href":"https:\/\/blogs.uned.es\/salidasprofesionales\/wp-json\/wp\/v2\/users\/5997"}],"replies":[{"embeddable":true,"href":"https:\/\/blogs.uned.es\/salidasprofesionales\/wp-json\/wp\/v2\/comments?post=3673"}],"version-history":[{"count":2,"href":"https:\/\/blogs.uned.es\/salidasprofesionales\/wp-json\/wp\/v2\/pages\/3673\/revisions"}],"predecessor-version":[{"id":3679,"href":"https:\/\/blogs.uned.es\/salidasprofesionales\/wp-json\/wp\/v2\/pages\/3673\/revisions\/3679"}],"up":[{"embeddable":true,"href":"https:\/\/blogs.uned.es\/salidasprofesionales\/wp-json\/wp\/v2\/pages\/2289"}],"wp:attachment":[{"href":"https:\/\/blogs.uned.es\/salidasprofesionales\/wp-json\/wp\/v2\/media?parent=3673"}],"curies":[{"name":"wp","href":"https:\/\/api.w.org\/{rel}","templated":true}]}}