{"id":3475,"date":"2020-07-10T11:49:58","date_gmt":"2020-07-10T11:49:58","guid":{"rendered":"http:\/\/blogs.uned.es\/salidasprofesionales\/?page_id=3475"},"modified":"2020-07-10T11:54:35","modified_gmt":"2020-07-10T11:54:35","slug":"master-universitario-en-seguridad","status":"publish","type":"page","link":"https:\/\/blogs.uned.es\/salidasprofesionales\/master\/facultad-de-derecho\/master-universitario-en-seguridad\/","title":{"rendered":"M\u00c1STER UNIVERSITARIO EN SEGURIDAD"},"content":{"rendered":"<p><img decoding=\"async\" class=\" wp-image-3477 alignleft\" src=\"http:\/\/blogs.uned.es\/salidasprofesionales\/wp-content\/uploads\/sites\/165\/2020\/07\/seguridad.jpg\" alt=\"\" width=\"143\" height=\"134\" \/><\/p>\n<p>EsteMaster es interfacultativo con la colaboraci\u00f3n de las Facultades de Psicolog\u00eda, Pol\u00edticas y Sociolog\u00eda y Econ\u00f3micasy ofrece un enfoque pluridisciplinar en el \u00e1mbito de la Seguridad. Se desarrolla en dos cursos, abarca tres especialidades -Seguridad Privada, Conocimiento y Derecho-e incluye un trabajo fin de Master y Pr\u00e1cticas Externas.<\/p>\n<p>&nbsp;<\/p>\n<p>A continuaci\u00f3n se presentan los puestos laborales m\u00e1s importantes relacionados con este M\u00e1ster:<\/p>\n<p><strong>-Victim\u00f3logo:<\/strong> Profesional que se encarga de investigar la repercusi\u00f3n de los acontecimientos traum\u00e1ticos en la vida de las personas y su entorno. Su objetivo es paliar las secuelas o consecuencias negativas, para lo que asesoran a las v\u00edctimas de situaciones traum\u00e1ticas y a las instituciones que se ocupan de su cuidado en los aspectos psicol\u00f3gicos, biol\u00f3gicos, jur\u00eddicos o sociol\u00f3gicos.<\/p>\n<p><strong>-Crimin\u00f3logo:<\/strong> Profesional experto en los aspectos relacionados con el hecho criminal o con la conducta desviada. Sus principales responsabilidades son la investigaci\u00f3n cient\u00edfica sobre la delincuencia para su prevenci\u00f3n, la investigaci\u00f3n y resoluci\u00f3n de hechos criminales, y la planificaci\u00f3n y gesti\u00f3n de pol\u00edticas criminales y de seguridad. Tambi\u00e9n puede desempe\u00f1ar funciones de mediaci\u00f3n entre v\u00edctima y delincuente, atenci\u00f3n a menores en centros de reforma y actividad de docencia universitaria o de otro tipo.<\/p>\n<p><strong>-Detective privado:<\/strong> Profesional que a solicitud de personas f\u00edsicas o jur\u00eddicas se encarga de obtener y aportar informaci\u00f3n y pruebas sobre conductas o hechos privados, de la investigaci\u00f3n de delitos perseguibles s\u00f3lo a instancia de parte por encargo de los legitimados en el proceso penal, de la vigilancia en ferias, hoteles, exposiciones o \u00e1mbitos an\u00e1logos. Los detectives privados no pueden investigar delitos perseguibles de oficio, y deben denunciar a la autoridad competente los hechos de esta naturaleza que lleguen a su conocimiento. Adem\u00e1s, los investigadores privados est\u00e1n obligados a guardar en secreto las investigaciones que realicen y s\u00f3lo facilitar\u00e1n datos sobre \u00e9stas a las personas que se las hayan encargado y, llegado el caso, a los \u00f3rganos judiciales y policiales competentes. Pueden trabajar de forma aut\u00f3noma o para agencias, siempre y cuando est\u00e9n en posesi\u00f3n de la correspondiente licencia. Las \u00e1reas de investigaci\u00f3n m\u00e1s frecuentes de estos profesionales son las relacionadas con el mundo empresarial (competencia desleal, control de bajas laborales, falsificaci\u00f3n de marcas), los asuntos personales (infidelidad matrimonial, localizaci\u00f3n de personas desaparecidas) y la vigilancia electr\u00f3nica.<\/p>\n<p><strong>-Director de seguridad<\/strong><\/p>\n<p>-Promoci\u00f3n dentro de las <strong>Fuerzas y Cuerpos de Seguridad del Estado<\/strong>, ya sea Polic\u00eda de las comunidades aut\u00f3nomas, Polic\u00eda Local, Servicios de Vigilancia Aduanera, Polic\u00eda Portuaria.<\/p>\n<p>Las empresas que contratan a los titulados del\u00a0m\u00e1ster en M\u00c1STER UNIVERSITARIO EN SEGURIDAD pertenecen a los sectores de la seguridad privada o p\u00fablica.<\/p>\n<p>Para m\u00e1s informaci\u00f3n contactar con el que asume funciones en este momento: Pablo de Diego<\/p>\n<p>Tambi\u00e9n pueden orientarte en las siguientes organizaciones profesionales:<\/p>\n<p><em><strong>-Consejo General de la Abogac\u00eda Espa\u00f1ola <\/strong><\/em>(<a href=\"http:\/\/www.abogacia.es\/\">http:\/\/www.abogacia.es\/<\/a>, P\u00ba Recoletos 13. 28004. Madrid; 91 523 25 93; informacion@abogacia.es).<\/p>\n<p>&#8211;<em><strong>Asociaci\u00f3n Profesionalde Detectives Privados de Espa\u00f1a<\/strong><\/em> (APDPE): (<a href=\"http:\/\/www.apdpe.es\/\">http:\/\/www.apdpe.es\/<\/a>, C\/ Marqu\u00e9s de Urquijo, 6\/8 -1\u00ba B. 28008. Madrid 91 758 13 99 info@apdpe.es)<\/p>\n<p><em><strong>-Federaci\u00f3n de Asociaciones de Crimin\u00f3logos de Espa\u00f1a<\/strong> <\/em>(FACE)(<a href=\"http:\/\/criminologosface.blogspot.com.es\/\">http:\/\/criminologosface.blogspot.com.es\/<\/a>, criminologos.face@gmail.com)<\/p>\n<p><em><strong>-Consejo General de Colegios Oficiales de Psic\u00f3logos<\/strong><\/em> (<a href=\"http:\/\/www.cop.es\/\">http:\/\/www.cop.es\/<\/a>, secop@cop.es)<\/p>\n<p><em><strong>-Ilustre Colegio Nacional de Doctores y Licenciados en CC. Pol\u00edticas y Sociolog\u00eda<\/strong><\/em> (<a href=\"http:\/\/www.colpolsoc.org\/\">http:\/\/www.colpolsoc.org\/<\/a>, colegio@colpolsoc.org)<\/p>\n","protected":false},"excerpt":{"rendered":"<p>EsteMaster es interfacultativo con la colaboraci\u00f3n de las Facultades de Psicolog\u00eda, Pol\u00edticas y Sociolog\u00eda y Econ\u00f3micasy ofrece un enfoque pluridisciplinar en el \u00e1mbito de la Seguridad. Se desarrolla en dos cursos, abarca tres especialidades -Seguridad Privada, Conocimiento y Derecho-e incluye un trabajo fin de Master y Pr\u00e1cticas Externas. &nbsp; A continuaci\u00f3n se presentan los puestos [&hellip;]<\/p>\n","protected":false},"author":5997,"featured_media":0,"parent":3267,"menu_order":0,"comment_status":"closed","ping_status":"closed","template":"","meta":{"footnotes":""},"class_list":["post-3475","page","type-page","status-publish","czr-hentry"],"_links":{"self":[{"href":"https:\/\/blogs.uned.es\/salidasprofesionales\/wp-json\/wp\/v2\/pages\/3475","targetHints":{"allow":["GET"]}}],"collection":[{"href":"https:\/\/blogs.uned.es\/salidasprofesionales\/wp-json\/wp\/v2\/pages"}],"about":[{"href":"https:\/\/blogs.uned.es\/salidasprofesionales\/wp-json\/wp\/v2\/types\/page"}],"author":[{"embeddable":true,"href":"https:\/\/blogs.uned.es\/salidasprofesionales\/wp-json\/wp\/v2\/users\/5997"}],"replies":[{"embeddable":true,"href":"https:\/\/blogs.uned.es\/salidasprofesionales\/wp-json\/wp\/v2\/comments?post=3475"}],"version-history":[{"count":5,"href":"https:\/\/blogs.uned.es\/salidasprofesionales\/wp-json\/wp\/v2\/pages\/3475\/revisions"}],"predecessor-version":[{"id":3487,"href":"https:\/\/blogs.uned.es\/salidasprofesionales\/wp-json\/wp\/v2\/pages\/3475\/revisions\/3487"}],"up":[{"embeddable":true,"href":"https:\/\/blogs.uned.es\/salidasprofesionales\/wp-json\/wp\/v2\/pages\/3267"}],"wp:attachment":[{"href":"https:\/\/blogs.uned.es\/salidasprofesionales\/wp-json\/wp\/v2\/media?parent=3475"}],"curies":[{"name":"wp","href":"https:\/\/api.w.org\/{rel}","templated":true}]}}