{"id":3429,"date":"2020-07-10T11:30:41","date_gmt":"2020-07-10T11:30:41","guid":{"rendered":"http:\/\/blogs.uned.es\/salidasprofesionales\/?page_id=3429"},"modified":"2020-07-10T11:37:31","modified_gmt":"2020-07-10T11:37:31","slug":"master-universitario-en-investigacion-en-derecho-de-la-cultura-por-la-universidad-carlos-iii-de-madrid-y-la-universidad-nacional-de-educacion-a-distancia","status":"publish","type":"page","link":"https:\/\/blogs.uned.es\/salidasprofesionales\/master\/facultad-de-derecho\/master-universitario-en-investigacion-en-derecho-de-la-cultura-por-la-universidad-carlos-iii-de-madrid-y-la-universidad-nacional-de-educacion-a-distancia\/","title":{"rendered":"M\u00c1STER UNIVERSITARIO EN INVESTIGACI\u00d3N EN DERECHO DE LA CULTURA POR LA UNIVERSIDAD CARLOS III DE MADRID Y LA UNIVERSIDAD NACIONAL DE EDUCACI\u00d3N A DISTANCIA"},"content":{"rendered":"<p><img fetchpriority=\"high\" decoding=\"async\" class=\" wp-image-3431 alignleft\" src=\"http:\/\/blogs.uned.es\/salidasprofesionales\/wp-content\/uploads\/sites\/165\/2020\/07\/derecho-de-la-cultura.jpg\" alt=\"\" width=\"325\" height=\"204\" \/><\/p>\n<p>Este M\u00e1ster tienen una orientaci\u00f3n acad\u00e9mica y de investigaci\u00f3n que aporta una amplia visi\u00f3n integrada de este nuevo ca mpo de estudio e investigaci\u00f3n que es el Derecho de la Cultura. Al insertarse en un di\u00e1logo interdisciplinar que se nutre de las aportaciones de las ciencias sociales y las humanidades, siempre puestas en relaci\u00f3n con la cultura, as\u00ed como de las diversasregulaciones jur\u00eddicas que afectan a los procesos y materias culturales, permite comprender la complejidad de todos los aspectos jur\u00eddicos y de los procedimientos que lo componen y que son necesarios en orden a ser un derecho garantizador de los valores y los derechos culturales,asimismo de las intervenciones jur\u00eddicas sobre una materia tan sensible como es la cultura.<\/p>\n<p>El M\u00e1ster tiene como objetivo principal la alta formaci\u00f3n de especialistas capacitados para abordar la aplicaci\u00f3n de conocimientos y la investigaci\u00f3n de las m\u00faltiples dimensiones jur\u00eddicas de la cultura (patrimonio cultural, museos, archivos y bibliotecas, constitucionalismo cultural, derechos culturales, r\u00e9gimen de la cinematograf\u00eda y de las dem\u00e1s industrias culturales, propiedad intelectual, administraci\u00f3n cultural, espect\u00e1culos, r\u00e9gimen contractual y de protecci\u00f3n social de los artistas, protecci\u00f3n penal de la cultura, instrumentos y declaraciones internacionales y Derecho comunitario de la cultura, r\u00e9gimen fiscal de la cultura&#8230;) en consonancia asimismo con las aportaciones relacionadas con dichas dimensiones provenientes de los dem\u00e1s campos de las ciencias sociales y de las humanidades (antropolog\u00eda, econom\u00eda de la cultura, pol\u00edticas culturales, teor\u00eda del arte, cooperaci\u00f3n cultural, educaci\u00f3n y cultura&#8230;).<\/p>\n<p>A continuaci\u00f3n, se presentan las actividades de trabajo y profesionales m\u00e1s importantes relacionadas con este M\u00e1ster:<\/p>\n<p><strong>A. Actividades Acad\u00e9micas.<\/strong><\/p>\n<p>Por su elevada especializaci\u00f3n y al tratarse de un m\u00e1ster de investigaci\u00f3n una de las saldas profesionales naturales es la docencia y, en particular, la docencia universitaria.<\/p>\n<p><strong>B. Actividades de Investigaci\u00f3n.<\/strong><\/p>\n<p>Por su marcada orientaci\u00f3n, el M\u00e1ster permite la formaci\u00f3n de profesionales que, a trav\u00e9s de los procedimientos propios del m\u00e9todo cient\u00edfico obtienen datos, informaciones y conocimientos sobre la realidad cultural y<br \/>\nsocial, y\/o estudian hechos sociales y culturales concretos con la finalidad de diagnosticar necesidades y problemas.<\/p>\n<p><strong>C. Actividades profesionales y laborales<\/strong><\/p>\n<p><strong>1.Asesor Jur\u00eddico.<\/strong> Para aquellos juristas que cursen el M\u00e1ster se abren m\u00faltiples posibilidades de trabajar como asesor, de manera independiente o por cuenta ajena, en el \u00e1rea de jur\u00eddica de organismos, entidades e instituciones donde se podr\u00e1 prestar asesoramiento jur\u00eddico experto sobre temas relacionados con todos los \u00e1mbitos que conforman el Derecho de la cultura.<\/p>\n<p>Entre estas entidades se cuentan las siguientes:<\/p>\n<p><em><strong>&#8211; Organismos internacionales<\/strong><\/em> con un \u00e1rea especializada en cultura o que desarrollen proyectos culturales o con una orientaci\u00f3n relacionada: Uni\u00f3n Europea, UNESCO, Organizaci\u00f3n de Estados Iberoamericanos para la Educaci\u00f3n, la Ciencia y la Cultura \u2013OEI, Secretar\u00eda General Iberoamericana SEGIB, Banco Interamericano de Desarrollo &#8211; BID, Organizaci\u00f3n de Estados Americanos \u2013 OEA, proyectos de integraci\u00f3n en Iberoam\u00e9rica como Mercosur, Comunidad Andina de Naciones, Sistema de integraci\u00f3n centroamericana, etc.<\/p>\n<p><em><strong>&#8211; Entidades p\u00fablicas<\/strong> <\/em>(Ministerio de Cultura y otros, Consejer\u00edas de Cultura, Ayuntamientos y Diputaciones).<\/p>\n<p><em><strong> &#8211; Instituciones culturales<\/strong> <\/em>de todo orden territorial, p\u00fablicas o privadas (Centros culturales, institutos, museos, archivos, bibliotecas, filmotecas, teatros, laboratorios culturales y ciudadanos, equipamientos culturales, etc).<\/p>\n<p><em><strong>&#8211; Entidades sin \u00e1nimo de lucro:<\/strong><\/em> asociaciones y fundaciones de naturaleza cultural o relacionada.<\/p>\n<p>&#8211; <em><strong>Organizaciones enfocadas al trabajo<\/strong><\/em> en cuestiones de diversidad cultural,interculturalidad, derechos de los ind\u00edgenas y poblaci\u00f3n afrodescendiente.<\/p>\n<p>&#8211; <em><strong>Industrias culturales:<\/strong> <\/em>grupos empresariales provenientes de las industrias culturales (televisi\u00f3n, cine, editorial, videojuego), PYMES, etc.<\/p>\n<p><strong>2.Letrado o asesor Jur\u00eddico en despachos de abogados<\/strong>, experto en temas relacionados con el Derecho de la Cultura (Propiedad intelectual, r\u00e9gimen laboral de los artistas, r\u00e9gimen penal del patrimonio cultural, industrias culturales, artes pl\u00e1sticas, artes esc\u00e9nicas, m\u00fasica, cine y audiovisual, videojuegos, etc).<\/p>\n<p><strong>3.Consultor internacional:<\/strong> funciones de asesoramiento y asistencia t\u00e9cnica en materia de pol\u00edticas culturales internacionales a responsables p\u00fablicos y pol\u00edticos de organismos internacionales y empresas con proyecci\u00f3n internacional. Planifica, desarrolla, coordina y eval\u00faa proyectos de cooperaci\u00f3n y desarrollo en otros pa\u00edses y puede realizar funciones de observador internacional.<\/p>\n<p><strong>4.Consultor nacional:<\/strong> funciones de asesoramiento y asistencia t\u00e9cnica en materia de pol\u00edticas culturales nacionales, auton\u00f3micas y locales a responsables p\u00fablicos y pol\u00edticos de entidades e instituciones responsables del desarrollo y promoci\u00f3n cultural.<\/p>\n<p><strong>5.Acceso a cuerpos espaciales de funcionarios en materia de cultura<\/strong> (conservadores de museos, archiveros, bibliotecarios&#8230;) destinados a desempe\u00f1ar tareas de gesti\u00f3n cultural en las Administraciones P\u00fablicas.<\/p>\n<p><strong>6.Gestores culturales:<\/strong> profesionales que desarrollan tareas relacionadas con la promoci\u00f3n y difusi\u00f3n de la cultura tales como la producci\u00f3n, distribuci\u00f3n, difusi\u00f3n, consumo cultural y formaci\u00f3n, an\u00e1lisis y dise\u00f1o de planes y programas culturales en entidades p\u00fablicas, instituciones privadas o por cuenta propia. Puesta en marcha de las acciones y programas a trav\u00e9s de la planificaci\u00f3n estrat\u00e9gica, el marketing, la gerencia administrativa y presupuestaria, la gesti\u00f3n de personal, planificaci\u00f3n de programas y equipamientos o la evaluaci\u00f3n. Interviene<br \/>\nen distintas fases del proceso: informaci\u00f3n\/formaci\u00f3n, creaci\u00f3n, producci\u00f3n, distribuci\u00f3n, consumo o conservaci\u00f3n del bien o servicio cultural.<\/p>\n<p><strong>7.Consultor\u00eda de ayudas y subvenciones:<\/strong> b\u00fasqueda de informaci\u00f3n, redacci\u00f3n de proyectos ,tramitaci\u00f3n, cobro y justificaci\u00f3n de las ayudas y subvenciones de la Uni\u00f3n Europea, la Administraci\u00f3n Central, las Comunidades Aut\u00f3nomas y otras entidades regionales y locales para actividades y proyectos culturales.<\/p>\n<p>Para m\u00e1s informaci\u00f3n contactar con las <em><strong>coordinadoras del master:\u00a0<\/strong><\/em><\/p>\n<p>Fernanda Moret\u00f3n Sanz,\u00a0fmoreton@der.uned.es o Celia Caami\u00f1a Dominguez\u00a0(Univ. Carlos III),<br \/>\nccdominguez@invi.uned.es<\/p>\n","protected":false},"excerpt":{"rendered":"<p>Este M\u00e1ster tienen una orientaci\u00f3n acad\u00e9mica y de investigaci\u00f3n que aporta una amplia visi\u00f3n integrada de este nuevo ca mpo de estudio e investigaci\u00f3n que es el Derecho de la Cultura. Al insertarse en un di\u00e1logo interdisciplinar que se nutre de las aportaciones de las ciencias sociales y las humanidades, siempre puestas en relaci\u00f3n con [&hellip;]<\/p>\n","protected":false},"author":5997,"featured_media":0,"parent":3267,"menu_order":0,"comment_status":"closed","ping_status":"closed","template":"","meta":{"footnotes":""},"class_list":["post-3429","page","type-page","status-publish","czr-hentry"],"_links":{"self":[{"href":"https:\/\/blogs.uned.es\/salidasprofesionales\/wp-json\/wp\/v2\/pages\/3429","targetHints":{"allow":["GET"]}}],"collection":[{"href":"https:\/\/blogs.uned.es\/salidasprofesionales\/wp-json\/wp\/v2\/pages"}],"about":[{"href":"https:\/\/blogs.uned.es\/salidasprofesionales\/wp-json\/wp\/v2\/types\/page"}],"author":[{"embeddable":true,"href":"https:\/\/blogs.uned.es\/salidasprofesionales\/wp-json\/wp\/v2\/users\/5997"}],"replies":[{"embeddable":true,"href":"https:\/\/blogs.uned.es\/salidasprofesionales\/wp-json\/wp\/v2\/comments?post=3429"}],"version-history":[{"count":5,"href":"https:\/\/blogs.uned.es\/salidasprofesionales\/wp-json\/wp\/v2\/pages\/3429\/revisions"}],"predecessor-version":[{"id":3441,"href":"https:\/\/blogs.uned.es\/salidasprofesionales\/wp-json\/wp\/v2\/pages\/3429\/revisions\/3441"}],"up":[{"embeddable":true,"href":"https:\/\/blogs.uned.es\/salidasprofesionales\/wp-json\/wp\/v2\/pages\/3267"}],"wp:attachment":[{"href":"https:\/\/blogs.uned.es\/salidasprofesionales\/wp-json\/wp\/v2\/media?parent=3429"}],"curies":[{"name":"wp","href":"https:\/\/api.w.org\/{rel}","templated":true}]}}