{"id":3341,"date":"2020-07-10T10:09:43","date_gmt":"2020-07-10T10:09:43","guid":{"rendered":"http:\/\/blogs.uned.es\/salidasprofesionales\/?page_id=3341"},"modified":"2020-07-14T14:29:14","modified_gmt":"2020-07-14T14:29:14","slug":"master-universitario-en-derechos-fundamentales","status":"publish","type":"page","link":"https:\/\/blogs.uned.es\/salidasprofesionales\/master\/facultad-de-derecho\/master-universitario-en-derechos-fundamentales\/","title":{"rendered":"M\u00c1STER UNIVERSITARIO EN DERECHOS FUNDAMENTALES"},"content":{"rendered":"<p><img decoding=\"async\" class=\" wp-image-3343 alignleft\" src=\"http:\/\/blogs.uned.es\/salidasprofesionales\/wp-content\/uploads\/sites\/165\/2020\/07\/derechos-fundamentales.png\" alt=\"\" width=\"301\" height=\"72\" srcset=\"https:\/\/blogs.uned.es\/salidasprofesionales\/wp-content\/uploads\/sites\/165\/2020\/07\/derechos-fundamentales.png 334w, https:\/\/blogs.uned.es\/salidasprofesionales\/wp-content\/uploads\/sites\/165\/2020\/07\/derechos-fundamentales-300x72.png 300w\" sizes=\"(max-width: 301px) 100vw, 301px\" \/><\/p>\n<p>Este M\u00e1ster Universitario tiene orientaci\u00f3n acad\u00e9mica y de investigaci\u00f3n, es decir, est\u00e1 dise\u00f1ado para facilitar a los estudiantes una formaci\u00f3n en el \u00e1mbito de los derechos humanos que les permita conocer y evaluar las diferentes regulaciones legales y pol\u00edticas p\u00fablicas que inciden en la protecci\u00f3n jur\u00eddica de esos derechos as\u00ed como generar propuestas bien fundadas para su mejora.<\/p>\n<p>A continuaci\u00f3n se presentan los puestos laborales m\u00e1s importantes relacionados con este M\u00e1ster:<\/p>\n<p><strong>Asesor Jur\u00eddico<\/strong> para programa de Derechos Humanos, ayuda humanitaria o cooperaci\u00f3n al desarrollo. Sus funciones ser\u00edan, entre otras, la formulaci\u00f3n de la estrategia global y la direcci\u00f3n del Programa de Derechos Fundamentales , incluyendo la identificaci\u00f3n de objetivos, metas, nuevos proyectos y el dise\u00f1o e implementaci\u00f3n del plan de trabajo para el programa; Desarrollar, coordinar e implementar litigio estrat\u00e9gico a nivel dom\u00e9stico e internacional relacionado con degradaci\u00f3n ambiental que afecta los derechos humanos; Proporcionar asesor\u00eda experta sobre temas de derecho internacional ambiental y de los derechos humanos; Redactar y revisar informes, escritos y otros documentos relacionados con actividades del programa; Coordinar con otras organizaciones para planificar, desarrollar e implementar estrategias con el fin de establecer precedentes y promover el cumplimiento de normas ambientales y de derechos humanos; Incidir ante organismos internacionales como la OEA y la ONU, gobiernos regionales, e instituciones financieras internacionales, adem\u00e1s de conferencias y reuniones; Supervisar el trabajo legal de pasantes, voluntarios y abogados con menos experiencia en el equipo.<\/p>\n<p><strong>Abogado<\/strong> especialista en el recurso de amparo ante los Tribunales ordinarios, T.S., T.C. y TEDH y, en particular, en temas relacionados con conflictos surgidos en el ejercicio de la libertad de prensa y en la preparaci\u00f3n de concurso-oposici\u00f3n a Letrado del Tribunal Constitucional.<\/p>\n<p><strong>T\u00e9cnico en Responsabilidad Social Corporativa y Sostenibilidad:<\/strong> Las principales tareas son las siguientes: Obtenci\u00f3n de informaci\u00f3n en materia de sostenibilidad y responsabilidad social de las diferentes empresas del grupo para la elaboraci\u00f3n de la memoria e informe anual. Coordinar los trabajos realizados por las consultoras externas en esta materia. Coordinar y gestionar las auditorias. Lanzamiento de sistemas de gesti\u00f3n internos de la compa\u00f1\u00eda.<\/p>\n<p><strong>Abogado especialista en Comunicaci\u00f3n y Nuevas Tecnolog\u00edas:<\/strong> Persona responsable de elaborar, analizar y negociar los contratos con proveedores o clientes especialmente los relativos a nuevas tecnolog\u00edas: Internet e Inform\u00e1tica, como por ejemplo, hosting, housing, outsourcing etc&#8230; Deber\u00e1 establecer pol\u00edticas y procedimientos que aseguren el cumplimiento de la legislaci\u00f3n aplicable (LSSI, LOPD, Consumo, Telecomunicaciones, Venta a distancia, etc.). Proporcionar\u00e1 Asesoramiento legal en la gesti\u00f3n de la morosidad. Deber\u00e1 asesorar y velar en el efectivo cumplimiento de las pol\u00edticas y procedimientos. Desarrollo de los aspectos jur\u00eddicos en los proyectos del negocio e iniciativas on\u2013line. Supervisi\u00f3n y coordinaci\u00f3n de las personas a cargo.<\/p>\n<p><strong>Experto en Bio\u00e9tica:<\/strong> Son cada vez m\u00e1s los especialistas requeridos para formar parte de los incontables Comit\u00e9s de Bioderecho y Bio\u00e9tica que se est\u00e1n creando en muy diversas instituciones oficiales: Centros Sanitarios, Docentes, Institutos de investigaci\u00f3n y Comisiones legislativas. Son numerosos los casos controvertidos que est\u00e1n plante\u00e1ndose ante los tribunales de justicia que est\u00e1n posibilitando el trabajo de letrados ejercientes que poseen conocimientos adecuados de los contenidos del bioderecho. Asimismo en la judicatura se est\u00e1n valorando los conocimientos especiales en materia de bioderecho en torno a c\u00f3mo ha de llevarse a cabo la aplicaci\u00f3n del derecho. A nivel de asesor\u00edas jur\u00eddicas se ha abierto un campo emergente en temas de Derecho sanitario y cuestiones biojur\u00eddicas (de hecho alg\u00fan alumno egresado ya tiene en funcionamiento asesor\u00eda de este tipo). Del mismo modo, los servicios jur\u00eddicos de los Centros sanitarios constituyen un \u00e1mbito profesional en el que se valora de forma especial el conocimiento del bioderecho sanitario y la bio\u00e9tica general.<\/p>\n<p><strong>Diplom\u00e1tico:<\/strong> Profesional al servicio de la Administraci\u00f3n del Estado, que representa oficialmente a su pa\u00eds en el exterior, bien sea en una misi\u00f3n permanente (ante otro Estado o ante un organismo internacional) o en una misi\u00f3n especial. Aparte de la funci\u00f3n de representaci\u00f3n, tambi\u00e9n debe asumir la de informar y negociar, especialmente en situaciones de conflicto. Para llegar a ser diplom\u00e1tico hay que superar la oposici\u00f3n que anualmente convoca el Ministerio de Asuntos Exteriores a trav\u00e9s de la Escuela Diplom\u00e1tica.<\/p>\n<p><strong>Gestor P\u00fablico:<\/strong> Profesional que utiliza los mecanismos de decisi\u00f3n adecuados para la asignaci\u00f3n y distribuci\u00f3n de los recursos p\u00fablicos, y lleva a cabo la coordinaci\u00f3n y est\u00edmulo de los agentes p\u00fablicos para lograr objetivos colectivos. Debe aplicar principios de la econom\u00eda de las organizaciones y de la microeconom\u00eda cl\u00e1sica para solucionar los problemas y alcanzar los objetivos sociales en las organizaciones p\u00fablicas. Los criterios de una buena gesti\u00f3n p\u00fablica son, desde el punto de vista econ\u00f3mico y organizacional, la maximizaci\u00f3n (relaci\u00f3n \u00f3ptima entre beneficio y coste), y desde el punto de vista pol\u00edtico y administrativo, la legitimidad y legalidad.<\/p>\n<p><strong>Director de Empresas o Servicios Sociales:<\/strong> Profesional responsable de la coordinaci\u00f3n, organizaci\u00f3n y supervisi\u00f3n de los recursos humanos y t\u00e9cnicos, as\u00ed como de la gesti\u00f3n de los programas y equipamientos en organizaciones p\u00fablicas, privadas o sin \u00e1nimo de lucro, especializadas en la atenci\u00f3n y cuidado de personas mayores, enfermos mentales cr\u00f3nicos, personas discapacitadas, drogodependientes, inmigrantes y cualquier otro colectivo en situaci\u00f3n de dependencia. Profesionalmente se ubican en residencias de personas mayores, empresas de teleasistencia, de ayuda a domicilio, o centros de d\u00eda.<\/p>\n<p>Para m\u00e1s informaci\u00f3n contactar con la <em><strong>coordinadora del m\u00e1ster:<\/strong><\/em> Mar\u00eda Teresa Regueiro Garc\u00eda, mtregueiro@der.uned.es o <em><strong>secretario acad\u00e9mico<\/strong><\/em>:\u00a0Salvador P\u00e9rez \u00c1lvarez, sperez@der.uned.es<\/p>\n<p>o con cualquiera de estas organizaciones profesionales:<\/p>\n<p>&#8211;<em><strong>Consejo General de la Abogac\u00eda Espa\u00f1ola<\/strong><\/em>: http:\/\/www.abogacia.es\/P\u00ba Recoletos 13. 28004. Madrid; 91 523 25 93; informacion@abogacia.es<\/p>\n<p>&#8211;<em><strong>Ilustre Colegio Nacional de Doctores y Licenciados en CC. Pol\u00edticas y Sociolog\u00eda:<\/strong> <\/em><a href=\"http:\/\/www.colpolsoc.org\/\">http:\/\/www.colpolsoc.org\/<\/a>; colegio@colpolsoc.org<\/p>\n<p>&#8211;<em><strong>Consejo General de Colegios deEducadoras y Educadores Sociales:<\/strong><\/em> <a href=\"http:\/\/www.eduso.net\/cgcees\/\">http:\/\/www.eduso.net\/cgcees\/<\/a>; cgcees@eduso.net<\/p>\n<p>&#8211;<em><strong>Consejo General de Colegios Oficiales de Diplomados en Trabajo Social y Asistentes Sociales:<\/strong><\/em> <a href=\"http:\/\/www.cgtrabajosocial.es\/\">http:\/\/www.cgtrabajosocial.es\/<\/a>; consejo@cgtrabajosocial.es<\/p>\n<p><em><strong>-Consejo General de Colegios Oficialesde Doctores y Licenciados Filosof\u00eda y Letras y Ciencias de Espa\u00f1a.<\/strong> <\/em>Antropolog\u00eda y Filosof\u00eda: <a href=\"http:\/\/www.consejogeneralcdl.es\/\">http:\/\/www.consejogeneralcdl.es\/<\/a>; secretaria@consejogeneralcdl.es<\/p>\n<p>&nbsp;<\/p>\n","protected":false},"excerpt":{"rendered":"<p>Este M\u00e1ster Universitario tiene orientaci\u00f3n acad\u00e9mica y de investigaci\u00f3n, es decir, est\u00e1 dise\u00f1ado para facilitar a los estudiantes una formaci\u00f3n en el \u00e1mbito de los derechos humanos que les permita conocer y evaluar las diferentes regulaciones legales y pol\u00edticas p\u00fablicas que inciden en la protecci\u00f3n jur\u00eddica de esos derechos as\u00ed como generar propuestas bien fundadas [&hellip;]<\/p>\n","protected":false},"author":5997,"featured_media":0,"parent":3267,"menu_order":0,"comment_status":"closed","ping_status":"closed","template":"","meta":{"footnotes":""},"class_list":["post-3341","page","type-page","status-publish","czr-hentry"],"_links":{"self":[{"href":"https:\/\/blogs.uned.es\/salidasprofesionales\/wp-json\/wp\/v2\/pages\/3341","targetHints":{"allow":["GET"]}}],"collection":[{"href":"https:\/\/blogs.uned.es\/salidasprofesionales\/wp-json\/wp\/v2\/pages"}],"about":[{"href":"https:\/\/blogs.uned.es\/salidasprofesionales\/wp-json\/wp\/v2\/types\/page"}],"author":[{"embeddable":true,"href":"https:\/\/blogs.uned.es\/salidasprofesionales\/wp-json\/wp\/v2\/users\/5997"}],"replies":[{"embeddable":true,"href":"https:\/\/blogs.uned.es\/salidasprofesionales\/wp-json\/wp\/v2\/comments?post=3341"}],"version-history":[{"count":6,"href":"https:\/\/blogs.uned.es\/salidasprofesionales\/wp-json\/wp\/v2\/pages\/3341\/revisions"}],"predecessor-version":[{"id":3957,"href":"https:\/\/blogs.uned.es\/salidasprofesionales\/wp-json\/wp\/v2\/pages\/3341\/revisions\/3957"}],"up":[{"embeddable":true,"href":"https:\/\/blogs.uned.es\/salidasprofesionales\/wp-json\/wp\/v2\/pages\/3267"}],"wp:attachment":[{"href":"https:\/\/blogs.uned.es\/salidasprofesionales\/wp-json\/wp\/v2\/media?parent=3341"}],"curies":[{"name":"wp","href":"https:\/\/api.w.org\/{rel}","templated":true}]}}