{"id":3329,"date":"2020-07-10T10:03:22","date_gmt":"2020-07-10T10:03:22","guid":{"rendered":"http:\/\/blogs.uned.es\/salidasprofesionales\/?page_id=3329"},"modified":"2020-07-10T10:07:33","modified_gmt":"2020-07-10T10:07:33","slug":"master-universitario-en-derecho-de-seguros","status":"publish","type":"page","link":"https:\/\/blogs.uned.es\/salidasprofesionales\/master\/facultad-de-derecho\/master-universitario-en-derecho-de-seguros\/","title":{"rendered":"M\u00c1STER UNIVERSITARIO EN DERECHO DE SEGUROS"},"content":{"rendered":"<p><img decoding=\"async\" class=\"size-full wp-image-3331 alignleft\" src=\"http:\/\/blogs.uned.es\/salidasprofesionales\/wp-content\/uploads\/sites\/165\/2020\/07\/Derecho-de-seguros.jpg\" alt=\"\" width=\"272\" height=\"180\" srcset=\"https:\/\/blogs.uned.es\/salidasprofesionales\/wp-content\/uploads\/sites\/165\/2020\/07\/Derecho-de-seguros.jpg 272w, https:\/\/blogs.uned.es\/salidasprofesionales\/wp-content\/uploads\/sites\/165\/2020\/07\/Derecho-de-seguros-270x180.jpg 270w\" sizes=\"(max-width: 272px) 100vw, 272px\" \/><\/p>\n<p>Este M\u00e1ster, que abarca aspectos jur\u00eddicos y t\u00e9cnicos, ofrece un conocimiento muy completo de un importante sector de la actividad econ\u00f3mica actual que conforma el cada vez m\u00e1s importante mercado del riesgo. El seguro representa un instrumento financiero imprescindible en el mundo actual y la integraci\u00f3n de nuestro pa\u00eds en el mercado \u00fanico europeo hace necesario su conocimiento para los profesionales del Derecho, y para quienes se dedican al mundo de la empresa.<\/p>\n<p>&nbsp;<\/p>\n<p>A continuaci\u00f3n se presentan los puestos laborales m\u00e1s importantes relacionados con este M\u00e1ster:<\/p>\n<p><strong>-Actuario de seguros:<\/strong> La actuar\u00eda est\u00e1 orientada a la gesti\u00f3n de negocios, con participaci\u00f3n directa en procesos de desarrollo de productos, gesti\u00f3n, planificaci\u00f3n y control. El actuario elabora las bases de c\u00e1lculo de las reservas monetarias requeridas para hacer frente a las reclamaciones esperadas en la industria del seguro en la operativa de la seguridad social, seguro de enfermedad y los programas de jubilaciones y pensiones. Act\u00faa en el campo de la investigaci\u00f3n operativa y efect\u00faa aplicaciones de la ciencia actuarial mediante el uso de ordenadores y equipos de procesamiento de datos. Participa en grupos interdisciplinarios para la elaboraci\u00f3n e instrumentaci\u00f3n de estudios y proyectos en todas las cuestiones de t\u00e9cnica matem\u00e1tica y econ\u00f3mica y ejecuta las tareas reservadas a su profesi\u00f3n de acuerdo con la legislaci\u00f3n vigente.<\/p>\n<p><strong>-Auditor de empresas aseguradoras:<\/strong> Pueden actuar como profesionales independientes en el asesoramiento externo y en funciones de certificaci\u00f3n de reservas y elaboraci\u00f3n de notas t\u00e9cnicas del seguro, tareas periciales en los procesos judiciales. En relaci\u00f3n de dependencia puede desempe\u00f1arse en compa\u00f1\u00edas de seguros y reaseguros, cajas de jubilaciones, entidades financieras, entidades mutuales, fondos de inversi\u00f3n, mercados de valores y bolsas, administradoras de fondos de jubilaciones y pensiones, y entidades de servicios de salud. Adem\u00e1s, sus actividades pueden extenderse tambi\u00e9n en los entes p\u00fablicos en distintos estamentos gubernamentales.<\/p>\n<p><strong>-Analista de riesgos:<\/strong> Los analistas de riesgos estudian las causas de las posibles amenazas y probables eventos no deseados, as\u00ed como los da\u00f1os y consecuencias que \u00e9stas puedan producir. Son utilizados como herramienta de gesti\u00f3n en estudios financieros y de seguridad para identificar riesgos (m\u00e9todos cualitativos) o para evaluar riesgos (generalmente de naturaleza cuantitativa).<\/p>\n<p><strong>-Gestor Administrativo Titulado:<\/strong> Profesional que promueve, solicita y realiza toda clase de tr\u00e1mites que no requieran la aplicaci\u00f3n de la t\u00e9cnica jur\u00eddica reservada a la abogac\u00eda, relativos a aquellos asuntos que en inter\u00e9s de personas naturales o jur\u00eddicas, y a solicitud de ellas, se sigan ante cualquier \u00f3rgano de la Administraci\u00f3n P\u00fablica, informando a sus clientes del estado y vicisitudes del procedimiento por el que se desarrollan. Son de su competencia tareas vinculadas con la planificaci\u00f3n y organizaci\u00f3n de las tareas administrativas de las empresas o personas. Para adquirir la condici\u00f3n de Gestor Administrativo se requiere estar en posesi\u00f3n de alguno de los siguientes t\u00edtulos: Derecho, Ciencias Econ\u00f3micas, Ciencias Empresariales o Ciencias Pol\u00edticas. Adem\u00e1s es necesario superar una prueba de aptitud, as\u00ed como ser colegiado en el colegio oficial correspondiente.<\/p>\n<p><strong>-Asesor Jur\u00eddico:<\/strong> Profesional que se encarga de asesorar a las empresas en los diferentes aspectos jur\u00eddicos-legales. Elabora informes jur\u00eddicos, analiza c\u00f3mo afectan los cambios en el ordenamiento jur\u00eddico a la empresa, asesora a las \u00e1reas de la empresa que lo necesiten, la representa ante los tribunales y vela por el cumplimiento de la normativa.<\/p>\n<p><strong>-Consultor:<\/strong> Profesional experto en un \u00e1rea concreta, al que recurren las empresas y organizaciones cuando las capacidades internas de estas no son suficientes para ejecutar un trabajo o resolver un problema. Realiza un an\u00e1lisis de las necesidades de la empresa cliente para posteriormente proponer alternativas u ofrecer servicios que las satisfagan.<\/p>\n<p>Las empresas que contratan a los titulados del m\u00e1ster en M\u00c1STER UNIVERSITARIO EN DERECHO DE SEGUROS pertenecen al sector de la actividad jur\u00eddica econ\u00f3mica y financiera.<\/p>\n<p><em><strong>Coordinador del master:\u00a0<\/strong><\/em> Miguel Gomez Jene, gomezjene@der.uned.es o <em><strong>secretaria acad\u00e9mica:<\/strong><\/em>\u00a0Montserrat Hern\u00e1ndez Sol\u00eds, montserrath@cee.uned.es<\/p>\n<p>Para m\u00e1s informaci\u00f3n puede usted asesorarse en las siguientes organizaciones profesionales:<\/p>\n<p><em><strong>-Consejo General de la Abogac\u00eda Espa\u00f1ola:<\/strong><\/em><a href=\"http:\/\/www.abogacia.es\/\"> http:\/\/www.abogacia.es\/<\/a>, P\u00ba Recoletos 13. 28004. Madrid; 91 523 25 93; informacion@abogacia.es<\/p>\n<p><em><strong>-Consejo General de Colegios de Mediadores de Seguros<\/strong><\/em>: <a href=\"http:\/\/www.mediadoresdeseguros.com\/cms\/\">http:\/\/www.mediadoresdeseguros.com\/cms\/<\/a>; consejo.general@cmste.com<\/p>\n","protected":false},"excerpt":{"rendered":"<p>Este M\u00e1ster, que abarca aspectos jur\u00eddicos y t\u00e9cnicos, ofrece un conocimiento muy completo de un importante sector de la actividad econ\u00f3mica actual que conforma el cada vez m\u00e1s importante mercado del riesgo. El seguro representa un instrumento financiero imprescindible en el mundo actual y la integraci\u00f3n de nuestro pa\u00eds en el mercado \u00fanico europeo hace [&hellip;]<\/p>\n","protected":false},"author":5997,"featured_media":0,"parent":3267,"menu_order":0,"comment_status":"closed","ping_status":"closed","template":"","meta":{"footnotes":""},"class_list":["post-3329","page","type-page","status-publish","czr-hentry"],"_links":{"self":[{"href":"https:\/\/blogs.uned.es\/salidasprofesionales\/wp-json\/wp\/v2\/pages\/3329","targetHints":{"allow":["GET"]}}],"collection":[{"href":"https:\/\/blogs.uned.es\/salidasprofesionales\/wp-json\/wp\/v2\/pages"}],"about":[{"href":"https:\/\/blogs.uned.es\/salidasprofesionales\/wp-json\/wp\/v2\/types\/page"}],"author":[{"embeddable":true,"href":"https:\/\/blogs.uned.es\/salidasprofesionales\/wp-json\/wp\/v2\/users\/5997"}],"replies":[{"embeddable":true,"href":"https:\/\/blogs.uned.es\/salidasprofesionales\/wp-json\/wp\/v2\/comments?post=3329"}],"version-history":[{"count":3,"href":"https:\/\/blogs.uned.es\/salidasprofesionales\/wp-json\/wp\/v2\/pages\/3329\/revisions"}],"predecessor-version":[{"id":3337,"href":"https:\/\/blogs.uned.es\/salidasprofesionales\/wp-json\/wp\/v2\/pages\/3329\/revisions\/3337"}],"up":[{"embeddable":true,"href":"https:\/\/blogs.uned.es\/salidasprofesionales\/wp-json\/wp\/v2\/pages\/3267"}],"wp:attachment":[{"href":"https:\/\/blogs.uned.es\/salidasprofesionales\/wp-json\/wp\/v2\/media?parent=3329"}],"curies":[{"name":"wp","href":"https:\/\/api.w.org\/{rel}","templated":true}]}}