{"id":3313,"date":"2020-07-10T09:49:46","date_gmt":"2020-07-10T09:49:46","guid":{"rendered":"http:\/\/blogs.uned.es\/salidasprofesionales\/?page_id=3313"},"modified":"2020-07-10T09:56:24","modified_gmt":"2020-07-10T09:56:24","slug":"master-universitario-en-derecho-de-familia-y-sistemas-hereditarios","status":"publish","type":"page","link":"https:\/\/blogs.uned.es\/salidasprofesionales\/master\/facultad-de-derecho\/master-universitario-en-derecho-de-familia-y-sistemas-hereditarios\/","title":{"rendered":"M\u00c1STER UNIVERSITARIO EN DERECHO DE FAMILIA Y SISTEMAS HEREDITARIOS"},"content":{"rendered":"<p><img decoding=\"async\" class=\"size-full wp-image-3315 alignleft\" src=\"http:\/\/blogs.uned.es\/salidasprofesionales\/wp-content\/uploads\/sites\/165\/2020\/07\/derecho-de-familia.png\" alt=\"\" width=\"235\" height=\"180\" \/><\/p>\n<p>Este M\u00e1ster ofrece el enfoque pluridisciplinar que requiere una ense\u00f1anza cient\u00edfica y t\u00e9cnica, de competencias transversales y un aprendizaje permanente que exigen una mayor permeabilidad entre los distintos elementos y niveles de los sistemas de ense\u00f1anza y formaci\u00f3n universitaria.<\/p>\n<p>Los conocimientos que se ofrecen en el M\u00e1ster en Derecho de Familia y Sistemas Hereditarios facilitan extraordinariamente el ejercicio profesional en relaci\u00f3n con los m\u00faltiples problemas y cuestiones que el desarrollo pr\u00e1ctico de estas materias presenta, cuya soluci\u00f3n hace conveniente la especializaci\u00f3n de la materia dada las peculiaridades y complejidades de este importante sector del Derecho Civil, especializaci\u00f3n que aporta este M\u00e1ster en gran medida.<\/p>\n<p>Por otra parte los estudiantes que cursen este M\u00e1ster adquirir\u00e1n unos conocimientos muy \u00fatiles para trabajar profesionalmente en torno a entidades con funciones en estos \u00e1mbitos. Finalmente, como M\u00e1ster de investigaci\u00f3n, el M\u00e1ster puede servir como un primer paso que desemboque en unos estudios de Doctorado relacionados con estas materias, al cumplir los requisitos requeridos para ello.<\/p>\n<p><strong>Salidas acad\u00e9micas y profesionales.<\/strong><\/p>\n<p><em><strong>&#8211; Salidas Acad\u00e9micas<\/strong><\/em><\/p>\n<p>El M\u00e1ster ofrece una s\u00f3lida formaci\u00f3n para dedicarse posteriormente a la investigaci\u00f3n y\/o a la ense\u00f1anza.<\/p>\n<p>a) <strong>Investigaci\u00f3n:<\/strong> la orientaci\u00f3n investigadora del M\u00e1ster permite la formaci\u00f3n de personas expertas en la investigaci\u00f3n y el desarrollo de conocimientos en el campo tanto de los estudios del Derecho de Familia como del Derecho de sucesiones. El alumnado egresado podr\u00e1 incorporarse a un programa de Doctorado.<\/p>\n<p>b) <strong>Ense\u00f1anza:<\/strong> es importante incorporar una especializaci\u00f3n en Derecho de Familia y Sucesiones en diversos aspectos de la ense\u00f1anza en disciplinas jur\u00eddicas:<\/p>\n<ul>\n<li>Estudio y tratamiento de problemas familiares.<\/li>\n<li>Ense\u00f1anza dirigida a profesionales jur\u00eddicos: judicatura, fiscal\u00eda, abogac\u00eda, procura, mediadores&#8230;<\/li>\n<li>Docente en el \u00e1mbito de especializaci\u00f3n en Derecho de Familia y Sucesiones, especialmente en el nivel universitario.<\/li>\n<\/ul>\n<p><em><strong>&#8211; Salidas Profesionales<\/strong><\/em><\/p>\n<p>Este t\u00edtulo prepara para intervenir profesionalmente en diferentes \u00e1mbitos laborales de naturaleza jur\u00eddica en el marco de una especializaci\u00f3n en el \u00e1mbito del Derecho de Familia y Sucesiones.<\/p>\n<p>A continuaci\u00f3n se presentan los puestos laborales m\u00e1s importantes relacionados con este M\u00e1ster:<\/p>\n<p><strong>Abogado.<\/strong> La abogac\u00eda es una profesi\u00f3n libre e independiente que presta un servicio a la sociedad en inter\u00e9s p\u00fablico y que se ejerce en r\u00e9gimen de libre y leal competencia, por medio del consejo y la defensa de derechos e intereses p\u00fablicos o privados, mediante la aplicaci\u00f3n de la ciencia y la t\u00e9cnica jur\u00eddicas, en orden a la concordia, a la efectividad de los derechos y libertades fundamentales y a la Justicia. En el ejercicio profesional, el abogado queda sometido a la normativa legal y estatutaria, al fiel cumplimiento de las normas y usos de la deontolog\u00eda profesional de la abogac\u00eda y al consiguiente r\u00e9gimen disciplinario colegial. En el \u00e1mbito de la abogac\u00eda es destacada su intervenci\u00f3n en las materias objeto del M\u00e1ster, destacando especialmente el ejercicio como abogado matrimonialista.<\/p>\n<p><strong>Procurador.<\/strong> En el ejercicio profesional, los procuradores, como cooperadores de la Administraci\u00f3n de Justicia, est\u00e1n estrictamente sometidos a la Ley, a sus normas estatutarias de cualquier rango, a los usos que integran la deontolog\u00eda de la profesi\u00f3n y a los reg\u00edmenes\u00a0 disciplinarios jurisdiccional y corporativo. Son los Procuradores de los Tribunales quienes, v\u00e1lidamente incorporados a un Colegio, se encargan de la representaci\u00f3n de sus poderdantes ante los Juzgados y Tribunales de cualquier orden jurisdiccional, y del fiel cumplimiento de aquellas funciones o de la prestaci\u00f3n de aquellos servicios que, como cooperadores de la Administraci\u00f3n de Justicia, les encomienden las leyes. La intervenci\u00f3n profesional del procurador en toda clase de procesos y ante cualquier orden jurisdiccional ser\u00e1 preceptiva cuando as\u00ed lo disponga la Ley.<\/p>\n<p><strong>Mediador familiar.<\/strong> La mediaci\u00f3n familiar es uno de los posibles \u00e1mbitos de aplicaci\u00f3n de la mediaci\u00f3n, como m\u00e9todo alternativo de resoluci\u00f3n de conflictos. En el \u00e1mbito familiar es especialmente importante la consecuci\u00f3n de acuerdos amistosos entre las partes implicadas, especialmente en el contexto de las crisis matrimoniales (nulidad, separaci\u00f3n, divorcio), para lo cual la intervenci\u00f3n de un mediador familiar especializado en el Derecho de Familia puede ser esencial.<\/p>\n<p><strong>Juez o Magistrado<\/strong>. es el funcionario p\u00fablico que resuelve una controversia o que decide el destino de un imputado, tomando en cuenta las evidencias o pruebas presentadas en un juicio y administrando justicia, Se caracterizan por su autonom\u00eda, independencia e inamovilidad, sin que puedan ser destituidos de sus cargos salvo por las causas establecidas legalmente. Se dividen en tres categor\u00edas (Juez, Magistrado y Magistrado del Tribunal Supremo), y dentro del orden jurisdiccional civil es b\u00e1sica la materia familiar y sucesoria, hasta el punto de existir en primera y segunda instancias Juzgados y secciones de las Audiencias Provinciales especializados en las materias de Derecho de Familia.<\/p>\n<p><strong>Letrado de la Administraci\u00f3n de Justicia.<\/strong> El hasta 2015 denominado Secretario Judicial es un funcionario p\u00fablico integrado en los \u00f3rganos judiciales, donde act\u00faa como fedatario p\u00fablico y jefe de la oficina judicial y desempe\u00f1a ciertas funciones jurisdiccionales, destacadamente en el \u00e1mbito del Derecho de familia y sobre todo a partir de la nueva Ley de Registro Civil de 2011, pues en \u00e9l ocupa un especial papel en la celebraci\u00f3n de matrimonios, divorcios no contenciosos&#8230;<\/p>\n<p><strong>Miembro del Ministerio Fiscal.<\/strong> El Ministerio Fiscal es un \u00f3rgano integrado con autonom\u00eda funcional en el Poder Judicial y constituido por funcionarios p\u00fablicos, que tiene constitucionalmente encomendada la promoci\u00f3n de la acci\u00f3n de la justicia en defensa de la legalidad, de los derechos de los ciudadanos y del inter\u00e9s p\u00fablico tutelado por la Ley, de oficio o a petici\u00f3n de los interesados, as\u00ed como velar por la independencia de los Tribunales y procurar ante \u00e9stos la satisfacci\u00f3n del inter\u00e9s social. En especial en el \u00e1mbito civil, es preceptiva su intervenci\u00f3n siempre que se diluciden asuntos que afecten a menores de edad o incapaces, por lo que una especial intervenci\u00f3n en las materias del M\u00e1ster es necesaria.<\/p>\n<p><strong>Funcionario de la Administraci\u00f3n P\u00fablica.<\/strong> Profesional que utiliza los mecanismos de decisi\u00f3n adecuados para la asignaci\u00f3n y distribuci\u00f3n de los recursos p\u00fablicos, y lleva a cabo la coordinaci\u00f3n y est\u00edmulo de los agentes p\u00fablicos para lograr objetivos colectivos. Existen numerosos \u00e1mbitos de actuaci\u00f3n de las diversas Administraciones P\u00fablicas en la materia objeto de especializaci\u00f3n del M\u00e1ster.<\/p>\n<p><strong>Funcionario europeo.<\/strong> Las Instituciones europeas contratan a trav\u00e9s de oposiciones de distintos niveles. El hecho de que el papel de la Uni\u00f3n Europea en el \u00e1mbito del Derecho de Familia y Sucesiones sea creciente, colocar\u00e1 en una inmejorable posici\u00f3n al personal especializado en este \u00e1mbito.<\/p>\n<p>Para m\u00e1s informaci\u00f3n contactar con el <em><strong>coordinador del master:<\/strong><\/em>\u00a0Francisco Javier Jim\u00e9nez Mu\u00f1oz, fjimenez@der.uned.es o <em><strong>secretaria acad\u00e9mica:<\/strong><\/em>\u00a0Bego\u00f1a Flores Gonz\u00e1lez, bflores@der.uned.es<\/p>\n","protected":false},"excerpt":{"rendered":"<p>Este M\u00e1ster ofrece el enfoque pluridisciplinar que requiere una ense\u00f1anza cient\u00edfica y t\u00e9cnica, de competencias transversales y un aprendizaje permanente que exigen una mayor permeabilidad entre los distintos elementos y niveles de los sistemas de ense\u00f1anza y formaci\u00f3n universitaria. Los conocimientos que se ofrecen en el M\u00e1ster en Derecho de Familia y Sistemas Hereditarios facilitan [&hellip;]<\/p>\n","protected":false},"author":5997,"featured_media":0,"parent":3267,"menu_order":0,"comment_status":"closed","ping_status":"closed","template":"","meta":{"footnotes":""},"class_list":["post-3313","page","type-page","status-publish","czr-hentry"],"_links":{"self":[{"href":"https:\/\/blogs.uned.es\/salidasprofesionales\/wp-json\/wp\/v2\/pages\/3313","targetHints":{"allow":["GET"]}}],"collection":[{"href":"https:\/\/blogs.uned.es\/salidasprofesionales\/wp-json\/wp\/v2\/pages"}],"about":[{"href":"https:\/\/blogs.uned.es\/salidasprofesionales\/wp-json\/wp\/v2\/types\/page"}],"author":[{"embeddable":true,"href":"https:\/\/blogs.uned.es\/salidasprofesionales\/wp-json\/wp\/v2\/users\/5997"}],"replies":[{"embeddable":true,"href":"https:\/\/blogs.uned.es\/salidasprofesionales\/wp-json\/wp\/v2\/comments?post=3313"}],"version-history":[{"count":5,"href":"https:\/\/blogs.uned.es\/salidasprofesionales\/wp-json\/wp\/v2\/pages\/3313\/revisions"}],"predecessor-version":[{"id":3325,"href":"https:\/\/blogs.uned.es\/salidasprofesionales\/wp-json\/wp\/v2\/pages\/3313\/revisions\/3325"}],"up":[{"embeddable":true,"href":"https:\/\/blogs.uned.es\/salidasprofesionales\/wp-json\/wp\/v2\/pages\/3267"}],"wp:attachment":[{"href":"https:\/\/blogs.uned.es\/salidasprofesionales\/wp-json\/wp\/v2\/media?parent=3313"}],"curies":[{"name":"wp","href":"https:\/\/api.w.org\/{rel}","templated":true}]}}