{"id":3273,"date":"2020-07-10T09:30:48","date_gmt":"2020-07-10T09:30:48","guid":{"rendered":"http:\/\/blogs.uned.es\/salidasprofesionales\/?page_id=3273"},"modified":"2025-06-19T07:54:22","modified_gmt":"2025-06-19T07:54:22","slug":"master-universitario-en-acceso-a-la-abogacia-y-la-procura","status":"publish","type":"page","link":"https:\/\/blogs.uned.es\/salidasprofesionales\/master\/facultad-de-derecho\/master-universitario-en-acceso-a-la-abogacia-y-la-procura\/","title":{"rendered":"M\u00c1STER UNIVERSITARIO EN ACCESO A LAS PROFESIONES DE ABOGAC\u00cdA Y PROCURA"},"content":{"rendered":"<p><img decoding=\"async\" class=\"size-full wp-image-3275 alignleft\" src=\"http:\/\/blogs.uned.es\/salidasprofesionales\/wp-content\/uploads\/sites\/165\/2020\/07\/ABOGACIA.png\" alt=\"\" width=\"233\" height=\"180\" \/><\/p>\n<p>El M\u00e1ster Oficial en Acceso a las Profesiones de Abogac\u00eda y Procura por la UNED se concibe, en los t\u00e9rminos exigidos por el Real Decreto 64\/2023, de 8 de febrero, como una oferta de calidad fruto de la unificaci\u00f3n de los dos M\u00e1steres independientes de Acceso a la Abogac\u00eda y a la Procura que han formado parte de la oferta de formaci\u00f3n de la Facultad de Derecho desde el curso acad\u00e9mico 2012\/13.<br \/>La publicaci\u00f3n de la modificaci\u00f3n de la Ley de Acceso (Ley 15\/2021, de 23 de octubre) y de su correspondiente desarrollo reglamentario (RD 64\/2023, de 8 de febrero) para acceder a las profesiones de la Abogac\u00eda y la Procura exigen un t\u00edtulo universitario oficial espec\u00edfico (Licenciatura o Grado en Derecho) y un curso de formaci\u00f3n especializada de capacitaci\u00f3n para ambas profesiones.<br \/>El plan de estudios dise\u00f1ado recoge, sin introducir modificaciones sustanciales sobre lo que ya se impart\u00eda en los otros dos M\u00e1steres, los contenidos formativos necesarios que permitan a los estudiantes adquirir las competencias, funciones y habilidades necesarias para completar su formaci\u00f3n, de acuerdo con la Ley de Acceso y su Reglamento. <br \/>El nuevo M\u00e1ster se asienta en la estrecha colaboraci\u00f3n que existe entre la Universidad Nacional de Educaci\u00f3n a Distancia (UNED), el Consejo General de la Abogac\u00eda Espa\u00f1ola (CGAE) y el Consejo General de Procuradores de Espa\u00f1a (CGPE), en aplicaci\u00f3n del art\u00edculo 5.4 del Reglamento de la Ley de Acceso. <br \/>Adem\u00e1s de la formaci\u00f3n sustantiva, nuestros estudiantes realizan un periodo de pr\u00e1cticas externas de 30 cr\u00e9ditos ECTs en el que, desde una perspectiva completamente pr\u00e1ctica, adquieren todas las habilidades y destrezas profesionales necesarias para afrontar la prueba de evaluaci\u00f3n final que les acredita profesionalmente para el ejercicio de las funciones de Abogado y Procurador de los tribunales. <br \/>En consecuencia, este M\u00e1ster prepara para acceder al ejercicio de dos de las profesiones jur\u00eddicas de mayor relevancia en nuestra sociedad: Abogado y Procurador de los Tribunales.<br \/>Tanto la Ley Org\u00e1nica del Poder Judicial, como nuestras Leyes de Enjuiciamiento (Ley de Enjuiciamiento Civil y Ley de Enjuiciamiento Criminal), desde siempre optaron por un sistema dual en el ejercicio de la capacidad procesal, de manera que los ciudadanos han de comparecer en el proceso representados por procurador y defendidos por un abogado.<br \/>La abogac\u00eda es una profesi\u00f3n libre e independiente que presta un servicio a la sociedad en inter\u00e9s p\u00fablico y que se ejerce en r\u00e9gimen de libre y leal competencia, por medio del consejo y la defensa de derechos e intereses p\u00fablicos o privados, mediante la aplicaci\u00f3n de la ciencia y la t\u00e9cnica jur\u00eddicas, en orden a la concordia, a la efectividad de los derechos y libertades fundamentales y a la Justicia.<br \/>En el ejercicio profesional, el abogado queda sometido a la normativa legal y estatutaria, al fiel cumplimiento de las normas y usos de la deontolog\u00eda profesional de la abogac\u00eda y al consiguiente r\u00e9gimen disciplinario colegial.<br \/>Tambi\u00e9n la profesi\u00f3n de Procurador de los Tribunales es una profesi\u00f3n libre, independiente y colegiada que tiene como, principal misi\u00f3n la representaci\u00f3n t\u00e9cnica de quienes sean parte en cualquier clase de procedimiento. Es tambi\u00e9n misi\u00f3n de la Procura desempe\u00f1ar cuantas funciones y competencias le atribuyan las leyes procesales en orden a la mejor administraci\u00f3n de justicia, a la correcta sustanciaci\u00f3n de los procesos y a la eficaz ejecuci\u00f3n de las sentencias y dem\u00e1s resoluciones que dicten los juzgados y tribunales. Estas competencias podr\u00e1n ser asumidas de forma directa o por delegaci\u00f3n del \u00f3rgano jurisdiccional, de conformidad con la legislaci\u00f3n aplicable.<br \/>En el ejercicio profesional, los procuradores, como cooperadores de la Administraci\u00f3n de Justicia, est\u00e1n estrictamente sometidos a la Ley, a sus normas estatutarias de cualquier rango, a los usos que integran la deontolog\u00eda de la profesi\u00f3n y a los reg\u00edmenes disciplinarios jurisdiccional y corporativo. Los procuradores, de conformidad con la Ley, deber\u00e1n guardar secreto de los hechos o noticias que conozcan por raz\u00f3n de su actuaci\u00f3n profesional.<br \/>Para m\u00e1s informaci\u00f3n contactar con:<br \/>\u2013 la Coordinadora del M\u00e1ster: Eva Mar\u00eda Dom\u00ednguez Perez, <a href=\"mailto:emdominguez@der.uned.es\">emdominguez@der.uned.es<\/a>\u00a0<br \/>\u2013 o la Coordinadora pr\u00e1cticas externas: Mar\u00eda F\u00e1tima Y\u00e1\u00f1ez Vivero, <a href=\"mailto:fyanez@der.uned.es\">fyanez@der.uned.es<\/a><br \/><br \/><\/p>\n\n\n<p><\/p>\n","protected":false},"excerpt":{"rendered":"<p>El M\u00e1ster Oficial en Acceso a las Profesiones de Abogac\u00eda y Procura por la UNED se concibe, en los t\u00e9rminos exigidos por el Real Decreto 64\/2023, de 8 de febrero, como una oferta de calidad fruto de la unificaci\u00f3n de los dos M\u00e1steres independientes de Acceso a la Abogac\u00eda y a la Procura que han [&hellip;]<\/p>\n","protected":false},"author":7863,"featured_media":0,"parent":3267,"menu_order":0,"comment_status":"closed","ping_status":"closed","template":"","meta":{"footnotes":""},"class_list":["post-3273","page","type-page","status-publish","czr-hentry"],"_links":{"self":[{"href":"https:\/\/blogs.uned.es\/salidasprofesionales\/wp-json\/wp\/v2\/pages\/3273","targetHints":{"allow":["GET"]}}],"collection":[{"href":"https:\/\/blogs.uned.es\/salidasprofesionales\/wp-json\/wp\/v2\/pages"}],"about":[{"href":"https:\/\/blogs.uned.es\/salidasprofesionales\/wp-json\/wp\/v2\/types\/page"}],"author":[{"embeddable":true,"href":"https:\/\/blogs.uned.es\/salidasprofesionales\/wp-json\/wp\/v2\/users\/7863"}],"replies":[{"embeddable":true,"href":"https:\/\/blogs.uned.es\/salidasprofesionales\/wp-json\/wp\/v2\/comments?post=3273"}],"version-history":[{"count":5,"href":"https:\/\/blogs.uned.es\/salidasprofesionales\/wp-json\/wp\/v2\/pages\/3273\/revisions"}],"predecessor-version":[{"id":6345,"href":"https:\/\/blogs.uned.es\/salidasprofesionales\/wp-json\/wp\/v2\/pages\/3273\/revisions\/6345"}],"up":[{"embeddable":true,"href":"https:\/\/blogs.uned.es\/salidasprofesionales\/wp-json\/wp\/v2\/pages\/3267"}],"wp:attachment":[{"href":"https:\/\/blogs.uned.es\/salidasprofesionales\/wp-json\/wp\/v2\/media?parent=3273"}],"curies":[{"name":"wp","href":"https:\/\/api.w.org\/{rel}","templated":true}]}}