{"id":3185,"date":"2020-07-10T08:12:10","date_gmt":"2020-07-10T08:12:10","guid":{"rendered":"http:\/\/blogs.uned.es\/salidasprofesionales\/?page_id=3185"},"modified":"2025-08-26T11:46:04","modified_gmt":"2025-08-26T11:46:04","slug":"master-interuniversitario-en-sostenibilidad-y-rsc-uned-uji","status":"publish","type":"page","link":"https:\/\/blogs.uned.es\/salidasprofesionales\/master\/facultad-de-ciencias-economicas-y-empresariales\/master-interuniversitario-en-sostenibilidad-y-rsc-uned-uji\/","title":{"rendered":"M\u00c1STER INTERUNIVERSITARIO EN SOSTENIBILIDAD Y RSC (UNED-UJI)"},"content":{"rendered":"<p><img decoding=\"async\" class=\"size-full wp-image-3187 alignleft\" src=\"http:\/\/blogs.uned.es\/salidasprofesionales\/wp-content\/uploads\/sites\/165\/2020\/07\/sostenibilidad.png\" alt=\"\" width=\"201\" height=\"180\" \/><\/p>\n<p>El objetivo del M\u00e1ster en\u00a0 Sostenibilidad y Responsabilidad Social Corporativa es analizar y profundizar en el concepto y dimensiones de la Sostenibilidad y de la RSC, poniendo el \u00e9nfasis en conocer las herramientas de gesti\u00f3n y evaluaci\u00f3n existentes, las pol\u00edticas y estrategias recomendables para las organizaciones que implementen la RSC, as\u00ed como los mecanismos de di\u00e1logo e interactuaci\u00f3n con los principales stakeholderso grupos de inter\u00e9s. Se imparte de forma conjunta por la Universidad Nacional de Educaci\u00f3n a Distancia y la Universidad Jaume I de Castell\u00f3n (UJI).<\/p>\n<p>A continuaci\u00f3n se presentan los puestos laborales m\u00e1s importantes relacionados con este M\u00e1ster:\uf02d<\/p>\n<ul>\n<li>Futuros o actuales directivos de Responsabilidad Social Corporativa.\uf02d<\/li>\n<li>Directivos (directores o jefes) de Comunicaci\u00f3n, Calidad, Recursos Humanos, Medio Ambiente, que asuman o vayan a asumir la gesti\u00f3n de la Responsabilidad Social Corporativa.\uf02d<\/li>\n<li>T\u00e9cnico gestor, coordinador o colaborador de la Responsabilidad Social Corporativa.\uf02d<\/li>\n<li>T\u00e9cnicos de Medio Ambiente, Recursos Humanos, Asesor\u00eda Jur\u00eddica, Econ\u00f3mico-Financiero, de Compras, de Relaci\u00f3n con Inversores, de Reputaci\u00f3n, de Calidad, de Acci\u00f3n Social, sostenibilidad y otros, que necesiten incorporar este tipo de requerimientos y conocimientos para incrementar el valor y resultados de sus procesos y servicios con sus grupos de inter\u00e9s.\uf02d<\/li>\n<li>Consultores y responsables de la implantaci\u00f3n de Sistemas de Gesti\u00f3n de la Responsabilidad Social Corporativa o proyectos espec\u00edficos de sostenibilidad.\uf02d<\/li>\n<li>Gestores, t\u00e9cnicos y profesionales encargados de la gesti\u00f3n y de los resultados en los modelos de excelencia empresarial. Secretarios de Consejos de Administraci\u00f3n que participan en la definici\u00f3n de la estrategia de la Responsabilidad Social Corporativa y en su implementaci\u00f3n efectiva para la obtenci\u00f3n de resultados sobresalientes de las empresas.\uf02d<\/li>\n<li>Responsables de asociaciones empresariales, ONG o sindicatos que de alguna forma participen en actividades o proyectos de RSC y sostenibilidad.\uf02d<\/li>\n<li>Directivos o t\u00e9cnicos superiores de empresas p\u00fablicas, administraciones o ayuntamientos que incorporen en su actividad aspectos de Responsabilidad Social Corporativa, Agenda 21 o que necesiten de estos conocimientos para cumplir adecuadamente sus funciones o responsabilidades.<\/li>\n<\/ul>\n<p>Las empresas que contratan a los titulados del M\u00e1ster en Sostenibilidad y Responsabilidad Social Corporativa pertenecen al sector privado, tanto en Espa\u00f1a como en el extranjero, as\u00ed como empresas multinacionales de los sectores de energ\u00eda, banca, medio ambiente, comunicaci\u00f3n, etc., y entidades sin \u00e1nimo de lucro.<\/p>\n<p>Para m\u00e1s informaci\u00f3n contactar con la <em><strong>coordinadora del M\u00e1ster<\/strong><\/em>, Profesora Cristina Ruza Paz-Curbera <a href=\"mailto:cruza@cee.uned.es\">cruza@cee.uned.es <\/a><\/p>\n","protected":false},"excerpt":{"rendered":"<p>El objetivo del M\u00e1ster en\u00a0 Sostenibilidad y Responsabilidad Social Corporativa es analizar y profundizar en el concepto y dimensiones de la Sostenibilidad y de la RSC, poniendo el \u00e9nfasis en conocer las herramientas de gesti\u00f3n y evaluaci\u00f3n existentes, las pol\u00edticas y estrategias recomendables para las organizaciones que implementen la RSC, as\u00ed como los mecanismos de [&hellip;]<\/p>\n","protected":false},"author":5997,"featured_media":0,"parent":3179,"menu_order":0,"comment_status":"closed","ping_status":"closed","template":"","meta":{"footnotes":""},"class_list":["post-3185","page","type-page","status-publish","czr-hentry"],"_links":{"self":[{"href":"https:\/\/blogs.uned.es\/salidasprofesionales\/wp-json\/wp\/v2\/pages\/3185","targetHints":{"allow":["GET"]}}],"collection":[{"href":"https:\/\/blogs.uned.es\/salidasprofesionales\/wp-json\/wp\/v2\/pages"}],"about":[{"href":"https:\/\/blogs.uned.es\/salidasprofesionales\/wp-json\/wp\/v2\/types\/page"}],"author":[{"embeddable":true,"href":"https:\/\/blogs.uned.es\/salidasprofesionales\/wp-json\/wp\/v2\/users\/5997"}],"replies":[{"embeddable":true,"href":"https:\/\/blogs.uned.es\/salidasprofesionales\/wp-json\/wp\/v2\/comments?post=3185"}],"version-history":[{"count":6,"href":"https:\/\/blogs.uned.es\/salidasprofesionales\/wp-json\/wp\/v2\/pages\/3185\/revisions"}],"predecessor-version":[{"id":6453,"href":"https:\/\/blogs.uned.es\/salidasprofesionales\/wp-json\/wp\/v2\/pages\/3185\/revisions\/6453"}],"up":[{"embeddable":true,"href":"https:\/\/blogs.uned.es\/salidasprofesionales\/wp-json\/wp\/v2\/pages\/3179"}],"wp:attachment":[{"href":"https:\/\/blogs.uned.es\/salidasprofesionales\/wp-json\/wp\/v2\/media?parent=3185"}],"curies":[{"name":"wp","href":"https:\/\/api.w.org\/{rel}","templated":true}]}}