{"id":3045,"date":"2020-07-09T14:29:58","date_gmt":"2020-07-09T14:29:58","guid":{"rendered":"http:\/\/blogs.uned.es\/salidasprofesionales\/?page_id=3045"},"modified":"2020-07-09T14:29:58","modified_gmt":"2020-07-09T14:29:58","slug":"master-universitario-en-fisica-de-sistemas-complejos","status":"publish","type":"page","link":"https:\/\/blogs.uned.es\/salidasprofesionales\/master\/facultad-de-ciencias\/master-universitario-en-fisica-de-sistemas-complejos\/","title":{"rendered":"M\u00c1STER UNIVERSITARIO EN F\u00cdSICA DE SISTEMAS COMPLEJOS"},"content":{"rendered":"<p><img decoding=\"async\" class=\"wp-image-3047 alignleft\" src=\"http:\/\/blogs.uned.es\/salidasprofesionales\/wp-content\/uploads\/sites\/165\/2020\/07\/sistemas-complejos.jpg\" alt=\"\" width=\"198\" height=\"226\" \/><\/p>\n<p>Este m\u00e1ster se plantea como una formaci\u00f3n acad\u00e9mica y\/o de iniciaci\u00f3n a la investigaci\u00f3n en F\u00edsica avanzada, complementaria a los estudios de licenciatura o grado en Ciencias (F\u00edsicas, Qu\u00edmicas, Matem\u00e1ticas) e Ingenier\u00edas superiores.<\/p>\n<p>Los sistemas complejos se caracterizan por su comportamiento variable y complicado. Siguiendo el planteamiento de la Mec\u00e1nica Estad\u00edstica, cuyo \u00e9xito fue interpretar la Termodin\u00e1mica como el resultado estad\u00edstico macrosc\u00f3pico (emergente) de la interacci\u00f3n entre un enorme n\u00famero de \u00e1tomos o mol\u00e9culas (agentes microsc\u00f3picos), la que se ha denominado tradicionalmente F\u00edsica Estad\u00edstica ha ampliado, a lo largo del siglo XX, sus objetos de estudio a estos \u201csistemas complejos\u201d, y de ah\u00ed la actual denominaci\u00f3n de F\u00edsica de los Sistemas Complejos.<\/p>\n<p>El Master tiene orientaci\u00f3n acad\u00e9mica y de investigaci\u00f3n: laboratorios e institutos de la universidad, de organismos p\u00fablicos y privados.<\/p>\n<p>La orientaci\u00f3n investigadora del Master permite acceder a oportunidades profesionales en distintos \u00e1mbitos:<\/p>\n<p><strong>-En la industria<\/strong> tienen relevancia procesos que involucren fluidos y sistemas complejos, t\u00e9cnicas electr\u00f3nicas, nanomateriales, problemas de aerodin\u00e1mica, dispositivos fotovoltaicos, materiales granulares.<\/p>\n<p>-Entre los campos que proporcionan mayor variedad de sistemas complejos se encuentran <strong>la meteorolog\u00eda, la oceanograf\u00eda y la climatolog\u00eda<\/strong> con numerosos ejemplos de aplicaciones.<\/p>\n<p>-Las principales empresas y bancos requieren cada vez m\u00e1s la resoluci\u00f3n de problemas con la metodolog\u00eda de los <strong>sistemas complejos<\/strong> para la estimaci\u00f3n de riesgos y en general para simular y entender el comportamiento de la econom\u00eda.<\/p>\n<p>&#8211;<strong>En biotecnolog\u00eda<\/strong> podemos encontrar ejemplos de complejidad en el estudio de las mutaciones gen\u00e9ticas.-En sanidad los sistemas complejos se utilizan para modelizar la evoluci\u00f3n de enfermedades tales como Parkinson, Alzheimer, epilepsia, depresi\u00f3n, crecimiento de tumores, etc.<\/p>\n<p>&#8211;<strong>En sociolog\u00eda<\/strong> es frecuente el uso de modelos complejos para entender y optimizar redes sociales.<\/p>\n<p>Muchas empresas y organismos oficiales necesitan contar con profesionales altamente cualificados con conocimientos f\u00edsicos avanzados as\u00ed como capacidad de adaptaci\u00f3n a situaciones diversas y de comunicaci\u00f3n entre profesionales con formaci\u00f3n diferente, por ejemplo: Empresas del sector inform\u00e1tico, empresas de telecomunicaciones, industrias con una compleja organizaci\u00f3n en sus sistemas de producci\u00f3n o de distribuci\u00f3n de productos, organismos oficiales, grupos de investigaci\u00f3n y empresas que necesiten el an\u00e1lisis de datos en el que inciden diversas variables para la toma de decisiones, etc.<\/p>\n<p>Pertenecen a los sectores productivos de la industria qu\u00edmica, farmac\u00e9utica, control de calidad, asesoramiento t\u00e9cnico, laboratorios de I+D, laboratorios de investigaci\u00f3n de universidades y centros de investigaci\u00f3n.<\/p>\n<p>Para m\u00e1s informaci\u00f3n contactar con el c<em><strong>oordinador<\/strong><\/em> del MASTER UNIVERSITARIO EN F\u00cdSICA DE SISTEMAS COMPLEJOS:\u00a0 Jaime Arturo de la Torre Rodr\u00edguez,\u00a0 jatorre@fisfun.uned.es o <em><strong>secretario acad\u00e9mico:\u00a0<\/strong><\/em>Pedro C\u00f3rdoba Torres, pcordoba@ccia.uned.es<\/p>\n<p>Tambi\u00e9n puede ser interesante el <em><strong>Colegio Oficial de F\u00edsicos<\/strong><\/em> (COFIS) <a href=\"http:\/\/cofis.es\">www.cofis.es<\/a><\/p>\n","protected":false},"excerpt":{"rendered":"<p>Este m\u00e1ster se plantea como una formaci\u00f3n acad\u00e9mica y\/o de iniciaci\u00f3n a la investigaci\u00f3n en F\u00edsica avanzada, complementaria a los estudios de licenciatura o grado en Ciencias (F\u00edsicas, Qu\u00edmicas, Matem\u00e1ticas) e Ingenier\u00edas superiores. Los sistemas complejos se caracterizan por su comportamiento variable y complicado. Siguiendo el planteamiento de la Mec\u00e1nica Estad\u00edstica, cuyo \u00e9xito fue interpretar [&hellip;]<\/p>\n","protected":false},"author":5997,"featured_media":0,"parent":3019,"menu_order":0,"comment_status":"closed","ping_status":"closed","template":"","meta":{"footnotes":""},"class_list":["post-3045","page","type-page","status-publish","czr-hentry"],"_links":{"self":[{"href":"https:\/\/blogs.uned.es\/salidasprofesionales\/wp-json\/wp\/v2\/pages\/3045","targetHints":{"allow":["GET"]}}],"collection":[{"href":"https:\/\/blogs.uned.es\/salidasprofesionales\/wp-json\/wp\/v2\/pages"}],"about":[{"href":"https:\/\/blogs.uned.es\/salidasprofesionales\/wp-json\/wp\/v2\/types\/page"}],"author":[{"embeddable":true,"href":"https:\/\/blogs.uned.es\/salidasprofesionales\/wp-json\/wp\/v2\/users\/5997"}],"replies":[{"embeddable":true,"href":"https:\/\/blogs.uned.es\/salidasprofesionales\/wp-json\/wp\/v2\/comments?post=3045"}],"version-history":[{"count":1,"href":"https:\/\/blogs.uned.es\/salidasprofesionales\/wp-json\/wp\/v2\/pages\/3045\/revisions"}],"predecessor-version":[{"id":3049,"href":"https:\/\/blogs.uned.es\/salidasprofesionales\/wp-json\/wp\/v2\/pages\/3045\/revisions\/3049"}],"up":[{"embeddable":true,"href":"https:\/\/blogs.uned.es\/salidasprofesionales\/wp-json\/wp\/v2\/pages\/3019"}],"wp:attachment":[{"href":"https:\/\/blogs.uned.es\/salidasprofesionales\/wp-json\/wp\/v2\/media?parent=3045"}],"curies":[{"name":"wp","href":"https:\/\/api.w.org\/{rel}","templated":true}]}}